{"id":554,"date":"2026-01-20T14:28:04","date_gmt":"2026-01-20T18:28:04","guid":{"rendered":"https:\/\/www.tdsynnex.com\/na\/ca\/aws\/aws-finops\/"},"modified":"2026-03-10T10:07:55","modified_gmt":"2026-03-10T14:07:55","slug":"aws-finops","status":"publish","type":"page","link":"https:\/\/www.tdsynnex.com\/na\/ca\/aws\/fr\/aws-finops\/","title":{"rendered":"AWS FinOps"},"content":{"rendered":"<div class=\"vce-row-container\"><div class=\"vce-row vce-element--has-background vce-row--col-gap-30 vce-row-equal-height vce-row-content--middle\" data-vce-full-width=\"true\" id=\"el-70c979ad\" data-vce-do-apply=\"all el-70c979ad\"><div class=\"vce-content-background-container\"><\/div><div class=\"vce-row-content\" data-vce-element-content=\"true\"><div class=\"vce-col vce-col--md-auto vce-col--xs-1 vce-col--xs-last vce-col--xs-first vce-col--sm-last vce-col--sm-first vce-col--md-last vce-col--lg-last vce-col--xl-last vce-col--md-first vce-col--lg-first vce-col--xl-first\" id=\"el-ab938fdb\"><div class=\"vce-col-inner\" data-vce-do-apply=\"border margin background  el-ab938fdb\"><div class=\"vce-col-content\" data-vce-element-content=\"true\" data-vce-do-apply=\"padding el-ab938fdb\"><div class=\"vce-single-image-container vce-single-image--align-left\"><div class=\"vce vce-single-image-wrapper\" id=\"el-b3149320\" data-vce-do-apply=\"all el-b3149320\"><figure><div class=\"vce-single-image-figure-inner\" style=\"width: 100px;\"><div class=\"vce-single-image-inner vce-single-image--absolute\" style=\"width: 100%; padding-bottom: 100%;\"><img loading=\"lazy\" decoding=\"async\" class=\"vce-single-image\"  width=\"100\" height=\"100\" src=\"https:\/\/www.tdsynnex.com\/na\/ca\/aws\/wp-content\/uploads\/sites\/72\/2026\/02\/awsPartnerLogo-100.png\" data-img-src=\"https:\/\/www.tdsynnex.com\/na\/ca\/aws\/wp-content\/uploads\/sites\/72\/2026\/02\/awsPartnerLogo-100.png\" data-attachment-id=\"215\"  alt=\"AWS Partner Logo\" title=\"awsPartnerLogo-100\" \/><\/div><\/div><figcaption hidden=\"\"><\/figcaption><\/figure><\/div><\/div><\/div><\/div><\/div><\/div><\/div><\/div><div class=\"vce-row-container\"><div class=\"vce-row vce-row--col-gap-30 vce-row-equal-height vce-row-content--top\" data-vce-full-width=\"true\" data-vce-stretch-content=\"true\" id=\"el-dc490286\" data-vce-do-apply=\"all el-dc490286\"><div class=\"vce-content-background-container\"><\/div><div class=\"vce-row-content\" data-vce-element-content=\"true\"><div class=\"vce-col vce-col--md-auto vce-col--xs-1 vce-col--xs-last vce-col--xs-first vce-col--sm-last vce-col--sm-first vce-col--md-last vce-col--lg-last vce-col--xl-last vce-col--md-first vce-col--lg-first vce-col--xl-first\" id=\"el-aa221bd5\"><div class=\"vce-col-inner\" data-vce-do-apply=\"border margin background  el-aa221bd5\"><div class=\"vce-col-content\" data-vce-element-content=\"true\" data-vce-do-apply=\"padding el-aa221bd5\"><div class=\"vce-shortcode secondarymenu\"><div class=\"vce-shortcode-wrapper vce\" id=\"el-b6630500\" data-vce-do-apply=\"all el-b6630500\"><div class=\"tds-subsite-header sticky-top\">\n    <nav id=\"tds-subsite-menu\" class=\"navbar navbar-expand-lg\">\n    <div class=\"container\"><a href=\"https:\/\/www.tdsynnex.com\/na\/ca\/aws\" class=\"navbar-brand\">AWS Canada<\/a>        <button class=\"navbar-toggler custom-toggler\" type=\"button\" data-toggle=\"collapse\" data-target=\"#tds-subsite-collapse\" aria-expanded=\"false\" aria-label=\"Toggle navigation\">\n            <span class=\"navbar-toggler-icon\"><\/span>\n        <\/button>\n<div id=\"tds-subsite-collapse\" class=\"navbar-collapse collapse\"><ul class=\"navbar-nav\"><li class=\"nav-item dropdown\" aria-expanded=\"false\"><a class=\"nav-link dropdown-toggle\" href=\"#\" target=\"\"   aria-haspopup=\"true\" aria-expanded=\"false\">Solutions<\/a><ul class=\"dropdown-menu\" style=\"margin-top: 0px;\"><li><a class=\"dropdown-item\" href=\"https:\/\/www.tdsynnex.com\/na\/ca\/aws\/aws-migrations\/\" target=\"\" >Migrate and Modernize<\/a><\/li><li><a class=\"dropdown-item\" href=\"https:\/\/www.tdsynnex.com\/na\/ca\/aws\/aws-finops\/\" target=\"\" >Optimization and Cost Savings<\/a><\/li><li><a class=\"dropdown-item\" href=\"https:\/\/www.tdsynnex.com\/na\/ca\/aws\/aws-marketing\/\" target=\"\" >AWS Marketing Tools<\/a><\/li><li><a class=\"dropdown-item\" href=\"https:\/\/www.tdsynnex.com\/na\/ca\/aws\/aws-well-architected\/\" target=\"\" >AWS Well Architected<\/a><\/li><li><a class=\"dropdown-item\" href=\"https:\/\/www.tdsynnex.com\/na\/ca\/aws\/aws-starter-kits\/\" target=\"\" >AWS Starter Kits<\/a><\/li><li><a class=\"dropdown-item\" href=\"https:\/\/www.tdsynnex.com\/na\/ca\/aws\/vmware\/\" target=\"\" >VMware by Broadcom<\/a><\/li><li><a class=\"dropdown-item\" href=\"https:\/\/www.tdsynnex.com\/na\/ca\/aws\/marketplace\/\" target=\"\" >Marketplace<\/a><\/li><li><a class=\"dropdown-item\" href=\"https:\/\/www.tdsynnex.com\/na\/ca\/aws\/gen-ai\/\" target=\"\" >Gen AI<\/a><\/li><li><a class=\"dropdown-item\" href=\"https:\/\/www.tdsynnex.com\/na\/ca\/aws\/isv\/\" target=\"\" >ISV<\/a><\/li><\/ul><\/li><li class=\"nav-item dropdown\" aria-expanded=\"false\"><a class=\"nav-link dropdown-toggle\" href=\"#contact\" target=\"\"   aria-haspopup=\"true\" aria-expanded=\"false\">Contact Us<\/a><ul class=\"dropdown-menu\" style=\"margin-top: 0px;\"><\/ul><\/li><\/ul><\/div><\/div><\/nav><\/div><\/div><\/div><\/div><\/div><\/div><\/div><\/div><\/div><div class=\"vce-row-container\"><div class=\"vce-row vce-row--col-gap-30 sec-pad pb-0 vce-row-equal-height vce-row-content--top\" data-vce-full-width=\"true\" id=\"el-47b47547\" data-vce-do-apply=\"all el-47b47547\"><div class=\"vce-content-background-container\"><\/div><div class=\"vce-row-content\" data-vce-element-content=\"true\"><div class=\"vce-col vce-col--md-100p vce-col--xs-1 vce-col--xs-last vce-col--xs-first vce-col--sm-last vce-col--sm-first vce-col--md-last vce-col--lg-last vce-col--xl-last vce-col--md-first vce-col--lg-first vce-col--xl-first\" id=\"el-d74dfc99\"><div class=\"vce-col-inner\" data-vce-do-apply=\"border margin background  el-d74dfc99\"><div class=\"vce-col-content\" data-vce-element-content=\"true\" data-vce-do-apply=\"padding el-d74dfc99\"><div class=\"vce-text-block\"><div class=\"vce-text-block-wrapper vce\" id=\"el-ba63d00f\" data-vce-do-apply=\"all el-ba63d00f\"><h1 class=\"h2t tm\">Op\u00e9rations financi\u00e8res AWS (FinOps)<\/h1>\n<p class=\"h4t\">Exploitez la puissance du service TD SYNNEX Cloud Financial Operations (FinOps) pour dynamiser vos services cloud et accro\u00eetre votre rentabilit\u00e9. Dans le paysage num\u00e9rique dynamique d\u2019aujourd\u2019hui, la compr\u00e9hension et l\u2019optimisation des co\u00fbts du cloud ne sont pas seulement une n\u00e9cessit\u00e9 financi\u00e8re \u2014 c\u2019est un avantage concurrentiel. <\/p><\/div><\/div><div class=\"vce-text-block\"><div class=\"vce-text-block-wrapper vce\" id=\"el-b0afc499\" data-vce-do-apply=\"all el-b0afc499\"><p class=\"h6t\">En int\u00e9grant le FinOps \u00e0 votre strat\u00e9gie, vous b\u00e9n\u00e9ficiez non seulement d\u2019une visibilit\u00e9 in\u00e9gal\u00e9e sur vos d\u00e9penses cloud, mais vous d\u00e9bloquez \u00e9galement des opportunit\u00e9s d\u2019\u00e9conomies et d\u2019efficacit\u00e9. Cette approche proactive garantit que chaque dollar investi dans le cloud est d\u00e9pens\u00e9 judicieusement, vous permettant d\u2019offrir des tarifs plus comp\u00e9titifs \u00e0 vos clients et d\u2019am\u00e9liorer votre rentabilit\u00e9. <\/p>\n<\/div><\/div><\/div><\/div><\/div><\/div><\/div><\/div><div class=\"vce-row-container\"><div class=\"vce-row vce-row--has-col-background vce-row--col-gap-50 sec-pad vce-row-equal-height vce-row-content--top\" data-vce-full-width=\"true\" id=\"el-0bbd8714\" data-vce-do-apply=\"all el-0bbd8714\"><div class=\"vce-row-content\" data-vce-element-content=\"true\"><div class=\"vce-col vce-element--has-background vce-col--md-50p vce-col--xs-1 vce-col--xs-last vce-col--xs-first vce-col--sm-last vce-col--sm-first vce-col--md-first vce-col--lg-first vce-col--xl-first sec-img\" id=\"el-1aa8524c\"><div class=\"vce-col-inner\" data-vce-do-apply=\"border margin background  el-1aa8524c\"><div class=\"vce-content-background-container\"><div class=\"vce-asset-background-simple-container vce-visible-all-only vce-asset-background-simple--style-cover vce-asset-background-simple--position-center-center\"><div class=\"vce-asset-background-simple\">\n              <div class=\"vce-asset-background-simple-item vcv-lozad\" data-background-image=\"https:\/\/www.tdsynnex.com\/na\/ca\/aws\/wp-content\/uploads\/sites\/72\/2026\/02\/Group-448@2x.jpg\"><\/div>\n              <noscript>\n                <div class=\"vce-asset-background-simple-item\" style=\"background-image: url(https:\/\/www.tdsynnex.com\/na\/ca\/aws\/wp-content\/uploads\/sites\/72\/2026\/02\/Group-448@2x.jpg)\"><\/div>\n              <\/noscript>\n            <\/div><\/div><\/div><div class=\"vce-col-content\" data-vce-element-content=\"true\" data-vce-do-apply=\"padding el-1aa8524c\"><div class=\"vcv-row-control-wrapper\"><\/div><\/div><\/div><\/div><div class=\"vce-col vce-col--md-50p vce-col--xs-1 vce-col--xs-last vce-col--xs-first vce-col--sm-last vce-col--sm-first vce-col--md-last vce-col--lg-last vce-col--xl-last\" id=\"el-6487d1eb\"><div class=\"vce-col-inner\" data-vce-do-apply=\"border margin background  el-6487d1eb\"><div class=\"vce-col-content\" data-vce-element-content=\"true\" data-vce-do-apply=\"padding el-6487d1eb\"><div class=\"vce-text-block\"><div class=\"vce-text-block-wrapper vce\" id=\"el-d1d65cbc\" data-vce-do-apply=\"all el-d1d65cbc\"><h2 class=\"tm\">Am\u00e9liorez votre strat\u00e9gie cloud gr\u00e2ce \u00e0 des avantages in\u00e9gal\u00e9s<\/h2>\n<div>\n<ul>\n<li>\n<p><strong>Moins de risques :<\/strong> Prot\u00e9gez vos investissements en minimisant les vuln\u00e9rabilit\u00e9s financi\u00e8res.<\/p>\n<\/li>\n<li>\n<p><strong>Gestion simplifi\u00e9e :<\/strong> Laissez l\u2019automatisation g\u00e9rer les complexit\u00e9s pour votre tranquillit\u00e9 d\u2019esprit.<\/p>\n<\/li>\n<li>\n<p><strong>Gestion des factures :<\/strong> Rationalisez vos processus de facturation pour plus de clart\u00e9 et d\u2019efficacit\u00e9.<\/p>\n<\/li>\n<li>\n<p><strong>Automatisation des rapports :<\/strong> Obtenez des informations \u00e0 la demande gr\u00e2ce \u00e0 des rapports automatis\u00e9s et actualis\u00e9s.<\/p>\n<\/li>\n<li>\n<p><strong>Support client polyvalent :<\/strong> Adapt\u00e9 \u00e0 toutes les tailles, des configurations multi-locataires\/payeurs partag\u00e9s aux grands comptes d\u2019entreprise.<\/p>\n<\/li>\n<li>\n<p><strong>Et bien plus encore !<\/strong><br><span style=\"color: #000000;\"><strong><span style=\"font-size: 14pt;\"><br><\/span><\/strong><\/span><\/p>\n<\/li>\n<\/ul>\n<\/div>\n<\/div><\/div><\/div><\/div><\/div><\/div><\/div><\/div><div class=\"vce-row-container\"><div class=\"vce-row vce-row--col-gap-30 sec-pad bkg-1 vce-row-equal-height vce-row-content--top\" data-vce-full-width=\"true\" id=\"el-bf353956\" data-vce-do-apply=\"all el-bf353956\"><div class=\"vce-row-content\" data-vce-element-content=\"true\"><div class=\"vce-col vce-col--md-auto vce-col--xs-1 vce-col--xs-last vce-col--xs-first vce-col--sm-last vce-col--sm-first vce-col--md-last vce-col--lg-last vce-col--xl-last vce-col--md-first vce-col--lg-first vce-col--xl-first\" id=\"el-9d8d8b88\"><div class=\"vce-col-inner\" data-vce-do-apply=\"border margin background  el-9d8d8b88\"><div class=\"vce-col-content\" data-vce-element-content=\"true\" data-vce-do-apply=\"padding el-9d8d8b88\"><div class=\"vce-text-block\"><div class=\"vce-text-block-wrapper vce\" id=\"el-85a1a563\" data-vce-do-apply=\"all el-85a1a563\"><p class=\"h6t\"><strong>Si vous souhaitez en savoir plus<\/strong>, contactez notre \u00e9quipe et demandez une formation de pr\u00e9sentation du FinOps !<\/p>\n<\/div><\/div><div class=\"vce-raw-html\"><div class=\"vce-raw-html-wrapper\" id=\"el-503080d0\" data-vce-do-apply=\"all el-503080d0\"><div class=\"row\">\n\t<div class=\"col\">               \n\n<button type=\"button\" class=\"popup-btn btn-font\" onclick=\"popup('mytestfile');\">Request an Overview<\/button>             \n<\/div>\n<\/div><\/div><\/div><\/div><\/div><\/div><\/div><\/div><\/div><div class=\"vce-row-container\" id=\"contact\"><div class=\"vce-row vce-row--col-gap-30 vce-row-wrap--reverse bkg-2 sec-pad vce-row-equal-height vce-row-content--top\" data-vce-full-width=\"true\" id=\"el-b0972430\" data-vce-do-apply=\"all el-b0972430\"><div class=\"vce-row-content\" data-vce-element-content=\"true\"><div class=\"vce-col vce-col--md-75p vce-col--xs-1 vce-col--xs-last vce-col--xs-first vce-col--sm-last vce-col--sm-first vce-col--md-first vce-col--lg-first vce-col--xl-first\" id=\"el-aefe378f\"><div class=\"vce-col-inner\" data-vce-do-apply=\"border margin background  el-aefe378f\"><div class=\"vce-col-content\" data-vce-element-content=\"true\" data-vce-do-apply=\"padding el-aefe378f\"><div class=\"vce-text-block light\"><div class=\"vce-text-block-wrapper vce\" id=\"el-fa4a551b\" data-vce-do-apply=\"all el-fa4a551b\"><h2>\u00cates-vous pr\u00eat ?<\/h2>\n<p>Rejoignez le partenariat TD SYNNEX et AWS d\u00e8s aujourd'hui \u2013 remplissez simplement le formulaire pour entamer la conversation.<\/p>\n<\/div><\/div><div class=\"vce-raw-html\"><div class=\"vce-raw-html-wrapper\" id=\"el-98941805\" data-vce-do-apply=\"all el-98941805\"><div class=\"row\">\n\t<div class=\"col\">               \n\n<button type=\"button\" class=\"popup-btn btn-font\" onclick=\"popup('mytestfile');\">Contact Us<\/button>             \n<\/div>\n<\/div><\/div><\/div><div class=\"vce-text-block\"><div class=\"vce-text-block-wrapper vce\" id=\"el-662c5570\" data-vce-do-apply=\"all el-662c5570\"><p class=\"light\">Vous pouvez \u00e9galement envoyer un courriel \u00e0 l'\u00e9quipe d\u00e8s maintenant \u00e0 <a href=\"mailto:AWS-Canada@tdsynnex.com\">AWS-Canada@tdsynnex.com<\/a>.<\/p>\n<\/div><\/div><\/div><\/div><\/div><div class=\"vce-col vce-col--md-25p vce-col--xs-1 vce-col--xs-last vce-col--xs-first vce-col--sm-last vce-col--sm-first vce-col--md-last vce-col--lg-last vce-col--xl-last\" id=\"el-23487822\"><div class=\"vce-col-inner\" data-vce-do-apply=\"border margin background  el-23487822\"><div class=\"vce-col-content\" data-vce-element-content=\"true\" data-vce-do-apply=\"padding el-23487822\"><div class=\"vce-single-image-container vce-single-image--align-center\"><div class=\"vce vce-single-image-wrapper\" id=\"el-3a03b4ce\" data-vce-do-apply=\"all el-3a03b4ce\"><figure><div class=\"vce-single-image-figure-inner\" style=\"width: 200px;\"><div class=\"vce-single-image-inner vce-single-image--absolute\" style=\"width: 100%; padding-bottom: 100%;\"><img loading=\"lazy\" decoding=\"async\" class=\"vce-single-image\"  width=\"200\" height=\"200\" src=\"https:\/\/www.tdsynnex.com\/na\/ca\/aws\/wp-content\/uploads\/sites\/72\/visualcomposer-assets\/templates\/696853c7f04009.28742051\/assets\/elements\/awsPartnerLogo.png\" data-img-src=\"https:\/\/www.tdsynnex.com\/na\/ca\/aws\/wp-content\/uploads\/sites\/72\/visualcomposer-assets\/templates\/696853c7f04009.28742051\/assets\/elements\/awsPartnerLogo.png\" data-attachment-id=\"142\"  alt=\"\" title=\"awsPartnerLogo\" \/><\/div><\/div><figcaption hidden=\"\"><\/figcaption><\/figure><\/div><\/div><\/div><\/div><\/div><\/div><\/div><\/div><div class=\"vce-row-container\"><div class=\"vce-row vce-row--col-gap-30 bkg-2 vce-row-equal-height vce-row-content--top\" data-vce-full-width=\"true\" id=\"el-a2134724\" data-vce-do-apply=\"all el-a2134724\"><div class=\"vce-content-background-container\"><\/div><div class=\"vce-row-content\" data-vce-element-content=\"true\"><div class=\"vce-col vce-col--md-auto vce-col--xs-1 vce-col--xs-last vce-col--xs-first vce-col--sm-last vce-col--sm-first vce-col--md-last vce-col--lg-last vce-col--xl-last vce-col--md-first vce-col--lg-first vce-col--xl-first\" id=\"el-68142a94\"><div class=\"vce-col-inner\" data-vce-do-apply=\"border margin background  el-68142a94\"><div class=\"vce-col-content\" data-vce-element-content=\"true\" data-vce-do-apply=\"padding el-68142a94\"><div class=\"vce-raw-html\"><div class=\"vce-raw-html-wrapper\" id=\"el-78eeb8ea\" data-vce-do-apply=\"all el-78eeb8ea\"><div class=\"modal fade podcastModal\" id=\"myModal\" role=\"dialog\">\n\n<div class=\"modal-dialog\">\n\n<!-- Modal content-->\n\n<div class=\"modal-content\">\n\n<div class=\"modal-header\">\n\n<button type=\"button\" class=\"close\" data-dismiss=\"modal\">\u00d7<\/button>\n\n<\/div>\n\n<div class=\"modal-body\" style=\"\">\n<div id=\"popheading\" class=\"modal-title center pb-1\">\n<h3>Contact Us<\/h3>\n<p>Fill out the form below or email us at <br> <a href=\"mailto:AWS-Canada@tdsynnex.com\">AWS-Canada@tdsynnex.com<\/a><\/p>\n<\/div>\n\t\n\t<script src=\"\/\/info.tdsynnex.com\/js\/forms2\/js\/forms2.min.js\"><\/script> <form id=\"mktoForm_23107\"><\/form> <script>MktoForms2.loadForm(\"\/\/info.tdsynnex.com\", \"946-OMQ-360\", 23107);<\/script>\n\n\t<script>\n\tMktoForms2.whenReady(function (form){\n\t  \/\/Add an onSuccess handler\n\t   form.onSuccess(function(values, followUpUrl){\n\t\t\/\/get the form's jQuery element and hide it\n\t\tform.getFormElem().hide();\n\t\t   document.getElementById('confirmform').style.display = 'block';\n\t\t   document.getElementById('popheading').style.display = 'none';\n\t\t\/\/return false to prevent the submission handler from taking the lead to the follow up url.\n\t\treturn false;\n\t  });\n\n\t});\n\t<\/script>\n<div id=\"confirmform\" style=\"display:none;\" class=\"p-4 center\">\n\t<p class=\"h3t\">Thank You for Contacting Us!<\/p>\n\t<p>A representative from our TD SYNNEX AWS team will reach out to you shortly.<\/p>\n<\/div>\n<\/div>\n\n            <!--<div class=\"modal-footer\">\n\n                <button type=\"button\" class=\"btn btn-default\" data-dismiss=\"modal\">Close<\/button>\n\n            <\/div>-->\n\n<\/div>\n\n<\/div>\n\n<\/div><\/div><\/div><\/div><\/div><\/div><\/div><\/div><\/div>","protected":false},"excerpt":{"rendered":"Op\u00e9rations financi\u00e8res AWS (FinOps) Exploitez la puissance du service TD SYNNEX Cloud Financial Operations (FinOps) pour dynamiser vos services cloud et accro\u00eetre votre rentabilit\u00e9. Dans le paysage num\u00e9rique dynamique d\u2019aujourd\u2019hui, la compr\u00e9hension et l\u2019optimisation des co\u00fbts du cloud ne sont pas seulement une n\u00e9cessit\u00e9 financi\u00e8re \u2014 c\u2019est un avantage concurrentiel. En int\u00e9grant le FinOps \u00e0 [&hellip;]","protected":false},"author":12,"featured_media":0,"parent":0,"menu_order":0,"comment_status":"closed","ping_status":"closed","template":"","meta":{"footnotes":""},"class_list":["post-554","page","type-page","status-publish","hentry"],"yoast_head":"<!-- This site is optimized with the Yoast SEO plugin v26.1.1 - https:\/\/yoast.com\/wordpress\/plugins\/seo\/ -->\n<title>AWS FinOps - AWS Canada<\/title>\n<meta name=\"robots\" content=\"index, follow, max-snippet:-1, max-image-preview:large, max-video-preview:-1\" \/>\n<link rel=\"canonical\" href=\"https:\/\/www.tdsynnex.com\/na\/ca\/aws\/aws-finops\/\" \/>\n<meta property=\"og:locale\" content=\"fr_FR\" \/>\n<meta property=\"og:type\" content=\"article\" \/>\n<meta property=\"og:title\" content=\"AWS FinOps - AWS Canada\" \/>\n<meta property=\"og:description\" content=\"Op\u00e9rations financi\u00e8res AWS (FinOps) Exploitez la puissance du service TD SYNNEX Cloud Financial Operations (FinOps) pour dynamiser vos services cloud et accro\u00eetre votre rentabilit\u00e9. Dans le paysage num\u00e9rique dynamique d\u2019aujourd\u2019hui, la compr\u00e9hension et l\u2019optimisation des co\u00fbts du cloud ne sont pas seulement une n\u00e9cessit\u00e9 financi\u00e8re \u2014 c\u2019est un avantage concurrentiel. En int\u00e9grant le FinOps \u00e0 [&hellip;]\" \/>\n<meta property=\"og:url\" content=\"https:\/\/www.tdsynnex.com\/na\/ca\/aws\/aws-finops\/\" \/>\n<meta property=\"og:site_name\" content=\"AWS Canada\" \/>\n<meta property=\"article:modified_time\" content=\"2026-03-10T14:07:55+00:00\" \/>\n<meta name=\"twitter:card\" content=\"summary_large_image\" \/>\n<meta name=\"twitter:label1\" content=\"Dur\u00e9e de lecture estim\u00e9e\" \/>\n\t<meta name=\"twitter:data1\" content=\"2 minutes\" \/>\n<script type=\"application\/ld+json\" class=\"yoast-schema-graph\">{\"@context\":\"https:\/\/schema.org\",\"@graph\":[{\"@type\":\"WebPage\",\"@id\":\"https:\/\/www.tdsynnex.com\/na\/ca\/aws\/aws-finops\/\",\"url\":\"https:\/\/www.tdsynnex.com\/na\/ca\/aws\/aws-finops\/\",\"name\":\"AWS FinOps - AWS Canada\",\"isPartOf\":{\"@id\":\"https:\/\/www.tdsynnex.com\/na\/ca\/aws\/#website\"},\"datePublished\":\"2026-01-20T18:28:04+00:00\",\"dateModified\":\"2026-03-10T14:07:55+00:00\",\"breadcrumb\":{\"@id\":\"https:\/\/www.tdsynnex.com\/na\/ca\/aws\/aws-finops\/#breadcrumb\"},\"inLanguage\":\"fr-FR\",\"potentialAction\":[{\"@type\":\"ReadAction\",\"target\":[\"https:\/\/www.tdsynnex.com\/na\/ca\/aws\/aws-finops\/\"]}]},{\"@type\":\"BreadcrumbList\",\"@id\":\"https:\/\/www.tdsynnex.com\/na\/ca\/aws\/aws-finops\/#breadcrumb\",\"itemListElement\":[{\"@type\":\"ListItem\",\"position\":1,\"name\":\"Home\",\"item\":\"https:\/\/www.tdsynnex.com\/na\/ca\/aws\/\"},{\"@type\":\"ListItem\",\"position\":2,\"name\":\"AWS FinOps\"}]},{\"@type\":\"WebSite\",\"@id\":\"https:\/\/www.tdsynnex.com\/na\/ca\/aws\/#website\",\"url\":\"https:\/\/www.tdsynnex.com\/na\/ca\/aws\/\",\"name\":\"AWS Canada\",\"description\":\"\",\"potentialAction\":[{\"@type\":\"SearchAction\",\"target\":{\"@type\":\"EntryPoint\",\"urlTemplate\":\"https:\/\/www.tdsynnex.com\/na\/ca\/aws\/?s={search_term_string}\"},\"query-input\":{\"@type\":\"PropertyValueSpecification\",\"valueRequired\":true,\"valueName\":\"search_term_string\"}}],\"inLanguage\":\"fr-FR\"}]}<\/script>\n<!-- \/ Yoast SEO plugin. -->","yoast_head_json":{"title":"AWS FinOps - AWS Canada","robots":{"index":"index","follow":"follow","max-snippet":"max-snippet:-1","max-image-preview":"max-image-preview:large","max-video-preview":"max-video-preview:-1"},"canonical":"https:\/\/www.tdsynnex.com\/na\/ca\/aws\/aws-finops\/","og_locale":"fr_FR","og_type":"article","og_title":"AWS FinOps - AWS Canada","og_description":"Op\u00e9rations financi\u00e8res AWS (FinOps) Exploitez la puissance du service TD SYNNEX Cloud Financial Operations (FinOps) pour dynamiser vos services cloud et accro\u00eetre votre rentabilit\u00e9. Dans le paysage num\u00e9rique dynamique d\u2019aujourd\u2019hui, la compr\u00e9hension et l\u2019optimisation des co\u00fbts du cloud ne sont pas seulement une n\u00e9cessit\u00e9 financi\u00e8re \u2014 c\u2019est un avantage concurrentiel. En int\u00e9grant le FinOps \u00e0 [&hellip;]","og_url":"https:\/\/www.tdsynnex.com\/na\/ca\/aws\/aws-finops\/","og_site_name":"AWS Canada","article_modified_time":"2026-03-10T14:07:55+00:00","twitter_card":"summary_large_image","twitter_misc":{"Dur\u00e9e de lecture estim\u00e9e":"2 minutes"},"schema":{"@context":"https:\/\/schema.org","@graph":[{"@type":"WebPage","@id":"https:\/\/www.tdsynnex.com\/na\/ca\/aws\/aws-finops\/","url":"https:\/\/www.tdsynnex.com\/na\/ca\/aws\/aws-finops\/","name":"AWS FinOps - AWS Canada","isPartOf":{"@id":"https:\/\/www.tdsynnex.com\/na\/ca\/aws\/#website"},"datePublished":"2026-01-20T18:28:04+00:00","dateModified":"2026-03-10T14:07:55+00:00","breadcrumb":{"@id":"https:\/\/www.tdsynnex.com\/na\/ca\/aws\/aws-finops\/#breadcrumb"},"inLanguage":"fr-FR","potentialAction":[{"@type":"ReadAction","target":["https:\/\/www.tdsynnex.com\/na\/ca\/aws\/aws-finops\/"]}]},{"@type":"BreadcrumbList","@id":"https:\/\/www.tdsynnex.com\/na\/ca\/aws\/aws-finops\/#breadcrumb","itemListElement":[{"@type":"ListItem","position":1,"name":"Home","item":"https:\/\/www.tdsynnex.com\/na\/ca\/aws\/"},{"@type":"ListItem","position":2,"name":"AWS FinOps"}]},{"@type":"WebSite","@id":"https:\/\/www.tdsynnex.com\/na\/ca\/aws\/#website","url":"https:\/\/www.tdsynnex.com\/na\/ca\/aws\/","name":"AWS Canada","description":"","potentialAction":[{"@type":"SearchAction","target":{"@type":"EntryPoint","urlTemplate":"https:\/\/www.tdsynnex.com\/na\/ca\/aws\/?s={search_term_string}"},"query-input":{"@type":"PropertyValueSpecification","valueRequired":true,"valueName":"search_term_string"}}],"inLanguage":"fr-FR"}]}},"_links":{"self":[{"href":"https:\/\/www.tdsynnex.com\/na\/ca\/aws\/fr\/wp-json\/wp\/v2\/pages\/554","targetHints":{"allow":["GET"]}}],"collection":[{"href":"https:\/\/www.tdsynnex.com\/na\/ca\/aws\/fr\/wp-json\/wp\/v2\/pages"}],"about":[{"href":"https:\/\/www.tdsynnex.com\/na\/ca\/aws\/fr\/wp-json\/wp\/v2\/types\/page"}],"author":[{"embeddable":true,"href":"https:\/\/www.tdsynnex.com\/na\/ca\/aws\/fr\/wp-json\/wp\/v2\/users\/12"}],"replies":[{"embeddable":true,"href":"https:\/\/www.tdsynnex.com\/na\/ca\/aws\/fr\/wp-json\/wp\/v2\/comments?post=554"}],"version-history":[{"count":2,"href":"https:\/\/www.tdsynnex.com\/na\/ca\/aws\/fr\/wp-json\/wp\/v2\/pages\/554\/revisions"}],"predecessor-version":[{"id":567,"href":"https:\/\/www.tdsynnex.com\/na\/ca\/aws\/fr\/wp-json\/wp\/v2\/pages\/554\/revisions\/567"}],"wp:attachment":[{"href":"https:\/\/www.tdsynnex.com\/na\/ca\/aws\/fr\/wp-json\/wp\/v2\/media?parent=554"}],"curies":[{"name":"wp","href":"https:\/\/api.w.org\/{rel}","templated":true}]}}