{"id":231,"date":"2025-03-19T09:49:36","date_gmt":"2025-03-19T13:49:36","guid":{"rendered":"https:\/\/www.tdsynnex.com\/na\/ca\/connectsolv\/eaton\/"},"modified":"2025-05-15T17:36:18","modified_gmt":"2025-05-15T21:36:18","slug":"eaton","status":"publish","type":"page","link":"https:\/\/www.tdsynnex.com\/na\/ca\/connectsolv\/fr\/eaton\/","title":{"rendered":"Eaton"},"content":{"rendered":"<div class=\"vce-row-container\"><div class=\"vce-row vce-element--has-background vce-row--col-gap-30 vce-row-equal-height vce-row-content--top\" data-vce-full-width=\"true\" id=\"el-004fb73d\" data-vce-do-apply=\"all el-004fb73d\"><div class=\"vce-content-background-container\"><div class=\"vce-asset-background-simple-container vce-visible-all-only vce-asset-background-simple--style-cover vce-asset-background-simple--position-center-center\"><div class=\"vce-asset-background-simple\">\n              <div class=\"vce-asset-background-simple-item vcv-lozad\" data-background-image=\"https:\/\/www.tdsynnex.com\/na\/ca\/connectsolv\/wp-content\/uploads\/sites\/11\/2022\/08\/ConnectSolvHero.jpg\"><\/div>\n              <noscript>\n                <div class=\"vce-asset-background-simple-item\" style=\"background-image: url(https:\/\/www.tdsynnex.com\/na\/ca\/connectsolv\/wp-content\/uploads\/sites\/11\/2022\/08\/ConnectSolvHero.jpg)\"><\/div>\n              <\/noscript>\n            <\/div><\/div><\/div><div class=\"vce-row-content\" data-vce-element-content=\"true\"><div class=\"vce-col vce-col--md-auto vce-col--xs-1 vce-col--xs-last vce-col--xs-first vce-col--sm-last vce-col--sm-first vce-col--md-last vce-col--lg-last vce-col--xl-last vce-col--md-first vce-col--lg-first vce-col--xl-first\" id=\"el-7657b05f\"><div class=\"vce-col-inner\" data-vce-do-apply=\"border margin background  el-7657b05f\"><div class=\"vce-col-content\" data-vce-element-content=\"true\" data-vce-do-apply=\"padding el-7657b05f\"><div class=\"vce-single-image-container vce-single-image--align-left\"><div class=\"vce vce-single-image-wrapper\" id=\"el-6a11459d\" data-vce-do-apply=\"all el-6a11459d\"><figure><div class=\"vce-single-image-figure-inner\" style=\"width: 362px;\"><div class=\"vce-single-image-inner vce-single-image--absolute\" style=\"width: 100%; padding-bottom: 17.4033%;\"><img loading=\"lazy\" decoding=\"async\" class=\"vce-single-image\"  width=\"362\" height=\"63\" srcset=\"https:\/\/www.tdsynnex.com\/na\/ca\/connectsolv\/wp-content\/uploads\/sites\/28\/2025\/05\/ConnectSolvLogo-320x56.png 320w, https:\/\/www.tdsynnex.com\/na\/ca\/connectsolv\/wp-content\/uploads\/sites\/28\/2025\/05\/ConnectSolvLogo-362x63.png 362w\" src=\"https:\/\/www.tdsynnex.com\/na\/ca\/connectsolv\/wp-content\/uploads\/sites\/28\/2025\/05\/ConnectSolvLogo-362x63.png\" data-img-src=\"https:\/\/www.tdsynnex.com\/na\/ca\/connectsolv\/wp-content\/uploads\/sites\/11\/2022\/08\/ConnectSolvLogo.png\" data-attachment-id=\"60\"  alt=\"\" title=\"ConnectSolvLogo\" \/><\/div><\/div><figcaption hidden=\"\"><\/figcaption><\/figure><\/div><\/div><\/div><\/div><\/div><\/div><\/div><\/div><div class=\"vce-row-container\"><div class=\"vce-row vce-row--col-gap-30 vce-row-equal-height vce-row-content--top\" data-vce-full-width=\"true\" data-vce-stretch-content=\"true\" id=\"el-3efee192\" data-vce-do-apply=\"all el-3efee192\"><div class=\"vce-content-background-container\"><\/div><div class=\"vce-row-content\" data-vce-element-content=\"true\"><div class=\"vce-col vce-col--md-auto vce-col--xs-1 vce-col--xs-last vce-col--xs-first vce-col--sm-last vce-col--sm-first vce-col--md-last vce-col--lg-last vce-col--xl-last vce-col--md-first vce-col--lg-first vce-col--xl-first\" id=\"el-4bcb4fdc\"><div class=\"vce-col-inner\" data-vce-do-apply=\"border margin background  el-4bcb4fdc\"><div class=\"vce-col-content\" data-vce-element-content=\"true\" data-vce-do-apply=\"padding el-4bcb4fdc\"><div class=\"vce-shortcode secondarymenu\"><div class=\"vce-shortcode-wrapper vce\" id=\"el-afbd0471\" data-vce-do-apply=\"all el-afbd0471\"><div class=\"tds-subsite-header sticky-top\">\n    <nav id=\"tds-subsite-menu\" class=\"navbar navbar-expand-lg\">\n    <div class=\"container\"><a href=\"https:\/\/www.tdsynnex.com\/na\/ca\/connectsolv\" class=\"navbar-brand\">ConnectSolv<\/a>        <button class=\"navbar-toggler custom-toggler\" type=\"button\" data-toggle=\"collapse\" data-target=\"#tds-subsite-collapse\" aria-expanded=\"false\" aria-label=\"Toggle navigation\">\n            <span class=\"navbar-toggler-icon\"><\/span>\n        <\/button>\n<div id=\"tds-subsite-collapse\" class=\"navbar-collapse collapse\"><ul class=\"navbar-nav\"><li class=\"nav-item dropdown\" aria-expanded=\"false\"><a class=\"nav-link dropdown-toggle\" href=\"#\" target=\"\"   aria-haspopup=\"true\" aria-expanded=\"false\">Vendors<\/a><ul class=\"dropdown-menu\" style=\"margin-top: 0px;\"><li><a class=\"dropdown-item\" href=\"https:\/\/www.tdsynnex.com\/na\/ca\/connectsolv\/eaton\/\" target=\"\" >Eaton<\/a><\/li><\/ul><\/li><\/ul><\/div><\/div><\/nav><\/div><\/div><\/div><\/div><\/div><\/div><\/div><\/div><\/div><div class=\"vce-row-container\" data-vce-boxed-width=\"true\"><div class=\"vce-row vce-row--col-gap-30 vce-row-equal-height vce-row-content--top\" id=\"el-7683b695\" data-vce-do-apply=\"all el-7683b695\"><div class=\"vce-content-background-container\"><\/div><div class=\"vce-row-content\" data-vce-element-content=\"true\"><div class=\"vce-col vce-col--md-auto vce-col--xs-1 vce-col--xs-last vce-col--xs-first vce-col--sm-last vce-col--sm-first vce-col--md-last vce-col--lg-last vce-col--xl-last vce-col--md-first vce-col--lg-first vce-col--xl-first\" id=\"el-8961a517\"><div class=\"vce-col-inner\" data-vce-do-apply=\"border margin background  el-8961a517\"><div class=\"vce-col-content\" data-vce-element-content=\"true\" data-vce-do-apply=\"padding el-8961a517\"><div class=\"vce-single-image-container vce-single-image--align-left\"><div class=\"vce vce-single-image-wrapper\" id=\"el-7735adf1\" data-vce-do-apply=\"all el-7735adf1\"><figure><div class=\"vce-single-image-figure-inner\" style=\"width: 294px;\"><div class=\"vce-single-image-inner vce-single-image--absolute\" style=\"width: 100%; padding-bottom: 31.9728%;\"><img loading=\"lazy\" decoding=\"async\" class=\"vce-single-image\"  width=\"294\" height=\"94\" srcset=\"https:\/\/www.tdsynnex.com\/na\/ca\/connectsolv\/wp-content\/uploads\/sites\/28\/2025\/05\/Eaton_PBW_Lit_PMS300-294x94.png 294w\" src=\"https:\/\/www.tdsynnex.com\/na\/ca\/connectsolv\/wp-content\/uploads\/sites\/28\/2025\/05\/Eaton_PBW_Lit_PMS300-294x94.png\" data-img-src=\"https:\/\/www.tdsynnex.com\/na\/ca\/connectsolv\/wp-content\/uploads\/sites\/28\/2025\/03\/Eaton_PBW_Lit_PMS300.png\" data-attachment-id=\"203\"  alt=\"Eaton\" title=\"Eaton_PBW_Lit_PMS300\" \/><\/div><\/div><figcaption hidden=\"\"><\/figcaption><\/figure><\/div><\/div><\/div><\/div><\/div><\/div><\/div><\/div><div class=\"vce-row-container\" data-vce-boxed-width=\"true\"><div class=\"vce-row vce-row--col-gap-30 vce-row-equal-height vce-row-content--top\" id=\"el-e45ac5e2\" data-vce-do-apply=\"all el-e45ac5e2\"><div class=\"vce-content-background-container\"><\/div><div class=\"vce-row-content\" data-vce-element-content=\"true\"><div class=\"vce-col vce-col--md-auto vce-col--xs-1 vce-col--xs-last vce-col--xs-first vce-col--sm-last vce-col--sm-first vce-col--md-first vce-col--lg-first vce-col--xl-first\" id=\"el-18435050\"><div class=\"vce-col-inner\" data-vce-do-apply=\"border margin background  el-18435050\"><div class=\"vce-col-content\" data-vce-element-content=\"true\" data-vce-do-apply=\"padding el-18435050\"><div class=\"vce-text-block\"><div class=\"vce-text-block-wrapper vce\" id=\"el-166330ba\" data-vce-do-apply=\"all el-166330ba\"><div><div><div id=\"output\"><p>Eaton est une entreprise mondiale de gestion de l'\u00e9nergie qui se consacre \u00e0 la r\u00e9solution des plus grands d\u00e9fis de l'informatique. Avec des solutions compl\u00e8tes comprenant des onduleurs, des unit\u00e9s PDU, des racks et des syst\u00e8mes de refroidissement, ainsi que des c\u00e2bles et de la connectivit\u00e9, Eaton dispose de tout ce dont vous avez besoin pour cr\u00e9er un environnement informatique r\u00e9silient. Notre plateforme d'intelligence num\u00e9rique et nos produits cyber-s\u00e9curis\u00e9s de classe mondiale garantissent un temps de fonctionnement constant dans tous les segments, du commerce de d\u00e9tail aux centres de donn\u00e9es. Avec plus de 100 ans d'expertise, Eaton vous aide \u00e0 optimiser les d\u00e9ploiements informatiques d'aujourd'hui tout en cr\u00e9ant un plan durable pour l'avenir.     <\/p><\/div><\/div><\/div><\/div><\/div><div class=\"vce-button--style-outline-container vce-button--style-outline-container--align-left\"><span class=\"vce-button--style-outline-wrapper vce\" id=\"el-0288a281\" data-vce-do-apply=\"margin el-0288a281\"><a class=\"vce-button vce-button--style-outline-animated vce-button--style-outline--border-square vce-button--style-outline--size-medium vce-button--style-outline-animated--color-b-0-122-195--b-255-255-255--3d3d3d vce-button--style-outline-animated--border-color-b-0-122-195--3d3d3d vce-button--style-outline-animated--background-color-b-0-122-195\" href=\"https:\/\/ec.synnex.ca\/ecx\/part\/searchResult.html?keyword=eaton&amp;keywordRelation=2&amp;prefferedWarehouse=0&amp;criteriaType=4&amp;resultType=7&amp;begin=0&amp;catId=-1&amp;suggestionSearch=N&amp;_source=SearchBar&amp;partSearchType=FreeText\" title=\"\" target=\"_blank\" data-vce-do-apply=\"padding border background  el-0288a281\"><span class=\"vce-button--style-outline-text\">SHOP NOW<\/span><\/a><\/span><\/div><\/div><\/div><\/div><div class=\"vce-col vce-col--md-auto vce-col--xs-1 vce-col--xs-last vce-col--xs-first vce-col--sm-last vce-col--sm-first vce-col--md-last vce-col--lg-last vce-col--xl-last\" id=\"el-2a606df0\"><div class=\"vce-col-inner\" data-vce-do-apply=\"border margin background  el-2a606df0\"><div class=\"vce-content-background-container\"><\/div><div class=\"vce-col-content\" data-vce-element-content=\"true\" data-vce-do-apply=\"padding el-2a606df0\"><div class=\"vce-text-block\"><div class=\"vce-text-block-wrapper vce\" id=\"el-0fd991e7\" data-vce-do-apply=\"all el-0fd991e7\"><h3>Nous contacter :<\/h3><p><strong>Jodi Bonham  <\/strong><\/p><p>Responsable des canaux de distribution des technologies de l'information<\/p><p>416-525-6773 | <a href=\"mailto:JodiBonham@Eaton.com\">JodiBonham@Eaton.com<\/a><\/p><\/div><\/div><div class=\"vce-text-block\"><div class=\"vce-text-block-wrapper vce\" id=\"el-32353b2e\" data-vce-do-apply=\"all el-32353b2e\"><h3>Ressources<\/h3>\n<p>Deal Reg en bref <a href=\"https:\/\/www.tdsynnex.com\/na\/ca\/connectsolv\/wp-content\/uploads\/sites\/28\/2025\/03\/DealRegAtAGlance-2025-CA.pdf\">EN<\/a> | <a href=\"https:\/\/www.tdsynnex.com\/na\/ca\/connectsolv\/wp-content\/uploads\/sites\/28\/2025\/03\/DealRegAtAGlance-2025-CA-FR.pdf\">FR<\/a><\/p>\n<p>Brochure du programme <a href=\"https:\/\/www.tdsynnex.com\/na\/ca\/connectsolv\/wp-content\/uploads\/sites\/28\/2025\/03\/Eaton-2025-PA-ProgramBrochure-CA.pdf\">EN<\/a> | <a href=\"https:\/\/www.tdsynnex.com\/na\/ca\/connectsolv\/wp-content\/uploads\/sites\/28\/2025\/03\/Eaton-2025-PA-ProgramBrochure-CA-FR.pdf\">FR<\/a><\/p>\n<\/div><\/div><\/div><\/div><\/div><\/div><\/div><\/div>","protected":false},"excerpt":{"rendered":"Eaton est une entreprise mondiale de gestion de l&rsquo;\u00e9nergie qui se consacre \u00e0 la r\u00e9solution des plus grands d\u00e9fis de l&rsquo;informatique. Avec des solutions compl\u00e8tes comprenant des onduleurs, des unit\u00e9s PDU, des racks et des syst\u00e8mes de refroidissement, ainsi que des c\u00e2bles et de la connectivit\u00e9, Eaton dispose de tout ce dont vous avez besoin [&hellip;]","protected":false},"author":12,"featured_media":0,"parent":0,"menu_order":0,"comment_status":"closed","ping_status":"closed","template":"","meta":{"footnotes":""},"class_list":["post-231","page","type-page","status-publish","hentry"],"yoast_head":"<!-- This site is optimized with the Yoast SEO plugin v26.1.1 - https:\/\/yoast.com\/wordpress\/plugins\/seo\/ -->\n<title>Eaton - ConnectSolv<\/title>\n<meta name=\"robots\" content=\"index, follow, max-snippet:-1, max-image-preview:large, max-video-preview:-1\" \/>\n<link rel=\"canonical\" href=\"https:\/\/www.tdsynnex.com\/na\/ca\/connectsolv\/fr\/eaton\/\" \/>\n<meta property=\"og:locale\" content=\"fr_FR\" \/>\n<meta property=\"og:type\" content=\"article\" \/>\n<meta property=\"og:title\" content=\"Eaton - ConnectSolv\" \/>\n<meta property=\"og:description\" content=\"Eaton est une entreprise mondiale de gestion de l&#039;\u00e9nergie qui se consacre \u00e0 la r\u00e9solution des plus grands d\u00e9fis de l&#039;informatique. Avec des solutions compl\u00e8tes comprenant des onduleurs, des unit\u00e9s PDU, des racks et des syst\u00e8mes de refroidissement, ainsi que des c\u00e2bles et de la connectivit\u00e9, Eaton dispose de tout ce dont vous avez besoin [&hellip;]\" \/>\n<meta property=\"og:url\" content=\"https:\/\/www.tdsynnex.com\/na\/ca\/connectsolv\/fr\/eaton\/\" \/>\n<meta property=\"og:site_name\" content=\"ConnectSolv\" \/>\n<meta property=\"article:modified_time\" content=\"2025-05-15T21:36:18+00:00\" \/>\n<meta name=\"twitter:card\" content=\"summary_large_image\" \/>\n<meta name=\"twitter:label1\" content=\"Dur\u00e9e de lecture estim\u00e9e\" \/>\n\t<meta name=\"twitter:data1\" content=\"1 minute\" \/>\n<script type=\"application\/ld+json\" class=\"yoast-schema-graph\">{\"@context\":\"https:\/\/schema.org\",\"@graph\":[{\"@type\":\"WebPage\",\"@id\":\"https:\/\/www.tdsynnex.com\/na\/ca\/connectsolv\/fr\/eaton\/\",\"url\":\"https:\/\/www.tdsynnex.com\/na\/ca\/connectsolv\/fr\/eaton\/\",\"name\":\"Eaton - ConnectSolv\",\"isPartOf\":{\"@id\":\"https:\/\/www.tdsynnex.com\/na\/ca\/connectsolv\/#website\"},\"datePublished\":\"2025-03-19T13:49:36+00:00\",\"dateModified\":\"2025-05-15T21:36:18+00:00\",\"breadcrumb\":{\"@id\":\"https:\/\/www.tdsynnex.com\/na\/ca\/connectsolv\/fr\/eaton\/#breadcrumb\"},\"inLanguage\":\"fr-FR\",\"potentialAction\":[{\"@type\":\"ReadAction\",\"target\":[\"https:\/\/www.tdsynnex.com\/na\/ca\/connectsolv\/fr\/eaton\/\"]}]},{\"@type\":\"BreadcrumbList\",\"@id\":\"https:\/\/www.tdsynnex.com\/na\/ca\/connectsolv\/fr\/eaton\/#breadcrumb\",\"itemListElement\":[{\"@type\":\"ListItem\",\"position\":1,\"name\":\"Home\",\"item\":\"https:\/\/www.tdsynnex.com\/na\/ca\/connectsolv\/fr\/\"},{\"@type\":\"ListItem\",\"position\":2,\"name\":\"Eaton\"}]},{\"@type\":\"WebSite\",\"@id\":\"https:\/\/www.tdsynnex.com\/na\/ca\/connectsolv\/#website\",\"url\":\"https:\/\/www.tdsynnex.com\/na\/ca\/connectsolv\/\",\"name\":\"ConnectSolv\",\"description\":\"\",\"potentialAction\":[{\"@type\":\"SearchAction\",\"target\":{\"@type\":\"EntryPoint\",\"urlTemplate\":\"https:\/\/www.tdsynnex.com\/na\/ca\/connectsolv\/?s={search_term_string}\"},\"query-input\":{\"@type\":\"PropertyValueSpecification\",\"valueRequired\":true,\"valueName\":\"search_term_string\"}}],\"inLanguage\":\"fr-FR\"}]}<\/script>\n<!-- \/ Yoast SEO plugin. -->","yoast_head_json":{"title":"Eaton - ConnectSolv","robots":{"index":"index","follow":"follow","max-snippet":"max-snippet:-1","max-image-preview":"max-image-preview:large","max-video-preview":"max-video-preview:-1"},"canonical":"https:\/\/www.tdsynnex.com\/na\/ca\/connectsolv\/fr\/eaton\/","og_locale":"fr_FR","og_type":"article","og_title":"Eaton - ConnectSolv","og_description":"Eaton est une entreprise mondiale de gestion de l'\u00e9nergie qui se consacre \u00e0 la r\u00e9solution des plus grands d\u00e9fis de l'informatique. Avec des solutions compl\u00e8tes comprenant des onduleurs, des unit\u00e9s PDU, des racks et des syst\u00e8mes de refroidissement, ainsi que des c\u00e2bles et de la connectivit\u00e9, Eaton dispose de tout ce dont vous avez besoin [&hellip;]","og_url":"https:\/\/www.tdsynnex.com\/na\/ca\/connectsolv\/fr\/eaton\/","og_site_name":"ConnectSolv","article_modified_time":"2025-05-15T21:36:18+00:00","twitter_card":"summary_large_image","twitter_misc":{"Dur\u00e9e de lecture estim\u00e9e":"1 minute"},"schema":{"@context":"https:\/\/schema.org","@graph":[{"@type":"WebPage","@id":"https:\/\/www.tdsynnex.com\/na\/ca\/connectsolv\/fr\/eaton\/","url":"https:\/\/www.tdsynnex.com\/na\/ca\/connectsolv\/fr\/eaton\/","name":"Eaton - ConnectSolv","isPartOf":{"@id":"https:\/\/www.tdsynnex.com\/na\/ca\/connectsolv\/#website"},"datePublished":"2025-03-19T13:49:36+00:00","dateModified":"2025-05-15T21:36:18+00:00","breadcrumb":{"@id":"https:\/\/www.tdsynnex.com\/na\/ca\/connectsolv\/fr\/eaton\/#breadcrumb"},"inLanguage":"fr-FR","potentialAction":[{"@type":"ReadAction","target":["https:\/\/www.tdsynnex.com\/na\/ca\/connectsolv\/fr\/eaton\/"]}]},{"@type":"BreadcrumbList","@id":"https:\/\/www.tdsynnex.com\/na\/ca\/connectsolv\/fr\/eaton\/#breadcrumb","itemListElement":[{"@type":"ListItem","position":1,"name":"Home","item":"https:\/\/www.tdsynnex.com\/na\/ca\/connectsolv\/fr\/"},{"@type":"ListItem","position":2,"name":"Eaton"}]},{"@type":"WebSite","@id":"https:\/\/www.tdsynnex.com\/na\/ca\/connectsolv\/#website","url":"https:\/\/www.tdsynnex.com\/na\/ca\/connectsolv\/","name":"ConnectSolv","description":"","potentialAction":[{"@type":"SearchAction","target":{"@type":"EntryPoint","urlTemplate":"https:\/\/www.tdsynnex.com\/na\/ca\/connectsolv\/?s={search_term_string}"},"query-input":{"@type":"PropertyValueSpecification","valueRequired":true,"valueName":"search_term_string"}}],"inLanguage":"fr-FR"}]}},"_links":{"self":[{"href":"https:\/\/www.tdsynnex.com\/na\/ca\/connectsolv\/fr\/wp-json\/wp\/v2\/pages\/231","targetHints":{"allow":["GET"]}}],"collection":[{"href":"https:\/\/www.tdsynnex.com\/na\/ca\/connectsolv\/fr\/wp-json\/wp\/v2\/pages"}],"about":[{"href":"https:\/\/www.tdsynnex.com\/na\/ca\/connectsolv\/fr\/wp-json\/wp\/v2\/types\/page"}],"author":[{"embeddable":true,"href":"https:\/\/www.tdsynnex.com\/na\/ca\/connectsolv\/fr\/wp-json\/wp\/v2\/users\/12"}],"replies":[{"embeddable":true,"href":"https:\/\/www.tdsynnex.com\/na\/ca\/connectsolv\/fr\/wp-json\/wp\/v2\/comments?post=231"}],"version-history":[{"count":0,"href":"https:\/\/www.tdsynnex.com\/na\/ca\/connectsolv\/fr\/wp-json\/wp\/v2\/pages\/231\/revisions"}],"wp:attachment":[{"href":"https:\/\/www.tdsynnex.com\/na\/ca\/connectsolv\/fr\/wp-json\/wp\/v2\/media?parent=231"}],"curies":[{"name":"wp","href":"https:\/\/api.w.org\/{rel}","templated":true}]}}