{"id":231,"date":"2025-06-05T21:05:10","date_gmt":"2025-06-05T21:05:10","guid":{"rendered":"https:\/\/www.tdsynnex.com\/na\/ca\/dell\/grille-dencheres\/"},"modified":"2025-09-22T14:56:37","modified_gmt":"2025-09-22T14:56:37","slug":"grille-dencheres","status":"publish","type":"page","link":"https:\/\/www.tdsynnex.com\/na\/ca\/dell\/fr\/grille-dencheres\/","title":{"rendered":"Grille d&#039;ench\u00e8res"},"content":{"rendered":"<div class=\"vce-row-container\"><div class=\"vce-row vce-element--has-background vce-row--col-gap-30 hero-banner vce-row-equal-height vce-row-content--top\" data-vce-full-width=\"true\" id=\"el-e2c7860f\" data-vce-do-apply=\"all el-e2c7860f\"><div class=\"vce-content-background-container\"><div class=\"vce-asset-background-simple-container vce-visible-all-only vce-asset-background-simple--style-cover vce-asset-background-simple--position-center-center\"><div class=\"vce-asset-background-simple\">\n              <div class=\"vce-asset-background-simple-item vcv-lozad\" data-background-image=\"https:\/\/www.tdsynnex.com\/na\/ca\/dell\/wp-content\/uploads\/sites\/144\/2025\/06\/masthead.jpg\"><\/div>\n              <noscript>\n                <div class=\"vce-asset-background-simple-item\" style=\"background-image: url(https:\/\/www.tdsynnex.com\/na\/ca\/dell\/wp-content\/uploads\/sites\/144\/2025\/06\/masthead.jpg)\"><\/div>\n              <\/noscript>\n            <\/div><\/div><\/div><div class=\"vce-row-content\" data-vce-element-content=\"true\"><div class=\"vce-col vce-col--md-auto vce-col--xs-1 vce-col--xs-last vce-col--xs-first vce-col--sm-last vce-col--sm-first vce-col--md-last vce-col--lg-last vce-col--xl-last vce-col--md-first vce-col--lg-first vce-col--xl-first\" id=\"el-d3cff649\"><div class=\"vce-col-inner\" data-vce-do-apply=\"border margin background  el-d3cff649\"><div class=\"vce-col-content\" data-vce-element-content=\"true\" data-vce-do-apply=\"padding el-d3cff649\"><div class=\"vce-single-image-container vce-single-image--align-left\"><div class=\"vce vce-single-image-wrapper\" id=\"el-4ef77a52\" data-vce-do-apply=\"all el-4ef77a52\"><figure><div class=\"vce-single-image-figure-inner\"><div class=\"vce-single-image-inner vce-single-image--absolute\" style=\"width: 100%;\"><\/div><\/div><figcaption hidden=\"\"><\/figcaption><\/figure><\/div><\/div><\/div><\/div><\/div><\/div><\/div><\/div><div class=\"vce-row-container\"><div class=\"vce-row vce-row--col-gap-30 vce-row-equal-height vce-row-content--top\" data-vce-full-width=\"true\" data-vce-stretch-content=\"true\" id=\"el-33c429a8\" data-vce-do-apply=\"all el-33c429a8\"><div class=\"vce-content-background-container\"><\/div><div class=\"vce-row-content\" data-vce-element-content=\"true\"><div class=\"vce-col vce-col--md-auto vce-col--xs-1 vce-col--xs-last vce-col--xs-first vce-col--sm-last vce-col--sm-first vce-col--md-last vce-col--lg-last vce-col--xl-last vce-col--md-first vce-col--lg-first vce-col--xl-first secondary-menu\" id=\"el-939a6cd4\"><div class=\"vce-col-inner\" data-vce-do-apply=\"border margin background  el-939a6cd4\"><div class=\"vce-col-content\" data-vce-element-content=\"true\" data-vce-do-apply=\"padding el-939a6cd4\"><div class=\"vce-shortcode sub-menu\"><div class=\"vce-shortcode-wrapper vce\" id=\"el-20707d2e\" data-vce-do-apply=\"all el-20707d2e\"><div class=\"tds-subsite-header sticky-top\">\n    <nav id=\"tds-subsite-menu\" class=\"navbar navbar-expand-lg\">\n    <div class=\"container\"><a href=\"https:\/\/www.tdsynnex.com\/na\/ca\/dell\" class=\"navbar-brand\">Dell Canada<\/a>        <button class=\"navbar-toggler custom-toggler\" type=\"button\" data-toggle=\"collapse\" data-target=\"#tds-subsite-collapse\" aria-expanded=\"false\" aria-label=\"Toggle navigation\">\n            <span class=\"navbar-toggler-icon\"><\/span>\n        <\/button>\n<div id=\"tds-subsite-collapse\" class=\"navbar-collapse collapse\"><ul class=\"navbar-nav\"><li class=\"nav-item dropdown\" aria-expanded=\"false\"><a class=\"nav-link dropdown-toggle\" href=\"#\" target=\"\"   aria-haspopup=\"true\" aria-expanded=\"false\">Promotions<\/a><ul class=\"dropdown-menu\" style=\"margin-top: 0px;\"><li><a class=\"dropdown-item\" href=\"https:\/\/www.tdsynnex.com\/na\/ca\/dell\/bid-grid\/\" target=\"\" >Bid Grid<\/a><\/li><li><a class=\"dropdown-item\" href=\"https:\/\/www.tdsynnex.com\/na\/ca\/dell\/deal-registration\/\" target=\"\" >Deal Registration<\/a><\/li><li><a class=\"dropdown-item\" href=\"https:\/\/www.tdsynnex.com\/na\/ca\/dell\/demo\/\" target=\"\" >Demo Program<\/a><\/li><\/ul><\/li><li class=\"nav-item dropdown\" aria-expanded=\"false\"><a class=\"nav-link dropdown-toggle\" href=\"#\" target=\"\"   aria-haspopup=\"true\" aria-expanded=\"false\">Resources<\/a><ul class=\"dropdown-menu\" style=\"margin-top: 0px;\"><li><a class=\"dropdown-item\" href=\"https:\/\/www.tdsynnex.com\/na\/ca\/dell\/daily-mailer\/\" target=\"\" >Daily Mailer<\/a><\/li><li><a class=\"dropdown-item\" href=\"https:\/\/www.tdsynnex.com\/na\/ca\/dell\/dell-isg-podcast-series\/\" target=\"\" >Dell ISG Podcast Series<\/a><\/li><li><a class=\"dropdown-item\" href=\"https:\/\/www.tdsynnex.com\/na\/ca\/dell\/get-authori-zed\/\" target=\"\" >Get Authorized<\/a><\/li><li><a class=\"dropdown-item\" href=\"https:\/\/ec.synnex.ca\/ecx\/login.html\" target=\"_blank\" >Shop Online<\/a><\/li><li><a class=\"dropdown-item\" href=\"https:\/\/www.tdsynnex.com\/na\/ca\/dell\/spl\/\" target=\"\" >Standard Price List (SPL)<\/a><\/li><\/ul><\/li><li class=\"nav-item dropdown\" aria-expanded=\"false\"><a class=\"nav-link dropdown-toggle\" href=\"#\" target=\"\"   aria-haspopup=\"true\" aria-expanded=\"false\">Solutions<\/a><ul class=\"dropdown-menu\" style=\"margin-top: 0px;\"><li><a class=\"dropdown-item\" href=\"https:\/\/www.tdsynnex.com\/na\/ca\/dell\/windows-11\/\" target=\"\" >Windows 11<\/a><\/li><\/ul><\/li><li class=\"nav-item dropdown\" aria-expanded=\"false\"><a class=\"nav-link dropdown-toggle\" href=\"https:\/\/www.tdsynnex.com\/na\/ca\/dell\/contact-us\/\" target=\"\"   aria-haspopup=\"true\" aria-expanded=\"false\">Contact Us<\/a><ul class=\"dropdown-menu\" style=\"margin-top: 0px;\"><\/ul><\/li><\/ul><\/div><\/div><\/nav><\/div><\/div><\/div><\/div><\/div><\/div><\/div><\/div><\/div><div class=\"vce-row-container\" data-vce-boxed-width=\"true\"><div class=\"vce-row vce-row--col-gap-30 sec-pad vce-row-equal-height vce-row-content--top\" id=\"el-3a8eeb34\" data-vce-do-apply=\"all el-3a8eeb34\"><div class=\"vce-content-background-container\"><\/div><div class=\"vce-row-content\" data-vce-element-content=\"true\"><div class=\"vce-col vce-col--md-auto vce-col--xs-1 vce-col--xs-last vce-col--xs-first vce-col--sm-last vce-col--sm-first vce-col--md-last vce-col--lg-last vce-col--xl-last vce-col--md-first vce-col--lg-first vce-col--xl-first\" id=\"el-2e48e756\"><div class=\"vce-col-inner\" data-vce-do-apply=\"border margin background  el-2e48e756\"><div class=\"vce-content-background-container\"><\/div><div class=\"vce-col-content\" data-vce-element-content=\"true\" data-vce-do-apply=\"padding el-2e48e756\"><div class=\"vce-text-block\"><div class=\"vce-text-block-wrapper vce\" id=\"el-1e667f4a\" data-vce-do-apply=\"all el-1e667f4a\"><h1 class=\"h6t tm0 dark\">Promo trimestrielle Dell<\/h1>\n<h2 class=\"h1t tm\">Tarification d\u00e9gressive (grille d'ench\u00e8res)<\/h2>\n<\/div><\/div><div class=\"vce-text-block\"><div class=\"vce-text-block-wrapper vce\" id=\"el-5cbdbb3e\" data-vce-do-apply=\"all el-5cbdbb3e\"><ul><li>Remises disponibles pour les unit\u00e9s SmartSelect<\/li><li>Deux niveaux de remise diff\u00e9rents, selon la quantit\u00e9<\/li><li>Remises int\u00e9gr\u00e9es dans les syst\u00e8mes et le portail TD SYNNEX<\/li><li>Doit \u00eatre vendu au m\u00eame utilisateur final<\/li><li>Il est pr\u00e9f\u00e9rable d'exp\u00e9dier sous une seule facture, sinon la remise peut \u00eatre perdue<\/li><\/ul><\/div><\/div><\/div><\/div><\/div><\/div><\/div><\/div><div class=\"vce-row-container\"><div class=\"vce-row vce-row--col-gap-30 bkg-accent-1 sec-pad center-mobile vce-row-equal-height vce-row-content--middle\" data-vce-full-width=\"true\" id=\"el-9d52be3a\" data-vce-do-apply=\"all el-9d52be3a\"><div class=\"vce-row-content\" data-vce-element-content=\"true\"><div class=\"vce-col vce-col--xs-100p vce-col--xs-visible vce-col--xs-last vce-col--xs-first vce-col--sm-100p vce-col--sm-visible vce-col--sm-last vce-col--sm-first vce-col--md-100p vce-col--md-visible vce-col--md-last vce-col--md-first vce-col--lg-70p vce-col--lg-visible vce-col--lg-first vce-col--xl-70p vce-col--xl-visible vce-col--xl-first\" id=\"el-af0d0353\"><div class=\"vce-col-inner\" data-vce-do-apply=\"border margin background  el-af0d0353\"><div class=\"vce-col-content\" data-vce-element-content=\"true\" data-vce-do-apply=\"padding el-af0d0353\"><div class=\"vce-text-block tm-mobile\"><div class=\"vce-text-block-wrapper vce\" id=\"el-0fb4d91e\" data-vce-do-apply=\"all el-0fb4d91e\"><h2 class=\"h2t\">Vous souhaitez en savoir plus ?<\/h2><p class=\"h6t\">Contactez d\u00e8s aujourd'hui les experts du groupe Solutions clients Dell de TD SYNNEX.<\/p><\/div><\/div><\/div><\/div><\/div><div class=\"vce-col vce-col--xs-100p vce-col--xs-visible vce-col--xs-last vce-col--xs-first vce-col--sm-100p vce-col--sm-visible vce-col--sm-last vce-col--sm-first vce-col--md-100p vce-col--md-visible vce-col--md-last vce-col--md-first vce-col--lg-30p vce-col--lg-visible vce-col--lg-last vce-col--xl-30p vce-col--xl-visible vce-col--xl-last\" id=\"el-ac78801a\"><div class=\"vce-col-inner\" data-vce-do-apply=\"border margin background  el-ac78801a\"><div class=\"vce-col-content\" data-vce-element-content=\"true\" data-vce-do-apply=\"padding el-ac78801a\"><div class=\"vce-button--style-outline-container btn-font vce-button--style-outline-container--align-left\"><span class=\"vce-button--style-outline-wrapper vce\" id=\"el-44cd3a15\" data-vce-do-apply=\"margin el-44cd3a15\"><a class=\"vce-button vce-button--style-outline-animated vce-button--style-outline--border-square vce-button--style-outline--size-medium vce-button--style-outline-animated--color-b-7-86-151--b-255-255-255--3d3d3d vce-button--style-outline-animated--border-color-b-7-86-151--3d3d3d vce-button--style-outline-animated--background-color-b-7-86-151\" href=\"mailto:dellteam.ca@tdsynnex.com\" title=\"\" data-vce-do-apply=\"padding border background  el-44cd3a15\"><span class=\"vce-button--style-outline-text\">CONTACTEZ-NOUS<\/span><\/a><\/span><\/div><\/div><\/div><\/div><\/div><\/div><\/div><div class=\"vce-row-container\"><div class=\"vce-row vce-row--col-gap-30 bkg-accent-2 sec-pad center-mobile rev-row vce-row-equal-height vce-row-content--middle\" data-vce-full-width=\"true\" id=\"el-c9d8dbcb\" data-vce-do-apply=\"all el-c9d8dbcb\"><div class=\"vce-row-content\" data-vce-element-content=\"true\"><div class=\"vce-col vce-col--md-70p vce-col--xs-1 vce-col--xs-last vce-col--xs-first vce-col--sm-last vce-col--sm-first vce-col--md-first vce-col--lg-first vce-col--xl-first inline tm-mobile block-mobile\" id=\"el-280ba115\"><div class=\"vce-col-inner\" data-vce-do-apply=\"border margin background  el-280ba115\"><div class=\"vce-col-content\" data-vce-element-content=\"true\" data-vce-do-apply=\"padding el-280ba115\"><div class=\"vce-single-image-container vce-single-image--align-left\"><div class=\"vce vce-single-image-wrapper\" id=\"el-62733ab9\" data-vce-do-apply=\"all el-62733ab9\"><figure><div class=\"vce-single-image-figure-inner\" style=\"width: 130px;\"><div class=\"vce-single-image-inner vce-single-image--absolute\" style=\"width: 100%; padding-bottom: 39.2308%;\"><img loading=\"lazy\" decoding=\"async\" class=\"vce-single-image\"  width=\"130\" height=\"51\" src=\"https:\/\/www.tdsynnex.com\/na\/ca\/dell\/wp-content\/uploads\/sites\/144\/2025\/06\/log-intel-130x51-1.png\" data-img-src=\"https:\/\/www.tdsynnex.com\/na\/ca\/dell\/wp-content\/uploads\/sites\/144\/2025\/06\/log-intel-130x51-1.png\" data-attachment-id=\"67\"  alt=\"Intel Logo\" title=\"log-intel-130x51\" \/><\/div><\/div><figcaption hidden=\"\"><\/figcaption><\/figure><\/div><\/div><div class=\"vce-single-image-container vce-single-image--align-left\"><div class=\"vce vce-single-image-wrapper\" id=\"el-911b66ee\" data-vce-do-apply=\"all el-911b66ee\"><figure><div class=\"vce-single-image-figure-inner\" style=\"width: 174px;\"><div class=\"vce-single-image-inner vce-single-image--absolute\" style=\"width: 100%; padding-bottom: 29.3103%;\"><img loading=\"lazy\" decoding=\"async\" class=\"vce-single-image\"  width=\"174\" height=\"51\" src=\"https:\/\/www.tdsynnex.com\/na\/ca\/dell\/wp-content\/uploads\/sites\/144\/2025\/06\/logo-dell-174x51-1-174x51-1.png\" data-img-src=\"https:\/\/www.tdsynnex.com\/na\/ca\/dell\/wp-content\/uploads\/sites\/144\/2025\/06\/logo-dell-174x51-1-174x51-1.png\" data-attachment-id=\"65\"  alt=\"Dell Logo\" title=\"logo-dell-174x51-1-174x51\" \/><\/div><\/div><figcaption hidden=\"\"><\/figcaption><\/figure><\/div><\/div><div class=\"vce-single-image-container vce-single-image--align-left\"><div class=\"vce vce-single-image-wrapper\" id=\"el-31a965d8\" data-vce-do-apply=\"all el-31a965d8\"><figure><div class=\"vce-single-image-figure-inner\" style=\"width: 268px;\"><div class=\"vce-single-image-inner vce-single-image--absolute\" style=\"width: 100%; padding-bottom: 19.0299%;\"><img loading=\"lazy\" decoding=\"async\" class=\"vce-single-image\"  width=\"268\" height=\"51\" src=\"https:\/\/www.tdsynnex.com\/na\/ca\/dell\/wp-content\/uploads\/sites\/144\/2025\/06\/logo-win11-268x51-1.png\" data-img-src=\"https:\/\/www.tdsynnex.com\/na\/ca\/dell\/wp-content\/uploads\/sites\/144\/2025\/06\/logo-win11-268x51-1.png\" data-attachment-id=\"66\"  alt=\"Windows 11 Logo\" title=\"logo-win11-268x51\" \/><\/div><\/div><figcaption hidden=\"\"><\/figcaption><\/figure><\/div><\/div><\/div><\/div><\/div><div class=\"vce-col vce-col--md-30p vce-col--xs-1 vce-col--xs-last vce-col--xs-first vce-col--sm-last vce-col--sm-first vce-col--md-last vce-col--lg-last vce-col--xl-last\" id=\"el-feab805a\"><div class=\"vce-col-inner\" data-vce-do-apply=\"border margin background  el-feab805a\"><div class=\"vce-content-background-container\"><\/div><div class=\"vce-col-content\" data-vce-element-content=\"true\" data-vce-do-apply=\"padding el-feab805a\"><div class=\"vce-text-block center-mobile\"><div class=\"vce-text-block-wrapper vce\" id=\"el-6579cbbc\" data-vce-do-apply=\"all el-6579cbbc\"><h2 class=\"h2t light\">Contactez nous<\/h2><p class=\"light\"><a class=\"light\" href=\"mailto:Dellteam.ca@tdsynnex.com\">Dellteam.ca@tdsynnex.com<\/a><\/p><\/div><\/div><\/div><\/div><\/div><\/div><\/div><\/div>","protected":false},"excerpt":{"rendered":"Promo trimestrielle Dell Tarification d\u00e9gressive (grille d&rsquo;ench\u00e8res) Remises disponibles pour les unit\u00e9s SmartSelectDeux niveaux de remise diff\u00e9rents, selon la quantit\u00e9Remises int\u00e9gr\u00e9es dans les syst\u00e8mes et le portail TD SYNNEXDoit \u00eatre vendu au m\u00eame utilisateur finalIl est pr\u00e9f\u00e9rable d&rsquo;exp\u00e9dier sous une seule facture, sinon la remise peut \u00eatre perdueVous souhaitez en savoir plus ?Contactez d\u00e8s aujourd&rsquo;hui [&hellip;]","protected":false},"author":12,"featured_media":0,"parent":0,"menu_order":0,"comment_status":"closed","ping_status":"closed","template":"","meta":{"footnotes":""},"class_list":["post-231","page","type-page","status-publish","hentry"],"yoast_head":"<!-- This site is optimized with the Yoast SEO plugin v26.1.1 - https:\/\/yoast.com\/wordpress\/plugins\/seo\/ -->\n<title>Grille d&#039;ench\u00e8res - Dell Canada<\/title>\n<meta name=\"robots\" content=\"index, follow, max-snippet:-1, max-image-preview:large, max-video-preview:-1\" \/>\n<link rel=\"canonical\" href=\"https:\/\/www.tdsynnex.com\/na\/ca\/dell\/fr\/grille-dencheres\/\" \/>\n<meta property=\"og:locale\" content=\"fr_FR\" \/>\n<meta property=\"og:type\" content=\"article\" \/>\n<meta property=\"og:title\" content=\"Grille d&#039;ench\u00e8res - Dell Canada\" \/>\n<meta property=\"og:description\" content=\"Promo trimestrielle Dell Tarification d\u00e9gressive (grille d&#039;ench\u00e8res) Remises disponibles pour les unit\u00e9s SmartSelectDeux niveaux de remise diff\u00e9rents, selon la quantit\u00e9Remises int\u00e9gr\u00e9es dans les syst\u00e8mes et le portail TD SYNNEXDoit \u00eatre vendu au m\u00eame utilisateur finalIl est pr\u00e9f\u00e9rable d&#039;exp\u00e9dier sous une seule facture, sinon la remise peut \u00eatre perdueVous souhaitez en savoir plus ?Contactez d\u00e8s aujourd&#039;hui [&hellip;]\" \/>\n<meta property=\"og:url\" content=\"https:\/\/www.tdsynnex.com\/na\/ca\/dell\/fr\/grille-dencheres\/\" \/>\n<meta property=\"og:site_name\" content=\"Dell Canada\" \/>\n<meta property=\"article:modified_time\" content=\"2025-09-22T14:56:37+00:00\" \/>\n<meta name=\"twitter:card\" content=\"summary_large_image\" \/>\n<script type=\"application\/ld+json\" class=\"yoast-schema-graph\">{\"@context\":\"https:\/\/schema.org\",\"@graph\":[{\"@type\":\"WebPage\",\"@id\":\"https:\/\/www.tdsynnex.com\/na\/ca\/dell\/fr\/grille-dencheres\/\",\"url\":\"https:\/\/www.tdsynnex.com\/na\/ca\/dell\/fr\/grille-dencheres\/\",\"name\":\"Grille d&#039;ench\u00e8res - Dell Canada\",\"isPartOf\":{\"@id\":\"https:\/\/www.tdsynnex.com\/na\/ca\/dell\/#website\"},\"datePublished\":\"2025-06-05T21:05:10+00:00\",\"dateModified\":\"2025-09-22T14:56:37+00:00\",\"breadcrumb\":{\"@id\":\"https:\/\/www.tdsynnex.com\/na\/ca\/dell\/fr\/grille-dencheres\/#breadcrumb\"},\"inLanguage\":\"fr-FR\",\"potentialAction\":[{\"@type\":\"ReadAction\",\"target\":[\"https:\/\/www.tdsynnex.com\/na\/ca\/dell\/fr\/grille-dencheres\/\"]}]},{\"@type\":\"BreadcrumbList\",\"@id\":\"https:\/\/www.tdsynnex.com\/na\/ca\/dell\/fr\/grille-dencheres\/#breadcrumb\",\"itemListElement\":[{\"@type\":\"ListItem\",\"position\":1,\"name\":\"Home\",\"item\":\"https:\/\/www.tdsynnex.com\/na\/ca\/dell\/fr\/\"},{\"@type\":\"ListItem\",\"position\":2,\"name\":\"Grille d&#039;ench\u00e8res\"}]},{\"@type\":\"WebSite\",\"@id\":\"https:\/\/www.tdsynnex.com\/na\/ca\/dell\/#website\",\"url\":\"https:\/\/www.tdsynnex.com\/na\/ca\/dell\/\",\"name\":\"Dell Canada\",\"description\":\"\",\"potentialAction\":[{\"@type\":\"SearchAction\",\"target\":{\"@type\":\"EntryPoint\",\"urlTemplate\":\"https:\/\/www.tdsynnex.com\/na\/ca\/dell\/?s={search_term_string}\"},\"query-input\":{\"@type\":\"PropertyValueSpecification\",\"valueRequired\":true,\"valueName\":\"search_term_string\"}}],\"inLanguage\":\"fr-FR\"}]}<\/script>\n<!-- \/ Yoast SEO plugin. -->","yoast_head_json":{"title":"Grille d&#039;ench\u00e8res - Dell Canada","robots":{"index":"index","follow":"follow","max-snippet":"max-snippet:-1","max-image-preview":"max-image-preview:large","max-video-preview":"max-video-preview:-1"},"canonical":"https:\/\/www.tdsynnex.com\/na\/ca\/dell\/fr\/grille-dencheres\/","og_locale":"fr_FR","og_type":"article","og_title":"Grille d&#039;ench\u00e8res - Dell Canada","og_description":"Promo trimestrielle Dell Tarification d\u00e9gressive (grille d'ench\u00e8res) Remises disponibles pour les unit\u00e9s SmartSelectDeux niveaux de remise diff\u00e9rents, selon la quantit\u00e9Remises int\u00e9gr\u00e9es dans les syst\u00e8mes et le portail TD SYNNEXDoit \u00eatre vendu au m\u00eame utilisateur finalIl est pr\u00e9f\u00e9rable d'exp\u00e9dier sous une seule facture, sinon la remise peut \u00eatre perdueVous souhaitez en savoir plus ?Contactez d\u00e8s aujourd'hui [&hellip;]","og_url":"https:\/\/www.tdsynnex.com\/na\/ca\/dell\/fr\/grille-dencheres\/","og_site_name":"Dell Canada","article_modified_time":"2025-09-22T14:56:37+00:00","twitter_card":"summary_large_image","schema":{"@context":"https:\/\/schema.org","@graph":[{"@type":"WebPage","@id":"https:\/\/www.tdsynnex.com\/na\/ca\/dell\/fr\/grille-dencheres\/","url":"https:\/\/www.tdsynnex.com\/na\/ca\/dell\/fr\/grille-dencheres\/","name":"Grille d&#039;ench\u00e8res - Dell Canada","isPartOf":{"@id":"https:\/\/www.tdsynnex.com\/na\/ca\/dell\/#website"},"datePublished":"2025-06-05T21:05:10+00:00","dateModified":"2025-09-22T14:56:37+00:00","breadcrumb":{"@id":"https:\/\/www.tdsynnex.com\/na\/ca\/dell\/fr\/grille-dencheres\/#breadcrumb"},"inLanguage":"fr-FR","potentialAction":[{"@type":"ReadAction","target":["https:\/\/www.tdsynnex.com\/na\/ca\/dell\/fr\/grille-dencheres\/"]}]},{"@type":"BreadcrumbList","@id":"https:\/\/www.tdsynnex.com\/na\/ca\/dell\/fr\/grille-dencheres\/#breadcrumb","itemListElement":[{"@type":"ListItem","position":1,"name":"Home","item":"https:\/\/www.tdsynnex.com\/na\/ca\/dell\/fr\/"},{"@type":"ListItem","position":2,"name":"Grille d&#039;ench\u00e8res"}]},{"@type":"WebSite","@id":"https:\/\/www.tdsynnex.com\/na\/ca\/dell\/#website","url":"https:\/\/www.tdsynnex.com\/na\/ca\/dell\/","name":"Dell Canada","description":"","potentialAction":[{"@type":"SearchAction","target":{"@type":"EntryPoint","urlTemplate":"https:\/\/www.tdsynnex.com\/na\/ca\/dell\/?s={search_term_string}"},"query-input":{"@type":"PropertyValueSpecification","valueRequired":true,"valueName":"search_term_string"}}],"inLanguage":"fr-FR"}]}},"_links":{"self":[{"href":"https:\/\/www.tdsynnex.com\/na\/ca\/dell\/fr\/wp-json\/wp\/v2\/pages\/231","targetHints":{"allow":["GET"]}}],"collection":[{"href":"https:\/\/www.tdsynnex.com\/na\/ca\/dell\/fr\/wp-json\/wp\/v2\/pages"}],"about":[{"href":"https:\/\/www.tdsynnex.com\/na\/ca\/dell\/fr\/wp-json\/wp\/v2\/types\/page"}],"author":[{"embeddable":true,"href":"https:\/\/www.tdsynnex.com\/na\/ca\/dell\/fr\/wp-json\/wp\/v2\/users\/12"}],"replies":[{"embeddable":true,"href":"https:\/\/www.tdsynnex.com\/na\/ca\/dell\/fr\/wp-json\/wp\/v2\/comments?post=231"}],"version-history":[{"count":0,"href":"https:\/\/www.tdsynnex.com\/na\/ca\/dell\/fr\/wp-json\/wp\/v2\/pages\/231\/revisions"}],"wp:attachment":[{"href":"https:\/\/www.tdsynnex.com\/na\/ca\/dell\/fr\/wp-json\/wp\/v2\/media?parent=231"}],"curies":[{"name":"wp","href":"https:\/\/api.w.org\/{rel}","templated":true}]}}