{"id":232,"date":"2025-06-05T21:08:39","date_gmt":"2025-06-05T21:08:39","guid":{"rendered":"https:\/\/www.tdsynnex.com\/na\/ca\/dell\/enregistrement-de-loffre\/"},"modified":"2025-09-22T14:57:05","modified_gmt":"2025-09-22T14:57:05","slug":"enregistrement-de-loffre","status":"publish","type":"page","link":"https:\/\/www.tdsynnex.com\/na\/ca\/dell\/fr\/enregistrement-de-loffre\/","title":{"rendered":"Enregistrement de l&#039;offre"},"content":{"rendered":"<div class=\"vce-row-container\"><div class=\"vce-row vce-element--has-background vce-row--col-gap-30 hero-banner vce-row-equal-height vce-row-content--top\" data-vce-full-width=\"true\" id=\"el-2e3746a9\" data-vce-do-apply=\"all el-2e3746a9\"><div class=\"vce-content-background-container\"><div class=\"vce-asset-background-simple-container vce-visible-all-only vce-asset-background-simple--style-cover vce-asset-background-simple--position-center-center\"><div class=\"vce-asset-background-simple\">\n              <div class=\"vce-asset-background-simple-item vcv-lozad\" data-background-image=\"https:\/\/www.tdsynnex.com\/na\/ca\/dell\/wp-content\/uploads\/sites\/144\/2025\/06\/masthead.jpg\"><\/div>\n              <noscript>\n                <div class=\"vce-asset-background-simple-item\" style=\"background-image: url(https:\/\/www.tdsynnex.com\/na\/ca\/dell\/wp-content\/uploads\/sites\/144\/2025\/06\/masthead.jpg)\"><\/div>\n              <\/noscript>\n            <\/div><\/div><\/div><div class=\"vce-row-content\" data-vce-element-content=\"true\"><div class=\"vce-col vce-col--md-auto vce-col--xs-1 vce-col--xs-last vce-col--xs-first vce-col--sm-last vce-col--sm-first vce-col--md-last vce-col--lg-last vce-col--xl-last vce-col--md-first vce-col--lg-first vce-col--xl-first\" id=\"el-e86657a9\"><div class=\"vce-col-inner\" data-vce-do-apply=\"border margin background  el-e86657a9\"><div class=\"vce-col-content\" data-vce-element-content=\"true\" data-vce-do-apply=\"padding el-e86657a9\"><div class=\"vce-single-image-container vce-single-image--align-left\"><div class=\"vce vce-single-image-wrapper\" id=\"el-2eb6c3d2\" data-vce-do-apply=\"all el-2eb6c3d2\"><figure><div class=\"vce-single-image-figure-inner\"><div class=\"vce-single-image-inner vce-single-image--absolute\" style=\"width: 100%;\"><\/div><\/div><figcaption hidden=\"\"><\/figcaption><\/figure><\/div><\/div><\/div><\/div><\/div><\/div><\/div><\/div><div class=\"vce-row-container\"><div class=\"vce-row vce-row--col-gap-30 vce-row-equal-height vce-row-content--top\" data-vce-full-width=\"true\" data-vce-stretch-content=\"true\" id=\"el-a13126ea\" data-vce-do-apply=\"all el-a13126ea\"><div class=\"vce-content-background-container\"><\/div><div class=\"vce-row-content\" data-vce-element-content=\"true\"><div class=\"vce-col vce-col--md-auto vce-col--xs-1 vce-col--xs-last vce-col--xs-first vce-col--sm-last vce-col--sm-first vce-col--md-last vce-col--lg-last vce-col--xl-last vce-col--md-first vce-col--lg-first vce-col--xl-first secondary-menu\" id=\"el-824479e9\"><div class=\"vce-col-inner\" data-vce-do-apply=\"border margin background  el-824479e9\"><div class=\"vce-col-content\" data-vce-element-content=\"true\" data-vce-do-apply=\"padding el-824479e9\"><div class=\"vce-shortcode sub-menu\"><div class=\"vce-shortcode-wrapper vce\" id=\"el-6adf56d1\" data-vce-do-apply=\"all el-6adf56d1\"><div class=\"tds-subsite-header sticky-top\">\n    <nav id=\"tds-subsite-menu\" class=\"navbar navbar-expand-lg\">\n    <div class=\"container\"><a href=\"https:\/\/www.tdsynnex.com\/na\/ca\/dell\" class=\"navbar-brand\">Dell Canada<\/a>        <button class=\"navbar-toggler custom-toggler\" type=\"button\" data-toggle=\"collapse\" data-target=\"#tds-subsite-collapse\" aria-expanded=\"false\" aria-label=\"Toggle navigation\">\n            <span class=\"navbar-toggler-icon\"><\/span>\n        <\/button>\n<div id=\"tds-subsite-collapse\" class=\"navbar-collapse collapse\"><ul class=\"navbar-nav\"><li class=\"nav-item dropdown\" aria-expanded=\"false\"><a class=\"nav-link dropdown-toggle\" href=\"#\" target=\"\"   aria-haspopup=\"true\" aria-expanded=\"false\">Promotions<\/a><ul class=\"dropdown-menu\" style=\"margin-top: 0px;\"><li><a class=\"dropdown-item\" href=\"https:\/\/www.tdsynnex.com\/na\/ca\/dell\/bid-grid\/\" target=\"\" >Bid Grid<\/a><\/li><li><a class=\"dropdown-item\" href=\"https:\/\/www.tdsynnex.com\/na\/ca\/dell\/deal-registration\/\" target=\"\" >Deal Registration<\/a><\/li><li><a class=\"dropdown-item\" href=\"https:\/\/www.tdsynnex.com\/na\/ca\/dell\/demo\/\" target=\"\" >Demo Program<\/a><\/li><\/ul><\/li><li class=\"nav-item dropdown\" aria-expanded=\"false\"><a class=\"nav-link dropdown-toggle\" href=\"#\" target=\"\"   aria-haspopup=\"true\" aria-expanded=\"false\">Resources<\/a><ul class=\"dropdown-menu\" style=\"margin-top: 0px;\"><li><a class=\"dropdown-item\" href=\"https:\/\/www.tdsynnex.com\/na\/ca\/dell\/daily-mailer\/\" target=\"\" >Daily Mailer<\/a><\/li><li><a class=\"dropdown-item\" href=\"https:\/\/www.tdsynnex.com\/na\/ca\/dell\/dell-isg-podcast-series\/\" target=\"\" >Dell ISG Podcast Series<\/a><\/li><li><a class=\"dropdown-item\" href=\"https:\/\/www.tdsynnex.com\/na\/ca\/dell\/get-authori-zed\/\" target=\"\" >Get Authorized<\/a><\/li><li><a class=\"dropdown-item\" href=\"https:\/\/ec.synnex.ca\/ecx\/login.html\" target=\"_blank\" >Shop Online<\/a><\/li><li><a class=\"dropdown-item\" href=\"https:\/\/www.tdsynnex.com\/na\/ca\/dell\/spl\/\" target=\"\" >Standard Price List (SPL)<\/a><\/li><\/ul><\/li><li class=\"nav-item dropdown\" aria-expanded=\"false\"><a class=\"nav-link dropdown-toggle\" href=\"#\" target=\"\"   aria-haspopup=\"true\" aria-expanded=\"false\">Solutions<\/a><ul class=\"dropdown-menu\" style=\"margin-top: 0px;\"><li><a class=\"dropdown-item\" href=\"https:\/\/www.tdsynnex.com\/na\/ca\/dell\/windows-11\/\" target=\"\" >Windows 11<\/a><\/li><\/ul><\/li><li class=\"nav-item dropdown\" aria-expanded=\"false\"><a class=\"nav-link dropdown-toggle\" href=\"https:\/\/www.tdsynnex.com\/na\/ca\/dell\/contact-us\/\" target=\"\"   aria-haspopup=\"true\" aria-expanded=\"false\">Contact Us<\/a><ul class=\"dropdown-menu\" style=\"margin-top: 0px;\"><\/ul><\/li><\/ul><\/div><\/div><\/nav><\/div><\/div><\/div><\/div><\/div><\/div><\/div><\/div><\/div><div class=\"vce-row-container\" data-vce-boxed-width=\"true\"><div class=\"vce-row vce-row--col-gap-30 sec-pad vce-row-equal-height vce-row-content--top\" id=\"el-f241b06a\" data-vce-do-apply=\"all el-f241b06a\"><div class=\"vce-content-background-container\"><\/div><div class=\"vce-row-content\" data-vce-element-content=\"true\"><div class=\"vce-col vce-col--md-auto vce-col--xs-1 vce-col--xs-last vce-col--xs-first vce-col--sm-last vce-col--sm-first vce-col--md-last vce-col--lg-last vce-col--xl-last vce-col--md-first vce-col--lg-first vce-col--xl-first\" id=\"el-d57b9e94\"><div class=\"vce-col-inner\" data-vce-do-apply=\"border margin background  el-d57b9e94\"><div class=\"vce-content-background-container\"><\/div><div class=\"vce-col-content\" data-vce-element-content=\"true\" data-vce-do-apply=\"padding el-d57b9e94\"><div class=\"vce-text-block\"><div class=\"vce-text-block-wrapper vce\" id=\"el-b9b8bb56\" data-vce-do-apply=\"all el-b9b8bb56\"><h1 class=\"h1t tm\">Processus d\u2019enregistrement des affaires<\/h1>\n<\/div><\/div><div class=\"vce-text-block\"><div class=\"vce-text-block-wrapper vce\" id=\"el-a8d48d81\" data-vce-do-apply=\"all el-a8d48d81\"><ul><li>L\u2019enregistrement des affaires est soumis par l\u2019\u00e9quipe TD SYNNEX Dell<\/li><li>La valeur minimale est fix\u00e9e \u00e0 30\u202f000 $ CA<\/li><li>Les enregistrements sont valides pendant 90 jours et peuvent \u00eatre renouvel\u00e9s si n\u00e9cessaire<\/li><\/ul><\/div><\/div><div class=\"vce-raw-html\"><div class=\"vce-raw-html-wrapper\" id=\"el-f62db0fb\" data-vce-do-apply=\"all el-f62db0fb\"><script src=\"\/\/info.tdsynnex.com\/js\/forms2\/js\/forms2.min.js\"><\/script> <form id=\"mktoForm_19525\"><\/form> <script>MktoForms2.loadForm(\"\/\/info.tdsynnex.com\", \"946-OMQ-360\", 19525);<\/script>\n<div id=\"confirmform\" style=\"display:none;\">\n\t<div class=\"confirm-wrapper\">\n\t<p>Thank you for registering your Dell Deal.<\/p>\n\t<p>A member of our team will be in touch with you shortly.<\/p>\n\t<\/div>\n<\/div>\n<script>\n    MktoForms2.whenReady(function (form){\n    \/\/Add an onSuccess handler\n        form.onSuccess(function(values, followUpUrl){\n        \/\/get the form's jQuery element and hide it\n            form.getFormElem().hide();\n            document.getElementById('confirmform').style.display = 'block';\n        \/\/return false to prevent the submission handler from taking the lead to the follow up url.\n        return false;\n        });\n    });\n<\/script>\n<\/div><\/div><\/div><\/div><\/div><\/div><\/div><\/div><div class=\"vce-row-container\"><div class=\"vce-row vce-row--col-gap-30 bkg-accent-2 sec-pad center-mobile rev-row vce-row-equal-height vce-row-content--middle\" data-vce-full-width=\"true\" id=\"el-7a15fb8f\" data-vce-do-apply=\"all el-7a15fb8f\"><div class=\"vce-row-content\" data-vce-element-content=\"true\"><div class=\"vce-col vce-col--md-70p vce-col--xs-1 vce-col--xs-last vce-col--xs-first vce-col--sm-last vce-col--sm-first vce-col--md-first vce-col--lg-first vce-col--xl-first inline tm-mobile block-mobile\" id=\"el-25dde3c6\"><div class=\"vce-col-inner\" data-vce-do-apply=\"border margin background  el-25dde3c6\"><div class=\"vce-col-content\" data-vce-element-content=\"true\" data-vce-do-apply=\"padding el-25dde3c6\"><div class=\"vce-single-image-container vce-single-image--align-left\"><div class=\"vce vce-single-image-wrapper\" id=\"el-69a7975f\" data-vce-do-apply=\"all el-69a7975f\"><figure><div class=\"vce-single-image-figure-inner\" style=\"width: 130px;\"><div class=\"vce-single-image-inner vce-single-image--absolute\" style=\"width: 100%; padding-bottom: 39.2308%;\"><img loading=\"lazy\" decoding=\"async\" class=\"vce-single-image\"  width=\"130\" height=\"51\" src=\"https:\/\/www.tdsynnex.com\/na\/ca\/dell\/wp-content\/uploads\/sites\/144\/2025\/06\/log-intel-130x51-1.png\" data-img-src=\"https:\/\/www.tdsynnex.com\/na\/ca\/dell\/wp-content\/uploads\/sites\/144\/2025\/06\/log-intel-130x51-1.png\" data-attachment-id=\"67\"  alt=\"Intel Logo\" title=\"log-intel-130x51\" \/><\/div><\/div><figcaption hidden=\"\"><\/figcaption><\/figure><\/div><\/div><div class=\"vce-single-image-container vce-single-image--align-left\"><div class=\"vce vce-single-image-wrapper\" id=\"el-998e3092\" data-vce-do-apply=\"all el-998e3092\"><figure><div class=\"vce-single-image-figure-inner\" style=\"width: 174px;\"><div class=\"vce-single-image-inner vce-single-image--absolute\" style=\"width: 100%; padding-bottom: 29.3103%;\"><img loading=\"lazy\" decoding=\"async\" class=\"vce-single-image\"  width=\"174\" height=\"51\" src=\"https:\/\/www.tdsynnex.com\/na\/ca\/dell\/wp-content\/uploads\/sites\/144\/2025\/06\/logo-dell-174x51-1-174x51-1.png\" data-img-src=\"https:\/\/www.tdsynnex.com\/na\/ca\/dell\/wp-content\/uploads\/sites\/144\/2025\/06\/logo-dell-174x51-1-174x51-1.png\" data-attachment-id=\"65\"  alt=\"Dell Logo\" title=\"logo-dell-174x51-1-174x51\" \/><\/div><\/div><figcaption hidden=\"\"><\/figcaption><\/figure><\/div><\/div><div class=\"vce-single-image-container vce-single-image--align-left\"><div class=\"vce vce-single-image-wrapper\" id=\"el-ae17cba6\" data-vce-do-apply=\"all el-ae17cba6\"><figure><div class=\"vce-single-image-figure-inner\" style=\"width: 268px;\"><div class=\"vce-single-image-inner vce-single-image--absolute\" style=\"width: 100%; padding-bottom: 19.0299%;\"><img loading=\"lazy\" decoding=\"async\" class=\"vce-single-image\"  width=\"268\" height=\"51\" src=\"https:\/\/www.tdsynnex.com\/na\/ca\/dell\/wp-content\/uploads\/sites\/144\/2025\/06\/logo-win11-268x51-1.png\" data-img-src=\"https:\/\/www.tdsynnex.com\/na\/ca\/dell\/wp-content\/uploads\/sites\/144\/2025\/06\/logo-win11-268x51-1.png\" data-attachment-id=\"66\"  alt=\"Windows 11 Logo\" title=\"logo-win11-268x51\" \/><\/div><\/div><figcaption hidden=\"\"><\/figcaption><\/figure><\/div><\/div><\/div><\/div><\/div><div class=\"vce-col vce-col--md-30p vce-col--xs-1 vce-col--xs-last vce-col--xs-first vce-col--sm-last vce-col--sm-first vce-col--md-last vce-col--lg-last vce-col--xl-last\" id=\"el-2c245274\"><div class=\"vce-col-inner\" data-vce-do-apply=\"border margin background  el-2c245274\"><div class=\"vce-content-background-container\"><\/div><div class=\"vce-col-content\" data-vce-element-content=\"true\" data-vce-do-apply=\"padding el-2c245274\"><div class=\"vce-text-block center-mobile\"><div class=\"vce-text-block-wrapper vce\" id=\"el-e62243de\" data-vce-do-apply=\"all el-e62243de\"><h2 class=\"h2t light\">Contactez nous<\/h2><p class=\"light\"><a class=\"light\" href=\"mailto:Dellteam.ca@tdsynnex.com\">Dellteam.ca@tdsynnex.com<\/a><\/p><\/div><\/div><\/div><\/div><\/div><\/div><\/div><\/div>","protected":false},"excerpt":{"rendered":"Processus d\u2019enregistrement des affaires L\u2019enregistrement des affaires est soumis par l\u2019\u00e9quipe TD SYNNEX DellLa valeur minimale est fix\u00e9e \u00e0 30\u202f000 $ CALes enregistrements sont valides pendant 90 jours et peuvent \u00eatre renouvel\u00e9s si n\u00e9cessaire Thank you for registering your Dell Deal. A member of our team will be in touch with you shortly. Contactez nousDellteam.ca@tdsynnex.com","protected":false},"author":12,"featured_media":0,"parent":0,"menu_order":0,"comment_status":"closed","ping_status":"closed","template":"","meta":{"footnotes":""},"class_list":["post-232","page","type-page","status-publish","hentry"],"yoast_head":"<!-- This site is optimized with the Yoast SEO plugin v26.1.1 - https:\/\/yoast.com\/wordpress\/plugins\/seo\/ -->\n<title>Enregistrement de l&#039;offre - Dell Canada<\/title>\n<meta name=\"robots\" content=\"index, follow, max-snippet:-1, max-image-preview:large, max-video-preview:-1\" \/>\n<link rel=\"canonical\" href=\"https:\/\/www.tdsynnex.com\/na\/ca\/dell\/fr\/enregistrement-de-loffre\/\" \/>\n<meta property=\"og:locale\" content=\"fr_FR\" \/>\n<meta property=\"og:type\" content=\"article\" \/>\n<meta property=\"og:title\" content=\"Enregistrement de l&#039;offre - Dell Canada\" \/>\n<meta property=\"og:description\" content=\"Processus d\u2019enregistrement des affaires L\u2019enregistrement des affaires est soumis par l\u2019\u00e9quipe TD SYNNEX DellLa valeur minimale est fix\u00e9e \u00e0 30\u202f000 $ CALes enregistrements sont valides pendant 90 jours et peuvent \u00eatre renouvel\u00e9s si n\u00e9cessaire Thank you for registering your Dell Deal. A member of our team will be in touch with you shortly. Contactez nousDellteam.ca@tdsynnex.com\" \/>\n<meta property=\"og:url\" content=\"https:\/\/www.tdsynnex.com\/na\/ca\/dell\/fr\/enregistrement-de-loffre\/\" \/>\n<meta property=\"og:site_name\" content=\"Dell Canada\" \/>\n<meta property=\"article:modified_time\" content=\"2025-09-22T14:57:05+00:00\" \/>\n<meta name=\"twitter:card\" content=\"summary_large_image\" \/>\n<script type=\"application\/ld+json\" class=\"yoast-schema-graph\">{\"@context\":\"https:\/\/schema.org\",\"@graph\":[{\"@type\":\"WebPage\",\"@id\":\"https:\/\/www.tdsynnex.com\/na\/ca\/dell\/fr\/enregistrement-de-loffre\/\",\"url\":\"https:\/\/www.tdsynnex.com\/na\/ca\/dell\/fr\/enregistrement-de-loffre\/\",\"name\":\"Enregistrement de l&#039;offre - Dell Canada\",\"isPartOf\":{\"@id\":\"https:\/\/www.tdsynnex.com\/na\/ca\/dell\/#website\"},\"datePublished\":\"2025-06-05T21:08:39+00:00\",\"dateModified\":\"2025-09-22T14:57:05+00:00\",\"breadcrumb\":{\"@id\":\"https:\/\/www.tdsynnex.com\/na\/ca\/dell\/fr\/enregistrement-de-loffre\/#breadcrumb\"},\"inLanguage\":\"fr-FR\",\"potentialAction\":[{\"@type\":\"ReadAction\",\"target\":[\"https:\/\/www.tdsynnex.com\/na\/ca\/dell\/fr\/enregistrement-de-loffre\/\"]}]},{\"@type\":\"BreadcrumbList\",\"@id\":\"https:\/\/www.tdsynnex.com\/na\/ca\/dell\/fr\/enregistrement-de-loffre\/#breadcrumb\",\"itemListElement\":[{\"@type\":\"ListItem\",\"position\":1,\"name\":\"Home\",\"item\":\"https:\/\/www.tdsynnex.com\/na\/ca\/dell\/fr\/\"},{\"@type\":\"ListItem\",\"position\":2,\"name\":\"Enregistrement de l&#039;offre\"}]},{\"@type\":\"WebSite\",\"@id\":\"https:\/\/www.tdsynnex.com\/na\/ca\/dell\/#website\",\"url\":\"https:\/\/www.tdsynnex.com\/na\/ca\/dell\/\",\"name\":\"Dell Canada\",\"description\":\"\",\"potentialAction\":[{\"@type\":\"SearchAction\",\"target\":{\"@type\":\"EntryPoint\",\"urlTemplate\":\"https:\/\/www.tdsynnex.com\/na\/ca\/dell\/?s={search_term_string}\"},\"query-input\":{\"@type\":\"PropertyValueSpecification\",\"valueRequired\":true,\"valueName\":\"search_term_string\"}}],\"inLanguage\":\"fr-FR\"}]}<\/script>\n<!-- \/ Yoast SEO plugin. -->","yoast_head_json":{"title":"Enregistrement de l&#039;offre - Dell Canada","robots":{"index":"index","follow":"follow","max-snippet":"max-snippet:-1","max-image-preview":"max-image-preview:large","max-video-preview":"max-video-preview:-1"},"canonical":"https:\/\/www.tdsynnex.com\/na\/ca\/dell\/fr\/enregistrement-de-loffre\/","og_locale":"fr_FR","og_type":"article","og_title":"Enregistrement de l&#039;offre - Dell Canada","og_description":"Processus d\u2019enregistrement des affaires L\u2019enregistrement des affaires est soumis par l\u2019\u00e9quipe TD SYNNEX DellLa valeur minimale est fix\u00e9e \u00e0 30\u202f000 $ CALes enregistrements sont valides pendant 90 jours et peuvent \u00eatre renouvel\u00e9s si n\u00e9cessaire Thank you for registering your Dell Deal. A member of our team will be in touch with you shortly. Contactez nousDellteam.ca@tdsynnex.com","og_url":"https:\/\/www.tdsynnex.com\/na\/ca\/dell\/fr\/enregistrement-de-loffre\/","og_site_name":"Dell Canada","article_modified_time":"2025-09-22T14:57:05+00:00","twitter_card":"summary_large_image","schema":{"@context":"https:\/\/schema.org","@graph":[{"@type":"WebPage","@id":"https:\/\/www.tdsynnex.com\/na\/ca\/dell\/fr\/enregistrement-de-loffre\/","url":"https:\/\/www.tdsynnex.com\/na\/ca\/dell\/fr\/enregistrement-de-loffre\/","name":"Enregistrement de l&#039;offre - Dell Canada","isPartOf":{"@id":"https:\/\/www.tdsynnex.com\/na\/ca\/dell\/#website"},"datePublished":"2025-06-05T21:08:39+00:00","dateModified":"2025-09-22T14:57:05+00:00","breadcrumb":{"@id":"https:\/\/www.tdsynnex.com\/na\/ca\/dell\/fr\/enregistrement-de-loffre\/#breadcrumb"},"inLanguage":"fr-FR","potentialAction":[{"@type":"ReadAction","target":["https:\/\/www.tdsynnex.com\/na\/ca\/dell\/fr\/enregistrement-de-loffre\/"]}]},{"@type":"BreadcrumbList","@id":"https:\/\/www.tdsynnex.com\/na\/ca\/dell\/fr\/enregistrement-de-loffre\/#breadcrumb","itemListElement":[{"@type":"ListItem","position":1,"name":"Home","item":"https:\/\/www.tdsynnex.com\/na\/ca\/dell\/fr\/"},{"@type":"ListItem","position":2,"name":"Enregistrement de l&#039;offre"}]},{"@type":"WebSite","@id":"https:\/\/www.tdsynnex.com\/na\/ca\/dell\/#website","url":"https:\/\/www.tdsynnex.com\/na\/ca\/dell\/","name":"Dell Canada","description":"","potentialAction":[{"@type":"SearchAction","target":{"@type":"EntryPoint","urlTemplate":"https:\/\/www.tdsynnex.com\/na\/ca\/dell\/?s={search_term_string}"},"query-input":{"@type":"PropertyValueSpecification","valueRequired":true,"valueName":"search_term_string"}}],"inLanguage":"fr-FR"}]}},"_links":{"self":[{"href":"https:\/\/www.tdsynnex.com\/na\/ca\/dell\/fr\/wp-json\/wp\/v2\/pages\/232","targetHints":{"allow":["GET"]}}],"collection":[{"href":"https:\/\/www.tdsynnex.com\/na\/ca\/dell\/fr\/wp-json\/wp\/v2\/pages"}],"about":[{"href":"https:\/\/www.tdsynnex.com\/na\/ca\/dell\/fr\/wp-json\/wp\/v2\/types\/page"}],"author":[{"embeddable":true,"href":"https:\/\/www.tdsynnex.com\/na\/ca\/dell\/fr\/wp-json\/wp\/v2\/users\/12"}],"replies":[{"embeddable":true,"href":"https:\/\/www.tdsynnex.com\/na\/ca\/dell\/fr\/wp-json\/wp\/v2\/comments?post=232"}],"version-history":[{"count":0,"href":"https:\/\/www.tdsynnex.com\/na\/ca\/dell\/fr\/wp-json\/wp\/v2\/pages\/232\/revisions"}],"wp:attachment":[{"href":"https:\/\/www.tdsynnex.com\/na\/ca\/dell\/fr\/wp-json\/wp\/v2\/media?parent=232"}],"curies":[{"name":"wp","href":"https:\/\/api.w.org\/{rel}","templated":true}]}}