{"id":238,"date":"2025-06-05T16:20:41","date_gmt":"2025-06-05T16:20:41","guid":{"rendered":"https:\/\/www.tdsynnex.com\/na\/ca\/dell\/obtenir-une-autorisation\/"},"modified":"2025-09-22T14:57:29","modified_gmt":"2025-09-22T14:57:29","slug":"obtenir-une-autorisation","status":"publish","type":"page","link":"https:\/\/www.tdsynnex.com\/na\/ca\/dell\/fr\/obtenir-une-autorisation\/","title":{"rendered":"Obtenir une autorisation"},"content":{"rendered":"<div class=\"vce-row-container\"><div class=\"vce-row vce-element--has-background vce-row--col-gap-30 hero-banner vce-row-equal-height vce-row-content--top\" data-vce-full-width=\"true\" id=\"el-f6b3593a\" data-vce-do-apply=\"all el-f6b3593a\"><div class=\"vce-content-background-container\"><div class=\"vce-asset-background-simple-container vce-visible-all-only vce-asset-background-simple--style-cover vce-asset-background-simple--position-center-center\"><div class=\"vce-asset-background-simple\">\n              <div class=\"vce-asset-background-simple-item vcv-lozad\" data-background-image=\"https:\/\/www.tdsynnex.com\/na\/ca\/dell\/wp-content\/uploads\/sites\/144\/2025\/06\/masthead.jpg\"><\/div>\n              <noscript>\n                <div class=\"vce-asset-background-simple-item\" style=\"background-image: url(https:\/\/www.tdsynnex.com\/na\/ca\/dell\/wp-content\/uploads\/sites\/144\/2025\/06\/masthead.jpg)\"><\/div>\n              <\/noscript>\n            <\/div><\/div><\/div><div class=\"vce-row-content\" data-vce-element-content=\"true\"><div class=\"vce-col vce-col--md-auto vce-col--xs-1 vce-col--xs-last vce-col--xs-first vce-col--sm-last vce-col--sm-first vce-col--md-last vce-col--lg-last vce-col--xl-last vce-col--md-first vce-col--lg-first vce-col--xl-first\" id=\"el-a0895dca\"><div class=\"vce-col-inner\" data-vce-do-apply=\"border margin background  el-a0895dca\"><div class=\"vce-col-content\" data-vce-element-content=\"true\" data-vce-do-apply=\"padding el-a0895dca\"><div class=\"vce-single-image-container vce-single-image--align-left\"><div class=\"vce vce-single-image-wrapper\" id=\"el-51f1f89c\" data-vce-do-apply=\"all el-51f1f89c\"><figure><div class=\"vce-single-image-figure-inner\"><div class=\"vce-single-image-inner vce-single-image--absolute\" style=\"width: 100%;\"><\/div><\/div><figcaption hidden=\"\"><\/figcaption><\/figure><\/div><\/div><\/div><\/div><\/div><\/div><\/div><\/div><div class=\"vce-row-container\"><div class=\"vce-row vce-row--col-gap-30 vce-row-equal-height vce-row-content--top\" data-vce-full-width=\"true\" data-vce-stretch-content=\"true\" id=\"el-dd0d4625\" data-vce-do-apply=\"all el-dd0d4625\"><div class=\"vce-content-background-container\"><\/div><div class=\"vce-row-content\" data-vce-element-content=\"true\"><div class=\"vce-col vce-col--md-auto vce-col--xs-1 vce-col--xs-last vce-col--xs-first vce-col--sm-last vce-col--sm-first vce-col--md-last vce-col--lg-last vce-col--xl-last vce-col--md-first vce-col--lg-first vce-col--xl-first secondary-menu\" id=\"el-d91cf43c\"><div class=\"vce-col-inner\" data-vce-do-apply=\"border margin background  el-d91cf43c\"><div class=\"vce-col-content\" data-vce-element-content=\"true\" data-vce-do-apply=\"padding el-d91cf43c\"><div class=\"vce-shortcode sub-menu\"><div class=\"vce-shortcode-wrapper vce\" id=\"el-4eedafe7\" data-vce-do-apply=\"all el-4eedafe7\"><div class=\"tds-subsite-header sticky-top\">\n    <nav id=\"tds-subsite-menu\" class=\"navbar navbar-expand-lg\">\n    <div class=\"container\"><a href=\"https:\/\/www.tdsynnex.com\/na\/ca\/dell\" class=\"navbar-brand\">Dell Canada<\/a>        <button class=\"navbar-toggler custom-toggler\" type=\"button\" data-toggle=\"collapse\" data-target=\"#tds-subsite-collapse\" aria-expanded=\"false\" aria-label=\"Toggle navigation\">\n            <span class=\"navbar-toggler-icon\"><\/span>\n        <\/button>\n<div id=\"tds-subsite-collapse\" class=\"navbar-collapse collapse\"><ul class=\"navbar-nav\"><li class=\"nav-item dropdown\" aria-expanded=\"false\"><a class=\"nav-link dropdown-toggle\" href=\"#\" target=\"\"   aria-haspopup=\"true\" aria-expanded=\"false\">Promotions<\/a><ul class=\"dropdown-menu\" style=\"margin-top: 0px;\"><li><a class=\"dropdown-item\" href=\"https:\/\/www.tdsynnex.com\/na\/ca\/dell\/bid-grid\/\" target=\"\" >Bid Grid<\/a><\/li><li><a class=\"dropdown-item\" href=\"https:\/\/www.tdsynnex.com\/na\/ca\/dell\/deal-registration\/\" target=\"\" >Deal Registration<\/a><\/li><li><a class=\"dropdown-item\" href=\"https:\/\/www.tdsynnex.com\/na\/ca\/dell\/demo\/\" target=\"\" >Demo Program<\/a><\/li><\/ul><\/li><li class=\"nav-item dropdown\" aria-expanded=\"false\"><a class=\"nav-link dropdown-toggle\" href=\"#\" target=\"\"   aria-haspopup=\"true\" aria-expanded=\"false\">Resources<\/a><ul class=\"dropdown-menu\" style=\"margin-top: 0px;\"><li><a class=\"dropdown-item\" href=\"https:\/\/www.tdsynnex.com\/na\/ca\/dell\/daily-mailer\/\" target=\"\" >Daily Mailer<\/a><\/li><li><a class=\"dropdown-item\" href=\"https:\/\/www.tdsynnex.com\/na\/ca\/dell\/dell-isg-podcast-series\/\" target=\"\" >Dell ISG Podcast Series<\/a><\/li><li><a class=\"dropdown-item\" href=\"https:\/\/www.tdsynnex.com\/na\/ca\/dell\/get-authori-zed\/\" target=\"\" >Get Authorized<\/a><\/li><li><a class=\"dropdown-item\" href=\"https:\/\/ec.synnex.ca\/ecx\/login.html\" target=\"_blank\" >Shop Online<\/a><\/li><li><a class=\"dropdown-item\" href=\"https:\/\/www.tdsynnex.com\/na\/ca\/dell\/spl\/\" target=\"\" >Standard Price List (SPL)<\/a><\/li><\/ul><\/li><li class=\"nav-item dropdown\" aria-expanded=\"false\"><a class=\"nav-link dropdown-toggle\" href=\"#\" target=\"\"   aria-haspopup=\"true\" aria-expanded=\"false\">Solutions<\/a><ul class=\"dropdown-menu\" style=\"margin-top: 0px;\"><li><a class=\"dropdown-item\" href=\"https:\/\/www.tdsynnex.com\/na\/ca\/dell\/windows-11\/\" target=\"\" >Windows 11<\/a><\/li><\/ul><\/li><li class=\"nav-item dropdown\" aria-expanded=\"false\"><a class=\"nav-link dropdown-toggle\" href=\"https:\/\/www.tdsynnex.com\/na\/ca\/dell\/contact-us\/\" target=\"\"   aria-haspopup=\"true\" aria-expanded=\"false\">Contact Us<\/a><ul class=\"dropdown-menu\" style=\"margin-top: 0px;\"><\/ul><\/li><\/ul><\/div><\/div><\/nav><\/div><\/div><\/div><\/div><\/div><\/div><\/div><\/div><\/div><div class=\"vce-row-container\" data-vce-boxed-width=\"true\"><div class=\"vce-row vce-row--has-col-background vce-row--col-gap-30 sec-pad rev-row vce-row-equal-height vce-row-content--middle\" id=\"el-1f97b49f\" data-vce-do-apply=\"all el-1f97b49f\"><div class=\"vce-content-background-container\"><\/div><div class=\"vce-row-content\" data-vce-element-content=\"true\"><div class=\"vce-col vce-col--md-50p vce-col--xs-1 vce-col--xs-last vce-col--xs-first vce-col--sm-last vce-col--sm-first vce-col--md-first vce-col--lg-first vce-col--xl-first\" id=\"el-9b79760e\"><div class=\"vce-col-inner\" data-vce-do-apply=\"border margin background  el-9b79760e\"><div class=\"vce-content-background-container\"><\/div><div class=\"vce-col-content\" data-vce-element-content=\"true\" data-vce-do-apply=\"padding el-9b79760e\"><div class=\"vce-text-block\"><div class=\"vce-text-block-wrapper vce\" id=\"el-33918b68\" data-vce-do-apply=\"all el-33918b68\"><h1 class=\"h1t tm\">Pourquoi se faire agr\u00e9er&nbsp;?<\/h1>\n<p class=\"h6t\">Avantages de l\u2019agr\u00e9ment<\/p>\n<ul>\n<li>Exigence du Dr<\/li>\n<li>Vendre du stockage de serveurs<\/li>\n<li>N\u00e9cessaire pour faire du CTO<\/li>\n<li>Possibilit\u00e9 de monter en gamme et de gagner des remises plus importantes<\/li>\n<\/ul>\n<\/div><\/div><\/div><\/div><\/div><div class=\"vce-col vce-element--has-background vce-col--md-50p vce-col--xs-1 vce-col--xs-last vce-col--xs-first vce-col--sm-last vce-col--sm-first vce-col--md-last vce-col--lg-last vce-col--xl-last sec-img\" id=\"el-31268664\"><div class=\"vce-col-inner\" data-vce-do-apply=\"border margin background  el-31268664\"><div class=\"vce-content-background-container\"><div class=\"vce-asset-background-simple-container vce-visible-all-only vce-asset-background-simple--style-cover vce-asset-background-simple--position-center-center\"><div class=\"vce-asset-background-simple\">\n              <div class=\"vce-asset-background-simple-item vcv-lozad\" data-background-image=\"https:\/\/www.tdsynnex.com\/na\/ca\/dell\/wp-content\/uploads\/sites\/144\/2025\/06\/2-Column-Image-1.jpg\"><\/div>\n              <noscript>\n                <div class=\"vce-asset-background-simple-item\" style=\"background-image: url(https:\/\/www.tdsynnex.com\/na\/ca\/dell\/wp-content\/uploads\/sites\/144\/2025\/06\/2-Column-Image-1.jpg)\"><\/div>\n              <\/noscript>\n            <\/div><\/div><\/div><div class=\"vce-col-content\" data-vce-element-content=\"true\" data-vce-do-apply=\"padding el-31268664\"><div class=\"vcv-row-control-wrapper\"><\/div><\/div><\/div><\/div><\/div><\/div><\/div><div class=\"vce-row-container\"><div class=\"vce-row vce-row--col-gap-30 sec-pad bkg-accent-1 vce-row-equal-height vce-row-content--top\" data-vce-full-width=\"true\" id=\"el-ae9a9a52\" data-vce-do-apply=\"all el-ae9a9a52\"><div class=\"vce-row-content\" data-vce-element-content=\"true\"><div class=\"vce-col vce-col--md-auto vce-col--xs-1 vce-col--xs-last vce-col--xs-first vce-col--sm-last vce-col--sm-first vce-col--md-last vce-col--lg-last vce-col--xl-last vce-col--md-first vce-col--lg-first vce-col--xl-first\" id=\"el-ec982c6c\"><div class=\"vce-col-inner\" data-vce-do-apply=\"border margin background  el-ec982c6c\"><div class=\"vce-col-content\" data-vce-element-content=\"true\" data-vce-do-apply=\"padding el-ec982c6c\"><div class=\"vce-text-block\"><div class=\"vce-text-block-wrapper vce\" id=\"el-590dff85\" data-vce-do-apply=\"all el-590dff85\"><h2 class=\"h1t tm\">S\u2019inscrire en tant que partenaire Dell<\/h2>\n<p class=\"h6t\">Cliquez sur le lien ci-dessous pour commencer votre inscription aupr\u00e8s de Dell en tant que partenaire.<\/p>\n<p>Lorsque l\u2019on vous demande votre distributeur commanditaire, indiquez TD SYNNEX Canada.<\/p>\n<\/div><\/div><div class=\"vce-button--style-outline-container btn-font vce-button--style-outline-container--align-left\"><span class=\"vce-button--style-outline-wrapper vce\" id=\"el-7d54409e\" data-vce-do-apply=\"margin el-7d54409e\"><a class=\"vce-button vce-button--style-outline-animated vce-button--style-outline--border-square vce-button--style-outline--size-medium vce-button--style-outline-animated--color-b-7-86-151--b-255-255-255--3d3d3d vce-button--style-outline-animated--border-color-b-7-86-151--3d3d3d vce-button--style-outline-animated--background-color-b-7-86-151\" href=\"https:\/\/www.delltechnologies.com\/partner\/en-ca\/partner\/partner.htm\" title=\"\" target=\"_blank\" data-vce-do-apply=\"padding border background  el-7d54409e\"><span class=\"vce-button--style-outline-text\">Inscrivez-vous d\u00e8s aujourd'hui<\/span><\/a><\/span><\/div><div class=\"vce-text-block\"><div class=\"vce-text-block-wrapper vce\" id=\"el-d41671cb\" data-vce-do-apply=\"all el-d41671cb\"><p>Une fois l\u2019inscription termin\u00e9e, Dell partagera votre num\u00e9ro d\u2019affiliation Dell et confirmera l\u2019agr\u00e9ment.<\/p><p>En g\u00e9n\u00e9ral, l\u2019inscription du partenaire prend de 2 \u00e0 3&nbsp;jours ouvrables \u00e0 compter de la fin du processus Dell<\/p><\/div><\/div><\/div><\/div><\/div><\/div><\/div><\/div><div class=\"vce-row-container\"><div class=\"vce-row vce-row--col-gap-30 bkg-accent-2 sec-pad center-mobile rev-row vce-row-equal-height vce-row-content--middle\" data-vce-full-width=\"true\" id=\"el-65766bc7\" data-vce-do-apply=\"all el-65766bc7\"><div class=\"vce-row-content\" data-vce-element-content=\"true\"><div class=\"vce-col vce-col--md-70p vce-col--xs-1 vce-col--xs-last vce-col--xs-first vce-col--sm-last vce-col--sm-first vce-col--md-first vce-col--lg-first vce-col--xl-first inline tm-mobile block-mobile\" id=\"el-c27f1d4c\"><div class=\"vce-col-inner\" data-vce-do-apply=\"border margin background  el-c27f1d4c\"><div class=\"vce-col-content\" data-vce-element-content=\"true\" data-vce-do-apply=\"padding el-c27f1d4c\"><div class=\"vce-single-image-container vce-single-image--align-left\"><div class=\"vce vce-single-image-wrapper\" id=\"el-11f65357\" data-vce-do-apply=\"all el-11f65357\"><figure><div class=\"vce-single-image-figure-inner\" style=\"width: 130px;\"><div class=\"vce-single-image-inner vce-single-image--absolute\" style=\"width: 100%; padding-bottom: 39.2308%;\"><img loading=\"lazy\" decoding=\"async\" class=\"vce-single-image\"  width=\"130\" height=\"51\" src=\"https:\/\/www.tdsynnex.com\/na\/ca\/dell\/wp-content\/uploads\/sites\/144\/2025\/06\/log-intel-130x51-1.png\" data-img-src=\"https:\/\/www.tdsynnex.com\/na\/ca\/dell\/wp-content\/uploads\/sites\/144\/2025\/06\/log-intel-130x51-1.png\" data-attachment-id=\"67\"  alt=\"Intel Logo\" title=\"log-intel-130x51\" \/><\/div><\/div><figcaption hidden=\"\"><\/figcaption><\/figure><\/div><\/div><div class=\"vce-single-image-container vce-single-image--align-left\"><div class=\"vce vce-single-image-wrapper\" id=\"el-a675582c\" data-vce-do-apply=\"all el-a675582c\"><figure><div class=\"vce-single-image-figure-inner\" style=\"width: 174px;\"><div class=\"vce-single-image-inner vce-single-image--absolute\" style=\"width: 100%; padding-bottom: 29.3103%;\"><img loading=\"lazy\" decoding=\"async\" class=\"vce-single-image\"  width=\"174\" height=\"51\" src=\"https:\/\/www.tdsynnex.com\/na\/ca\/dell\/wp-content\/uploads\/sites\/144\/2025\/06\/logo-dell-174x51-1-174x51-1.png\" data-img-src=\"https:\/\/www.tdsynnex.com\/na\/ca\/dell\/wp-content\/uploads\/sites\/144\/2025\/06\/logo-dell-174x51-1-174x51-1.png\" data-attachment-id=\"65\"  alt=\"Dell Logo\" title=\"logo-dell-174x51-1-174x51\" \/><\/div><\/div><figcaption hidden=\"\"><\/figcaption><\/figure><\/div><\/div><div class=\"vce-single-image-container vce-single-image--align-left\"><div class=\"vce vce-single-image-wrapper\" id=\"el-a4d7c342\" data-vce-do-apply=\"all el-a4d7c342\"><figure><div class=\"vce-single-image-figure-inner\" style=\"width: 268px;\"><div class=\"vce-single-image-inner vce-single-image--absolute\" style=\"width: 100%; padding-bottom: 19.0299%;\"><img loading=\"lazy\" decoding=\"async\" class=\"vce-single-image\"  width=\"268\" height=\"51\" src=\"https:\/\/www.tdsynnex.com\/na\/ca\/dell\/wp-content\/uploads\/sites\/144\/2025\/06\/logo-win11-268x51-1.png\" data-img-src=\"https:\/\/www.tdsynnex.com\/na\/ca\/dell\/wp-content\/uploads\/sites\/144\/2025\/06\/logo-win11-268x51-1.png\" data-attachment-id=\"66\"  alt=\"Windows 11 Logo\" title=\"logo-win11-268x51\" \/><\/div><\/div><figcaption hidden=\"\"><\/figcaption><\/figure><\/div><\/div><\/div><\/div><\/div><div class=\"vce-col vce-col--md-30p vce-col--xs-1 vce-col--xs-last vce-col--xs-first vce-col--sm-last vce-col--sm-first vce-col--md-last vce-col--lg-last vce-col--xl-last\" id=\"el-a862c9b4\"><div class=\"vce-col-inner\" data-vce-do-apply=\"border margin background  el-a862c9b4\"><div class=\"vce-content-background-container\"><\/div><div class=\"vce-col-content\" data-vce-element-content=\"true\" data-vce-do-apply=\"padding el-a862c9b4\"><div class=\"vce-text-block center-mobile\"><div class=\"vce-text-block-wrapper vce\" id=\"el-201a34c1\" data-vce-do-apply=\"all el-201a34c1\"><h2 class=\"h2t light\">Contactez nous<\/h2><p class=\"light\"><a class=\"light\" href=\"mailto:Dellteam.ca@tdsynnex.com\">Dellteam.ca@tdsynnex.com<\/a><\/p><\/div><\/div><\/div><\/div><\/div><\/div><\/div><\/div>","protected":false},"excerpt":{"rendered":"Pourquoi se faire agr\u00e9er&nbsp;? Avantages de l\u2019agr\u00e9ment Exigence du Dr Vendre du stockage de serveurs N\u00e9cessaire pour faire du CTO Possibilit\u00e9 de monter en gamme et de gagner des remises plus importantes S\u2019inscrire en tant que partenaire Dell Cliquez sur le lien ci-dessous pour commencer votre inscription aupr\u00e8s de Dell en tant que partenaire. Lorsque [&hellip;]","protected":false},"author":12,"featured_media":0,"parent":0,"menu_order":0,"comment_status":"closed","ping_status":"closed","template":"","meta":{"footnotes":""},"class_list":["post-238","page","type-page","status-publish","hentry"],"yoast_head":"<!-- This site is optimized with the Yoast SEO plugin v26.1.1 - https:\/\/yoast.com\/wordpress\/plugins\/seo\/ -->\n<title>Obtenir une autorisation - Dell Canada<\/title>\n<meta name=\"robots\" content=\"index, follow, max-snippet:-1, max-image-preview:large, max-video-preview:-1\" \/>\n<link rel=\"canonical\" href=\"https:\/\/www.tdsynnex.com\/na\/ca\/dell\/fr\/obtenir-une-autorisation\/\" \/>\n<meta property=\"og:locale\" content=\"fr_FR\" \/>\n<meta property=\"og:type\" content=\"article\" \/>\n<meta property=\"og:title\" content=\"Obtenir une autorisation - Dell Canada\" \/>\n<meta property=\"og:description\" content=\"Pourquoi se faire agr\u00e9er&nbsp;? Avantages de l\u2019agr\u00e9ment Exigence du Dr Vendre du stockage de serveurs N\u00e9cessaire pour faire du CTO Possibilit\u00e9 de monter en gamme et de gagner des remises plus importantes S\u2019inscrire en tant que partenaire Dell Cliquez sur le lien ci-dessous pour commencer votre inscription aupr\u00e8s de Dell en tant que partenaire. Lorsque [&hellip;]\" \/>\n<meta property=\"og:url\" content=\"https:\/\/www.tdsynnex.com\/na\/ca\/dell\/fr\/obtenir-une-autorisation\/\" \/>\n<meta property=\"og:site_name\" content=\"Dell Canada\" \/>\n<meta property=\"article:modified_time\" content=\"2025-09-22T14:57:29+00:00\" \/>\n<meta name=\"twitter:card\" content=\"summary_large_image\" \/>\n<meta name=\"twitter:label1\" content=\"Dur\u00e9e de lecture estim\u00e9e\" \/>\n\t<meta name=\"twitter:data1\" content=\"1 minute\" \/>\n<script type=\"application\/ld+json\" class=\"yoast-schema-graph\">{\"@context\":\"https:\/\/schema.org\",\"@graph\":[{\"@type\":\"WebPage\",\"@id\":\"https:\/\/www.tdsynnex.com\/na\/ca\/dell\/fr\/obtenir-une-autorisation\/\",\"url\":\"https:\/\/www.tdsynnex.com\/na\/ca\/dell\/fr\/obtenir-une-autorisation\/\",\"name\":\"Obtenir une autorisation - Dell Canada\",\"isPartOf\":{\"@id\":\"https:\/\/www.tdsynnex.com\/na\/ca\/dell\/#website\"},\"datePublished\":\"2025-06-05T16:20:41+00:00\",\"dateModified\":\"2025-09-22T14:57:29+00:00\",\"breadcrumb\":{\"@id\":\"https:\/\/www.tdsynnex.com\/na\/ca\/dell\/fr\/obtenir-une-autorisation\/#breadcrumb\"},\"inLanguage\":\"fr-FR\",\"potentialAction\":[{\"@type\":\"ReadAction\",\"target\":[\"https:\/\/www.tdsynnex.com\/na\/ca\/dell\/fr\/obtenir-une-autorisation\/\"]}]},{\"@type\":\"BreadcrumbList\",\"@id\":\"https:\/\/www.tdsynnex.com\/na\/ca\/dell\/fr\/obtenir-une-autorisation\/#breadcrumb\",\"itemListElement\":[{\"@type\":\"ListItem\",\"position\":1,\"name\":\"Home\",\"item\":\"https:\/\/www.tdsynnex.com\/na\/ca\/dell\/fr\/\"},{\"@type\":\"ListItem\",\"position\":2,\"name\":\"Obtenir une autorisation\"}]},{\"@type\":\"WebSite\",\"@id\":\"https:\/\/www.tdsynnex.com\/na\/ca\/dell\/#website\",\"url\":\"https:\/\/www.tdsynnex.com\/na\/ca\/dell\/\",\"name\":\"Dell Canada\",\"description\":\"\",\"potentialAction\":[{\"@type\":\"SearchAction\",\"target\":{\"@type\":\"EntryPoint\",\"urlTemplate\":\"https:\/\/www.tdsynnex.com\/na\/ca\/dell\/?s={search_term_string}\"},\"query-input\":{\"@type\":\"PropertyValueSpecification\",\"valueRequired\":true,\"valueName\":\"search_term_string\"}}],\"inLanguage\":\"fr-FR\"}]}<\/script>\n<!-- \/ Yoast SEO plugin. -->","yoast_head_json":{"title":"Obtenir une autorisation - Dell Canada","robots":{"index":"index","follow":"follow","max-snippet":"max-snippet:-1","max-image-preview":"max-image-preview:large","max-video-preview":"max-video-preview:-1"},"canonical":"https:\/\/www.tdsynnex.com\/na\/ca\/dell\/fr\/obtenir-une-autorisation\/","og_locale":"fr_FR","og_type":"article","og_title":"Obtenir une autorisation - Dell Canada","og_description":"Pourquoi se faire agr\u00e9er&nbsp;? Avantages de l\u2019agr\u00e9ment Exigence du Dr Vendre du stockage de serveurs N\u00e9cessaire pour faire du CTO Possibilit\u00e9 de monter en gamme et de gagner des remises plus importantes S\u2019inscrire en tant que partenaire Dell Cliquez sur le lien ci-dessous pour commencer votre inscription aupr\u00e8s de Dell en tant que partenaire. Lorsque [&hellip;]","og_url":"https:\/\/www.tdsynnex.com\/na\/ca\/dell\/fr\/obtenir-une-autorisation\/","og_site_name":"Dell Canada","article_modified_time":"2025-09-22T14:57:29+00:00","twitter_card":"summary_large_image","twitter_misc":{"Dur\u00e9e de lecture estim\u00e9e":"1 minute"},"schema":{"@context":"https:\/\/schema.org","@graph":[{"@type":"WebPage","@id":"https:\/\/www.tdsynnex.com\/na\/ca\/dell\/fr\/obtenir-une-autorisation\/","url":"https:\/\/www.tdsynnex.com\/na\/ca\/dell\/fr\/obtenir-une-autorisation\/","name":"Obtenir une autorisation - Dell Canada","isPartOf":{"@id":"https:\/\/www.tdsynnex.com\/na\/ca\/dell\/#website"},"datePublished":"2025-06-05T16:20:41+00:00","dateModified":"2025-09-22T14:57:29+00:00","breadcrumb":{"@id":"https:\/\/www.tdsynnex.com\/na\/ca\/dell\/fr\/obtenir-une-autorisation\/#breadcrumb"},"inLanguage":"fr-FR","potentialAction":[{"@type":"ReadAction","target":["https:\/\/www.tdsynnex.com\/na\/ca\/dell\/fr\/obtenir-une-autorisation\/"]}]},{"@type":"BreadcrumbList","@id":"https:\/\/www.tdsynnex.com\/na\/ca\/dell\/fr\/obtenir-une-autorisation\/#breadcrumb","itemListElement":[{"@type":"ListItem","position":1,"name":"Home","item":"https:\/\/www.tdsynnex.com\/na\/ca\/dell\/fr\/"},{"@type":"ListItem","position":2,"name":"Obtenir une autorisation"}]},{"@type":"WebSite","@id":"https:\/\/www.tdsynnex.com\/na\/ca\/dell\/#website","url":"https:\/\/www.tdsynnex.com\/na\/ca\/dell\/","name":"Dell Canada","description":"","potentialAction":[{"@type":"SearchAction","target":{"@type":"EntryPoint","urlTemplate":"https:\/\/www.tdsynnex.com\/na\/ca\/dell\/?s={search_term_string}"},"query-input":{"@type":"PropertyValueSpecification","valueRequired":true,"valueName":"search_term_string"}}],"inLanguage":"fr-FR"}]}},"_links":{"self":[{"href":"https:\/\/www.tdsynnex.com\/na\/ca\/dell\/fr\/wp-json\/wp\/v2\/pages\/238","targetHints":{"allow":["GET"]}}],"collection":[{"href":"https:\/\/www.tdsynnex.com\/na\/ca\/dell\/fr\/wp-json\/wp\/v2\/pages"}],"about":[{"href":"https:\/\/www.tdsynnex.com\/na\/ca\/dell\/fr\/wp-json\/wp\/v2\/types\/page"}],"author":[{"embeddable":true,"href":"https:\/\/www.tdsynnex.com\/na\/ca\/dell\/fr\/wp-json\/wp\/v2\/users\/12"}],"replies":[{"embeddable":true,"href":"https:\/\/www.tdsynnex.com\/na\/ca\/dell\/fr\/wp-json\/wp\/v2\/comments?post=238"}],"version-history":[{"count":0,"href":"https:\/\/www.tdsynnex.com\/na\/ca\/dell\/fr\/wp-json\/wp\/v2\/pages\/238\/revisions"}],"wp:attachment":[{"href":"https:\/\/www.tdsynnex.com\/na\/ca\/dell\/fr\/wp-json\/wp\/v2\/media?parent=238"}],"curies":[{"name":"wp","href":"https:\/\/api.w.org\/{rel}","templated":true}]}}