{"id":239,"date":"2025-06-05T16:27:34","date_gmt":"2025-06-05T16:27:34","guid":{"rendered":"https:\/\/www.tdsynnex.com\/na\/ca\/dell\/liste-de-prix-standard\/"},"modified":"2025-09-22T14:57:45","modified_gmt":"2025-09-22T14:57:45","slug":"liste-de-prix-standard","status":"publish","type":"page","link":"https:\/\/www.tdsynnex.com\/na\/ca\/dell\/fr\/liste-de-prix-standard\/","title":{"rendered":"Liste de prix standard"},"content":{"rendered":"<div class=\"vce-row-container\"><div class=\"vce-row vce-element--has-background vce-row--col-gap-30 hero-banner vce-row-equal-height vce-row-content--top\" data-vce-full-width=\"true\" id=\"el-2ccf3f76\" data-vce-do-apply=\"all el-2ccf3f76\"><div class=\"vce-content-background-container\"><div class=\"vce-asset-background-simple-container vce-visible-all-only vce-asset-background-simple--style-cover vce-asset-background-simple--position-center-center\"><div class=\"vce-asset-background-simple\">\n              <div class=\"vce-asset-background-simple-item vcv-lozad\" data-background-image=\"https:\/\/www.tdsynnex.com\/na\/ca\/dell\/wp-content\/uploads\/sites\/144\/2025\/06\/masthead.jpg\"><\/div>\n              <noscript>\n                <div class=\"vce-asset-background-simple-item\" style=\"background-image: url(https:\/\/www.tdsynnex.com\/na\/ca\/dell\/wp-content\/uploads\/sites\/144\/2025\/06\/masthead.jpg)\"><\/div>\n              <\/noscript>\n            <\/div><\/div><\/div><div class=\"vce-row-content\" data-vce-element-content=\"true\"><div class=\"vce-col vce-col--md-auto vce-col--xs-1 vce-col--xs-last vce-col--xs-first vce-col--sm-last vce-col--sm-first vce-col--md-last vce-col--lg-last vce-col--xl-last vce-col--md-first vce-col--lg-first vce-col--xl-first\" id=\"el-ea591782\"><div class=\"vce-col-inner\" data-vce-do-apply=\"border margin background  el-ea591782\"><div class=\"vce-col-content\" data-vce-element-content=\"true\" data-vce-do-apply=\"padding el-ea591782\"><div class=\"vce-single-image-container vce-single-image--align-left\"><div class=\"vce vce-single-image-wrapper\" id=\"el-24753ca6\" data-vce-do-apply=\"all el-24753ca6\"><figure><div class=\"vce-single-image-figure-inner\"><div class=\"vce-single-image-inner vce-single-image--absolute\" style=\"width: 100%;\"><\/div><\/div><figcaption hidden=\"\"><\/figcaption><\/figure><\/div><\/div><\/div><\/div><\/div><\/div><\/div><\/div><div class=\"vce-row-container\"><div class=\"vce-row vce-row--col-gap-30 vce-row-equal-height vce-row-content--top\" data-vce-full-width=\"true\" data-vce-stretch-content=\"true\" id=\"el-d048716f\" data-vce-do-apply=\"all el-d048716f\"><div class=\"vce-content-background-container\"><\/div><div class=\"vce-row-content\" data-vce-element-content=\"true\"><div class=\"vce-col vce-col--md-auto vce-col--xs-1 vce-col--xs-last vce-col--xs-first vce-col--sm-last vce-col--sm-first vce-col--md-last vce-col--lg-last vce-col--xl-last vce-col--md-first vce-col--lg-first vce-col--xl-first secondary-menu\" id=\"el-9a984fff\"><div class=\"vce-col-inner\" data-vce-do-apply=\"border margin background  el-9a984fff\"><div class=\"vce-col-content\" data-vce-element-content=\"true\" data-vce-do-apply=\"padding el-9a984fff\"><div class=\"vce-shortcode sub-menu\"><div class=\"vce-shortcode-wrapper vce\" id=\"el-7cceb707\" data-vce-do-apply=\"all el-7cceb707\"><div class=\"tds-subsite-header sticky-top\">\n    <nav id=\"tds-subsite-menu\" class=\"navbar navbar-expand-lg\">\n    <div class=\"container\"><a href=\"https:\/\/www.tdsynnex.com\/na\/ca\/dell\" class=\"navbar-brand\">Dell Canada<\/a>        <button class=\"navbar-toggler custom-toggler\" type=\"button\" data-toggle=\"collapse\" data-target=\"#tds-subsite-collapse\" aria-expanded=\"false\" aria-label=\"Toggle navigation\">\n            <span class=\"navbar-toggler-icon\"><\/span>\n        <\/button>\n<div id=\"tds-subsite-collapse\" class=\"navbar-collapse collapse\"><ul class=\"navbar-nav\"><li class=\"nav-item dropdown\" aria-expanded=\"false\"><a class=\"nav-link dropdown-toggle\" href=\"#\" target=\"\"   aria-haspopup=\"true\" aria-expanded=\"false\">Promotions<\/a><ul class=\"dropdown-menu\" style=\"margin-top: 0px;\"><li><a class=\"dropdown-item\" href=\"https:\/\/www.tdsynnex.com\/na\/ca\/dell\/bid-grid\/\" target=\"\" >Bid Grid<\/a><\/li><li><a class=\"dropdown-item\" href=\"https:\/\/www.tdsynnex.com\/na\/ca\/dell\/deal-registration\/\" target=\"\" >Deal Registration<\/a><\/li><li><a class=\"dropdown-item\" href=\"https:\/\/www.tdsynnex.com\/na\/ca\/dell\/demo\/\" target=\"\" >Demo Program<\/a><\/li><\/ul><\/li><li class=\"nav-item dropdown\" aria-expanded=\"false\"><a class=\"nav-link dropdown-toggle\" href=\"#\" target=\"\"   aria-haspopup=\"true\" aria-expanded=\"false\">Resources<\/a><ul class=\"dropdown-menu\" style=\"margin-top: 0px;\"><li><a class=\"dropdown-item\" href=\"https:\/\/www.tdsynnex.com\/na\/ca\/dell\/daily-mailer\/\" target=\"\" >Daily Mailer<\/a><\/li><li><a class=\"dropdown-item\" href=\"https:\/\/www.tdsynnex.com\/na\/ca\/dell\/dell-isg-podcast-series\/\" target=\"\" >Dell ISG Podcast Series<\/a><\/li><li><a class=\"dropdown-item\" href=\"https:\/\/www.tdsynnex.com\/na\/ca\/dell\/get-authori-zed\/\" target=\"\" >Get Authorized<\/a><\/li><li><a class=\"dropdown-item\" href=\"https:\/\/ec.synnex.ca\/ecx\/login.html\" target=\"_blank\" >Shop Online<\/a><\/li><li><a class=\"dropdown-item\" href=\"https:\/\/www.tdsynnex.com\/na\/ca\/dell\/spl\/\" target=\"\" >Standard Price List (SPL)<\/a><\/li><\/ul><\/li><li class=\"nav-item dropdown\" aria-expanded=\"false\"><a class=\"nav-link dropdown-toggle\" href=\"#\" target=\"\"   aria-haspopup=\"true\" aria-expanded=\"false\">Solutions<\/a><ul class=\"dropdown-menu\" style=\"margin-top: 0px;\"><li><a class=\"dropdown-item\" href=\"https:\/\/www.tdsynnex.com\/na\/ca\/dell\/windows-11\/\" target=\"\" >Windows 11<\/a><\/li><\/ul><\/li><li class=\"nav-item dropdown\" aria-expanded=\"false\"><a class=\"nav-link dropdown-toggle\" href=\"https:\/\/www.tdsynnex.com\/na\/ca\/dell\/contact-us\/\" target=\"\"   aria-haspopup=\"true\" aria-expanded=\"false\">Contact Us<\/a><ul class=\"dropdown-menu\" style=\"margin-top: 0px;\"><\/ul><\/li><\/ul><\/div><\/div><\/nav><\/div><\/div><\/div><\/div><\/div><\/div><\/div><\/div><\/div><div class=\"vce-row-container\" data-vce-boxed-width=\"true\"><div class=\"vce-row vce-row--col-gap-30 sec-pad vce-row-equal-height vce-row-content--top\" id=\"el-778f67b9\" data-vce-do-apply=\"all el-778f67b9\"><div class=\"vce-content-background-container\"><\/div><div class=\"vce-row-content\" data-vce-element-content=\"true\"><div class=\"vce-col vce-col--md-auto vce-col--xs-1 vce-col--xs-last vce-col--xs-first vce-col--sm-last vce-col--sm-first vce-col--md-last vce-col--lg-last vce-col--xl-last vce-col--md-first vce-col--lg-first vce-col--xl-first\" id=\"el-83eb0426\"><div class=\"vce-col-inner\" data-vce-do-apply=\"border margin background  el-83eb0426\"><div class=\"vce-col-content\" data-vce-element-content=\"true\" data-vce-do-apply=\"padding el-83eb0426\"><div class=\"vce-text-block\"><div class=\"vce-text-block-wrapper vce\" id=\"el-5484a68d\" data-vce-do-apply=\"all el-5484a68d\"><h1 class=\"h1t tm\">Avantages de la LPS (liste de prix standard)<\/h1>\n<ul>\n<li>Recherchez n\u2019importe quel num\u00e9ro de fabricant Dell<\/li>\n<li>Affiche les sp\u00e9cifications d\u00e9taill\u00e9es<\/li>\n<li>Affiche la garantie<\/li>\n<li>Pays d\u2019origine<\/li>\n<li>Produits associ\u00e9s<\/li>\n<\/ul>\n<\/div><\/div><\/div><\/div><\/div><\/div><\/div><\/div><div class=\"vce-row-container\"><div class=\"vce-row vce-row--has-col-background vce-row--col-gap-30 sec-pad rev-row bkg-accent-1 vce-row-equal-height vce-row-content--middle\" data-vce-full-width=\"true\" id=\"el-9d11854e\" data-vce-do-apply=\"all el-9d11854e\"><div class=\"vce-content-background-container\"><\/div><div class=\"vce-row-content\" data-vce-element-content=\"true\"><div class=\"vce-col vce-col--md-50p vce-col--xs-1 vce-col--xs-last vce-col--xs-first vce-col--sm-last vce-col--sm-first vce-col--md-first vce-col--lg-first vce-col--xl-first\" id=\"el-8603a39e\"><div class=\"vce-col-inner\" data-vce-do-apply=\"border margin background  el-8603a39e\"><div class=\"vce-content-background-container\"><\/div><div class=\"vce-col-content\" data-vce-element-content=\"true\" data-vce-do-apply=\"padding el-8603a39e\"><div class=\"vce-text-block\"><div class=\"vce-text-block-wrapper vce\" id=\"el-eef021de\" data-vce-do-apply=\"all el-eef021de\"><h2 class=\"h1t tm\">LPS Dell<\/h2><ul><li>Acc\u00e8s aux produits Dell disponibles par l\u2019interm\u00e9diaire de TD SYNNEX<\/li><li>Sp\u00e9cifications et configuration compl\u00e8tes<\/li><li>Possibilit\u00e9 d\u2019utiliser le filtrage<\/li><li>Acc\u00e8s aux services et aux extensions d\u2019accessoires<\/li><li>Acc\u00e8s au PDSF<\/li><\/ul><\/div><\/div><div class=\"vce-button--style-outline-container btn-font vce-button--style-outline-container--align-left\"><span class=\"vce-button--style-outline-wrapper vce\" id=\"el-00194b00\" data-vce-do-apply=\"margin el-00194b00\"><a class=\"vce-button vce-button--style-outline-animated vce-button--style-outline--border-square vce-button--style-outline--size-medium vce-button--style-outline-animated--color-b-7-86-151--b-255-255-255--3d3d3d vce-button--style-outline-animated--border-color-b-7-86-151--3d3d3d vce-button--style-outline-animated--background-color-b-7-86-151\" href=\"https:\/\/channel.dell.com\/spl\/products\/\" title=\"\" target=\"_blank\" data-vce-do-apply=\"padding border background  el-00194b00\"><span class=\"vce-button--style-outline-text\">Acc\u00e9der \u00e0 la LPS Dell<\/span><\/a><\/span><\/div><\/div><\/div><\/div><div class=\"vce-col vce-element--has-background vce-col--md-50p vce-col--xs-1 vce-col--xs-last vce-col--xs-first vce-col--sm-last vce-col--sm-first vce-col--md-last vce-col--lg-last vce-col--xl-last sec-img\" id=\"el-ab0d9695\"><div class=\"vce-col-inner\" data-vce-do-apply=\"border margin background  el-ab0d9695\"><div class=\"vce-content-background-container\"><div class=\"vce-asset-background-simple-container vce-visible-all-only vce-asset-background-simple--style-cover vce-asset-background-simple--position-center-center\"><div class=\"vce-asset-background-simple\">\n              <div class=\"vce-asset-background-simple-item vcv-lozad\" data-background-image=\"https:\/\/www.tdsynnex.com\/na\/ca\/dell\/wp-content\/uploads\/sites\/144\/2025\/06\/Group488.jpg\"><\/div>\n              <noscript>\n                <div class=\"vce-asset-background-simple-item\" style=\"background-image: url(https:\/\/www.tdsynnex.com\/na\/ca\/dell\/wp-content\/uploads\/sites\/144\/2025\/06\/Group488.jpg)\"><\/div>\n              <\/noscript>\n            <\/div><\/div><\/div><div class=\"vce-col-content\" data-vce-element-content=\"true\" data-vce-do-apply=\"padding el-ab0d9695\"><div class=\"vcv-row-control-wrapper\"><\/div><\/div><\/div><\/div><\/div><\/div><\/div><div class=\"vce-row-container\"><div class=\"vce-row vce-row--col-gap-30 bkg-accent-2 sec-pad center-mobile rev-row vce-row-equal-height vce-row-content--middle\" data-vce-full-width=\"true\" id=\"el-2dcc7f38\" data-vce-do-apply=\"all el-2dcc7f38\"><div class=\"vce-row-content\" data-vce-element-content=\"true\"><div class=\"vce-col vce-col--md-70p vce-col--xs-1 vce-col--xs-last vce-col--xs-first vce-col--sm-last vce-col--sm-first vce-col--md-first vce-col--lg-first vce-col--xl-first inline tm-mobile block-mobile\" id=\"el-1e31c025\"><div class=\"vce-col-inner\" data-vce-do-apply=\"border margin background  el-1e31c025\"><div class=\"vce-col-content\" data-vce-element-content=\"true\" data-vce-do-apply=\"padding el-1e31c025\"><div class=\"vce-single-image-container vce-single-image--align-left\"><div class=\"vce vce-single-image-wrapper\" id=\"el-e8b2c4f7\" data-vce-do-apply=\"all el-e8b2c4f7\"><figure><div class=\"vce-single-image-figure-inner\" style=\"width: 130px;\"><div class=\"vce-single-image-inner vce-single-image--absolute\" style=\"width: 100%; padding-bottom: 39.2308%;\"><img loading=\"lazy\" decoding=\"async\" class=\"vce-single-image\"  width=\"130\" height=\"51\" src=\"https:\/\/www.tdsynnex.com\/na\/ca\/dell\/wp-content\/uploads\/sites\/144\/2025\/06\/log-intel-130x51-1.png\" data-img-src=\"https:\/\/www.tdsynnex.com\/na\/ca\/dell\/wp-content\/uploads\/sites\/144\/2025\/06\/log-intel-130x51-1.png\" data-attachment-id=\"67\"  alt=\"Intel Logo\" title=\"log-intel-130x51\" \/><\/div><\/div><figcaption hidden=\"\"><\/figcaption><\/figure><\/div><\/div><div class=\"vce-single-image-container vce-single-image--align-left\"><div class=\"vce vce-single-image-wrapper\" id=\"el-a83c188f\" data-vce-do-apply=\"all el-a83c188f\"><figure><div class=\"vce-single-image-figure-inner\" style=\"width: 174px;\"><div class=\"vce-single-image-inner vce-single-image--absolute\" style=\"width: 100%; padding-bottom: 29.3103%;\"><img loading=\"lazy\" decoding=\"async\" class=\"vce-single-image\"  width=\"174\" height=\"51\" src=\"https:\/\/www.tdsynnex.com\/na\/ca\/dell\/wp-content\/uploads\/sites\/144\/2025\/06\/logo-dell-174x51-1-174x51-1.png\" data-img-src=\"https:\/\/www.tdsynnex.com\/na\/ca\/dell\/wp-content\/uploads\/sites\/144\/2025\/06\/logo-dell-174x51-1-174x51-1.png\" data-attachment-id=\"65\"  alt=\"Dell Logo\" title=\"logo-dell-174x51-1-174x51\" \/><\/div><\/div><figcaption hidden=\"\"><\/figcaption><\/figure><\/div><\/div><div class=\"vce-single-image-container vce-single-image--align-left\"><div class=\"vce vce-single-image-wrapper\" id=\"el-8c06bced\" data-vce-do-apply=\"all el-8c06bced\"><figure><div class=\"vce-single-image-figure-inner\" style=\"width: 268px;\"><div class=\"vce-single-image-inner vce-single-image--absolute\" style=\"width: 100%; padding-bottom: 19.0299%;\"><img loading=\"lazy\" decoding=\"async\" class=\"vce-single-image\"  width=\"268\" height=\"51\" src=\"https:\/\/www.tdsynnex.com\/na\/ca\/dell\/wp-content\/uploads\/sites\/144\/2025\/06\/logo-win11-268x51-1.png\" data-img-src=\"https:\/\/www.tdsynnex.com\/na\/ca\/dell\/wp-content\/uploads\/sites\/144\/2025\/06\/logo-win11-268x51-1.png\" data-attachment-id=\"66\"  alt=\"Windows 11 Logo\" title=\"logo-win11-268x51\" \/><\/div><\/div><figcaption hidden=\"\"><\/figcaption><\/figure><\/div><\/div><\/div><\/div><\/div><div class=\"vce-col vce-col--md-30p vce-col--xs-1 vce-col--xs-last vce-col--xs-first vce-col--sm-last vce-col--sm-first vce-col--md-last vce-col--lg-last vce-col--xl-last\" id=\"el-018cfbff\"><div class=\"vce-col-inner\" data-vce-do-apply=\"border margin background  el-018cfbff\"><div class=\"vce-content-background-container\"><\/div><div class=\"vce-col-content\" data-vce-element-content=\"true\" data-vce-do-apply=\"padding el-018cfbff\"><div class=\"vce-text-block center-mobile\"><div class=\"vce-text-block-wrapper vce\" id=\"el-1e7edddd\" data-vce-do-apply=\"all el-1e7edddd\"><h2 class=\"h2t light\">Contactez nous<\/h2><p class=\"light\"><a class=\"light\" href=\"mailto:Dellteam.ca@tdsynnex.com\">Dellteam.ca@tdsynnex.com<\/a><\/p><\/div><\/div><\/div><\/div><\/div><\/div><\/div><\/div>","protected":false},"excerpt":{"rendered":"Avantages de la LPS (liste de prix standard) Recherchez n\u2019importe quel num\u00e9ro de fabricant Dell Affiche les sp\u00e9cifications d\u00e9taill\u00e9es Affiche la garantie Pays d\u2019origine Produits associ\u00e9s LPS DellAcc\u00e8s aux produits Dell disponibles par l\u2019interm\u00e9diaire de TD SYNNEXSp\u00e9cifications et configuration compl\u00e8tesPossibilit\u00e9 d\u2019utiliser le filtrageAcc\u00e8s aux services et aux extensions d\u2019accessoiresAcc\u00e8s au PDSFAcc\u00e9der \u00e0 la LPS Dell [&hellip;]","protected":false},"author":12,"featured_media":0,"parent":0,"menu_order":0,"comment_status":"closed","ping_status":"closed","template":"","meta":{"footnotes":""},"class_list":["post-239","page","type-page","status-publish","hentry"],"yoast_head":"<!-- This site is optimized with the Yoast SEO plugin v26.1.1 - https:\/\/yoast.com\/wordpress\/plugins\/seo\/ -->\n<title>Liste de prix standard - Dell Canada<\/title>\n<meta name=\"robots\" content=\"index, follow, max-snippet:-1, max-image-preview:large, max-video-preview:-1\" \/>\n<link rel=\"canonical\" href=\"https:\/\/www.tdsynnex.com\/na\/ca\/dell\/fr\/liste-de-prix-standard\/\" \/>\n<meta property=\"og:locale\" content=\"fr_FR\" \/>\n<meta property=\"og:type\" content=\"article\" \/>\n<meta property=\"og:title\" content=\"Liste de prix standard - Dell Canada\" \/>\n<meta property=\"og:description\" content=\"Avantages de la LPS (liste de prix standard) Recherchez n\u2019importe quel num\u00e9ro de fabricant Dell Affiche les sp\u00e9cifications d\u00e9taill\u00e9es Affiche la garantie Pays d\u2019origine Produits associ\u00e9s LPS DellAcc\u00e8s aux produits Dell disponibles par l\u2019interm\u00e9diaire de TD SYNNEXSp\u00e9cifications et configuration compl\u00e8tesPossibilit\u00e9 d\u2019utiliser le filtrageAcc\u00e8s aux services et aux extensions d\u2019accessoiresAcc\u00e8s au PDSFAcc\u00e9der \u00e0 la LPS Dell [&hellip;]\" \/>\n<meta property=\"og:url\" content=\"https:\/\/www.tdsynnex.com\/na\/ca\/dell\/fr\/liste-de-prix-standard\/\" \/>\n<meta property=\"og:site_name\" content=\"Dell Canada\" \/>\n<meta property=\"article:modified_time\" content=\"2025-09-22T14:57:45+00:00\" \/>\n<meta name=\"twitter:card\" content=\"summary_large_image\" \/>\n<script type=\"application\/ld+json\" class=\"yoast-schema-graph\">{\"@context\":\"https:\/\/schema.org\",\"@graph\":[{\"@type\":\"WebPage\",\"@id\":\"https:\/\/www.tdsynnex.com\/na\/ca\/dell\/fr\/liste-de-prix-standard\/\",\"url\":\"https:\/\/www.tdsynnex.com\/na\/ca\/dell\/fr\/liste-de-prix-standard\/\",\"name\":\"Liste de prix standard - Dell Canada\",\"isPartOf\":{\"@id\":\"https:\/\/www.tdsynnex.com\/na\/ca\/dell\/#website\"},\"datePublished\":\"2025-06-05T16:27:34+00:00\",\"dateModified\":\"2025-09-22T14:57:45+00:00\",\"breadcrumb\":{\"@id\":\"https:\/\/www.tdsynnex.com\/na\/ca\/dell\/fr\/liste-de-prix-standard\/#breadcrumb\"},\"inLanguage\":\"fr-FR\",\"potentialAction\":[{\"@type\":\"ReadAction\",\"target\":[\"https:\/\/www.tdsynnex.com\/na\/ca\/dell\/fr\/liste-de-prix-standard\/\"]}]},{\"@type\":\"BreadcrumbList\",\"@id\":\"https:\/\/www.tdsynnex.com\/na\/ca\/dell\/fr\/liste-de-prix-standard\/#breadcrumb\",\"itemListElement\":[{\"@type\":\"ListItem\",\"position\":1,\"name\":\"Home\",\"item\":\"https:\/\/www.tdsynnex.com\/na\/ca\/dell\/fr\/\"},{\"@type\":\"ListItem\",\"position\":2,\"name\":\"Liste de prix standard\"}]},{\"@type\":\"WebSite\",\"@id\":\"https:\/\/www.tdsynnex.com\/na\/ca\/dell\/#website\",\"url\":\"https:\/\/www.tdsynnex.com\/na\/ca\/dell\/\",\"name\":\"Dell Canada\",\"description\":\"\",\"potentialAction\":[{\"@type\":\"SearchAction\",\"target\":{\"@type\":\"EntryPoint\",\"urlTemplate\":\"https:\/\/www.tdsynnex.com\/na\/ca\/dell\/?s={search_term_string}\"},\"query-input\":{\"@type\":\"PropertyValueSpecification\",\"valueRequired\":true,\"valueName\":\"search_term_string\"}}],\"inLanguage\":\"fr-FR\"}]}<\/script>\n<!-- \/ Yoast SEO plugin. -->","yoast_head_json":{"title":"Liste de prix standard - Dell Canada","robots":{"index":"index","follow":"follow","max-snippet":"max-snippet:-1","max-image-preview":"max-image-preview:large","max-video-preview":"max-video-preview:-1"},"canonical":"https:\/\/www.tdsynnex.com\/na\/ca\/dell\/fr\/liste-de-prix-standard\/","og_locale":"fr_FR","og_type":"article","og_title":"Liste de prix standard - Dell Canada","og_description":"Avantages de la LPS (liste de prix standard) Recherchez n\u2019importe quel num\u00e9ro de fabricant Dell Affiche les sp\u00e9cifications d\u00e9taill\u00e9es Affiche la garantie Pays d\u2019origine Produits associ\u00e9s LPS DellAcc\u00e8s aux produits Dell disponibles par l\u2019interm\u00e9diaire de TD SYNNEXSp\u00e9cifications et configuration compl\u00e8tesPossibilit\u00e9 d\u2019utiliser le filtrageAcc\u00e8s aux services et aux extensions d\u2019accessoiresAcc\u00e8s au PDSFAcc\u00e9der \u00e0 la LPS Dell [&hellip;]","og_url":"https:\/\/www.tdsynnex.com\/na\/ca\/dell\/fr\/liste-de-prix-standard\/","og_site_name":"Dell Canada","article_modified_time":"2025-09-22T14:57:45+00:00","twitter_card":"summary_large_image","schema":{"@context":"https:\/\/schema.org","@graph":[{"@type":"WebPage","@id":"https:\/\/www.tdsynnex.com\/na\/ca\/dell\/fr\/liste-de-prix-standard\/","url":"https:\/\/www.tdsynnex.com\/na\/ca\/dell\/fr\/liste-de-prix-standard\/","name":"Liste de prix standard - Dell Canada","isPartOf":{"@id":"https:\/\/www.tdsynnex.com\/na\/ca\/dell\/#website"},"datePublished":"2025-06-05T16:27:34+00:00","dateModified":"2025-09-22T14:57:45+00:00","breadcrumb":{"@id":"https:\/\/www.tdsynnex.com\/na\/ca\/dell\/fr\/liste-de-prix-standard\/#breadcrumb"},"inLanguage":"fr-FR","potentialAction":[{"@type":"ReadAction","target":["https:\/\/www.tdsynnex.com\/na\/ca\/dell\/fr\/liste-de-prix-standard\/"]}]},{"@type":"BreadcrumbList","@id":"https:\/\/www.tdsynnex.com\/na\/ca\/dell\/fr\/liste-de-prix-standard\/#breadcrumb","itemListElement":[{"@type":"ListItem","position":1,"name":"Home","item":"https:\/\/www.tdsynnex.com\/na\/ca\/dell\/fr\/"},{"@type":"ListItem","position":2,"name":"Liste de prix standard"}]},{"@type":"WebSite","@id":"https:\/\/www.tdsynnex.com\/na\/ca\/dell\/#website","url":"https:\/\/www.tdsynnex.com\/na\/ca\/dell\/","name":"Dell Canada","description":"","potentialAction":[{"@type":"SearchAction","target":{"@type":"EntryPoint","urlTemplate":"https:\/\/www.tdsynnex.com\/na\/ca\/dell\/?s={search_term_string}"},"query-input":{"@type":"PropertyValueSpecification","valueRequired":true,"valueName":"search_term_string"}}],"inLanguage":"fr-FR"}]}},"_links":{"self":[{"href":"https:\/\/www.tdsynnex.com\/na\/ca\/dell\/fr\/wp-json\/wp\/v2\/pages\/239","targetHints":{"allow":["GET"]}}],"collection":[{"href":"https:\/\/www.tdsynnex.com\/na\/ca\/dell\/fr\/wp-json\/wp\/v2\/pages"}],"about":[{"href":"https:\/\/www.tdsynnex.com\/na\/ca\/dell\/fr\/wp-json\/wp\/v2\/types\/page"}],"author":[{"embeddable":true,"href":"https:\/\/www.tdsynnex.com\/na\/ca\/dell\/fr\/wp-json\/wp\/v2\/users\/12"}],"replies":[{"embeddable":true,"href":"https:\/\/www.tdsynnex.com\/na\/ca\/dell\/fr\/wp-json\/wp\/v2\/comments?post=239"}],"version-history":[{"count":0,"href":"https:\/\/www.tdsynnex.com\/na\/ca\/dell\/fr\/wp-json\/wp\/v2\/pages\/239\/revisions"}],"wp:attachment":[{"href":"https:\/\/www.tdsynnex.com\/na\/ca\/dell\/fr\/wp-json\/wp\/v2\/media?parent=239"}],"curies":[{"name":"wp","href":"https:\/\/api.w.org\/{rel}","templated":true}]}}