{"id":2296,"date":"2022-09-01T09:58:38","date_gmt":"2022-09-01T13:58:38","guid":{"rendered":"https:\/\/www.tdsynnex.com\/na\/ca\/devenez-client\/"},"modified":"2026-04-24T09:01:43","modified_gmt":"2026-04-24T13:01:43","slug":"become-a-customer","status":"publish","type":"page","link":"https:\/\/www.tdsynnex.com\/na\/ca\/fr\/become-a-customer\/","title":{"rendered":"Devenez client"},"content":{"rendered":"<div class=\"vce-row-container\"><div class=\"vce-row vce-element--has-background vce-row--col-gap-30 vce-row-equal-height vce-row-content--middle\" data-vce-full-width=\"true\" id=\"el-7cbbf690\" data-vce-do-apply=\"all el-7cbbf690\"><div class=\"vce-content-background-container\"><div class=\"vce-asset-background-simple-container vce-visible-all-only vce-asset-background-simple--style-cover vce-asset-background-simple--position-center-top\"><div class=\"vce-asset-background-simple\">\n              <div class=\"vce-asset-background-simple-item vcv-lozad\" data-background-image=\"https:\/\/www.tdsynnex.com\/na\/ca\/wp-content\/uploads\/sites\/2\/2022\/09\/Group-373.jpg\"><\/div>\n              <noscript>\n                <div class=\"vce-asset-background-simple-item\" style=\"background-image: url(https:\/\/www.tdsynnex.com\/na\/ca\/wp-content\/uploads\/sites\/2\/2022\/09\/Group-373.jpg)\"><\/div>\n              <\/noscript>\n            <\/div><\/div><\/div><div class=\"vce-row-content\" data-vce-element-content=\"true\"><div class=\"vce-col vce-col--md-100p vce-col--xs-1 vce-col--xs-last vce-col--xs-first vce-col--sm-last vce-col--sm-first vce-col--md-last vce-col--lg-last vce-col--xl-last vce-col--md-first vce-col--lg-first vce-col--xl-first hero-banner\" id=\"el-9b0353ce\"><div class=\"vce-col-inner\" data-vce-do-apply=\"border margin background el-9b0353ce\"><div class=\"vce-col-content\" data-vce-element-content=\"true\" data-vce-do-apply=\"padding el-9b0353ce\"><div class=\"vce-text-block\"><div class=\"vce-text-block-wrapper vce\" id=\"el-fd9ea1e5\" data-vce-do-apply=\"all el-fd9ea1e5\"><h1>Devenez client<\/h1><\/div><\/div><\/div><\/div><\/div><\/div><\/div><\/div><div class=\"vce-row-container\" data-vce-boxed-width=\"true\"><div class=\"vce-row vce-row--col-gap-100 vce-row-equal-height vce-row-content--top\" id=\"el-89e021bb\" data-vce-do-apply=\"all el-89e021bb\"><div class=\"vce-content-background-container\"><\/div><div class=\"vce-row-content\" data-vce-element-content=\"true\"><div class=\"vce-col vce-col--xs-100p vce-col--xs-visible vce-col--xs-last vce-col--xs-first vce-col--sm-100p vce-col--sm-visible vce-col--sm-last vce-col--sm-first vce-col--md-100p vce-col--md-visible vce-col--md-last vce-col--md-first vce-col--lg-auto vce-col--lg-visible vce-col--lg-first vce-col--xl-auto vce-col--xl-visible vce-col--xl-first\" id=\"el-49c4a0d7\"><div class=\"vce-col-inner\" data-vce-do-apply=\"border margin background el-49c4a0d7\"><div class=\"vce-col-content\" data-vce-element-content=\"true\" data-vce-do-apply=\"padding el-49c4a0d7\"><div class=\"vce-text-block\"><div class=\"vce-text-block-wrapper vce\" id=\"el-9e806636\" data-vce-do-apply=\"all el-9e806636\"><h1>Dans un \u00e9cosyst\u00e8me informatique<br>en constante \u00e9volution, vous avez besoin des bonnes cl\u00e9s pour lib\u00e9rer votre potentiel.<\/h1><p>Nous simplifions l'acc\u00e8s \u00e0 des millions de produits et d'offres au sein de notre portefeuille de classe mondiale. Notre plateforme num\u00e9rique, nos outils et nos processus ouvrent des portes \u00e0 nos clients pour qu'ils puissent fournir efficacement des solutions de qualit\u00e9. Faites le premier pas vers des r\u00e9sultats technologiques exceptionnels avec TD SYNNEX.  <\/p><\/div><\/div><\/div><\/div><\/div><div class=\"vce-col vce-col--xs-100p vce-col--xs-visible vce-col--xs-last vce-col--xs-first vce-col--sm-100p vce-col--sm-visible vce-col--sm-last vce-col--sm-first vce-col--md-100p vce-col--md-visible vce-col--md-last vce-col--md-first vce-col--lg-auto vce-col--lg-visible vce-col--lg-last vce-col--xl-auto vce-col--xl-visible vce-col--xl-last\" id=\"el-4ff38c08\"><div class=\"vce-col-inner\" data-vce-do-apply=\"border margin background el-4ff38c08\"><div class=\"vce-col-content\" data-vce-element-content=\"true\" data-vce-do-apply=\"padding el-4ff38c08\"><div class=\"vce-text-block\"><div class=\"vce-text-block-wrapper vce\" id=\"el-8fefbfb0\" data-vce-do-apply=\"all el-8fefbfb0\"><h4 style=\"margin-top:5px;\">Pour les demandes de renseignements concernant TD SYNNEX, cliquez ci-dessous.<\/h4><\/div><\/div><div class=\"vce-button--style-outline-container vce-button--style-outline-container--align-left\"><span class=\"vce-button--style-outline-wrapper vce\" id=\"el-ea25a736\" data-vce-do-apply=\"margin el-ea25a736\"><a class=\"vce-button vce-button--style-outline-animated vce-button--style-outline--border-square vce-button--style-outline--size-medium vce-button--style-outline-animated--color-b-0-87-88--fff--3d3d3d vce-button--style-outline-animated--border-color-b-0-87-88--3d3d3d vce-button--style-outline-animated--background-color-b-0-87-88\" href=\"https:\/\/ec.synnex.ca\/credit-app\/#\/\" title=\"\" target=\"_blank\" data-vce-do-apply=\"padding border background el-ea25a736\" rel=\"noopener\"><span class=\"vce-button--style-outline-text\">Postuler<\/span><\/a><\/span><\/div><\/div><\/div><\/div><\/div><\/div><\/div><div class=\"vce-row-container\" data-vce-boxed-width=\"true\"><div class=\"vce-row vce-row--col-gap-30 vce-row-equal-height vce-row-content--top\" id=\"el-feaf698d\" data-vce-do-apply=\"all el-feaf698d\"><div class=\"vce-row-content\" data-vce-element-content=\"true\"><div class=\"vce-col vce-col--md-auto vce-col--xs-1 vce-col--xs-last vce-col--xs-first vce-col--sm-last vce-col--sm-first vce-col--md-last vce-col--lg-last vce-col--xl-last vce-col--md-first vce-col--lg-first vce-col--xl-first\" id=\"el-d6542be0\"><div class=\"vce-col-inner\" data-vce-do-apply=\"border margin background el-d6542be0\"><div class=\"vce-col-content\" data-vce-element-content=\"true\" data-vce-do-apply=\"padding el-d6542be0\"><div class=\"vce-text-block\"><div class=\"vce-text-block-wrapper vce\" id=\"el-ddb25968\" data-vce-do-apply=\"all el-ddb25968\"><h4 style=\"color: #353f3f; text-align: center; font-size: 1.6rem;\">Des questions? Veuillez communiquer avec <a class=\"emailadd\" style=\"color: #08bed5;\" href=\"mailto:newaccounts3@tdsynnex.com\">newaccounts3@tdsynnex.com.<\/a> <\/h4><\/div><\/div><\/div><\/div><\/div><\/div><\/div><\/div>","protected":false},"excerpt":{"rendered":"Devenez clientDans un \u00e9cosyst\u00e8me informatiqueen constante \u00e9volution, vous avez besoin des bonnes cl\u00e9s pour lib\u00e9rer votre potentiel.Nous simplifions l&rsquo;acc\u00e8s \u00e0 des millions de produits et d&rsquo;offres au sein de notre portefeuille de classe mondiale. Notre plateforme num\u00e9rique, nos outils et nos processus ouvrent des portes \u00e0 nos clients pour qu&rsquo;ils puissent fournir efficacement des solutions [&hellip;]","protected":false},"author":12,"featured_media":0,"parent":0,"menu_order":0,"comment_status":"closed","ping_status":"closed","template":"","meta":{"footnotes":""},"class_list":["post-2296","page","type-page","status-publish","hentry"],"yoast_head":"<!-- This site is optimized with the Yoast SEO plugin v26.1.1 - https:\/\/yoast.com\/wordpress\/plugins\/seo\/ -->\n<title>Devenez client - TD SYNNEX Canada<\/title>\n<meta name=\"robots\" content=\"index, follow, max-snippet:-1, max-image-preview:large, max-video-preview:-1\" \/>\n<link rel=\"canonical\" href=\"https:\/\/www.tdsynnex.com\/na\/ca\/fr\/become-a-customer\/\" \/>\n<meta property=\"og:locale\" content=\"fr_FR\" \/>\n<meta property=\"og:type\" content=\"article\" \/>\n<meta property=\"og:title\" content=\"Devenez client - TD SYNNEX Canada\" \/>\n<meta property=\"og:description\" content=\"Devenez clientDans un \u00e9cosyst\u00e8me informatiqueen constante \u00e9volution, vous avez besoin des bonnes cl\u00e9s pour lib\u00e9rer votre potentiel.Nous simplifions l&#039;acc\u00e8s \u00e0 des millions de produits et d&#039;offres au sein de notre portefeuille de classe mondiale. Notre plateforme num\u00e9rique, nos outils et nos processus ouvrent des portes \u00e0 nos clients pour qu&#039;ils puissent fournir efficacement des solutions [&hellip;]\" \/>\n<meta property=\"og:url\" content=\"https:\/\/www.tdsynnex.com\/na\/ca\/fr\/become-a-customer\/\" \/>\n<meta property=\"og:site_name\" content=\"TD SYNNEX Canada\" \/>\n<meta property=\"article:modified_time\" content=\"2026-04-24T13:01:43+00:00\" \/>\n<meta name=\"twitter:card\" content=\"summary_large_image\" \/>\n<script type=\"application\/ld+json\" class=\"yoast-schema-graph\">{\"@context\":\"https:\/\/schema.org\",\"@graph\":[{\"@type\":\"WebPage\",\"@id\":\"https:\/\/www.tdsynnex.com\/na\/ca\/fr\/become-a-customer\/\",\"url\":\"https:\/\/www.tdsynnex.com\/na\/ca\/fr\/become-a-customer\/\",\"name\":\"Devenez client - TD SYNNEX Canada\",\"isPartOf\":{\"@id\":\"https:\/\/www.tdsynnex.com\/na\/ca\/#website\"},\"datePublished\":\"2022-09-01T13:58:38+00:00\",\"dateModified\":\"2026-04-24T13:01:43+00:00\",\"breadcrumb\":{\"@id\":\"https:\/\/www.tdsynnex.com\/na\/ca\/fr\/become-a-customer\/#breadcrumb\"},\"inLanguage\":\"fr-FR\",\"potentialAction\":[{\"@type\":\"ReadAction\",\"target\":[\"https:\/\/www.tdsynnex.com\/na\/ca\/fr\/become-a-customer\/\"]}]},{\"@type\":\"BreadcrumbList\",\"@id\":\"https:\/\/www.tdsynnex.com\/na\/ca\/fr\/become-a-customer\/#breadcrumb\",\"itemListElement\":[{\"@type\":\"ListItem\",\"position\":1,\"name\":\"Home\",\"item\":\"https:\/\/www.tdsynnex.com\/na\/ca\/fr\/\"},{\"@type\":\"ListItem\",\"position\":2,\"name\":\"Devenez client\"}]},{\"@type\":\"WebSite\",\"@id\":\"https:\/\/www.tdsynnex.com\/na\/ca\/#website\",\"url\":\"https:\/\/www.tdsynnex.com\/na\/ca\/\",\"name\":\"TD SYNNEX Canada\",\"description\":\"\",\"publisher\":{\"@id\":\"https:\/\/www.tdsynnex.com\/na\/ca\/#organization\"},\"potentialAction\":[{\"@type\":\"SearchAction\",\"target\":{\"@type\":\"EntryPoint\",\"urlTemplate\":\"https:\/\/www.tdsynnex.com\/na\/ca\/?s={search_term_string}\"},\"query-input\":{\"@type\":\"PropertyValueSpecification\",\"valueRequired\":true,\"valueName\":\"search_term_string\"}}],\"inLanguage\":\"fr-FR\"},{\"@type\":\"Organization\",\"@id\":\"https:\/\/www.tdsynnex.com\/na\/ca\/#organization\",\"name\":\"TD SYNNEX Canada\",\"url\":\"https:\/\/www.tdsynnex.com\/na\/ca\/\",\"logo\":{\"@type\":\"ImageObject\",\"inLanguage\":\"fr-FR\",\"@id\":\"https:\/\/www.tdsynnex.com\/na\/ca\/#\/schema\/logo\/image\/\",\"url\":\"https:\/\/www.tdsynnex.com\/na\/ca\/wp-content\/uploads\/sites\/3\/2022\/08\/TDSYNNEXLogo@2x.png\",\"contentUrl\":\"https:\/\/www.tdsynnex.com\/na\/ca\/wp-content\/uploads\/sites\/3\/2022\/08\/TDSYNNEXLogo@2x.png\",\"width\":370,\"height\":72,\"caption\":\"TD SYNNEX Canada\"},\"image\":{\"@id\":\"https:\/\/www.tdsynnex.com\/na\/ca\/#\/schema\/logo\/image\/\"}}]}<\/script>\n<!-- \/ Yoast SEO plugin. -->","yoast_head_json":{"title":"Devenez client - TD SYNNEX Canada","robots":{"index":"index","follow":"follow","max-snippet":"max-snippet:-1","max-image-preview":"max-image-preview:large","max-video-preview":"max-video-preview:-1"},"canonical":"https:\/\/www.tdsynnex.com\/na\/ca\/fr\/become-a-customer\/","og_locale":"fr_FR","og_type":"article","og_title":"Devenez client - TD SYNNEX Canada","og_description":"Devenez clientDans un \u00e9cosyst\u00e8me informatiqueen constante \u00e9volution, vous avez besoin des bonnes cl\u00e9s pour lib\u00e9rer votre potentiel.Nous simplifions l'acc\u00e8s \u00e0 des millions de produits et d'offres au sein de notre portefeuille de classe mondiale. Notre plateforme num\u00e9rique, nos outils et nos processus ouvrent des portes \u00e0 nos clients pour qu'ils puissent fournir efficacement des solutions [&hellip;]","og_url":"https:\/\/www.tdsynnex.com\/na\/ca\/fr\/become-a-customer\/","og_site_name":"TD SYNNEX Canada","article_modified_time":"2026-04-24T13:01:43+00:00","twitter_card":"summary_large_image","schema":{"@context":"https:\/\/schema.org","@graph":[{"@type":"WebPage","@id":"https:\/\/www.tdsynnex.com\/na\/ca\/fr\/become-a-customer\/","url":"https:\/\/www.tdsynnex.com\/na\/ca\/fr\/become-a-customer\/","name":"Devenez client - TD SYNNEX Canada","isPartOf":{"@id":"https:\/\/www.tdsynnex.com\/na\/ca\/#website"},"datePublished":"2022-09-01T13:58:38+00:00","dateModified":"2026-04-24T13:01:43+00:00","breadcrumb":{"@id":"https:\/\/www.tdsynnex.com\/na\/ca\/fr\/become-a-customer\/#breadcrumb"},"inLanguage":"fr-FR","potentialAction":[{"@type":"ReadAction","target":["https:\/\/www.tdsynnex.com\/na\/ca\/fr\/become-a-customer\/"]}]},{"@type":"BreadcrumbList","@id":"https:\/\/www.tdsynnex.com\/na\/ca\/fr\/become-a-customer\/#breadcrumb","itemListElement":[{"@type":"ListItem","position":1,"name":"Home","item":"https:\/\/www.tdsynnex.com\/na\/ca\/fr\/"},{"@type":"ListItem","position":2,"name":"Devenez client"}]},{"@type":"WebSite","@id":"https:\/\/www.tdsynnex.com\/na\/ca\/#website","url":"https:\/\/www.tdsynnex.com\/na\/ca\/","name":"TD SYNNEX Canada","description":"","publisher":{"@id":"https:\/\/www.tdsynnex.com\/na\/ca\/#organization"},"potentialAction":[{"@type":"SearchAction","target":{"@type":"EntryPoint","urlTemplate":"https:\/\/www.tdsynnex.com\/na\/ca\/?s={search_term_string}"},"query-input":{"@type":"PropertyValueSpecification","valueRequired":true,"valueName":"search_term_string"}}],"inLanguage":"fr-FR"},{"@type":"Organization","@id":"https:\/\/www.tdsynnex.com\/na\/ca\/#organization","name":"TD SYNNEX Canada","url":"https:\/\/www.tdsynnex.com\/na\/ca\/","logo":{"@type":"ImageObject","inLanguage":"fr-FR","@id":"https:\/\/www.tdsynnex.com\/na\/ca\/#\/schema\/logo\/image\/","url":"https:\/\/www.tdsynnex.com\/na\/ca\/wp-content\/uploads\/sites\/3\/2022\/08\/TDSYNNEXLogo@2x.png","contentUrl":"https:\/\/www.tdsynnex.com\/na\/ca\/wp-content\/uploads\/sites\/3\/2022\/08\/TDSYNNEXLogo@2x.png","width":370,"height":72,"caption":"TD SYNNEX Canada"},"image":{"@id":"https:\/\/www.tdsynnex.com\/na\/ca\/#\/schema\/logo\/image\/"}}]}},"_links":{"self":[{"href":"https:\/\/www.tdsynnex.com\/na\/ca\/fr\/wp-json\/wp\/v2\/pages\/2296","targetHints":{"allow":["GET"]}}],"collection":[{"href":"https:\/\/www.tdsynnex.com\/na\/ca\/fr\/wp-json\/wp\/v2\/pages"}],"about":[{"href":"https:\/\/www.tdsynnex.com\/na\/ca\/fr\/wp-json\/wp\/v2\/types\/page"}],"author":[{"embeddable":true,"href":"https:\/\/www.tdsynnex.com\/na\/ca\/fr\/wp-json\/wp\/v2\/users\/12"}],"replies":[{"embeddable":true,"href":"https:\/\/www.tdsynnex.com\/na\/ca\/fr\/wp-json\/wp\/v2\/comments?post=2296"}],"version-history":[{"count":2,"href":"https:\/\/www.tdsynnex.com\/na\/ca\/fr\/wp-json\/wp\/v2\/pages\/2296\/revisions"}],"predecessor-version":[{"id":2586,"href":"https:\/\/www.tdsynnex.com\/na\/ca\/fr\/wp-json\/wp\/v2\/pages\/2296\/revisions\/2586"}],"wp:attachment":[{"href":"https:\/\/www.tdsynnex.com\/na\/ca\/fr\/wp-json\/wp\/v2\/media?parent=2296"}],"curies":[{"name":"wp","href":"https:\/\/api.w.org\/{rel}","templated":true}]}}