{"id":2303,"date":"2022-11-22T14:22:11","date_gmt":"2022-11-22T18:22:11","guid":{"rendered":"https:\/\/www.tdsynnex.com\/na\/ca\/ventes-et-entrepots\/"},"modified":"2025-06-19T12:15:15","modified_gmt":"2025-06-19T16:15:15","slug":"ventes-et-entrepots","status":"publish","type":"page","link":"https:\/\/www.tdsynnex.com\/na\/ca\/fr\/ventes-et-entrepots\/","title":{"rendered":"Ventes et entrep\u00f4ts"},"content":{"rendered":"<div class=\"vce-row-container\" id=\"herotitle\" data-vce-boxed-width=\"true\"><div class=\"vce-row vce-element--xl--has-background vce-element--lg--has-background vce-element--md--has-background vce-element--sm--has-background vce-element--xs--has-background vce-row--col-gap-30 vce-row-equal-height vce-row-content--middle\" id=\"el-b709c8f8\" data-vce-do-apply=\"all el-b709c8f8\"><div class=\"vce-content-background-container\"><div class=\"vce-asset-background-simple-container vce-visible-xl-only vce-asset-background-simple--style-cover vce-asset-background-simple--position-center-top\"><div class=\"vce-asset-background-simple\">\n              <div class=\"vce-asset-background-simple-item vcv-lozad\" data-background-image=\"https:\/\/www.tdsynnex.com\/na\/ca\/wp-content\/uploads\/sites\/2\/2022\/09\/Group-373.jpg\"><\/div>\n              <noscript>\n                <div class=\"vce-asset-background-simple-item\" style=\"background-image: url(https:\/\/www.tdsynnex.com\/na\/ca\/wp-content\/uploads\/sites\/2\/2022\/09\/Group-373.jpg)\"><\/div>\n              <\/noscript>\n            <\/div><\/div><div class=\"vce-asset-background-simple-container vce-visible-lg-only vce-asset-background-simple--style-cover vce-asset-background-simple--position-center-top\"><div class=\"vce-asset-background-simple\">\n              <div class=\"vce-asset-background-simple-item vcv-lozad\" data-background-image=\"https:\/\/www.tdsynnex.com\/na\/ca\/wp-content\/uploads\/sites\/2\/2022\/09\/Group-373.jpg\"><\/div>\n              <noscript>\n                <div class=\"vce-asset-background-simple-item\" style=\"background-image: url(https:\/\/www.tdsynnex.com\/na\/ca\/wp-content\/uploads\/sites\/2\/2022\/09\/Group-373.jpg)\"><\/div>\n              <\/noscript>\n            <\/div><\/div><div class=\"vce-asset-background-simple-container vce-visible-md-only vce-asset-background-simple--style-cover vce-asset-background-simple--position-center-top\"><div class=\"vce-asset-background-simple\">\n              <div class=\"vce-asset-background-simple-item vcv-lozad\" data-background-image=\"https:\/\/www.tdsynnex.com\/na\/ca\/wp-content\/uploads\/sites\/2\/2022\/09\/Group-373.jpg\"><\/div>\n              <noscript>\n                <div class=\"vce-asset-background-simple-item\" style=\"background-image: url(https:\/\/www.tdsynnex.com\/na\/ca\/wp-content\/uploads\/sites\/2\/2022\/09\/Group-373.jpg)\"><\/div>\n              <\/noscript>\n            <\/div><\/div><div class=\"vce-asset-background-simple-container vce-visible-sm-only vce-asset-background-simple--style-cover vce-asset-background-simple--position-center-top\"><div class=\"vce-asset-background-simple\">\n              <div class=\"vce-asset-background-simple-item vcv-lozad\" data-background-image=\"https:\/\/www.tdsynnex.com\/na\/ca\/wp-content\/uploads\/sites\/2\/2022\/09\/Group-373.jpg\"><\/div>\n              <noscript>\n                <div class=\"vce-asset-background-simple-item\" style=\"background-image: url(https:\/\/www.tdsynnex.com\/na\/ca\/wp-content\/uploads\/sites\/2\/2022\/09\/Group-373.jpg)\"><\/div>\n              <\/noscript>\n            <\/div><\/div><div class=\"vce-asset-background-simple-container vce-visible-xs-only vce-asset-background-simple--style-cover vce-asset-background-simple--position-center-top\"><div class=\"vce-asset-background-simple\">\n              <div class=\"vce-asset-background-simple-item vcv-lozad\" data-background-image=\"https:\/\/www.tdsynnex.com\/na\/ca\/wp-content\/uploads\/sites\/2\/2022\/09\/Group-373.jpg\"><\/div>\n              <noscript>\n                <div class=\"vce-asset-background-simple-item\" style=\"background-image: url(https:\/\/www.tdsynnex.com\/na\/ca\/wp-content\/uploads\/sites\/2\/2022\/09\/Group-373.jpg)\"><\/div>\n              <\/noscript>\n            <\/div><\/div><\/div><div class=\"vce-row-content\" data-vce-element-content=\"true\"><div class=\"vce-col vce-col--md-auto vce-col--xs-1 vce-col--xs-last vce-col--xs-first vce-col--sm-last vce-col--sm-first vce-col--md-last vce-col--lg-last vce-col--xl-last vce-col--md-first vce-col--lg-first vce-col--xl-first\" id=\"el-4a202a9e\"><div class=\"vce-col-inner\" data-vce-do-apply=\"border margin background  el-4a202a9e\"><div class=\"vce-col-content\" data-vce-element-content=\"true\" data-vce-do-apply=\"padding el-4a202a9e\"><div class=\"vce-text-block\"><div class=\"vce-text-block-wrapper vce\" id=\"el-ae4e50a4\" data-vce-do-apply=\"all el-ae4e50a4\"><h1><span style=\"color: #ffffff;\">Bureaux de vente et entrep\u00f4ts au Canada<\/span><\/h1><\/div><\/div><\/div><\/div><\/div><\/div><\/div><\/div><div class=\"vce-row-container\" data-vce-boxed-width=\"true\"><div class=\"vce-row vce-row--col-gap-30 sec-pad vce-row-equal-height vce-row-content--top\" id=\"el-d4bf2686\" data-vce-do-apply=\"all el-d4bf2686\"><div class=\"vce-content-background-container\"><\/div><div class=\"vce-row-content\" data-vce-element-content=\"true\"><div class=\"vce-col vce-col--xs-100p vce-col--xs-visible vce-col--xs-last vce-col--xs-first vce-col--sm-100p vce-col--sm-visible vce-col--sm-last vce-col--sm-first vce-col--md-50p vce-col--md-visible vce-col--md-first vce-col--lg-50p vce-col--lg-visible vce-col--lg-first vce-col--xl-50p vce-col--xl-visible vce-col--xl-first\" id=\"el-85ac6ef6\"><div class=\"vce-col-inner\" data-vce-do-apply=\"border margin background  el-85ac6ef6\"><div class=\"vce-content-background-container\"><\/div><div class=\"vce-col-content\" data-vce-element-content=\"true\" data-vce-do-apply=\"padding el-85ac6ef6\"><div class=\"vce-text-block\"><div class=\"vce-text-block-wrapper vce\" id=\"el-5d35ef3b\" data-vce-do-apply=\"all el-5d35ef3b\"><h2>Bureaux de vente<\/h2><\/div><\/div><div class=\"vce-text-block\"><div class=\"vce-text-block-wrapper vce\" id=\"el-8eda18d5\" data-vce-do-apply=\"all el-8eda18d5\"><h4><strong>Calgary<\/strong><\/h4><p style=\"line-height: 1;\"><strong>Ventes :<\/strong> 800-268-1220<\/p><\/div><\/div><div class=\"vce-text-block\"><div class=\"vce-text-block-wrapper vce\" id=\"el-782e91a7\" data-vce-do-apply=\"all el-782e91a7\"><h4><strong>Guelph :<\/strong><\/h4><p style=\"line-height: 1; margin-bottom: 10px;\">107 Woodlawn Road West, Guelph ON, N1H 1B4<\/p><p style=\"line-height: 0.5;\"> <\/p><p style=\"line-height: 1;\"><strong>Ventes<\/strong>: 800-265-7212 | 800-268-1220 | 519-837-2444<\/p><p style=\"line-height: 1;\"><strong>T\u00e9l\u00e9copieur des ventes :<\/strong> 877-801-6300 | 519-836-1914<\/p><p style=\"line-height: 1;\"><strong>Administration <\/strong>: 844-259-1225<\/p><\/div><\/div><div class=\"vce-text-block\"><div class=\"vce-text-block-wrapper vce\" id=\"el-9f9b80bc\" data-vce-do-apply=\"all el-9f9b80bc\"><h4><strong>Halifax :<\/strong><\/h4><p style=\"line-height: 1;\"><strong>Ventes :<\/strong> 800-268-1220<\/p><\/div><\/div><div class=\"vce-text-block\"><div class=\"vce-text-block-wrapper vce\" id=\"el-d9f85a87\" data-vce-do-apply=\"all el-d9f85a87\"><h4><strong>Montreal <\/strong>:<\/h4><p style=\"line-height: 1;\">3300 Boulevard De La Cote-Vertu (Suite 310), Saint-Laurent, QC H4R 2B7<\/p><p style=\"line-height: 0.5;\"> <\/p><p style=\"line-height: 1;\"><strong>Ventes :<\/strong> 800-363-2821 | 800-268-1220 | 514-745-1695<\/p><p style=\"line-height: 1;\"><strong>T\u00e9l\u00e9copieur des ventes :<\/strong> 514-832-5940<\/p><p style=\"line-height: 1;\"><strong>T\u00e9l\u00e9copieur des services financiers : <\/strong>514-832-5931<\/p><p style=\"line-height: 1;\"><strong>Administration:<\/strong> 514-745-1690<\/p><\/div><\/div><div class=\"vce-text-block\"><div class=\"vce-text-block-wrapper vce\" id=\"el-ace99703\" data-vce-do-apply=\"all el-ace99703\"><h4><strong>Mississauga :<\/strong><\/h4><p style=\"line-height: 1.5;\">6911 Creditview Road, Mississauga, Ontario, L5N 8G1<\/p><p style=\"line-height: 1;\"><strong>Ventes : <\/strong>1-800-268-1220 | 416-243-7336<\/p><p style=\"line-height: 1;\"><strong>T\u00e9l\u00e9copieur des ventes :<\/strong> 416-240-0101<\/p><p style=\"line-height: 1;\"><strong>Service \u00e0 la client\u00e8le :<\/strong> 833-687-2511<\/p><p style=\"line-height: 1;\"><strong>T\u00e9l\u00e9copieur du service \u00e0 la client\u00e8le : <\/strong>416-240-1901<\/p><p style=\"line-height: 1;\"><strong>Services financiers : <\/strong>416-243-1947<\/p><p style=\"line-height: 1;\"><strong>T\u00e9l\u00e9copieur des services financiers :<\/strong> 416-240-2651<\/p><p style=\"line-height: 1;\"><strong>T\u00e9l\u00e9copieur du service commercial :<\/strong> 416-240-2606<\/p><p style=\"line-height: 1;\"><strong>Services techniques : <\/strong>416-243-2166 Option #1<\/p><p style=\"line-height: 1;\"><strong>Services Techniques en Fran\u00e7ais : <\/strong>416-243-2166 Option #2<\/p><p style=\"line-height: 1;\"><strong>T\u00e9l\u00e9copieur des autorisations de retour de produits (RMP) : <\/strong>416-240-1901<\/p><p style=\"line-height: 1;\"><strong>R\u00e9ception - Renseignements g\u00e9n\u00e9raux :<\/strong> 416-240-7012<\/p><\/div><\/div><div class=\"vce-text-block\"><div class=\"vce-text-block-wrapper vce\" id=\"el-8f43eb5e\" data-vce-do-apply=\"all el-8f43eb5e\"><h4><strong>Richmond :<\/strong><\/h4><p style=\"line-height: 1;\">7415 Nelson Rd, Unit 115, Richmond, British Columbia, V6W 1G3<\/p><p style=\"line-height: 0.5;\"> <\/p><p style=\"line-height: 1;\"><strong>Ventes : <\/strong>604-270-3296<\/p><\/div><\/div><div class=\"vce-text-block\"><div class=\"vce-text-block-wrapper vce\" id=\"el-dc0b6cae\" data-vce-do-apply=\"all el-dc0b6cae\"><h4><strong>Winnipeg :<\/strong><\/h4><p style=\"line-height: 1;\"><strong>Ventes:<\/strong> 800-268-1220<\/p><\/div><\/div><\/div><\/div><\/div><div class=\"vce-col vce-col--xs-100p vce-col--xs-visible vce-col--xs-last vce-col--xs-first vce-col--sm-100p vce-col--sm-visible vce-col--sm-last vce-col--sm-first vce-col--md-50p vce-col--md-visible vce-col--md-last vce-col--lg-50p vce-col--lg-visible vce-col--lg-last vce-col--xl-50p vce-col--xl-visible vce-col--xl-last\" id=\"el-35ccc3fa\"><div class=\"vce-col-inner\" data-vce-do-apply=\"border margin background  el-35ccc3fa\"><div class=\"vce-content-background-container\"><\/div><div class=\"vce-col-content\" data-vce-element-content=\"true\" data-vce-do-apply=\"padding el-35ccc3fa\"><div class=\"vce-text-block\"><div class=\"vce-text-block-wrapper vce\" id=\"el-b777d128\" data-vce-do-apply=\"all el-b777d128\"><h2>Warehouses<\/h2><\/div><\/div><div class=\"vce-text-block\"><div class=\"vce-text-block-wrapper vce\" id=\"el-eb9f6658\" data-vce-do-apply=\"all el-eb9f6658\"><h4><strong>Calgary<\/strong><\/h4><p>5280 72 Ave SE, Calgary AB T2C 4G6<\/p><\/div><\/div><div class=\"vce-text-block\"><div class=\"vce-text-block-wrapper vce\" id=\"el-fce243e9\" data-vce-do-apply=\"all el-fce243e9\"><h4><strong>Guelph :<\/strong><\/h4><p>107 Woodlawn Road West, Guelph ON, N1H 1B4<\/p><\/div><\/div><div class=\"vce-text-block\"><div class=\"vce-text-block-wrapper vce\" id=\"el-c2445f19\" data-vce-do-apply=\"all el-c2445f19\"><h4><strong>Halifax :<\/strong><\/h4><p>122 Dorey Avenue, Unit 1, Dartmouth, NS B3B0B1<\/p><\/div><\/div><div class=\"vce-text-block\"><div class=\"vce-text-block-wrapper vce\" id=\"el-de393890\" data-vce-do-apply=\"all el-de393890\"><h4><strong>Mississauga :<\/strong><\/h4><p>6901 Creditview Road, Mississauga, Ontario, L5N 8E9<\/p><\/div><\/div><div class=\"vce-text-block\"><div class=\"vce-text-block-wrapper vce\" id=\"el-5dde665d\" data-vce-do-apply=\"all el-5dde665d\"><h4><strong>Richmond :<\/strong><\/h4><p>7415 Nelson Rd, Unit 115 Richmond, British Columbia V6W 1G3<\/p><\/div><\/div><\/div><\/div><\/div><\/div><\/div><\/div>","protected":false},"excerpt":{"rendered":"Bureaux de vente et entrep\u00f4ts au CanadaBureaux de venteCalgaryVentes : 800-268-1220Guelph :107 Woodlawn Road West, Guelph ON, N1H 1B4 Ventes: 800-265-7212 | 800-268-1220 | 519-837-2444T\u00e9l\u00e9copieur des ventes : 877-801-6300 | 519-836-1914Administration : 844-259-1225Halifax :Ventes : 800-268-1220Montreal :3300 Boulevard De La Cote-Vertu (Suite 310), Saint-Laurent, QC H4R 2B7 Ventes : 800-363-2821 | 800-268-1220 | 514-745-1695T\u00e9l\u00e9copieur des [&hellip;]","protected":false},"author":12,"featured_media":0,"parent":0,"menu_order":0,"comment_status":"closed","ping_status":"closed","template":"","meta":{"footnotes":""},"class_list":["post-2303","page","type-page","status-publish","hentry"],"yoast_head":"<!-- This site is optimized with the Yoast SEO plugin v26.1.1 - https:\/\/yoast.com\/wordpress\/plugins\/seo\/ -->\n<title>Ventes et entrep\u00f4ts - TD SYNNEX Canada<\/title>\n<meta name=\"robots\" content=\"index, follow, max-snippet:-1, max-image-preview:large, max-video-preview:-1\" \/>\n<link rel=\"canonical\" href=\"https:\/\/www.tdsynnex.com\/na\/ca\/fr\/ventes-et-entrepots\/\" \/>\n<meta property=\"og:locale\" content=\"fr_FR\" \/>\n<meta property=\"og:type\" content=\"article\" \/>\n<meta property=\"og:title\" content=\"Ventes et entrep\u00f4ts - TD SYNNEX Canada\" \/>\n<meta property=\"og:description\" content=\"Bureaux de vente et entrep\u00f4ts au CanadaBureaux de venteCalgaryVentes : 800-268-1220Guelph :107 Woodlawn Road West, Guelph ON, N1H 1B4 Ventes: 800-265-7212 | 800-268-1220 | 519-837-2444T\u00e9l\u00e9copieur des ventes : 877-801-6300 | 519-836-1914Administration : 844-259-1225Halifax :Ventes : 800-268-1220Montreal :3300 Boulevard De La Cote-Vertu (Suite 310), Saint-Laurent, QC H4R 2B7 Ventes : 800-363-2821 | 800-268-1220 | 514-745-1695T\u00e9l\u00e9copieur des [&hellip;]\" \/>\n<meta property=\"og:url\" content=\"https:\/\/www.tdsynnex.com\/na\/ca\/fr\/ventes-et-entrepots\/\" \/>\n<meta property=\"og:site_name\" content=\"TD SYNNEX Canada\" \/>\n<meta property=\"article:modified_time\" content=\"2025-06-19T16:15:15+00:00\" \/>\n<meta name=\"twitter:card\" content=\"summary_large_image\" \/>\n<meta name=\"twitter:label1\" content=\"Dur\u00e9e de lecture estim\u00e9e\" \/>\n\t<meta name=\"twitter:data1\" content=\"1 minute\" \/>\n<script type=\"application\/ld+json\" class=\"yoast-schema-graph\">{\"@context\":\"https:\/\/schema.org\",\"@graph\":[{\"@type\":\"WebPage\",\"@id\":\"https:\/\/www.tdsynnex.com\/na\/ca\/fr\/ventes-et-entrepots\/\",\"url\":\"https:\/\/www.tdsynnex.com\/na\/ca\/fr\/ventes-et-entrepots\/\",\"name\":\"Ventes et entrep\u00f4ts - TD SYNNEX Canada\",\"isPartOf\":{\"@id\":\"https:\/\/www.tdsynnex.com\/na\/ca\/#website\"},\"datePublished\":\"2022-11-22T18:22:11+00:00\",\"dateModified\":\"2025-06-19T16:15:15+00:00\",\"breadcrumb\":{\"@id\":\"https:\/\/www.tdsynnex.com\/na\/ca\/fr\/ventes-et-entrepots\/#breadcrumb\"},\"inLanguage\":\"fr-FR\",\"potentialAction\":[{\"@type\":\"ReadAction\",\"target\":[\"https:\/\/www.tdsynnex.com\/na\/ca\/fr\/ventes-et-entrepots\/\"]}]},{\"@type\":\"BreadcrumbList\",\"@id\":\"https:\/\/www.tdsynnex.com\/na\/ca\/fr\/ventes-et-entrepots\/#breadcrumb\",\"itemListElement\":[{\"@type\":\"ListItem\",\"position\":1,\"name\":\"Home\",\"item\":\"https:\/\/www.tdsynnex.com\/na\/ca\/fr\/\"},{\"@type\":\"ListItem\",\"position\":2,\"name\":\"Ventes et entrep\u00f4ts\"}]},{\"@type\":\"WebSite\",\"@id\":\"https:\/\/www.tdsynnex.com\/na\/ca\/#website\",\"url\":\"https:\/\/www.tdsynnex.com\/na\/ca\/\",\"name\":\"TD SYNNEX Canada\",\"description\":\"\",\"publisher\":{\"@id\":\"https:\/\/www.tdsynnex.com\/na\/ca\/#organization\"},\"potentialAction\":[{\"@type\":\"SearchAction\",\"target\":{\"@type\":\"EntryPoint\",\"urlTemplate\":\"https:\/\/www.tdsynnex.com\/na\/ca\/?s={search_term_string}\"},\"query-input\":{\"@type\":\"PropertyValueSpecification\",\"valueRequired\":true,\"valueName\":\"search_term_string\"}}],\"inLanguage\":\"fr-FR\"},{\"@type\":\"Organization\",\"@id\":\"https:\/\/www.tdsynnex.com\/na\/ca\/#organization\",\"name\":\"TD SYNNEX Canada\",\"url\":\"https:\/\/www.tdsynnex.com\/na\/ca\/\",\"logo\":{\"@type\":\"ImageObject\",\"inLanguage\":\"fr-FR\",\"@id\":\"https:\/\/www.tdsynnex.com\/na\/ca\/#\/schema\/logo\/image\/\",\"url\":\"https:\/\/www.tdsynnex.com\/na\/ca\/wp-content\/uploads\/sites\/3\/2022\/08\/TDSYNNEXLogo@2x.png\",\"contentUrl\":\"https:\/\/www.tdsynnex.com\/na\/ca\/wp-content\/uploads\/sites\/3\/2022\/08\/TDSYNNEXLogo@2x.png\",\"width\":370,\"height\":72,\"caption\":\"TD SYNNEX Canada\"},\"image\":{\"@id\":\"https:\/\/www.tdsynnex.com\/na\/ca\/#\/schema\/logo\/image\/\"}}]}<\/script>\n<!-- \/ Yoast SEO plugin. -->","yoast_head_json":{"title":"Ventes et entrep\u00f4ts - TD SYNNEX Canada","robots":{"index":"index","follow":"follow","max-snippet":"max-snippet:-1","max-image-preview":"max-image-preview:large","max-video-preview":"max-video-preview:-1"},"canonical":"https:\/\/www.tdsynnex.com\/na\/ca\/fr\/ventes-et-entrepots\/","og_locale":"fr_FR","og_type":"article","og_title":"Ventes et entrep\u00f4ts - TD SYNNEX Canada","og_description":"Bureaux de vente et entrep\u00f4ts au CanadaBureaux de venteCalgaryVentes : 800-268-1220Guelph :107 Woodlawn Road West, Guelph ON, N1H 1B4 Ventes: 800-265-7212 | 800-268-1220 | 519-837-2444T\u00e9l\u00e9copieur des ventes : 877-801-6300 | 519-836-1914Administration : 844-259-1225Halifax :Ventes : 800-268-1220Montreal :3300 Boulevard De La Cote-Vertu (Suite 310), Saint-Laurent, QC H4R 2B7 Ventes : 800-363-2821 | 800-268-1220 | 514-745-1695T\u00e9l\u00e9copieur des [&hellip;]","og_url":"https:\/\/www.tdsynnex.com\/na\/ca\/fr\/ventes-et-entrepots\/","og_site_name":"TD SYNNEX Canada","article_modified_time":"2025-06-19T16:15:15+00:00","twitter_card":"summary_large_image","twitter_misc":{"Dur\u00e9e de lecture estim\u00e9e":"1 minute"},"schema":{"@context":"https:\/\/schema.org","@graph":[{"@type":"WebPage","@id":"https:\/\/www.tdsynnex.com\/na\/ca\/fr\/ventes-et-entrepots\/","url":"https:\/\/www.tdsynnex.com\/na\/ca\/fr\/ventes-et-entrepots\/","name":"Ventes et entrep\u00f4ts - TD SYNNEX Canada","isPartOf":{"@id":"https:\/\/www.tdsynnex.com\/na\/ca\/#website"},"datePublished":"2022-11-22T18:22:11+00:00","dateModified":"2025-06-19T16:15:15+00:00","breadcrumb":{"@id":"https:\/\/www.tdsynnex.com\/na\/ca\/fr\/ventes-et-entrepots\/#breadcrumb"},"inLanguage":"fr-FR","potentialAction":[{"@type":"ReadAction","target":["https:\/\/www.tdsynnex.com\/na\/ca\/fr\/ventes-et-entrepots\/"]}]},{"@type":"BreadcrumbList","@id":"https:\/\/www.tdsynnex.com\/na\/ca\/fr\/ventes-et-entrepots\/#breadcrumb","itemListElement":[{"@type":"ListItem","position":1,"name":"Home","item":"https:\/\/www.tdsynnex.com\/na\/ca\/fr\/"},{"@type":"ListItem","position":2,"name":"Ventes et entrep\u00f4ts"}]},{"@type":"WebSite","@id":"https:\/\/www.tdsynnex.com\/na\/ca\/#website","url":"https:\/\/www.tdsynnex.com\/na\/ca\/","name":"TD SYNNEX Canada","description":"","publisher":{"@id":"https:\/\/www.tdsynnex.com\/na\/ca\/#organization"},"potentialAction":[{"@type":"SearchAction","target":{"@type":"EntryPoint","urlTemplate":"https:\/\/www.tdsynnex.com\/na\/ca\/?s={search_term_string}"},"query-input":{"@type":"PropertyValueSpecification","valueRequired":true,"valueName":"search_term_string"}}],"inLanguage":"fr-FR"},{"@type":"Organization","@id":"https:\/\/www.tdsynnex.com\/na\/ca\/#organization","name":"TD SYNNEX Canada","url":"https:\/\/www.tdsynnex.com\/na\/ca\/","logo":{"@type":"ImageObject","inLanguage":"fr-FR","@id":"https:\/\/www.tdsynnex.com\/na\/ca\/#\/schema\/logo\/image\/","url":"https:\/\/www.tdsynnex.com\/na\/ca\/wp-content\/uploads\/sites\/3\/2022\/08\/TDSYNNEXLogo@2x.png","contentUrl":"https:\/\/www.tdsynnex.com\/na\/ca\/wp-content\/uploads\/sites\/3\/2022\/08\/TDSYNNEXLogo@2x.png","width":370,"height":72,"caption":"TD SYNNEX Canada"},"image":{"@id":"https:\/\/www.tdsynnex.com\/na\/ca\/#\/schema\/logo\/image\/"}}]}},"_links":{"self":[{"href":"https:\/\/www.tdsynnex.com\/na\/ca\/fr\/wp-json\/wp\/v2\/pages\/2303","targetHints":{"allow":["GET"]}}],"collection":[{"href":"https:\/\/www.tdsynnex.com\/na\/ca\/fr\/wp-json\/wp\/v2\/pages"}],"about":[{"href":"https:\/\/www.tdsynnex.com\/na\/ca\/fr\/wp-json\/wp\/v2\/types\/page"}],"author":[{"embeddable":true,"href":"https:\/\/www.tdsynnex.com\/na\/ca\/fr\/wp-json\/wp\/v2\/users\/12"}],"replies":[{"embeddable":true,"href":"https:\/\/www.tdsynnex.com\/na\/ca\/fr\/wp-json\/wp\/v2\/comments?post=2303"}],"version-history":[{"count":0,"href":"https:\/\/www.tdsynnex.com\/na\/ca\/fr\/wp-json\/wp\/v2\/pages\/2303\/revisions"}],"wp:attachment":[{"href":"https:\/\/www.tdsynnex.com\/na\/ca\/fr\/wp-json\/wp\/v2\/media?parent=2303"}],"curies":[{"name":"wp","href":"https:\/\/api.w.org\/{rel}","templated":true}]}}