{"id":2304,"date":"2024-06-06T09:16:35","date_gmt":"2024-06-06T13:16:35","guid":{"rendered":"https:\/\/www.tdsynnex.com\/na\/ca\/ecexpress-instructions\/"},"modified":"2025-06-19T12:14:36","modified_gmt":"2025-06-19T16:14:36","slug":"ecexpress-instructions","status":"publish","type":"page","link":"https:\/\/www.tdsynnex.com\/na\/ca\/fr\/ecexpress-instructions\/","title":{"rendered":"ECExpress Instructions"},"content":{"rendered":"<div class=\"vce-row-container\" data-vce-boxed-width=\"true\"><div class=\"vce-row vce-element--xl--has-background vce-element--lg--has-background vce-element--md--has-background vce-element--sm--has-background vce-element--xs--has-background vce-row--col-gap-30 vce-row-equal-height vce-row-content--middle\" id=\"el-ec9db9ad\" data-vce-do-apply=\"all el-ec9db9ad\"><div class=\"vce-content-background-container\"><div class=\"vce-asset-background-simple-container vce-visible-xl-only vce-asset-background-simple--style-cover vce-asset-background-simple--position-center-top\"><div class=\"vce-asset-background-simple\">\n              <div class=\"vce-asset-background-simple-item vcv-lozad\" data-background-image=\"https:\/\/www.tdsynnex.com\/na\/ca\/wp-content\/uploads\/sites\/2\/2022\/09\/Group-373.jpg\"><\/div>\n              <noscript>\n                <div class=\"vce-asset-background-simple-item\" style=\"background-image: url(https:\/\/www.tdsynnex.com\/na\/ca\/wp-content\/uploads\/sites\/2\/2022\/09\/Group-373.jpg)\"><\/div>\n              <\/noscript>\n            <\/div><\/div><div class=\"vce-asset-background-simple-container vce-visible-lg-only vce-asset-background-simple--style-cover vce-asset-background-simple--position-center-top\"><div class=\"vce-asset-background-simple\">\n              <div class=\"vce-asset-background-simple-item vcv-lozad\" data-background-image=\"https:\/\/www.tdsynnex.com\/na\/ca\/wp-content\/uploads\/sites\/2\/2022\/09\/Group-373.jpg\"><\/div>\n              <noscript>\n                <div class=\"vce-asset-background-simple-item\" style=\"background-image: url(https:\/\/www.tdsynnex.com\/na\/ca\/wp-content\/uploads\/sites\/2\/2022\/09\/Group-373.jpg)\"><\/div>\n              <\/noscript>\n            <\/div><\/div><div class=\"vce-asset-background-simple-container vce-visible-md-only vce-asset-background-simple--style-cover vce-asset-background-simple--position-center-top\"><div class=\"vce-asset-background-simple\">\n              <div class=\"vce-asset-background-simple-item vcv-lozad\" data-background-image=\"https:\/\/www.tdsynnex.com\/na\/ca\/wp-content\/uploads\/sites\/2\/2022\/09\/Group-373.jpg\"><\/div>\n              <noscript>\n                <div class=\"vce-asset-background-simple-item\" style=\"background-image: url(https:\/\/www.tdsynnex.com\/na\/ca\/wp-content\/uploads\/sites\/2\/2022\/09\/Group-373.jpg)\"><\/div>\n              <\/noscript>\n            <\/div><\/div><div class=\"vce-asset-background-simple-container vce-visible-sm-only vce-asset-background-simple--style-cover vce-asset-background-simple--position-center-top\"><div class=\"vce-asset-background-simple\">\n              <div class=\"vce-asset-background-simple-item vcv-lozad\" data-background-image=\"https:\/\/www.tdsynnex.com\/na\/ca\/wp-content\/uploads\/sites\/2\/2022\/09\/Group-373.jpg\"><\/div>\n              <noscript>\n                <div class=\"vce-asset-background-simple-item\" style=\"background-image: url(https:\/\/www.tdsynnex.com\/na\/ca\/wp-content\/uploads\/sites\/2\/2022\/09\/Group-373.jpg)\"><\/div>\n              <\/noscript>\n            <\/div><\/div><div class=\"vce-asset-background-simple-container vce-visible-xs-only vce-asset-background-simple--style-cover vce-asset-background-simple--position-center-top\"><div class=\"vce-asset-background-simple\">\n              <div class=\"vce-asset-background-simple-item vcv-lozad\" data-background-image=\"https:\/\/www.tdsynnex.com\/na\/ca\/wp-content\/uploads\/sites\/2\/2022\/09\/Group-373.jpg\"><\/div>\n              <noscript>\n                <div class=\"vce-asset-background-simple-item\" style=\"background-image: url(https:\/\/www.tdsynnex.com\/na\/ca\/wp-content\/uploads\/sites\/2\/2022\/09\/Group-373.jpg)\"><\/div>\n              <\/noscript>\n            <\/div><\/div><\/div><div class=\"vce-row-content\" data-vce-element-content=\"true\"><div class=\"vce-col vce-col--md-auto vce-col--xs-1 vce-col--xs-last vce-col--xs-first vce-col--sm-last vce-col--sm-first vce-col--md-last vce-col--lg-last vce-col--xl-last vce-col--md-first vce-col--lg-first vce-col--xl-first\" id=\"el-e0c87851\"><div class=\"vce-col-inner\" data-vce-do-apply=\"border margin background  el-e0c87851\"><div class=\"vce-col-content\" data-vce-element-content=\"true\" data-vce-do-apply=\"padding el-e0c87851\"><div class=\"vce-text-block\"><div class=\"vce-text-block-wrapper vce\" id=\"el-e0698c97\" data-vce-do-apply=\"all el-e0698c97\"><h1 style=\"text-align: center;\"><span style=\"color: #ffffff;\">Instructions de connexion ECExpress<\/span><\/h1><\/div><\/div><\/div><\/div><\/div><\/div><\/div><\/div><div class=\"vce-row-container\" data-vce-boxed-width=\"true\"><div class=\"vce-row vce-row--col-gap-30 sec-pad vce-row-equal-height vce-row-content--top\" id=\"el-6c457e3e\" data-vce-do-apply=\"all el-6c457e3e\"><div class=\"vce-content-background-container\"><\/div><div class=\"vce-row-content\" data-vce-element-content=\"true\"><div class=\"vce-col vce-col--xs-100p vce-col--xs-visible vce-col--xs-last vce-col--xs-first vce-col--sm-100p vce-col--sm-visible vce-col--sm-last vce-col--sm-first vce-col--md-100p vce-col--md-visible vce-col--md-last vce-col--md-first vce-col--lg-100p vce-col--lg-visible vce-col--lg-last vce-col--lg-first vce-col--xl-100p vce-col--xl-visible vce-col--xl-last vce-col--xl-first\" id=\"el-566ec000\"><div class=\"vce-col-inner\" data-vce-do-apply=\"border margin background  el-566ec000\"><div class=\"vce-content-background-container\"><\/div><div class=\"vce-col-content\" data-vce-element-content=\"true\" data-vce-do-apply=\"padding el-566ec000\"><div class=\"vce-text-block\"><div class=\"vce-text-block-wrapper vce\" id=\"el-b64443a0\" data-vce-do-apply=\"all el-b64443a0\"><h2>Inscrivez-vous \u00e0 ECExpress Access<\/h2><\/div><\/div><div class=\"vce-text-block\"><div class=\"vce-text-block-wrapper vce\" id=\"el-8c2ee34c\" data-vce-do-apply=\"all el-8c2ee34c\"><p>Avec l\u2019outil de commerce \u00e9lectronique TD SYNNEX ECExpress :<\/p><ul><li>Consultez les prix, v\u00e9rifiez la disponibilit\u00e9 et passez des commandes,<\/li><li>Cr\u00e9er des devis, soit pour votre entreprise, soit pour des clients finaux sp\u00e9cifiques,<\/li><li>V\u00e9rifier l\u2019\u00e9tat des commandes et t\u00e9l\u00e9charger les factures<\/li><li>Recevez des courriels de suivi de commande en ligne via notre outil de messagerie XpressTrak,<\/li><li>Service de livraison de rapports : abonnez-vous \u00e0 la livraison planifi\u00e9e automatis\u00e9e de rapports courants, tels que les exp\u00e9ditions le jour pr\u00e9c\u00e9dent, les commandes factur\u00e9es, etc.<\/li><li>eRMA : cr\u00e9er une demande RMA et v\u00e9rifier le statut RMA<\/li><li>Consultez le portail d\u2019offres, une liste de tous vos accords de prix sp\u00e9ciaux (SPA) actuels,<\/li><li>PromoCentral, qui r\u00e9pertorie les programmes des fournisseurs et les remises auxquelles vous avez droit,<\/li><li>Profitez des services offerts par notre CLOUDSolv (<a href=\"https:\/\/www.tdsynnex.com\/na\/ca\/cloudsolv\/\" target=\"_blank\" rel=\"noopener\">info<\/a>), RENEWSolv (<a href=\"https:\/\/www.synnexcorp.com\/ca\/servicesolv\/renewsolv\/\">info<\/a>), MOBILITYSolv (<a href=\"http:\/\/www.synnex.ca\/MOBILITYSolv\/index.html\">info<\/a>) outils en ligne,<\/li><li>Acc\u00e9dez aux outils de recherche de produits HP, HP Enterprise, Dell et d\u2019autres fournisseurs,<\/li><li>et plus encore.<\/li><\/ul><\/div><\/div><\/div><\/div><\/div><\/div><\/div><\/div><div class=\"vce-row-container\" data-vce-boxed-width=\"true\"><div class=\"vce-row vce-row--col-gap-30 sec-pad vce-row-equal-height vce-row-content--top\" id=\"el-7b73a820\" data-vce-do-apply=\"all el-7b73a820\"><div class=\"vce-content-background-container\"><\/div><div class=\"vce-row-content\" data-vce-element-content=\"true\"><div class=\"vce-col vce-col--xs-100p vce-col--xs-visible vce-col--xs-last vce-col--xs-first vce-col--sm-100p vce-col--sm-visible vce-col--sm-last vce-col--sm-first vce-col--md-100p vce-col--md-visible vce-col--md-last vce-col--md-first vce-col--lg-100p vce-col--lg-visible vce-col--lg-last vce-col--lg-first vce-col--xl-100p vce-col--xl-visible vce-col--xl-last vce-col--xl-first\" id=\"el-095dfaca\"><div class=\"vce-col-inner\" data-vce-do-apply=\"border margin background  el-095dfaca\"><div class=\"vce-content-background-container\"><\/div><div class=\"vce-col-content\" data-vce-element-content=\"true\" data-vce-do-apply=\"padding el-095dfaca\"><div class=\"vce-text-block\"><div class=\"vce-text-block-wrapper vce\" id=\"el-d179c530\" data-vce-do-apply=\"all el-d179c530\"><h2>Comment obtenir l\u2019acc\u00e8s ECExpress<\/h2><\/div><\/div><div class=\"vce-text-block\"><div class=\"vce-text-block-wrapper vce\" id=\"el-6a308906\" data-vce-do-apply=\"all el-6a308906\"><p>Les revendeurs autoris\u00e9s de TD SYNNEX qui ont besoin d\u2019un nom d\u2019utilisateur et d\u2019un mot de passe peuvent communiquer avec leur repr\u00e9sentant commercial ou avec les services d\u2019assistance de TD SYNNEX :<\/p><ul><li>Courriel : <a href=\"mailto:helpdeskcanada@tdsynnex.com\">helpdeskcanada@tdsynnex.com<\/a><\/li><li>T\u00e9l\u00e9phone : 416-240-2900 ; Du lundi au vendredi (7 h 30 \u00e0 21 h HE \/ 4 h 30 \u00e0 18 h HP)<\/li><\/ul><p>Veuillez pr\u00e9voir jusqu\u2019\u00e0 72 heures pour l\u2019\u00e9mission de votre mot de passe.<\/p><\/div><\/div><\/div><\/div><\/div><\/div><\/div><\/div><div class=\"vce-row-container\" data-vce-boxed-width=\"true\"><div class=\"vce-row vce-row--col-gap-30 sec-pad vce-row-equal-height vce-row-content--top\" id=\"el-8a05feb5\" data-vce-do-apply=\"all el-8a05feb5\"><div class=\"vce-content-background-container\"><\/div><div class=\"vce-row-content\" data-vce-element-content=\"true\"><div class=\"vce-col vce-col--xs-100p vce-col--xs-visible vce-col--xs-last vce-col--xs-first vce-col--sm-100p vce-col--sm-visible vce-col--sm-last vce-col--sm-first vce-col--md-100p vce-col--md-visible vce-col--md-last vce-col--md-first vce-col--lg-100p vce-col--lg-visible vce-col--lg-last vce-col--lg-first vce-col--xl-100p vce-col--xl-visible vce-col--xl-last vce-col--xl-first\" id=\"el-24773fd9\"><div class=\"vce-col-inner\" data-vce-do-apply=\"border margin background  el-24773fd9\"><div class=\"vce-content-background-container\"><\/div><div class=\"vce-col-content\" data-vce-element-content=\"true\" data-vce-do-apply=\"padding el-24773fd9\"><div class=\"vce-text-block\"><div class=\"vce-text-block-wrapper vce\" id=\"el-4484a54b\" data-vce-do-apply=\"all el-4484a54b\"><h2>Vous n\u2019avez pas de compte TD SYNNEX ?<\/h2><\/div><\/div><div class=\"vce-text-block\"><div class=\"vce-text-block-wrapper vce\" id=\"el-d9048acb\" data-vce-do-apply=\"all el-d9048acb\"><a href=\"https:\/\/www.tdsynnex.com\/na\/ca\/fr\/nouveau-client-ecexpress\/\">Visitez notre page Nouveaux clients<\/a> pour plus d\u2019informations.<\/div><\/div><\/div><\/div><\/div><\/div><\/div><\/div>","protected":false},"excerpt":{"rendered":"Instructions de connexion ECExpressInscrivez-vous \u00e0 ECExpress AccessAvec l\u2019outil de commerce \u00e9lectronique TD SYNNEX ECExpress :Consultez les prix, v\u00e9rifiez la disponibilit\u00e9 et passez des commandes,Cr\u00e9er des devis, soit pour votre entreprise, soit pour des clients finaux sp\u00e9cifiques,V\u00e9rifier l\u2019\u00e9tat des commandes et t\u00e9l\u00e9charger les facturesRecevez des courriels de suivi de commande en ligne via notre outil de [&hellip;]","protected":false},"author":12,"featured_media":0,"parent":0,"menu_order":0,"comment_status":"closed","ping_status":"closed","template":"","meta":{"footnotes":""},"class_list":["post-2304","page","type-page","status-publish","hentry"],"yoast_head":"<!-- This site is optimized with the Yoast SEO plugin v26.1.1 - https:\/\/yoast.com\/wordpress\/plugins\/seo\/ -->\n<title>ECExpress Instructions - TD SYNNEX Canada<\/title>\n<meta name=\"robots\" content=\"index, follow, max-snippet:-1, max-image-preview:large, max-video-preview:-1\" \/>\n<link rel=\"canonical\" href=\"https:\/\/www.tdsynnex.com\/na\/ca\/fr\/ecexpress-instructions\/\" \/>\n<meta property=\"og:locale\" content=\"fr_FR\" \/>\n<meta property=\"og:type\" content=\"article\" \/>\n<meta property=\"og:title\" content=\"ECExpress Instructions - TD SYNNEX Canada\" \/>\n<meta property=\"og:description\" content=\"Instructions de connexion ECExpressInscrivez-vous \u00e0 ECExpress AccessAvec l\u2019outil de commerce \u00e9lectronique TD SYNNEX ECExpress :Consultez les prix, v\u00e9rifiez la disponibilit\u00e9 et passez des commandes,Cr\u00e9er des devis, soit pour votre entreprise, soit pour des clients finaux sp\u00e9cifiques,V\u00e9rifier l\u2019\u00e9tat des commandes et t\u00e9l\u00e9charger les facturesRecevez des courriels de suivi de commande en ligne via notre outil de [&hellip;]\" \/>\n<meta property=\"og:url\" content=\"https:\/\/www.tdsynnex.com\/na\/ca\/fr\/ecexpress-instructions\/\" \/>\n<meta property=\"og:site_name\" content=\"TD SYNNEX Canada\" \/>\n<meta property=\"article:modified_time\" content=\"2025-06-19T16:14:36+00:00\" \/>\n<meta name=\"twitter:card\" content=\"summary_large_image\" \/>\n<meta name=\"twitter:label1\" content=\"Dur\u00e9e de lecture estim\u00e9e\" \/>\n\t<meta name=\"twitter:data1\" content=\"1 minute\" \/>\n<script type=\"application\/ld+json\" class=\"yoast-schema-graph\">{\"@context\":\"https:\/\/schema.org\",\"@graph\":[{\"@type\":\"WebPage\",\"@id\":\"https:\/\/www.tdsynnex.com\/na\/ca\/fr\/ecexpress-instructions\/\",\"url\":\"https:\/\/www.tdsynnex.com\/na\/ca\/fr\/ecexpress-instructions\/\",\"name\":\"ECExpress Instructions - TD SYNNEX Canada\",\"isPartOf\":{\"@id\":\"https:\/\/www.tdsynnex.com\/na\/ca\/#website\"},\"datePublished\":\"2024-06-06T13:16:35+00:00\",\"dateModified\":\"2025-06-19T16:14:36+00:00\",\"breadcrumb\":{\"@id\":\"https:\/\/www.tdsynnex.com\/na\/ca\/fr\/ecexpress-instructions\/#breadcrumb\"},\"inLanguage\":\"fr-FR\",\"potentialAction\":[{\"@type\":\"ReadAction\",\"target\":[\"https:\/\/www.tdsynnex.com\/na\/ca\/fr\/ecexpress-instructions\/\"]}]},{\"@type\":\"BreadcrumbList\",\"@id\":\"https:\/\/www.tdsynnex.com\/na\/ca\/fr\/ecexpress-instructions\/#breadcrumb\",\"itemListElement\":[{\"@type\":\"ListItem\",\"position\":1,\"name\":\"Home\",\"item\":\"https:\/\/www.tdsynnex.com\/na\/ca\/fr\/\"},{\"@type\":\"ListItem\",\"position\":2,\"name\":\"ECExpress Instructions\"}]},{\"@type\":\"WebSite\",\"@id\":\"https:\/\/www.tdsynnex.com\/na\/ca\/#website\",\"url\":\"https:\/\/www.tdsynnex.com\/na\/ca\/\",\"name\":\"TD SYNNEX Canada\",\"description\":\"\",\"publisher\":{\"@id\":\"https:\/\/www.tdsynnex.com\/na\/ca\/#organization\"},\"potentialAction\":[{\"@type\":\"SearchAction\",\"target\":{\"@type\":\"EntryPoint\",\"urlTemplate\":\"https:\/\/www.tdsynnex.com\/na\/ca\/?s={search_term_string}\"},\"query-input\":{\"@type\":\"PropertyValueSpecification\",\"valueRequired\":true,\"valueName\":\"search_term_string\"}}],\"inLanguage\":\"fr-FR\"},{\"@type\":\"Organization\",\"@id\":\"https:\/\/www.tdsynnex.com\/na\/ca\/#organization\",\"name\":\"TD SYNNEX Canada\",\"url\":\"https:\/\/www.tdsynnex.com\/na\/ca\/\",\"logo\":{\"@type\":\"ImageObject\",\"inLanguage\":\"fr-FR\",\"@id\":\"https:\/\/www.tdsynnex.com\/na\/ca\/#\/schema\/logo\/image\/\",\"url\":\"https:\/\/www.tdsynnex.com\/na\/ca\/wp-content\/uploads\/sites\/3\/2022\/08\/TDSYNNEXLogo@2x.png\",\"contentUrl\":\"https:\/\/www.tdsynnex.com\/na\/ca\/wp-content\/uploads\/sites\/3\/2022\/08\/TDSYNNEXLogo@2x.png\",\"width\":370,\"height\":72,\"caption\":\"TD SYNNEX Canada\"},\"image\":{\"@id\":\"https:\/\/www.tdsynnex.com\/na\/ca\/#\/schema\/logo\/image\/\"}}]}<\/script>\n<!-- \/ Yoast SEO plugin. -->","yoast_head_json":{"title":"ECExpress Instructions - TD SYNNEX Canada","robots":{"index":"index","follow":"follow","max-snippet":"max-snippet:-1","max-image-preview":"max-image-preview:large","max-video-preview":"max-video-preview:-1"},"canonical":"https:\/\/www.tdsynnex.com\/na\/ca\/fr\/ecexpress-instructions\/","og_locale":"fr_FR","og_type":"article","og_title":"ECExpress Instructions - TD SYNNEX Canada","og_description":"Instructions de connexion ECExpressInscrivez-vous \u00e0 ECExpress AccessAvec l\u2019outil de commerce \u00e9lectronique TD SYNNEX ECExpress :Consultez les prix, v\u00e9rifiez la disponibilit\u00e9 et passez des commandes,Cr\u00e9er des devis, soit pour votre entreprise, soit pour des clients finaux sp\u00e9cifiques,V\u00e9rifier l\u2019\u00e9tat des commandes et t\u00e9l\u00e9charger les facturesRecevez des courriels de suivi de commande en ligne via notre outil de [&hellip;]","og_url":"https:\/\/www.tdsynnex.com\/na\/ca\/fr\/ecexpress-instructions\/","og_site_name":"TD SYNNEX Canada","article_modified_time":"2025-06-19T16:14:36+00:00","twitter_card":"summary_large_image","twitter_misc":{"Dur\u00e9e de lecture estim\u00e9e":"1 minute"},"schema":{"@context":"https:\/\/schema.org","@graph":[{"@type":"WebPage","@id":"https:\/\/www.tdsynnex.com\/na\/ca\/fr\/ecexpress-instructions\/","url":"https:\/\/www.tdsynnex.com\/na\/ca\/fr\/ecexpress-instructions\/","name":"ECExpress Instructions - TD SYNNEX Canada","isPartOf":{"@id":"https:\/\/www.tdsynnex.com\/na\/ca\/#website"},"datePublished":"2024-06-06T13:16:35+00:00","dateModified":"2025-06-19T16:14:36+00:00","breadcrumb":{"@id":"https:\/\/www.tdsynnex.com\/na\/ca\/fr\/ecexpress-instructions\/#breadcrumb"},"inLanguage":"fr-FR","potentialAction":[{"@type":"ReadAction","target":["https:\/\/www.tdsynnex.com\/na\/ca\/fr\/ecexpress-instructions\/"]}]},{"@type":"BreadcrumbList","@id":"https:\/\/www.tdsynnex.com\/na\/ca\/fr\/ecexpress-instructions\/#breadcrumb","itemListElement":[{"@type":"ListItem","position":1,"name":"Home","item":"https:\/\/www.tdsynnex.com\/na\/ca\/fr\/"},{"@type":"ListItem","position":2,"name":"ECExpress Instructions"}]},{"@type":"WebSite","@id":"https:\/\/www.tdsynnex.com\/na\/ca\/#website","url":"https:\/\/www.tdsynnex.com\/na\/ca\/","name":"TD SYNNEX Canada","description":"","publisher":{"@id":"https:\/\/www.tdsynnex.com\/na\/ca\/#organization"},"potentialAction":[{"@type":"SearchAction","target":{"@type":"EntryPoint","urlTemplate":"https:\/\/www.tdsynnex.com\/na\/ca\/?s={search_term_string}"},"query-input":{"@type":"PropertyValueSpecification","valueRequired":true,"valueName":"search_term_string"}}],"inLanguage":"fr-FR"},{"@type":"Organization","@id":"https:\/\/www.tdsynnex.com\/na\/ca\/#organization","name":"TD SYNNEX Canada","url":"https:\/\/www.tdsynnex.com\/na\/ca\/","logo":{"@type":"ImageObject","inLanguage":"fr-FR","@id":"https:\/\/www.tdsynnex.com\/na\/ca\/#\/schema\/logo\/image\/","url":"https:\/\/www.tdsynnex.com\/na\/ca\/wp-content\/uploads\/sites\/3\/2022\/08\/TDSYNNEXLogo@2x.png","contentUrl":"https:\/\/www.tdsynnex.com\/na\/ca\/wp-content\/uploads\/sites\/3\/2022\/08\/TDSYNNEXLogo@2x.png","width":370,"height":72,"caption":"TD SYNNEX Canada"},"image":{"@id":"https:\/\/www.tdsynnex.com\/na\/ca\/#\/schema\/logo\/image\/"}}]}},"_links":{"self":[{"href":"https:\/\/www.tdsynnex.com\/na\/ca\/fr\/wp-json\/wp\/v2\/pages\/2304","targetHints":{"allow":["GET"]}}],"collection":[{"href":"https:\/\/www.tdsynnex.com\/na\/ca\/fr\/wp-json\/wp\/v2\/pages"}],"about":[{"href":"https:\/\/www.tdsynnex.com\/na\/ca\/fr\/wp-json\/wp\/v2\/types\/page"}],"author":[{"embeddable":true,"href":"https:\/\/www.tdsynnex.com\/na\/ca\/fr\/wp-json\/wp\/v2\/users\/12"}],"replies":[{"embeddable":true,"href":"https:\/\/www.tdsynnex.com\/na\/ca\/fr\/wp-json\/wp\/v2\/comments?post=2304"}],"version-history":[{"count":0,"href":"https:\/\/www.tdsynnex.com\/na\/ca\/fr\/wp-json\/wp\/v2\/pages\/2304\/revisions"}],"wp:attachment":[{"href":"https:\/\/www.tdsynnex.com\/na\/ca\/fr\/wp-json\/wp\/v2\/media?parent=2304"}],"curies":[{"name":"wp","href":"https:\/\/api.w.org\/{rel}","templated":true}]}}