{"id":2305,"date":"2024-06-06T10:18:12","date_gmt":"2024-06-06T14:18:12","guid":{"rendered":"https:\/\/www.tdsynnex.com\/na\/ca\/application-mobile-ecexpress\/"},"modified":"2025-06-19T12:15:18","modified_gmt":"2025-06-19T16:15:18","slug":"application-mobile-ecexpress","status":"publish","type":"page","link":"https:\/\/www.tdsynnex.com\/na\/ca\/fr\/application-mobile-ecexpress\/","title":{"rendered":"Application mobile ECExpress"},"content":{"rendered":"<div class=\"vce-row-container\" data-vce-boxed-width=\"true\"><div class=\"vce-row vce-element--xl--has-background vce-element--lg--has-background vce-element--md--has-background vce-element--sm--has-background vce-element--xs--has-background vce-row--col-gap-30 vce-row-equal-height vce-row-content--middle\" id=\"el-82d885ef\" data-vce-do-apply=\"all el-82d885ef\"><div class=\"vce-content-background-container\"><div class=\"vce-asset-background-simple-container vce-visible-xl-only vce-asset-background-simple--style-cover vce-asset-background-simple--position-center-top\"><div class=\"vce-asset-background-simple\">\n              <div class=\"vce-asset-background-simple-item vcv-lozad\" data-background-image=\"https:\/\/www.tdsynnex.com\/na\/ca\/wp-content\/uploads\/sites\/2\/2022\/09\/Group-373.jpg\"><\/div>\n              <noscript>\n                <div class=\"vce-asset-background-simple-item\" style=\"background-image: url(https:\/\/www.tdsynnex.com\/na\/ca\/wp-content\/uploads\/sites\/2\/2022\/09\/Group-373.jpg)\"><\/div>\n              <\/noscript>\n            <\/div><\/div><div class=\"vce-asset-background-simple-container vce-visible-lg-only vce-asset-background-simple--style-cover vce-asset-background-simple--position-center-top\"><div class=\"vce-asset-background-simple\">\n              <div class=\"vce-asset-background-simple-item vcv-lozad\" data-background-image=\"https:\/\/www.tdsynnex.com\/na\/ca\/wp-content\/uploads\/sites\/2\/2022\/09\/Group-373.jpg\"><\/div>\n              <noscript>\n                <div class=\"vce-asset-background-simple-item\" style=\"background-image: url(https:\/\/www.tdsynnex.com\/na\/ca\/wp-content\/uploads\/sites\/2\/2022\/09\/Group-373.jpg)\"><\/div>\n              <\/noscript>\n            <\/div><\/div><div class=\"vce-asset-background-simple-container vce-visible-md-only vce-asset-background-simple--style-cover vce-asset-background-simple--position-center-top\"><div class=\"vce-asset-background-simple\">\n              <div class=\"vce-asset-background-simple-item vcv-lozad\" data-background-image=\"https:\/\/www.tdsynnex.com\/na\/ca\/wp-content\/uploads\/sites\/2\/2022\/09\/Group-373.jpg\"><\/div>\n              <noscript>\n                <div class=\"vce-asset-background-simple-item\" style=\"background-image: url(https:\/\/www.tdsynnex.com\/na\/ca\/wp-content\/uploads\/sites\/2\/2022\/09\/Group-373.jpg)\"><\/div>\n              <\/noscript>\n            <\/div><\/div><div class=\"vce-asset-background-simple-container vce-visible-sm-only vce-asset-background-simple--style-cover vce-asset-background-simple--position-center-top\"><div class=\"vce-asset-background-simple\">\n              <div class=\"vce-asset-background-simple-item vcv-lozad\" data-background-image=\"https:\/\/www.tdsynnex.com\/na\/ca\/wp-content\/uploads\/sites\/2\/2022\/09\/Group-373.jpg\"><\/div>\n              <noscript>\n                <div class=\"vce-asset-background-simple-item\" style=\"background-image: url(https:\/\/www.tdsynnex.com\/na\/ca\/wp-content\/uploads\/sites\/2\/2022\/09\/Group-373.jpg)\"><\/div>\n              <\/noscript>\n            <\/div><\/div><div class=\"vce-asset-background-simple-container vce-visible-xs-only vce-asset-background-simple--style-cover vce-asset-background-simple--position-center-top\"><div class=\"vce-asset-background-simple\">\n              <div class=\"vce-asset-background-simple-item vcv-lozad\" data-background-image=\"https:\/\/www.tdsynnex.com\/na\/ca\/wp-content\/uploads\/sites\/2\/2022\/09\/Group-373.jpg\"><\/div>\n              <noscript>\n                <div class=\"vce-asset-background-simple-item\" style=\"background-image: url(https:\/\/www.tdsynnex.com\/na\/ca\/wp-content\/uploads\/sites\/2\/2022\/09\/Group-373.jpg)\"><\/div>\n              <\/noscript>\n            <\/div><\/div><\/div><div class=\"vce-row-content\" data-vce-element-content=\"true\"><div class=\"vce-col vce-col--md-auto vce-col--xs-1 vce-col--xs-last vce-col--xs-first vce-col--sm-last vce-col--sm-first vce-col--md-last vce-col--lg-last vce-col--xl-last vce-col--md-first vce-col--lg-first vce-col--xl-first\" id=\"el-afef6c19\"><div class=\"vce-col-inner\" data-vce-do-apply=\"border margin background  el-afef6c19\"><div class=\"vce-col-content\" data-vce-element-content=\"true\" data-vce-do-apply=\"padding el-afef6c19\"><div class=\"vce-text-block\"><div class=\"vce-text-block-wrapper vce\" id=\"el-bd77b7d2\" data-vce-do-apply=\"all el-bd77b7d2\"><h1 style=\"text-align: center;\"><span style=\"color: #ffffff;\">Application mobile ECExpress<\/span><\/h1><\/div><\/div><\/div><\/div><\/div><\/div><\/div><\/div><div class=\"vce-row-container\" data-vce-boxed-width=\"true\"><div class=\"vce-row vce-row--col-gap-30 sec-pad vce-row-equal-height vce-row-content--top\" id=\"el-5eeb3937\" data-vce-do-apply=\"all el-5eeb3937\"><div class=\"vce-content-background-container\"><\/div><div class=\"vce-row-content\" data-vce-element-content=\"true\"><div class=\"vce-col vce-col--xs-100p vce-col--xs-visible vce-col--xs-last vce-col--xs-first vce-col--sm-100p vce-col--sm-visible vce-col--sm-last vce-col--sm-first vce-col--md-100p vce-col--md-visible vce-col--md-last vce-col--md-first vce-col--lg-100p vce-col--lg-visible vce-col--lg-last vce-col--lg-first vce-col--xl-100p vce-col--xl-visible vce-col--xl-last vce-col--xl-first\" id=\"el-0d22c9d4\"><div class=\"vce-col-inner\" data-vce-do-apply=\"border margin background  el-0d22c9d4\"><div class=\"vce-content-background-container\"><\/div><div class=\"vce-col-content\" data-vce-element-content=\"true\" data-vce-do-apply=\"padding el-0d22c9d4\"><div class=\"vce-text-block\"><div class=\"vce-text-block-wrapper vce\" id=\"el-215172b5\" data-vce-do-apply=\"all el-215172b5\"><h2 class=\"h3\">Acc\u00e9der \u00e0 ECExpress avec notre application mobile<\/h2><p>Mobile ECExpress est une version miniature d'ECExpress que vous pouvez utiliser pour rechercher des produits, examiner les sp\u00e9cifications techniques, passer des commandes et v\u00e9rifier l'\u00e9tat d'une commande.<\/p><p>With the<strong><span class=\"bold\"> barcode scanning feature<\/span><\/strong> (Android, iPhone, iPad2+ and Windows Phone) you can scan a product\u2019s UPC code and Mobile ECExpress will display the product information to you.<\/p><p>Now you can <strong><span class=\"bold\">access our products from wherever you happen to be:<\/span><\/strong> on the road, at a customer\u2019s site\u2026anywhere.<\/p><\/div><\/div><div class=\"vce-text-block\"><div class=\"vce-text-block-wrapper vce\" id=\"el-85d73acc\" data-vce-do-apply=\"all el-85d73acc\"><h3>T\u00e9l\u00e9chargez notre application mobile ECExpress pour :<\/h3><\/div><\/div><div class=\"vce-row-container\" data-vce-boxed-width=\"true\"><div class=\"vce-row vce-row--col-gap-30 vce-row-equal-height vce-row-content--top\" id=\"el-1faa1f41\" data-vce-do-apply=\"all el-1faa1f41\"><div class=\"vce-row-content\" data-vce-element-content=\"true\"><div class=\"vce-col vce-col--xs-100p vce-col--xs-visible vce-col--xs-last vce-col--xs-first vce-col--sm-100p vce-col--sm-visible vce-col--sm-last vce-col--sm-first vce-col--md-50p vce-col--md-visible vce-col--md-first vce-col--lg-50p vce-col--lg-visible vce-col--lg-first vce-col--xl-50p vce-col--xl-visible vce-col--xl-first\" id=\"el-4c1bfce9\"><div class=\"vce-col-inner\" data-vce-do-apply=\"border margin background  el-4c1bfce9\"><div class=\"vce-col-content\" data-vce-element-content=\"true\" data-vce-do-apply=\"padding el-4c1bfce9\"><div class=\"vce-raw-html\"><div class=\"vce-raw-html-wrapper\" id=\"el-bf163c25\" data-vce-do-apply=\"all el-bf163c25\"><span class=\"vcv-ui-content-editable-helper-loader vcv-ui-wp-spinner\"><\/span><div style=\"text-align: center;\">\n<a href=\"https:\/\/apps.apple.com\/us\/app\/ecexpress-mobile\/id467593769?ls=1\" target=\"_blank\">\n<img decoding=\"async\" style=\"max-height: 80px; width: auto; margin-bottom:30px;\" src=\"https:\/\/www.tdsynnex.com\/na\/ca\/wp-content\/uploads\/sites\/3\/2024\/06\/Apple_logo_black.png\">\n<h4>iPhone<\/h4>\n<\/a>\n<\/div><\/div><\/div><div class=\"vce-button--style-outline-container vce-button--style-outline-container--align-center\"><span class=\"vce-button--style-outline-wrapper vce\" id=\"el-1a9d1d4d\" data-vce-do-apply=\"margin el-1a9d1d4d\"><a class=\"vce-button vce-button--style-outline vce-button--style-outline--border-square vce-button--style-outline--size-small vce-button--style-outline--color-b-33-33-33--fff--3d3d3d vce-button--style-outline--border-color-b-33-33-33--3d3d3d vce-button--style-outline--background-color-3d3d3d\" href=\"https:\/\/apps.apple.com\/us\/app\/ecexpress-mobile\/id467593769?ls=1\" title=\"\" target=\"_blank\" data-vce-do-apply=\"padding border background  el-1a9d1d4d\"><span class=\"vce-button--style-outline-text\">T\u00e9l\u00e9charger<\/span><\/a><\/span><\/div><\/div><\/div><\/div><div class=\"vce-col vce-col--xs-100p vce-col--xs-visible vce-col--xs-last vce-col--xs-first vce-col--sm-100p vce-col--sm-visible vce-col--sm-last vce-col--sm-first vce-col--md-50p vce-col--md-visible vce-col--md-last vce-col--lg-50p vce-col--lg-visible vce-col--lg-last vce-col--xl-50p vce-col--xl-visible vce-col--xl-last\" id=\"el-3a963a6d\"><div class=\"vce-col-inner\" data-vce-do-apply=\"border margin background  el-3a963a6d\"><div class=\"vce-col-content\" data-vce-element-content=\"true\" data-vce-do-apply=\"padding el-3a963a6d\"><div class=\"vce-raw-html\"><div class=\"vce-raw-html-wrapper\" id=\"el-8fca7c9a\" data-vce-do-apply=\"all el-8fca7c9a\"><span class=\"vcv-ui-content-editable-helper-loader vcv-ui-wp-spinner\"><\/span><div style=\"text-align: center;\">\n<a href=\"https:\/\/apps.apple.com\/us\/app\/ecexpress-mobile\/id467593769?ls=1\" target=\"_blank\">\n<img decoding=\"async\" style=\"max-height: 80px; width: auto; margin-bottom:30px;\" src=\"https:\/\/www.tdsynnex.com\/na\/ca\/wp-content\/uploads\/sites\/3\/2024\/06\/android-logo-2.png\">\n<h4>Android<\/h4>\n<\/a>\n<\/div><\/div><\/div><div class=\"vce-button--style-outline-container vce-button--style-outline-container--align-center\"><span class=\"vce-button--style-outline-wrapper vce\" id=\"el-4ec73e09\" data-vce-do-apply=\"margin el-4ec73e09\"><a class=\"vce-button vce-button--style-outline vce-button--style-outline--border-square vce-button--style-outline--size-small vce-button--style-outline--color-b-33-33-33--fff--3d3d3d vce-button--style-outline--border-color-b-33-33-33--3d3d3d vce-button--style-outline--background-color-3d3d3d\" href=\"https:\/\/play.google.com\/store\/apps\/details?id=com.synnex.ece.us\" title=\"\" target=\"_blank\" data-vce-do-apply=\"padding border background  el-4ec73e09\"><span class=\"vce-button--style-outline-text\">T\u00e9l\u00e9charger<\/span><\/a><\/span><\/div><\/div><\/div><\/div><\/div><\/div><\/div><\/div><\/div><\/div><\/div><\/div><\/div>","protected":false},"excerpt":{"rendered":"Application mobile ECExpressAcc\u00e9der \u00e0 ECExpress avec notre application mobileMobile ECExpress est une version miniature d&rsquo;ECExpress que vous pouvez utiliser pour rechercher des produits, examiner les sp\u00e9cifications techniques, passer des commandes et v\u00e9rifier l&rsquo;\u00e9tat d&rsquo;une commande.With the barcode scanning feature (Android, iPhone, iPad2+ and Windows Phone) you can scan a product\u2019s UPC code and Mobile ECExpress [&hellip;]","protected":false},"author":12,"featured_media":0,"parent":0,"menu_order":0,"comment_status":"closed","ping_status":"closed","template":"","meta":{"footnotes":""},"class_list":["post-2305","page","type-page","status-publish","hentry"],"yoast_head":"<!-- This site is optimized with the Yoast SEO plugin v26.1.1 - https:\/\/yoast.com\/wordpress\/plugins\/seo\/ -->\n<title>Application mobile ECExpress - TD SYNNEX Canada<\/title>\n<meta name=\"robots\" content=\"index, follow, max-snippet:-1, max-image-preview:large, max-video-preview:-1\" \/>\n<link rel=\"canonical\" href=\"https:\/\/www.tdsynnex.com\/na\/ca\/fr\/application-mobile-ecexpress\/\" \/>\n<meta property=\"og:locale\" content=\"fr_FR\" \/>\n<meta property=\"og:type\" content=\"article\" \/>\n<meta property=\"og:title\" content=\"Application mobile ECExpress - TD SYNNEX Canada\" \/>\n<meta property=\"og:description\" content=\"Application mobile ECExpressAcc\u00e9der \u00e0 ECExpress avec notre application mobileMobile ECExpress est une version miniature d&#039;ECExpress que vous pouvez utiliser pour rechercher des produits, examiner les sp\u00e9cifications techniques, passer des commandes et v\u00e9rifier l&#039;\u00e9tat d&#039;une commande.With the barcode scanning feature (Android, iPhone, iPad2+ and Windows Phone) you can scan a product\u2019s UPC code and Mobile ECExpress [&hellip;]\" \/>\n<meta property=\"og:url\" content=\"https:\/\/www.tdsynnex.com\/na\/ca\/fr\/application-mobile-ecexpress\/\" \/>\n<meta property=\"og:site_name\" content=\"TD SYNNEX Canada\" \/>\n<meta property=\"article:modified_time\" content=\"2025-06-19T16:15:18+00:00\" \/>\n<meta name=\"twitter:card\" content=\"summary_large_image\" \/>\n<meta name=\"twitter:label1\" content=\"Dur\u00e9e de lecture estim\u00e9e\" \/>\n\t<meta name=\"twitter:data1\" content=\"1 minute\" \/>\n<script type=\"application\/ld+json\" class=\"yoast-schema-graph\">{\"@context\":\"https:\/\/schema.org\",\"@graph\":[{\"@type\":\"WebPage\",\"@id\":\"https:\/\/www.tdsynnex.com\/na\/ca\/fr\/application-mobile-ecexpress\/\",\"url\":\"https:\/\/www.tdsynnex.com\/na\/ca\/fr\/application-mobile-ecexpress\/\",\"name\":\"Application mobile ECExpress - TD SYNNEX Canada\",\"isPartOf\":{\"@id\":\"https:\/\/www.tdsynnex.com\/na\/ca\/#website\"},\"datePublished\":\"2024-06-06T14:18:12+00:00\",\"dateModified\":\"2025-06-19T16:15:18+00:00\",\"breadcrumb\":{\"@id\":\"https:\/\/www.tdsynnex.com\/na\/ca\/fr\/application-mobile-ecexpress\/#breadcrumb\"},\"inLanguage\":\"fr-FR\",\"potentialAction\":[{\"@type\":\"ReadAction\",\"target\":[\"https:\/\/www.tdsynnex.com\/na\/ca\/fr\/application-mobile-ecexpress\/\"]}]},{\"@type\":\"BreadcrumbList\",\"@id\":\"https:\/\/www.tdsynnex.com\/na\/ca\/fr\/application-mobile-ecexpress\/#breadcrumb\",\"itemListElement\":[{\"@type\":\"ListItem\",\"position\":1,\"name\":\"Home\",\"item\":\"https:\/\/www.tdsynnex.com\/na\/ca\/fr\/\"},{\"@type\":\"ListItem\",\"position\":2,\"name\":\"Application mobile ECExpress\"}]},{\"@type\":\"WebSite\",\"@id\":\"https:\/\/www.tdsynnex.com\/na\/ca\/#website\",\"url\":\"https:\/\/www.tdsynnex.com\/na\/ca\/\",\"name\":\"TD SYNNEX Canada\",\"description\":\"\",\"publisher\":{\"@id\":\"https:\/\/www.tdsynnex.com\/na\/ca\/#organization\"},\"potentialAction\":[{\"@type\":\"SearchAction\",\"target\":{\"@type\":\"EntryPoint\",\"urlTemplate\":\"https:\/\/www.tdsynnex.com\/na\/ca\/?s={search_term_string}\"},\"query-input\":{\"@type\":\"PropertyValueSpecification\",\"valueRequired\":true,\"valueName\":\"search_term_string\"}}],\"inLanguage\":\"fr-FR\"},{\"@type\":\"Organization\",\"@id\":\"https:\/\/www.tdsynnex.com\/na\/ca\/#organization\",\"name\":\"TD SYNNEX Canada\",\"url\":\"https:\/\/www.tdsynnex.com\/na\/ca\/\",\"logo\":{\"@type\":\"ImageObject\",\"inLanguage\":\"fr-FR\",\"@id\":\"https:\/\/www.tdsynnex.com\/na\/ca\/#\/schema\/logo\/image\/\",\"url\":\"https:\/\/www.tdsynnex.com\/na\/ca\/wp-content\/uploads\/sites\/3\/2022\/08\/TDSYNNEXLogo@2x.png\",\"contentUrl\":\"https:\/\/www.tdsynnex.com\/na\/ca\/wp-content\/uploads\/sites\/3\/2022\/08\/TDSYNNEXLogo@2x.png\",\"width\":370,\"height\":72,\"caption\":\"TD SYNNEX Canada\"},\"image\":{\"@id\":\"https:\/\/www.tdsynnex.com\/na\/ca\/#\/schema\/logo\/image\/\"}}]}<\/script>\n<!-- \/ Yoast SEO plugin. -->","yoast_head_json":{"title":"Application mobile ECExpress - TD SYNNEX Canada","robots":{"index":"index","follow":"follow","max-snippet":"max-snippet:-1","max-image-preview":"max-image-preview:large","max-video-preview":"max-video-preview:-1"},"canonical":"https:\/\/www.tdsynnex.com\/na\/ca\/fr\/application-mobile-ecexpress\/","og_locale":"fr_FR","og_type":"article","og_title":"Application mobile ECExpress - TD SYNNEX Canada","og_description":"Application mobile ECExpressAcc\u00e9der \u00e0 ECExpress avec notre application mobileMobile ECExpress est une version miniature d'ECExpress que vous pouvez utiliser pour rechercher des produits, examiner les sp\u00e9cifications techniques, passer des commandes et v\u00e9rifier l'\u00e9tat d'une commande.With the barcode scanning feature (Android, iPhone, iPad2+ and Windows Phone) you can scan a product\u2019s UPC code and Mobile ECExpress [&hellip;]","og_url":"https:\/\/www.tdsynnex.com\/na\/ca\/fr\/application-mobile-ecexpress\/","og_site_name":"TD SYNNEX Canada","article_modified_time":"2025-06-19T16:15:18+00:00","twitter_card":"summary_large_image","twitter_misc":{"Dur\u00e9e de lecture estim\u00e9e":"1 minute"},"schema":{"@context":"https:\/\/schema.org","@graph":[{"@type":"WebPage","@id":"https:\/\/www.tdsynnex.com\/na\/ca\/fr\/application-mobile-ecexpress\/","url":"https:\/\/www.tdsynnex.com\/na\/ca\/fr\/application-mobile-ecexpress\/","name":"Application mobile ECExpress - TD SYNNEX Canada","isPartOf":{"@id":"https:\/\/www.tdsynnex.com\/na\/ca\/#website"},"datePublished":"2024-06-06T14:18:12+00:00","dateModified":"2025-06-19T16:15:18+00:00","breadcrumb":{"@id":"https:\/\/www.tdsynnex.com\/na\/ca\/fr\/application-mobile-ecexpress\/#breadcrumb"},"inLanguage":"fr-FR","potentialAction":[{"@type":"ReadAction","target":["https:\/\/www.tdsynnex.com\/na\/ca\/fr\/application-mobile-ecexpress\/"]}]},{"@type":"BreadcrumbList","@id":"https:\/\/www.tdsynnex.com\/na\/ca\/fr\/application-mobile-ecexpress\/#breadcrumb","itemListElement":[{"@type":"ListItem","position":1,"name":"Home","item":"https:\/\/www.tdsynnex.com\/na\/ca\/fr\/"},{"@type":"ListItem","position":2,"name":"Application mobile ECExpress"}]},{"@type":"WebSite","@id":"https:\/\/www.tdsynnex.com\/na\/ca\/#website","url":"https:\/\/www.tdsynnex.com\/na\/ca\/","name":"TD SYNNEX Canada","description":"","publisher":{"@id":"https:\/\/www.tdsynnex.com\/na\/ca\/#organization"},"potentialAction":[{"@type":"SearchAction","target":{"@type":"EntryPoint","urlTemplate":"https:\/\/www.tdsynnex.com\/na\/ca\/?s={search_term_string}"},"query-input":{"@type":"PropertyValueSpecification","valueRequired":true,"valueName":"search_term_string"}}],"inLanguage":"fr-FR"},{"@type":"Organization","@id":"https:\/\/www.tdsynnex.com\/na\/ca\/#organization","name":"TD SYNNEX Canada","url":"https:\/\/www.tdsynnex.com\/na\/ca\/","logo":{"@type":"ImageObject","inLanguage":"fr-FR","@id":"https:\/\/www.tdsynnex.com\/na\/ca\/#\/schema\/logo\/image\/","url":"https:\/\/www.tdsynnex.com\/na\/ca\/wp-content\/uploads\/sites\/3\/2022\/08\/TDSYNNEXLogo@2x.png","contentUrl":"https:\/\/www.tdsynnex.com\/na\/ca\/wp-content\/uploads\/sites\/3\/2022\/08\/TDSYNNEXLogo@2x.png","width":370,"height":72,"caption":"TD SYNNEX Canada"},"image":{"@id":"https:\/\/www.tdsynnex.com\/na\/ca\/#\/schema\/logo\/image\/"}}]}},"_links":{"self":[{"href":"https:\/\/www.tdsynnex.com\/na\/ca\/fr\/wp-json\/wp\/v2\/pages\/2305","targetHints":{"allow":["GET"]}}],"collection":[{"href":"https:\/\/www.tdsynnex.com\/na\/ca\/fr\/wp-json\/wp\/v2\/pages"}],"about":[{"href":"https:\/\/www.tdsynnex.com\/na\/ca\/fr\/wp-json\/wp\/v2\/types\/page"}],"author":[{"embeddable":true,"href":"https:\/\/www.tdsynnex.com\/na\/ca\/fr\/wp-json\/wp\/v2\/users\/12"}],"replies":[{"embeddable":true,"href":"https:\/\/www.tdsynnex.com\/na\/ca\/fr\/wp-json\/wp\/v2\/comments?post=2305"}],"version-history":[{"count":0,"href":"https:\/\/www.tdsynnex.com\/na\/ca\/fr\/wp-json\/wp\/v2\/pages\/2305\/revisions"}],"wp:attachment":[{"href":"https:\/\/www.tdsynnex.com\/na\/ca\/fr\/wp-json\/wp\/v2\/media?parent=2305"}],"curies":[{"name":"wp","href":"https:\/\/api.w.org\/{rel}","templated":true}]}}