{"id":2306,"date":"2024-06-06T09:23:54","date_gmt":"2024-06-06T13:23:54","guid":{"rendered":"https:\/\/www.tdsynnex.com\/na\/ca\/nouveau-client-ecexpress\/"},"modified":"2025-06-19T12:15:21","modified_gmt":"2025-06-19T16:15:21","slug":"nouveau-client-ecexpress","status":"publish","type":"page","link":"https:\/\/www.tdsynnex.com\/na\/ca\/fr\/nouveau-client-ecexpress\/","title":{"rendered":"Nouveau client ECExpress"},"content":{"rendered":"<div class=\"vce-row-container\" data-vce-boxed-width=\"true\"><div class=\"vce-row vce-element--xl--has-background vce-element--lg--has-background vce-element--md--has-background vce-element--sm--has-background vce-element--xs--has-background vce-row--col-gap-30 vce-row-equal-height vce-row-content--middle\" id=\"el-eca36616\" data-vce-do-apply=\"all el-eca36616\"><div class=\"vce-content-background-container\"><div class=\"vce-asset-background-simple-container vce-visible-xl-only vce-asset-background-simple--style-cover vce-asset-background-simple--position-center-top\"><div class=\"vce-asset-background-simple\">\n              <div class=\"vce-asset-background-simple-item vcv-lozad\" data-background-image=\"https:\/\/www.tdsynnex.com\/na\/ca\/wp-content\/uploads\/sites\/2\/2022\/09\/Group-373.jpg\"><\/div>\n              <noscript>\n                <div class=\"vce-asset-background-simple-item\" style=\"background-image: url(https:\/\/www.tdsynnex.com\/na\/ca\/wp-content\/uploads\/sites\/2\/2022\/09\/Group-373.jpg)\"><\/div>\n              <\/noscript>\n            <\/div><\/div><div class=\"vce-asset-background-simple-container vce-visible-lg-only vce-asset-background-simple--style-cover vce-asset-background-simple--position-center-top\"><div class=\"vce-asset-background-simple\">\n              <div class=\"vce-asset-background-simple-item vcv-lozad\" data-background-image=\"https:\/\/www.tdsynnex.com\/na\/ca\/wp-content\/uploads\/sites\/2\/2022\/09\/Group-373.jpg\"><\/div>\n              <noscript>\n                <div class=\"vce-asset-background-simple-item\" style=\"background-image: url(https:\/\/www.tdsynnex.com\/na\/ca\/wp-content\/uploads\/sites\/2\/2022\/09\/Group-373.jpg)\"><\/div>\n              <\/noscript>\n            <\/div><\/div><div class=\"vce-asset-background-simple-container vce-visible-md-only vce-asset-background-simple--style-cover vce-asset-background-simple--position-center-top\"><div class=\"vce-asset-background-simple\">\n              <div class=\"vce-asset-background-simple-item vcv-lozad\" data-background-image=\"https:\/\/www.tdsynnex.com\/na\/ca\/wp-content\/uploads\/sites\/2\/2022\/09\/Group-373.jpg\"><\/div>\n              <noscript>\n                <div class=\"vce-asset-background-simple-item\" style=\"background-image: url(https:\/\/www.tdsynnex.com\/na\/ca\/wp-content\/uploads\/sites\/2\/2022\/09\/Group-373.jpg)\"><\/div>\n              <\/noscript>\n            <\/div><\/div><div class=\"vce-asset-background-simple-container vce-visible-sm-only vce-asset-background-simple--style-cover vce-asset-background-simple--position-center-top\"><div class=\"vce-asset-background-simple\">\n              <div class=\"vce-asset-background-simple-item vcv-lozad\" data-background-image=\"https:\/\/www.tdsynnex.com\/na\/ca\/wp-content\/uploads\/sites\/2\/2022\/09\/Group-373.jpg\"><\/div>\n              <noscript>\n                <div class=\"vce-asset-background-simple-item\" style=\"background-image: url(https:\/\/www.tdsynnex.com\/na\/ca\/wp-content\/uploads\/sites\/2\/2022\/09\/Group-373.jpg)\"><\/div>\n              <\/noscript>\n            <\/div><\/div><div class=\"vce-asset-background-simple-container vce-visible-xs-only vce-asset-background-simple--style-cover vce-asset-background-simple--position-center-top\"><div class=\"vce-asset-background-simple\">\n              <div class=\"vce-asset-background-simple-item vcv-lozad\" data-background-image=\"https:\/\/www.tdsynnex.com\/na\/ca\/wp-content\/uploads\/sites\/2\/2022\/09\/Group-373.jpg\"><\/div>\n              <noscript>\n                <div class=\"vce-asset-background-simple-item\" style=\"background-image: url(https:\/\/www.tdsynnex.com\/na\/ca\/wp-content\/uploads\/sites\/2\/2022\/09\/Group-373.jpg)\"><\/div>\n              <\/noscript>\n            <\/div><\/div><\/div><div class=\"vce-row-content\" data-vce-element-content=\"true\"><div class=\"vce-col vce-col--md-auto vce-col--xs-1 vce-col--xs-last vce-col--xs-first vce-col--sm-last vce-col--sm-first vce-col--md-last vce-col--lg-last vce-col--xl-last vce-col--md-first vce-col--lg-first vce-col--xl-first\" id=\"el-cca822f0\"><div class=\"vce-col-inner\" data-vce-do-apply=\"border margin background  el-cca822f0\"><div class=\"vce-col-content\" data-vce-element-content=\"true\" data-vce-do-apply=\"padding el-cca822f0\"><div class=\"vce-text-block\"><div class=\"vce-text-block-wrapper vce\" id=\"el-8c9daddd\" data-vce-do-apply=\"all el-8c9daddd\"><h1 style=\"text-align: center;\"><span style=\"color: #ffffff;\">Instructions de connexion ECExpress<\/span><\/h1><\/div><\/div><\/div><\/div><\/div><\/div><\/div><\/div><div class=\"vce-row-container\" data-vce-boxed-width=\"true\"><div class=\"vce-row vce-row--col-gap-30 sec-pad vce-row-equal-height vce-row-content--top\" id=\"el-843fb86c\" data-vce-do-apply=\"all el-843fb86c\"><div class=\"vce-content-background-container\"><\/div><div class=\"vce-row-content\" data-vce-element-content=\"true\"><div class=\"vce-col vce-col--xs-100p vce-col--xs-visible vce-col--xs-last vce-col--xs-first vce-col--sm-100p vce-col--sm-visible vce-col--sm-last vce-col--sm-first vce-col--md-100p vce-col--md-visible vce-col--md-last vce-col--md-first vce-col--lg-100p vce-col--lg-visible vce-col--lg-last vce-col--lg-first vce-col--xl-100p vce-col--xl-visible vce-col--xl-last vce-col--xl-first\" id=\"el-d783c706\"><div class=\"vce-col-inner\" data-vce-do-apply=\"border margin background  el-d783c706\"><div class=\"vce-content-background-container\"><\/div><div class=\"vce-col-content\" data-vce-element-content=\"true\" data-vce-do-apply=\"padding el-d783c706\"><div class=\"vce-text-block\"><div class=\"vce-text-block-wrapper vce\" id=\"el-5f4b4f26\" data-vce-do-apply=\"all el-5f4b4f26\"><p>Vous avez manifest\u00e9 votre int\u00e9r\u00eat \u00e0 demander un compte aupr\u00e8s de TD SYNNEX Canada Limited (ci-apr\u00e8s d\u00e9nomm\u00e9e \u00ab SYNNEX \u00bb). Nous sommes ravis que vous nous consid\u00e9riez comme nouveau partenaire commercial et traiterons rapidement votre candidature. <\/p><p>TD SYNNEX offre un programme facile en trois \u00e9tapes pour cr\u00e9er un compte. Si vous \u00eates un revendeur ou un revendeur d\u2019ordinateurs autoris\u00e9, veuillez suivre le programme en ligne comme indiqu\u00e9 ci-dessous : <\/p><h2 class=\"h3\">\u00c9tape 1 :<\/h2><p>Complete either the <a href=\"https:\/\/ec.synnex.ca\/credit-app?_source=wpcorp__ca_ecexpress_new-customer\">Online Reseller Credit Application (English)<\/a> or the Online Reseller Credit Application (French) and all the required additional forms.<\/p><p>Si vous demandez des conditions de carte de cr\u00e9dit, veuillez remplir le formulaire d\u2019autorisation de carte de cr\u00e9dit. Vous trouverez ce formulaire sur le formulaire de demande de cr\u00e9dit revendeur en ligne. <\/p><\/div><\/div><div class=\"vce-text-block\"><div class=\"vce-text-block-wrapper vce\" id=\"el-0f181e1a\" data-vce-do-apply=\"all el-0f181e1a\"><h2 class=\"h3\">\u00c9tape 2 :<\/h2><p>Veuillez soumettre une copie de votre formulaire d\u2019exemption de taxe de vente provinciale dans toutes les provinces o\u00f9 vous exp\u00e9diez votre produit ainsi que votre permis d\u2019exploitation. Vous trouverez ce formulaire sur le formulaire de demande de cr\u00e9dit revendeur en ligne. <\/p><\/div><\/div><div class=\"vce-text-block\"><div class=\"vce-text-block-wrapper vce\" id=\"el-91a05ba8\" data-vce-do-apply=\"all el-91a05ba8\"><h2 class=\"h3\">\u00c9tape 3 :<\/h2><p>Veuillez envoyer par t\u00e9l\u00e9copieur ou par courriel la trousse imprim\u00e9e de demande de cr\u00e9dit de revendeur remplie et sign\u00e9e \u00e0 l\u2019adresse suivante :<\/p><p>TD SYNNEX Canada Limit\u00e9e<br>\u00c0 l\u2019attention de : Services financiers TD SYNNEX<br>E-mail:newaccounts@synnex.com<br>T\u00e9l\u00e9copieur : 1-800-830-9574 ou 416-646-7852<\/p><p>Pour des questions g\u00e9n\u00e9rales ou pour surveiller et suivre votre compte, veuillez composer le 1-866-880-2174, poste 2931.<\/p><p>Les demandeurs approuv\u00e9s qui demandent un compte pr\u00e9pay\u00e9, une carte de cr\u00e9dit ou un compte \u00e0 conditions de rev\u00eatement de sol recevront, dans les 48 heures suivant la r\u00e9ception de la trousse d\u00fbment remplie, un avis par t\u00e9l\u00e9copieur et\/ou par courriel d\u2019un num\u00e9ro de compte vous autorisant \u00e0 commencer \u00e0 acheter en tant que nouveau client de TD SYNNEX.<\/p><p>Si vous avez besoin de conditions nettes, veuillez soumettre vos \u00e9tats financiers de fin d\u2019exercice pour les deux (2) derni\u00e8res ann\u00e9es, y compris les notes \u00e0 l\u2019appui, et vos chiffres financiers cumulatifs les plus r\u00e9cents (interm\u00e9diaires) sign\u00e9s et dat\u00e9s. Vous recevrez une r\u00e9ponse dans les sept (7) jours ouvrables concernant l\u2019\u00e9tat de notre enqu\u00eate de cr\u00e9dit. Des renseignements suppl\u00e9mentaires peuvent \u00eatre n\u00e9cessaires pour compl\u00e9ter l\u2019examen de cr\u00e9dit.  <\/p><p>Une fois inscrit en tant que nouveau titulaire d\u2019un compte client, TD SYNNEX est heureux d\u2019offrir une gamme de programmes financiers en plus de ses facilit\u00e9s de compte de cr\u00e9dit traditionnelles. Veuillez communiquer avec votre service r\u00e9gional des services financiers pour obtenir de plus amples renseignements. <\/p><p>Au nom de TD SYNNEX, nous sommes impatients de vous servir et de nous associer \u00e0 vous pour vous offrir les avantages qu\u2019une relation mutuellement enrichissante peut apporter aux deux parties.<\/p><\/div><\/div><\/div><\/div><\/div><\/div><\/div><\/div>","protected":false},"excerpt":{"rendered":"Instructions de connexion ECExpressVous avez manifest\u00e9 votre int\u00e9r\u00eat \u00e0 demander un compte aupr\u00e8s de TD SYNNEX Canada Limited (ci-apr\u00e8s d\u00e9nomm\u00e9e \u00ab SYNNEX \u00bb). Nous sommes ravis que vous nous consid\u00e9riez comme nouveau partenaire commercial et traiterons rapidement votre candidature. TD SYNNEX offre un programme facile en trois \u00e9tapes pour cr\u00e9er un compte. Si vous \u00eates [&hellip;]","protected":false},"author":12,"featured_media":0,"parent":0,"menu_order":0,"comment_status":"closed","ping_status":"closed","template":"","meta":{"footnotes":""},"class_list":["post-2306","page","type-page","status-publish","hentry"],"yoast_head":"<!-- This site is optimized with the Yoast SEO plugin v26.1.1 - https:\/\/yoast.com\/wordpress\/plugins\/seo\/ -->\n<title>Nouveau client ECExpress - TD SYNNEX Canada<\/title>\n<meta name=\"robots\" content=\"index, follow, max-snippet:-1, max-image-preview:large, max-video-preview:-1\" \/>\n<link rel=\"canonical\" href=\"https:\/\/www.tdsynnex.com\/na\/ca\/fr\/nouveau-client-ecexpress\/\" \/>\n<meta property=\"og:locale\" content=\"fr_FR\" \/>\n<meta property=\"og:type\" content=\"article\" \/>\n<meta property=\"og:title\" content=\"Nouveau client ECExpress - TD SYNNEX Canada\" \/>\n<meta property=\"og:description\" content=\"Instructions de connexion ECExpressVous avez manifest\u00e9 votre int\u00e9r\u00eat \u00e0 demander un compte aupr\u00e8s de TD SYNNEX Canada Limited (ci-apr\u00e8s d\u00e9nomm\u00e9e \u00ab SYNNEX \u00bb). Nous sommes ravis que vous nous consid\u00e9riez comme nouveau partenaire commercial et traiterons rapidement votre candidature. TD SYNNEX offre un programme facile en trois \u00e9tapes pour cr\u00e9er un compte. Si vous \u00eates [&hellip;]\" \/>\n<meta property=\"og:url\" content=\"https:\/\/www.tdsynnex.com\/na\/ca\/fr\/nouveau-client-ecexpress\/\" \/>\n<meta property=\"og:site_name\" content=\"TD SYNNEX Canada\" \/>\n<meta property=\"article:modified_time\" content=\"2025-06-19T16:15:21+00:00\" \/>\n<meta name=\"twitter:card\" content=\"summary_large_image\" \/>\n<meta name=\"twitter:label1\" content=\"Dur\u00e9e de lecture estim\u00e9e\" \/>\n\t<meta name=\"twitter:data1\" content=\"2 minutes\" \/>\n<script type=\"application\/ld+json\" class=\"yoast-schema-graph\">{\"@context\":\"https:\/\/schema.org\",\"@graph\":[{\"@type\":\"WebPage\",\"@id\":\"https:\/\/www.tdsynnex.com\/na\/ca\/fr\/nouveau-client-ecexpress\/\",\"url\":\"https:\/\/www.tdsynnex.com\/na\/ca\/fr\/nouveau-client-ecexpress\/\",\"name\":\"Nouveau client ECExpress - TD SYNNEX Canada\",\"isPartOf\":{\"@id\":\"https:\/\/www.tdsynnex.com\/na\/ca\/#website\"},\"datePublished\":\"2024-06-06T13:23:54+00:00\",\"dateModified\":\"2025-06-19T16:15:21+00:00\",\"breadcrumb\":{\"@id\":\"https:\/\/www.tdsynnex.com\/na\/ca\/fr\/nouveau-client-ecexpress\/#breadcrumb\"},\"inLanguage\":\"fr-FR\",\"potentialAction\":[{\"@type\":\"ReadAction\",\"target\":[\"https:\/\/www.tdsynnex.com\/na\/ca\/fr\/nouveau-client-ecexpress\/\"]}]},{\"@type\":\"BreadcrumbList\",\"@id\":\"https:\/\/www.tdsynnex.com\/na\/ca\/fr\/nouveau-client-ecexpress\/#breadcrumb\",\"itemListElement\":[{\"@type\":\"ListItem\",\"position\":1,\"name\":\"Home\",\"item\":\"https:\/\/www.tdsynnex.com\/na\/ca\/fr\/\"},{\"@type\":\"ListItem\",\"position\":2,\"name\":\"Nouveau client ECExpress\"}]},{\"@type\":\"WebSite\",\"@id\":\"https:\/\/www.tdsynnex.com\/na\/ca\/#website\",\"url\":\"https:\/\/www.tdsynnex.com\/na\/ca\/\",\"name\":\"TD SYNNEX Canada\",\"description\":\"\",\"publisher\":{\"@id\":\"https:\/\/www.tdsynnex.com\/na\/ca\/#organization\"},\"potentialAction\":[{\"@type\":\"SearchAction\",\"target\":{\"@type\":\"EntryPoint\",\"urlTemplate\":\"https:\/\/www.tdsynnex.com\/na\/ca\/?s={search_term_string}\"},\"query-input\":{\"@type\":\"PropertyValueSpecification\",\"valueRequired\":true,\"valueName\":\"search_term_string\"}}],\"inLanguage\":\"fr-FR\"},{\"@type\":\"Organization\",\"@id\":\"https:\/\/www.tdsynnex.com\/na\/ca\/#organization\",\"name\":\"TD SYNNEX Canada\",\"url\":\"https:\/\/www.tdsynnex.com\/na\/ca\/\",\"logo\":{\"@type\":\"ImageObject\",\"inLanguage\":\"fr-FR\",\"@id\":\"https:\/\/www.tdsynnex.com\/na\/ca\/#\/schema\/logo\/image\/\",\"url\":\"https:\/\/www.tdsynnex.com\/na\/ca\/wp-content\/uploads\/sites\/3\/2022\/08\/TDSYNNEXLogo@2x.png\",\"contentUrl\":\"https:\/\/www.tdsynnex.com\/na\/ca\/wp-content\/uploads\/sites\/3\/2022\/08\/TDSYNNEXLogo@2x.png\",\"width\":370,\"height\":72,\"caption\":\"TD SYNNEX Canada\"},\"image\":{\"@id\":\"https:\/\/www.tdsynnex.com\/na\/ca\/#\/schema\/logo\/image\/\"}}]}<\/script>\n<!-- \/ Yoast SEO plugin. -->","yoast_head_json":{"title":"Nouveau client ECExpress - TD SYNNEX Canada","robots":{"index":"index","follow":"follow","max-snippet":"max-snippet:-1","max-image-preview":"max-image-preview:large","max-video-preview":"max-video-preview:-1"},"canonical":"https:\/\/www.tdsynnex.com\/na\/ca\/fr\/nouveau-client-ecexpress\/","og_locale":"fr_FR","og_type":"article","og_title":"Nouveau client ECExpress - TD SYNNEX Canada","og_description":"Instructions de connexion ECExpressVous avez manifest\u00e9 votre int\u00e9r\u00eat \u00e0 demander un compte aupr\u00e8s de TD SYNNEX Canada Limited (ci-apr\u00e8s d\u00e9nomm\u00e9e \u00ab SYNNEX \u00bb). Nous sommes ravis que vous nous consid\u00e9riez comme nouveau partenaire commercial et traiterons rapidement votre candidature. TD SYNNEX offre un programme facile en trois \u00e9tapes pour cr\u00e9er un compte. Si vous \u00eates [&hellip;]","og_url":"https:\/\/www.tdsynnex.com\/na\/ca\/fr\/nouveau-client-ecexpress\/","og_site_name":"TD SYNNEX Canada","article_modified_time":"2025-06-19T16:15:21+00:00","twitter_card":"summary_large_image","twitter_misc":{"Dur\u00e9e de lecture estim\u00e9e":"2 minutes"},"schema":{"@context":"https:\/\/schema.org","@graph":[{"@type":"WebPage","@id":"https:\/\/www.tdsynnex.com\/na\/ca\/fr\/nouveau-client-ecexpress\/","url":"https:\/\/www.tdsynnex.com\/na\/ca\/fr\/nouveau-client-ecexpress\/","name":"Nouveau client ECExpress - TD SYNNEX Canada","isPartOf":{"@id":"https:\/\/www.tdsynnex.com\/na\/ca\/#website"},"datePublished":"2024-06-06T13:23:54+00:00","dateModified":"2025-06-19T16:15:21+00:00","breadcrumb":{"@id":"https:\/\/www.tdsynnex.com\/na\/ca\/fr\/nouveau-client-ecexpress\/#breadcrumb"},"inLanguage":"fr-FR","potentialAction":[{"@type":"ReadAction","target":["https:\/\/www.tdsynnex.com\/na\/ca\/fr\/nouveau-client-ecexpress\/"]}]},{"@type":"BreadcrumbList","@id":"https:\/\/www.tdsynnex.com\/na\/ca\/fr\/nouveau-client-ecexpress\/#breadcrumb","itemListElement":[{"@type":"ListItem","position":1,"name":"Home","item":"https:\/\/www.tdsynnex.com\/na\/ca\/fr\/"},{"@type":"ListItem","position":2,"name":"Nouveau client ECExpress"}]},{"@type":"WebSite","@id":"https:\/\/www.tdsynnex.com\/na\/ca\/#website","url":"https:\/\/www.tdsynnex.com\/na\/ca\/","name":"TD SYNNEX Canada","description":"","publisher":{"@id":"https:\/\/www.tdsynnex.com\/na\/ca\/#organization"},"potentialAction":[{"@type":"SearchAction","target":{"@type":"EntryPoint","urlTemplate":"https:\/\/www.tdsynnex.com\/na\/ca\/?s={search_term_string}"},"query-input":{"@type":"PropertyValueSpecification","valueRequired":true,"valueName":"search_term_string"}}],"inLanguage":"fr-FR"},{"@type":"Organization","@id":"https:\/\/www.tdsynnex.com\/na\/ca\/#organization","name":"TD SYNNEX Canada","url":"https:\/\/www.tdsynnex.com\/na\/ca\/","logo":{"@type":"ImageObject","inLanguage":"fr-FR","@id":"https:\/\/www.tdsynnex.com\/na\/ca\/#\/schema\/logo\/image\/","url":"https:\/\/www.tdsynnex.com\/na\/ca\/wp-content\/uploads\/sites\/3\/2022\/08\/TDSYNNEXLogo@2x.png","contentUrl":"https:\/\/www.tdsynnex.com\/na\/ca\/wp-content\/uploads\/sites\/3\/2022\/08\/TDSYNNEXLogo@2x.png","width":370,"height":72,"caption":"TD SYNNEX Canada"},"image":{"@id":"https:\/\/www.tdsynnex.com\/na\/ca\/#\/schema\/logo\/image\/"}}]}},"_links":{"self":[{"href":"https:\/\/www.tdsynnex.com\/na\/ca\/fr\/wp-json\/wp\/v2\/pages\/2306","targetHints":{"allow":["GET"]}}],"collection":[{"href":"https:\/\/www.tdsynnex.com\/na\/ca\/fr\/wp-json\/wp\/v2\/pages"}],"about":[{"href":"https:\/\/www.tdsynnex.com\/na\/ca\/fr\/wp-json\/wp\/v2\/types\/page"}],"author":[{"embeddable":true,"href":"https:\/\/www.tdsynnex.com\/na\/ca\/fr\/wp-json\/wp\/v2\/users\/12"}],"replies":[{"embeddable":true,"href":"https:\/\/www.tdsynnex.com\/na\/ca\/fr\/wp-json\/wp\/v2\/comments?post=2306"}],"version-history":[{"count":0,"href":"https:\/\/www.tdsynnex.com\/na\/ca\/fr\/wp-json\/wp\/v2\/pages\/2306\/revisions"}],"wp:attachment":[{"href":"https:\/\/www.tdsynnex.com\/na\/ca\/fr\/wp-json\/wp\/v2\/media?parent=2306"}],"curies":[{"name":"wp","href":"https:\/\/api.w.org\/{rel}","templated":true}]}}