{"id":2318,"date":"2023-07-21T14:33:46","date_gmt":"2023-07-21T18:33:46","guid":{"rendered":"https:\/\/www.tdsynnex.com\/na\/ca\/vendeurs\/"},"modified":"2026-04-07T16:35:22","modified_gmt":"2026-04-07T20:35:22","slug":"vendeurs","status":"publish","type":"page","link":"https:\/\/www.tdsynnex.com\/na\/ca\/fr\/vendeurs\/","title":{"rendered":"Vendeurs"},"content":{"rendered":"<div class=\"vce-row-container\" data-vce-boxed-width=\"true\"><div class=\"vce-row vce-element--has-background vce-row--col-gap-30 vce-row-equal-height vce-row-content--top\" id=\"el-55db871d\" data-vce-do-apply=\"all el-55db871d\"><div class=\"vce-content-background-container\"><div class=\"vce-asset-background-simple-container vce-visible-all-only vce-asset-background-simple--style-cover vce-asset-background-simple--position-center-center\"><div class=\"vce-asset-background-simple\">\n              <div class=\"vce-asset-background-simple-item vcv-lozad\" data-background-image=\"https:\/\/www.tdsynnex.com\/na\/ca\/wp-content\/uploads\/sites\/3\/2023\/07\/vendorHero-ver2.jpg\"><\/div>\n              <noscript>\n                <div class=\"vce-asset-background-simple-item\" style=\"background-image: url(https:\/\/www.tdsynnex.com\/na\/ca\/wp-content\/uploads\/sites\/3\/2023\/07\/vendorHero-ver2.jpg)\"><\/div>\n              <\/noscript>\n            <\/div><\/div><\/div><div class=\"vce-row-content\" data-vce-element-content=\"true\"><div class=\"vce-col vce-col--xs-100p vce-col--xs-visible vce-col--xs-last vce-col--xs-first vce-col--sm-100p vce-col--sm-visible vce-col--sm-last vce-col--sm-first vce-col--md-75p vce-col--md-visible vce-col--md-first vce-col--lg-75p vce-col--lg-visible vce-col--lg-first vce-col--xl-48p vce-col--xl-visible vce-col--xl-first\" id=\"el-d29dd03c\"><div class=\"vce-col-inner\" data-vce-do-apply=\"border margin background  el-d29dd03c\"><div class=\"vce-col-content\" data-vce-element-content=\"true\" data-vce-do-apply=\"padding el-d29dd03c\"><div class=\"vce-text-block\"><div class=\"vce-text-block-wrapper vce\" id=\"el-1640af65\" data-vce-do-apply=\"all el-1640af65\"><h1><span style=\"color: #ffffff; font-size: 36pt;\">D\u00e9couvrez nos vendeurs en vedette<\/span><\/h1>\n<p style=\"line-height: 1.5;\"><span style=\"font-size: 14pt; color: #ffffff;\">Avec plus de 350 marques, notre portefeuille de fournisseurs est l'un des plus importants du secteur. Couvrant un large \u00e9ventail de technologies, nous disposons d'un choix et d'une disponibilit\u00e9 de produits in\u00e9gal\u00e9s dans l'industrie, ce qui nous permet d'amener la technologie sur le march\u00e9. <\/span><\/p><\/div><\/div><\/div><\/div><\/div><div class=\"vce-col vce-col--xs-100p vce-col--xs-visible vce-col--xs-last vce-col--xs-first vce-col--sm-100p vce-col--sm-visible vce-col--sm-last vce-col--sm-first vce-col--md-25p vce-col--md-visible vce-col--md-last vce-col--lg-25p vce-col--lg-visible vce-col--lg-last vce-col--xl-52p vce-col--xl-visible vce-col--xl-last\" id=\"el-2e62d238\"><div class=\"vce-col-inner\" data-vce-do-apply=\"border margin background  el-2e62d238\"><div class=\"vce-col-content\" data-vce-element-content=\"true\" data-vce-do-apply=\"padding el-2e62d238\"><div class=\"vcv-row-control-wrapper\"><\/div><\/div><\/div><\/div><\/div><\/div><\/div><div class=\"vce-row-container\"><div class=\"vce-row vce-row--col-gap-30 vce-row-equal-height vce-row-content--top\" data-vce-full-width=\"true\" id=\"el-81e0f914\" data-vce-do-apply=\"all el-81e0f914\"><div class=\"vce-content-background-container\"><\/div><div class=\"vce-row-content\" data-vce-element-content=\"true\"><div class=\"vce-col vce-col--xs-100p vce-col--xs-visible vce-col--xs-last vce-col--xs-first vce-col--sm-50p vce-col--sm-visible vce-col--sm-first vce-col--md-50p vce-col--md-visible vce-col--md-first vce-col--lg-33-33p vce-col--lg-visible vce-col--lg-first vce-col--xl-33-33p vce-col--xl-visible vce-col--xl-first\" id=\"el-25e410b8\"><div class=\"vce-col-inner\" data-vce-do-apply=\"border margin background  el-25e410b8\"><div class=\"vce-content-background-container\"><\/div><div class=\"vce-col-content\" data-vce-element-content=\"true\" data-vce-do-apply=\"padding el-25e410b8\"><div class=\"vce-text-block\"><div class=\"vce-text-block-wrapper vce\" id=\"el-94358355\" data-vce-do-apply=\"all el-94358355\"><div class=\"vendlogo\"><img decoding=\"async\" src=\"https:\/\/www.tdsynnex.com\/na\/ca\/wp-content\/uploads\/sites\/3\/2023\/07\/Apple-Auth-Distrib-Logo-320x111-1-200x69-1.png\"><\/div>\n<div class=\"venddesc\">  Avec des outils uniques \u00e0 votre disposition en tant que plus grand distributeur de TI au monde, TD SYNNEX a tout ce qu'il vous faut.  <\/div>\n<p><a class=\"h4t\" href=\"https:\/\/www.tdsynnex.com\/na\/ca\/apple\/fr\/\" target=\"_blank\" rel=\"noopener\">En savoir plus<\/a><\/p>\n<\/div><\/div><\/div><\/div><\/div><div class=\"vce-col vce-col--xs-100p vce-col--xs-visible vce-col--xs-last vce-col--xs-first vce-col--sm-50p vce-col--sm-visible vce-col--sm-last vce-col--md-50p vce-col--md-visible vce-col--md-last vce-col--lg-33-33p vce-col--lg-visible vce-col--xl-33-33p vce-col--xl-visible\" id=\"el-e470752d\"><div class=\"vce-col-inner\" data-vce-do-apply=\"border margin background  el-e470752d\"><div class=\"vce-content-background-container\"><\/div><div class=\"vce-col-content\" data-vce-element-content=\"true\" data-vce-do-apply=\"padding el-e470752d\"><div class=\"vce-text-block\"><div class=\"vce-text-block-wrapper vce\" id=\"el-b20ae5ef\" data-vce-do-apply=\"all el-b20ae5ef\"><div class=\"vendlogo\"><img decoding=\"async\" src=\"https:\/\/www.tdsynnex.com\/na\/ca\/wp-content\/uploads\/sites\/3\/2026\/03\/aws_RGB.png\"><\/div>\n<div class=\"venddesc\">En tant que double laur\u00e9at du prix Distribution Partner of the Year d'AWS, notre \u00e9quipe TD SYNNEX est con\u00e7ue pour soutenir et acc\u00e9l\u00e9rer le succ\u00e8s des partenaires du r\u00e9seau de partenaires AWS (APN).<\/div>\n<p><a class=\"h4t\" href=\"https:\/\/www.tdsynnex.com\/na\/ca\/aws\/\" target=\"_blank\" rel=\"noopener\">En savoir plus<\/a><\/p>\n<\/div><\/div><\/div><\/div><\/div><div class=\"vce-col vce-col--xs-100p vce-col--xs-visible vce-col--xs-last vce-col--xs-first vce-col--sm-50p vce-col--sm-visible vce-col--sm-first vce-col--md-50p vce-col--md-visible vce-col--md-first vce-col--lg-33-33p vce-col--lg-visible vce-col--lg-last vce-col--xl-33-33p vce-col--xl-visible vce-col--xl-last\" id=\"el-87dde6aa\"><div class=\"vce-col-inner\" data-vce-do-apply=\"border margin background  el-87dde6aa\"><div class=\"vce-col-content\" data-vce-element-content=\"true\" data-vce-do-apply=\"padding el-87dde6aa\"><div class=\"vce-text-block\"><div class=\"vce-text-block-wrapper vce\" id=\"el-d71be760\" data-vce-do-apply=\"all el-d71be760\"><div class=\"vendlogo\"><img decoding=\"async\" src=\"https:\/\/www.tdsynnex.com\/na\/ca\/wp-content\/uploads\/sites\/3\/2026\/01\/Dell-DT_AuthorizedDistributor_Blue-100.png\"><\/div>\n<div class=\"venddesc\">TD SYNNEX aide les entreprises \u00e0 g\u00e9rer leurs applications dans un environnement informatique en pleine mutation.<\/div>\n<p><a class=\"h4t\" href=\"https:\/\/www.tdsynnex.com\/na\/ca\/dell\/fr\/\" target=\"_blank\" rel=\"noopener\">En savoir plus<\/a><\/p>\n<\/div><\/div><\/div><\/div><\/div><div class=\"vce-col vce-col--xs-100p vce-col--xs-visible vce-col--xs-last vce-col--xs-first vce-col--sm-50p vce-col--sm-visible vce-col--sm-last vce-col--md-50p vce-col--md-visible vce-col--md-last vce-col--lg-33-33p vce-col--lg-visible vce-col--lg-first vce-col--xl-33-33p vce-col--xl-visible vce-col--xl-first\" id=\"el-edd3cb1c\"><div class=\"vce-col-inner\" data-vce-do-apply=\"border margin background  el-edd3cb1c\"><div class=\"vce-col-content\" data-vce-element-content=\"true\" data-vce-do-apply=\"padding el-edd3cb1c\"><div class=\"vce-text-block\"><div class=\"vce-text-block-wrapper vce\" id=\"el-5a4636a9\" data-vce-do-apply=\"all el-5a4636a9\"><div class=\"vendlogo\"><img decoding=\"async\" src=\"https:\/\/www.tdsynnex.com\/na\/ca\/wp-content\/uploads\/sites\/3\/2023\/07\/Microsoft-CSP.png\"><\/div>\n<div class=\"venddesc\">Microsoft CSP permet la transformation num\u00e9rique \u00e0 l'\u00e8re d'un nuage intelligent et d'une p\u00e9riph\u00e9rie intelligente.  <\/div>\n<p><a class=\"h4t\" href=\"https:\/\/www.tdsynnex.com\/na\/ca\/microsoft-cloud-central\/\" target=\"_blank\" rel=\"noopener\">En savoir plus<\/a><\/p>\n<\/div><\/div><\/div><\/div><\/div><div class=\"vce-col vce-col--xs-100p vce-col--xs-visible vce-col--xs-last vce-col--xs-first vce-col--sm-50p vce-col--sm-visible vce-col--sm-last vce-col--sm-first vce-col--md-50p vce-col--md-visible vce-col--md-last vce-col--md-first vce-col--lg-33-33p vce-col--lg-visible vce-col--lg-last vce-col--xl-33-33p vce-col--xl-visible vce-col--xl-last\" id=\"el-5f569235\"><div class=\"vce-col-inner\" data-vce-do-apply=\"border margin background  el-5f569235\"><div class=\"vce-col-content\" data-vce-element-content=\"true\" data-vce-do-apply=\"padding el-5f569235\"><div class=\"vce-text-block\"><div class=\"vce-text-block-wrapper vce\" id=\"el-9cd89ef5\" data-vce-do-apply=\"all el-9cd89ef5\"><div class=\"vendlogo\"><img decoding=\"async\" src=\"https:\/\/www.tdsynnex.com\/na\/ca\/wp-content\/uploads\/sites\/3\/2023\/07\/Ms-Surface-Stacked.png\"><\/div>\n<div class=\"venddesc\">Microsoft Surface est \u00e0 la pointe de l'espace de d\u00e9ploiement moderne avec nos UGS pr\u00e9-int\u00e9gr\u00e9es pour les services Autopilot.<\/div>\n<p><a class=\"h4t\" href=\"https:\/\/www.tdsynnex.com\/na\/ca\/microsoft-surface\/fr\/\" target=\"_blank\" rel=\"noopener\">En savoir plus<\/a><\/p><\/div><\/div><\/div><\/div><\/div><\/div><\/div><\/div><div class=\"vce-row-container\"><div class=\"vce-row vce-row--col-gap-30 vce-row-equal-height vce-row-content--top\" data-vce-full-width=\"true\" id=\"el-0e9760ad\" data-vce-do-apply=\"all el-0e9760ad\"><div class=\"vce-content-background-container\"><\/div><div class=\"vce-row-content\" data-vce-element-content=\"true\"><div class=\"vce-col vce-col--md-100p vce-col--xs-1 vce-col--xs-last vce-col--xs-first vce-col--sm-last vce-col--sm-first vce-col--md-last vce-col--lg-last vce-col--xl-last vce-col--md-first vce-col--lg-first vce-col--xl-first\" id=\"el-b91110ab\"><div class=\"vce-col-inner\" data-vce-do-apply=\"border margin background  el-b91110ab\"><div class=\"vce-content-background-container\"><\/div><div class=\"vce-col-content\" data-vce-element-content=\"true\" data-vce-do-apply=\"padding el-b91110ab\"><div class=\"vce-text-block\"><div class=\"vce-text-block-wrapper vce\" id=\"el-3ac5a2bb\" data-vce-do-apply=\"all el-3ac5a2bb\"><h2 class=\"h1t center\">Fournisseurs suppl\u00e9mentaires<\/h2>\n<\/div><\/div><\/div><\/div><\/div><div class=\"vce-col vce-col--md-50p vce-col--xs-1 vce-col--xs-last vce-col--xs-first vce-col--sm-last vce-col--sm-first vce-col--md-first vce-col--lg-first vce-col--xl-first\" id=\"el-45360ce6\"><div class=\"vce-col-inner\" data-vce-do-apply=\"border margin background  el-45360ce6\"><div class=\"vce-col-content\" data-vce-element-content=\"true\" data-vce-do-apply=\"padding el-45360ce6\"><div class=\"vce-text-block\"><div class=\"vce-text-block-wrapper vce\" id=\"el-a2cff5f0\" data-vce-do-apply=\"all el-a2cff5f0\"><p class=\"h6t\"><a href=\"https:\/\/www.tdsynnex.com\/na\/ca\/fr\/eaton\/\" target=\"_blank\" rel=\"noopener\">Eaton<\/a><\/p>\n<\/div><\/div><div class=\"vce-text-block\"><div class=\"vce-text-block-wrapper vce\" id=\"el-66eafe91\" data-vce-do-apply=\"all el-66eafe91\"><p class=\"h6t\"><a href=\"https:\/\/www.tdsynnex.com\/na\/ca\/fr\/google-cloud\/\" target=\"_blank\" rel=\"noopener\">Google Cloud<\/a><\/p><\/div><\/div><div class=\"vce-text-block\"><div class=\"vce-text-block-wrapper vce\" id=\"el-83c88020\" data-vce-do-apply=\"all el-83c88020\"><p class=\"h6t\"><a href=\"https:\/\/www.tdsynnex.com\/na\/ca\/fr\/google-workspace\/\" target=\"_blank\" rel=\"noopener\">Google Workspace<\/a><\/p><\/div><\/div><\/div><\/div><\/div><div class=\"vce-col vce-col--md-50p vce-col--xs-1 vce-col--xs-last vce-col--xs-first vce-col--sm-last vce-col--sm-first vce-col--md-last vce-col--lg-last vce-col--xl-last\" id=\"el-3aa80945\"><div class=\"vce-col-inner\" data-vce-do-apply=\"border margin background  el-3aa80945\"><div class=\"vce-col-content\" data-vce-element-content=\"true\" data-vce-do-apply=\"padding el-3aa80945\"><div class=\"vce-text-block\"><div class=\"vce-text-block-wrapper vce\" id=\"el-01eae37d\" data-vce-do-apply=\"all el-01eae37d\"><p class=\"h6t\"><a href=\"https:\/\/www.tdsynnex.com\/na\/ca\/fr\/jabra\/\" target=\"_blank\" rel=\"noopener\">Jabra<\/a><\/p>\n<\/div><\/div><div class=\"vce-text-block\"><div class=\"vce-text-block-wrapper vce\" id=\"el-b3a982f2\" data-vce-do-apply=\"all el-b3a982f2\"><p class=\"h6t\"><a href=\"https:\/\/www.tdsynnex.com\/na\/ca\/fr\/lobjet-dabord\/\" target=\"_blank\" rel=\"noopener\">Object First<\/a><\/p>\n<\/div><\/div><div class=\"vce-text-block\"><div class=\"vce-text-block-wrapper vce\" id=\"el-c26ce6d1\" data-vce-do-apply=\"all el-c26ce6d1\"><p class=\"h6t\"><a href=\"https:\/\/www.tdsynnex.com\/na\/ca\/fr\/veeam\/\" target=\"_blank\" rel=\"noopener\">Veeam<\/a><\/p><\/div><\/div><\/div><\/div><\/div><\/div><\/div><\/div>","protected":false},"excerpt":{"rendered":"D\u00e9couvrez nos vendeurs en vedette Avec plus de 350 marques, notre portefeuille de fournisseurs est l&rsquo;un des plus importants du secteur. Couvrant un large \u00e9ventail de technologies, nous disposons d&rsquo;un choix et d&rsquo;une disponibilit\u00e9 de produits in\u00e9gal\u00e9s dans l&rsquo;industrie, ce qui nous permet d&rsquo;amener la technologie sur le march\u00e9. Avec des outils uniques \u00e0 votre [&hellip;]","protected":false},"author":12,"featured_media":0,"parent":0,"menu_order":0,"comment_status":"closed","ping_status":"closed","template":"","meta":{"footnotes":""},"class_list":["post-2318","page","type-page","status-publish","hentry"],"yoast_head":"<!-- This site is optimized with the Yoast SEO plugin v26.1.1 - https:\/\/yoast.com\/wordpress\/plugins\/seo\/ -->\n<title>Vendeurs - TD SYNNEX Canada<\/title>\n<meta name=\"robots\" content=\"index, follow, max-snippet:-1, max-image-preview:large, max-video-preview:-1\" \/>\n<link rel=\"canonical\" href=\"https:\/\/www.tdsynnex.com\/na\/ca\/fr\/vendeurs\/\" \/>\n<meta property=\"og:locale\" content=\"fr_FR\" \/>\n<meta property=\"og:type\" content=\"article\" \/>\n<meta property=\"og:title\" content=\"Vendeurs - TD SYNNEX Canada\" \/>\n<meta property=\"og:description\" content=\"D\u00e9couvrez nos vendeurs en vedette Avec plus de 350 marques, notre portefeuille de fournisseurs est l&#039;un des plus importants du secteur. Couvrant un large \u00e9ventail de technologies, nous disposons d&#039;un choix et d&#039;une disponibilit\u00e9 de produits in\u00e9gal\u00e9s dans l&#039;industrie, ce qui nous permet d&#039;amener la technologie sur le march\u00e9. Avec des outils uniques \u00e0 votre [&hellip;]\" \/>\n<meta property=\"og:url\" content=\"https:\/\/www.tdsynnex.com\/na\/ca\/fr\/vendeurs\/\" \/>\n<meta property=\"og:site_name\" content=\"TD SYNNEX Canada\" \/>\n<meta property=\"article:modified_time\" content=\"2026-04-07T20:35:22+00:00\" \/>\n<meta name=\"twitter:card\" content=\"summary_large_image\" \/>\n<meta name=\"twitter:label1\" content=\"Dur\u00e9e de lecture estim\u00e9e\" \/>\n\t<meta name=\"twitter:data1\" content=\"1 minute\" \/>\n<script type=\"application\/ld+json\" class=\"yoast-schema-graph\">{\"@context\":\"https:\/\/schema.org\",\"@graph\":[{\"@type\":\"WebPage\",\"@id\":\"https:\/\/www.tdsynnex.com\/na\/ca\/fr\/vendeurs\/\",\"url\":\"https:\/\/www.tdsynnex.com\/na\/ca\/fr\/vendeurs\/\",\"name\":\"Vendeurs - TD SYNNEX Canada\",\"isPartOf\":{\"@id\":\"https:\/\/www.tdsynnex.com\/na\/ca\/#website\"},\"datePublished\":\"2023-07-21T18:33:46+00:00\",\"dateModified\":\"2026-04-07T20:35:22+00:00\",\"breadcrumb\":{\"@id\":\"https:\/\/www.tdsynnex.com\/na\/ca\/fr\/vendeurs\/#breadcrumb\"},\"inLanguage\":\"fr-FR\",\"potentialAction\":[{\"@type\":\"ReadAction\",\"target\":[\"https:\/\/www.tdsynnex.com\/na\/ca\/fr\/vendeurs\/\"]}]},{\"@type\":\"BreadcrumbList\",\"@id\":\"https:\/\/www.tdsynnex.com\/na\/ca\/fr\/vendeurs\/#breadcrumb\",\"itemListElement\":[{\"@type\":\"ListItem\",\"position\":1,\"name\":\"Home\",\"item\":\"https:\/\/www.tdsynnex.com\/na\/ca\/fr\/\"},{\"@type\":\"ListItem\",\"position\":2,\"name\":\"Vendeurs\"}]},{\"@type\":\"WebSite\",\"@id\":\"https:\/\/www.tdsynnex.com\/na\/ca\/#website\",\"url\":\"https:\/\/www.tdsynnex.com\/na\/ca\/\",\"name\":\"TD SYNNEX Canada\",\"description\":\"\",\"publisher\":{\"@id\":\"https:\/\/www.tdsynnex.com\/na\/ca\/#organization\"},\"potentialAction\":[{\"@type\":\"SearchAction\",\"target\":{\"@type\":\"EntryPoint\",\"urlTemplate\":\"https:\/\/www.tdsynnex.com\/na\/ca\/?s={search_term_string}\"},\"query-input\":{\"@type\":\"PropertyValueSpecification\",\"valueRequired\":true,\"valueName\":\"search_term_string\"}}],\"inLanguage\":\"fr-FR\"},{\"@type\":\"Organization\",\"@id\":\"https:\/\/www.tdsynnex.com\/na\/ca\/#organization\",\"name\":\"TD SYNNEX Canada\",\"url\":\"https:\/\/www.tdsynnex.com\/na\/ca\/\",\"logo\":{\"@type\":\"ImageObject\",\"inLanguage\":\"fr-FR\",\"@id\":\"https:\/\/www.tdsynnex.com\/na\/ca\/#\/schema\/logo\/image\/\",\"url\":\"https:\/\/www.tdsynnex.com\/na\/ca\/wp-content\/uploads\/sites\/3\/2022\/08\/TDSYNNEXLogo@2x.png\",\"contentUrl\":\"https:\/\/www.tdsynnex.com\/na\/ca\/wp-content\/uploads\/sites\/3\/2022\/08\/TDSYNNEXLogo@2x.png\",\"width\":370,\"height\":72,\"caption\":\"TD SYNNEX Canada\"},\"image\":{\"@id\":\"https:\/\/www.tdsynnex.com\/na\/ca\/#\/schema\/logo\/image\/\"}}]}<\/script>\n<!-- \/ Yoast SEO plugin. -->","yoast_head_json":{"title":"Vendeurs - TD SYNNEX Canada","robots":{"index":"index","follow":"follow","max-snippet":"max-snippet:-1","max-image-preview":"max-image-preview:large","max-video-preview":"max-video-preview:-1"},"canonical":"https:\/\/www.tdsynnex.com\/na\/ca\/fr\/vendeurs\/","og_locale":"fr_FR","og_type":"article","og_title":"Vendeurs - TD SYNNEX Canada","og_description":"D\u00e9couvrez nos vendeurs en vedette Avec plus de 350 marques, notre portefeuille de fournisseurs est l'un des plus importants du secteur. Couvrant un large \u00e9ventail de technologies, nous disposons d'un choix et d'une disponibilit\u00e9 de produits in\u00e9gal\u00e9s dans l'industrie, ce qui nous permet d'amener la technologie sur le march\u00e9. Avec des outils uniques \u00e0 votre [&hellip;]","og_url":"https:\/\/www.tdsynnex.com\/na\/ca\/fr\/vendeurs\/","og_site_name":"TD SYNNEX Canada","article_modified_time":"2026-04-07T20:35:22+00:00","twitter_card":"summary_large_image","twitter_misc":{"Dur\u00e9e de lecture estim\u00e9e":"1 minute"},"schema":{"@context":"https:\/\/schema.org","@graph":[{"@type":"WebPage","@id":"https:\/\/www.tdsynnex.com\/na\/ca\/fr\/vendeurs\/","url":"https:\/\/www.tdsynnex.com\/na\/ca\/fr\/vendeurs\/","name":"Vendeurs - TD SYNNEX Canada","isPartOf":{"@id":"https:\/\/www.tdsynnex.com\/na\/ca\/#website"},"datePublished":"2023-07-21T18:33:46+00:00","dateModified":"2026-04-07T20:35:22+00:00","breadcrumb":{"@id":"https:\/\/www.tdsynnex.com\/na\/ca\/fr\/vendeurs\/#breadcrumb"},"inLanguage":"fr-FR","potentialAction":[{"@type":"ReadAction","target":["https:\/\/www.tdsynnex.com\/na\/ca\/fr\/vendeurs\/"]}]},{"@type":"BreadcrumbList","@id":"https:\/\/www.tdsynnex.com\/na\/ca\/fr\/vendeurs\/#breadcrumb","itemListElement":[{"@type":"ListItem","position":1,"name":"Home","item":"https:\/\/www.tdsynnex.com\/na\/ca\/fr\/"},{"@type":"ListItem","position":2,"name":"Vendeurs"}]},{"@type":"WebSite","@id":"https:\/\/www.tdsynnex.com\/na\/ca\/#website","url":"https:\/\/www.tdsynnex.com\/na\/ca\/","name":"TD SYNNEX Canada","description":"","publisher":{"@id":"https:\/\/www.tdsynnex.com\/na\/ca\/#organization"},"potentialAction":[{"@type":"SearchAction","target":{"@type":"EntryPoint","urlTemplate":"https:\/\/www.tdsynnex.com\/na\/ca\/?s={search_term_string}"},"query-input":{"@type":"PropertyValueSpecification","valueRequired":true,"valueName":"search_term_string"}}],"inLanguage":"fr-FR"},{"@type":"Organization","@id":"https:\/\/www.tdsynnex.com\/na\/ca\/#organization","name":"TD SYNNEX Canada","url":"https:\/\/www.tdsynnex.com\/na\/ca\/","logo":{"@type":"ImageObject","inLanguage":"fr-FR","@id":"https:\/\/www.tdsynnex.com\/na\/ca\/#\/schema\/logo\/image\/","url":"https:\/\/www.tdsynnex.com\/na\/ca\/wp-content\/uploads\/sites\/3\/2022\/08\/TDSYNNEXLogo@2x.png","contentUrl":"https:\/\/www.tdsynnex.com\/na\/ca\/wp-content\/uploads\/sites\/3\/2022\/08\/TDSYNNEXLogo@2x.png","width":370,"height":72,"caption":"TD SYNNEX Canada"},"image":{"@id":"https:\/\/www.tdsynnex.com\/na\/ca\/#\/schema\/logo\/image\/"}}]}},"_links":{"self":[{"href":"https:\/\/www.tdsynnex.com\/na\/ca\/fr\/wp-json\/wp\/v2\/pages\/2318","targetHints":{"allow":["GET"]}}],"collection":[{"href":"https:\/\/www.tdsynnex.com\/na\/ca\/fr\/wp-json\/wp\/v2\/pages"}],"about":[{"href":"https:\/\/www.tdsynnex.com\/na\/ca\/fr\/wp-json\/wp\/v2\/types\/page"}],"author":[{"embeddable":true,"href":"https:\/\/www.tdsynnex.com\/na\/ca\/fr\/wp-json\/wp\/v2\/users\/12"}],"replies":[{"embeddable":true,"href":"https:\/\/www.tdsynnex.com\/na\/ca\/fr\/wp-json\/wp\/v2\/comments?post=2318"}],"version-history":[{"count":15,"href":"https:\/\/www.tdsynnex.com\/na\/ca\/fr\/wp-json\/wp\/v2\/pages\/2318\/revisions"}],"predecessor-version":[{"id":2558,"href":"https:\/\/www.tdsynnex.com\/na\/ca\/fr\/wp-json\/wp\/v2\/pages\/2318\/revisions\/2558"}],"wp:attachment":[{"href":"https:\/\/www.tdsynnex.com\/na\/ca\/fr\/wp-json\/wp\/v2\/media?parent=2318"}],"curies":[{"name":"wp","href":"https:\/\/api.w.org\/{rel}","templated":true}]}}