{"id":2417,"date":"2026-01-19T12:28:46","date_gmt":"2026-01-19T16:28:46","guid":{"rendered":"https:\/\/www.tdsynnex.com\/na\/ca\/google-workspace\/"},"modified":"2026-03-02T14:51:45","modified_gmt":"2026-03-02T18:51:45","slug":"google-workspace","status":"publish","type":"page","link":"https:\/\/www.tdsynnex.com\/na\/ca\/fr\/google-workspace\/","title":{"rendered":"Google Workspace"},"content":{"rendered":"<div class=\"vce-row-container\" id=\"tds-subsite-menu\"><div class=\"vce-row vce-element--has-background vce-row--col-gap-30 vce-row-equal-height vce-row-content--middle\" data-vce-full-width=\"true\" id=\"el-0574b0b8\" data-vce-do-apply=\"all el-0574b0b8\"><div class=\"vce-content-background-container\"><\/div><div class=\"vce-row-content\" data-vce-element-content=\"true\"><div class=\"vce-col vce-col--md-auto vce-col--xs-1 vce-col--xs-last vce-col--xs-first vce-col--sm-last vce-col--sm-first vce-col--md-last vce-col--lg-last vce-col--xl-last vce-col--md-first vce-col--lg-first vce-col--xl-first secondary-menu \" id=\"el-f6c1bee7\"><div class=\"vce-col-inner\" data-vce-do-apply=\"border margin background  el-f6c1bee7\"><div class=\"vce-content-background-container\"><\/div><div class=\"vce-col-content\" data-vce-element-content=\"true\" data-vce-do-apply=\"padding el-f6c1bee7\"><div class=\"vcv-row-control-wrapper\"><\/div><\/div><\/div><\/div><\/div><\/div><\/div><div class=\"vce-row-container\" data-vce-boxed-width=\"true\"><div class=\"vce-row vce-row--col-gap-30 vce-row-equal-height vce-row-content--top\" id=\"el-1d4b94e6\" data-vce-do-apply=\"all el-1d4b94e6\"><div class=\"vce-content-background-container\"><\/div><div class=\"vce-row-content\" data-vce-element-content=\"true\"><div class=\"vce-col vce-col--md-auto vce-col--xs-1 vce-col--xs-last vce-col--xs-first vce-col--sm-last vce-col--sm-first vce-col--md-last vce-col--lg-last vce-col--xl-last vce-col--md-first vce-col--lg-first vce-col--xl-first\" id=\"el-33db807a\"><div class=\"vce-col-inner\" data-vce-do-apply=\"border margin background  el-33db807a\"><div class=\"vce-col-content\" data-vce-element-content=\"true\" data-vce-do-apply=\"padding el-33db807a\"><div class=\"vce-single-image-container vce-single-image--align-left\"><div class=\"vce vce-single-image-wrapper\" id=\"el-2325071c\" data-vce-do-apply=\"all el-2325071c\"><figure><div class=\"vce-single-image-figure-inner\" style=\"width: 546px;\"><div class=\"vce-single-image-inner vce-single-image--absolute\" style=\"width: 100%; padding-bottom: 12.8205%;\"><img loading=\"lazy\" decoding=\"async\" class=\"vce-single-image\"  width=\"546\" height=\"70\" src=\"https:\/\/www.tdsynnex.com\/na\/ca\/wp-content\/uploads\/sites\/3\/2026\/01\/Google_Workspace_Logo-70.png\" data-img-src=\"https:\/\/www.tdsynnex.com\/na\/ca\/wp-content\/uploads\/sites\/3\/2026\/01\/Google_Workspace_Logo-70.png\" data-attachment-id=\"2408\"  alt=\"Google Workspace\" title=\"Google_Workspace_Logo-70\" \/><\/div><\/div><figcaption hidden=\"\"><\/figcaption><\/figure><\/div><\/div><\/div><\/div><\/div><\/div><\/div><\/div><div class=\"vce-row-container\" data-vce-boxed-width=\"true\"><div class=\"vce-row vce-row--col-gap-30 vce-row-equal-height vce-row-content--top\" id=\"el-c25fad09\" data-vce-do-apply=\"all el-c25fad09\"><div class=\"vce-content-background-container\"><\/div><div class=\"vce-row-content\" data-vce-element-content=\"true\"><div class=\"vce-col vce-col--md-auto vce-col--xs-1 vce-col--xs-last vce-col--xs-first vce-col--sm-last vce-col--sm-first vce-col--md-first vce-col--lg-first vce-col--xl-first\" id=\"el-711b9b4b\"><div class=\"vce-col-inner\" data-vce-do-apply=\"border margin background  el-711b9b4b\"><div class=\"vce-col-content\" data-vce-element-content=\"true\" data-vce-do-apply=\"padding el-711b9b4b\"><div class=\"vce-text-block\"><div class=\"vce-text-block-wrapper vce\" id=\"el-35589b1e\" data-vce-do-apply=\"all el-35589b1e\"><div class=\"page-section__generator page-section__generator--top g12-xs g11-md g10-lg g8-xl\"><p>Google Workspace est une suite compl\u00e8te d'outils de productivit\u00e9 et de collaboration con\u00e7us pour le lieu de travail moderne. Elle r\u00e9unit Gmail, Docs, Drive, Meet et bien plus encore au sein d'une plateforme s\u00e9curis\u00e9e, int\u00e9gr\u00e9e et native pour le cloud. Donnez \u00e0 votre \u00e9quipe les moyens de collaborer en toute transparence depuis n'importe quel endroit et sur n'importe quel appareil, afin d'am\u00e9liorer l'efficacit\u00e9 et de favoriser l'innovation. En tant que distributeur de premier plan, TD SYNNEX apporte une expertise in\u00e9gal\u00e9e, offrant une assistance et des ressources compl\u00e8tes pour aider les partenaires \u00e0 d\u00e9ployer et \u00e0 g\u00e9rer avec succ\u00e8s les solutions Google Workspace pour leurs clients.   <\/p><\/div><\/div><\/div><div class=\"vce-button--style-outline-container vce-button--style-outline-container--align-left\"><span class=\"vce-button--style-outline-wrapper vce\" id=\"el-3cf9a904\" data-vce-do-apply=\"margin el-3cf9a904\"><a class=\"vce-button vce-button--style-outline-animated vce-button--style-outline--border-square vce-button--style-outline--size-medium vce-button--style-outline-animated--color-b-91-91-91--fff--3d3d3d vce-button--style-outline-animated--border-color-b-91-91-91--3d3d3d vce-button--style-outline-animated--background-color-b-91-91-91\" href=\"https:\/\/partnerfirst.ca.tdsynnex.com\/commerce\/part\/search?keyword=google%20workspace&amp;appliedFilters=%7B%22warehouse%22:0,%22categoryPairArray%22:%5B%5D%7D&amp;searchfrom=bar&amp;time=1769029890010&amp;cdp_searchType=FreeText&amp;cdp_searchSource=SearchBar\" title=\"\" target=\"_blank\" data-vce-do-apply=\"padding border background  el-3cf9a904\"><span class=\"vce-button--style-outline-text\">Acheter<\/span><\/a><\/span><\/div><\/div><\/div><\/div><div class=\"vce-col vce-col--md-auto vce-col--xs-1 vce-col--xs-last vce-col--xs-first vce-col--sm-last vce-col--sm-first vce-col--md-last vce-col--lg-last vce-col--xl-last\" id=\"el-0454f5a7\"><div class=\"vce-col-inner\" data-vce-do-apply=\"border margin background  el-0454f5a7\"><div class=\"vce-content-background-container\"><\/div><div class=\"vce-col-content\" data-vce-element-content=\"true\" data-vce-do-apply=\"padding el-0454f5a7\"><div class=\"vce-text-block\"><div class=\"vce-text-block-wrapper vce\" id=\"el-910546f5\" data-vce-do-apply=\"all el-910546f5\"><h3 class=\"mb-4\">Contactez nous<\/h3>\n<div class=\"contact-wrapper\"><strong>Jacqueline Dutra<\/strong><br>Business Development Manager II<br><a href=\"mailto:jacqueline.dutra@tdsynnex.com\">jacqueline.dutra@tdsynnex.com<\/a><\/div>\n<div class=\"contact-wrapper\"><strong>\u00c9quipe Google Cloud Canada<\/strong><br><a href=\"mailto:googlecloudcan@tdsynnex.com\">googlecloudcan@tdsynnex.com<\/a><\/div>\n<\/div><\/div><\/div><\/div><\/div><\/div><\/div><\/div>","protected":false},"excerpt":{"rendered":"Google Workspace est une suite compl\u00e8te d&rsquo;outils de productivit\u00e9 et de collaboration con\u00e7us pour le lieu de travail moderne. Elle r\u00e9unit Gmail, Docs, Drive, Meet et bien plus encore au sein d&rsquo;une plateforme s\u00e9curis\u00e9e, int\u00e9gr\u00e9e et native pour le cloud. Donnez \u00e0 votre \u00e9quipe les moyens de collaborer en toute transparence depuis n&rsquo;importe quel endroit [&hellip;]","protected":false},"author":12,"featured_media":0,"parent":0,"menu_order":0,"comment_status":"closed","ping_status":"closed","template":"","meta":{"footnotes":""},"class_list":["post-2417","page","type-page","status-publish","hentry"],"yoast_head":"<!-- This site is optimized with the Yoast SEO plugin v26.1.1 - https:\/\/yoast.com\/wordpress\/plugins\/seo\/ -->\n<title>Google Workspace - TD SYNNEX Canada<\/title>\n<meta name=\"robots\" content=\"index, follow, max-snippet:-1, max-image-preview:large, max-video-preview:-1\" \/>\n<link rel=\"canonical\" href=\"https:\/\/www.tdsynnex.com\/na\/ca\/fr\/google-workspace\/\" \/>\n<meta property=\"og:locale\" content=\"fr_FR\" \/>\n<meta property=\"og:type\" content=\"article\" \/>\n<meta property=\"og:title\" content=\"Google Workspace - TD SYNNEX Canada\" \/>\n<meta property=\"og:description\" content=\"Google Workspace est une suite compl\u00e8te d&#039;outils de productivit\u00e9 et de collaboration con\u00e7us pour le lieu de travail moderne. Elle r\u00e9unit Gmail, Docs, Drive, Meet et bien plus encore au sein d&#039;une plateforme s\u00e9curis\u00e9e, int\u00e9gr\u00e9e et native pour le cloud. Donnez \u00e0 votre \u00e9quipe les moyens de collaborer en toute transparence depuis n&#039;importe quel endroit [&hellip;]\" \/>\n<meta property=\"og:url\" content=\"https:\/\/www.tdsynnex.com\/na\/ca\/fr\/google-workspace\/\" \/>\n<meta property=\"og:site_name\" content=\"TD SYNNEX Canada\" \/>\n<meta property=\"article:modified_time\" content=\"2026-03-02T18:51:45+00:00\" \/>\n<meta name=\"twitter:card\" content=\"summary_large_image\" \/>\n<meta name=\"twitter:label1\" content=\"Dur\u00e9e de lecture estim\u00e9e\" \/>\n\t<meta name=\"twitter:data1\" content=\"1 minute\" \/>\n<script type=\"application\/ld+json\" class=\"yoast-schema-graph\">{\"@context\":\"https:\/\/schema.org\",\"@graph\":[{\"@type\":\"WebPage\",\"@id\":\"https:\/\/www.tdsynnex.com\/na\/ca\/fr\/google-workspace\/\",\"url\":\"https:\/\/www.tdsynnex.com\/na\/ca\/fr\/google-workspace\/\",\"name\":\"Google Workspace - TD SYNNEX Canada\",\"isPartOf\":{\"@id\":\"https:\/\/www.tdsynnex.com\/na\/ca\/#website\"},\"datePublished\":\"2026-01-19T16:28:46+00:00\",\"dateModified\":\"2026-03-02T18:51:45+00:00\",\"breadcrumb\":{\"@id\":\"https:\/\/www.tdsynnex.com\/na\/ca\/fr\/google-workspace\/#breadcrumb\"},\"inLanguage\":\"fr-FR\",\"potentialAction\":[{\"@type\":\"ReadAction\",\"target\":[\"https:\/\/www.tdsynnex.com\/na\/ca\/fr\/google-workspace\/\"]}]},{\"@type\":\"BreadcrumbList\",\"@id\":\"https:\/\/www.tdsynnex.com\/na\/ca\/fr\/google-workspace\/#breadcrumb\",\"itemListElement\":[{\"@type\":\"ListItem\",\"position\":1,\"name\":\"Home\",\"item\":\"https:\/\/www.tdsynnex.com\/na\/ca\/fr\/\"},{\"@type\":\"ListItem\",\"position\":2,\"name\":\"Google Workspace\"}]},{\"@type\":\"WebSite\",\"@id\":\"https:\/\/www.tdsynnex.com\/na\/ca\/#website\",\"url\":\"https:\/\/www.tdsynnex.com\/na\/ca\/\",\"name\":\"TD SYNNEX Canada\",\"description\":\"\",\"publisher\":{\"@id\":\"https:\/\/www.tdsynnex.com\/na\/ca\/#organization\"},\"potentialAction\":[{\"@type\":\"SearchAction\",\"target\":{\"@type\":\"EntryPoint\",\"urlTemplate\":\"https:\/\/www.tdsynnex.com\/na\/ca\/?s={search_term_string}\"},\"query-input\":{\"@type\":\"PropertyValueSpecification\",\"valueRequired\":true,\"valueName\":\"search_term_string\"}}],\"inLanguage\":\"fr-FR\"},{\"@type\":\"Organization\",\"@id\":\"https:\/\/www.tdsynnex.com\/na\/ca\/#organization\",\"name\":\"TD SYNNEX Canada\",\"url\":\"https:\/\/www.tdsynnex.com\/na\/ca\/\",\"logo\":{\"@type\":\"ImageObject\",\"inLanguage\":\"fr-FR\",\"@id\":\"https:\/\/www.tdsynnex.com\/na\/ca\/#\/schema\/logo\/image\/\",\"url\":\"https:\/\/www.tdsynnex.com\/na\/ca\/wp-content\/uploads\/sites\/3\/2022\/08\/TDSYNNEXLogo@2x.png\",\"contentUrl\":\"https:\/\/www.tdsynnex.com\/na\/ca\/wp-content\/uploads\/sites\/3\/2022\/08\/TDSYNNEXLogo@2x.png\",\"width\":370,\"height\":72,\"caption\":\"TD SYNNEX Canada\"},\"image\":{\"@id\":\"https:\/\/www.tdsynnex.com\/na\/ca\/#\/schema\/logo\/image\/\"}}]}<\/script>\n<!-- \/ Yoast SEO plugin. -->","yoast_head_json":{"title":"Google Workspace - TD SYNNEX Canada","robots":{"index":"index","follow":"follow","max-snippet":"max-snippet:-1","max-image-preview":"max-image-preview:large","max-video-preview":"max-video-preview:-1"},"canonical":"https:\/\/www.tdsynnex.com\/na\/ca\/fr\/google-workspace\/","og_locale":"fr_FR","og_type":"article","og_title":"Google Workspace - TD SYNNEX Canada","og_description":"Google Workspace est une suite compl\u00e8te d'outils de productivit\u00e9 et de collaboration con\u00e7us pour le lieu de travail moderne. Elle r\u00e9unit Gmail, Docs, Drive, Meet et bien plus encore au sein d'une plateforme s\u00e9curis\u00e9e, int\u00e9gr\u00e9e et native pour le cloud. Donnez \u00e0 votre \u00e9quipe les moyens de collaborer en toute transparence depuis n'importe quel endroit [&hellip;]","og_url":"https:\/\/www.tdsynnex.com\/na\/ca\/fr\/google-workspace\/","og_site_name":"TD SYNNEX Canada","article_modified_time":"2026-03-02T18:51:45+00:00","twitter_card":"summary_large_image","twitter_misc":{"Dur\u00e9e de lecture estim\u00e9e":"1 minute"},"schema":{"@context":"https:\/\/schema.org","@graph":[{"@type":"WebPage","@id":"https:\/\/www.tdsynnex.com\/na\/ca\/fr\/google-workspace\/","url":"https:\/\/www.tdsynnex.com\/na\/ca\/fr\/google-workspace\/","name":"Google Workspace - TD SYNNEX Canada","isPartOf":{"@id":"https:\/\/www.tdsynnex.com\/na\/ca\/#website"},"datePublished":"2026-01-19T16:28:46+00:00","dateModified":"2026-03-02T18:51:45+00:00","breadcrumb":{"@id":"https:\/\/www.tdsynnex.com\/na\/ca\/fr\/google-workspace\/#breadcrumb"},"inLanguage":"fr-FR","potentialAction":[{"@type":"ReadAction","target":["https:\/\/www.tdsynnex.com\/na\/ca\/fr\/google-workspace\/"]}]},{"@type":"BreadcrumbList","@id":"https:\/\/www.tdsynnex.com\/na\/ca\/fr\/google-workspace\/#breadcrumb","itemListElement":[{"@type":"ListItem","position":1,"name":"Home","item":"https:\/\/www.tdsynnex.com\/na\/ca\/fr\/"},{"@type":"ListItem","position":2,"name":"Google Workspace"}]},{"@type":"WebSite","@id":"https:\/\/www.tdsynnex.com\/na\/ca\/#website","url":"https:\/\/www.tdsynnex.com\/na\/ca\/","name":"TD SYNNEX Canada","description":"","publisher":{"@id":"https:\/\/www.tdsynnex.com\/na\/ca\/#organization"},"potentialAction":[{"@type":"SearchAction","target":{"@type":"EntryPoint","urlTemplate":"https:\/\/www.tdsynnex.com\/na\/ca\/?s={search_term_string}"},"query-input":{"@type":"PropertyValueSpecification","valueRequired":true,"valueName":"search_term_string"}}],"inLanguage":"fr-FR"},{"@type":"Organization","@id":"https:\/\/www.tdsynnex.com\/na\/ca\/#organization","name":"TD SYNNEX Canada","url":"https:\/\/www.tdsynnex.com\/na\/ca\/","logo":{"@type":"ImageObject","inLanguage":"fr-FR","@id":"https:\/\/www.tdsynnex.com\/na\/ca\/#\/schema\/logo\/image\/","url":"https:\/\/www.tdsynnex.com\/na\/ca\/wp-content\/uploads\/sites\/3\/2022\/08\/TDSYNNEXLogo@2x.png","contentUrl":"https:\/\/www.tdsynnex.com\/na\/ca\/wp-content\/uploads\/sites\/3\/2022\/08\/TDSYNNEXLogo@2x.png","width":370,"height":72,"caption":"TD SYNNEX Canada"},"image":{"@id":"https:\/\/www.tdsynnex.com\/na\/ca\/#\/schema\/logo\/image\/"}}]}},"_links":{"self":[{"href":"https:\/\/www.tdsynnex.com\/na\/ca\/fr\/wp-json\/wp\/v2\/pages\/2417","targetHints":{"allow":["GET"]}}],"collection":[{"href":"https:\/\/www.tdsynnex.com\/na\/ca\/fr\/wp-json\/wp\/v2\/pages"}],"about":[{"href":"https:\/\/www.tdsynnex.com\/na\/ca\/fr\/wp-json\/wp\/v2\/types\/page"}],"author":[{"embeddable":true,"href":"https:\/\/www.tdsynnex.com\/na\/ca\/fr\/wp-json\/wp\/v2\/users\/12"}],"replies":[{"embeddable":true,"href":"https:\/\/www.tdsynnex.com\/na\/ca\/fr\/wp-json\/wp\/v2\/comments?post=2417"}],"version-history":[{"count":1,"href":"https:\/\/www.tdsynnex.com\/na\/ca\/fr\/wp-json\/wp\/v2\/pages\/2417\/revisions"}],"predecessor-version":[{"id":2427,"href":"https:\/\/www.tdsynnex.com\/na\/ca\/fr\/wp-json\/wp\/v2\/pages\/2417\/revisions\/2427"}],"wp:attachment":[{"href":"https:\/\/www.tdsynnex.com\/na\/ca\/fr\/wp-json\/wp\/v2\/media?parent=2417"}],"curies":[{"name":"wp","href":"https:\/\/api.w.org\/{rel}","templated":true}]}}