{"id":2462,"date":"2026-02-09T13:12:34","date_gmt":"2026-02-09T17:12:34","guid":{"rendered":"https:\/\/www.tdsynnex.com\/na\/ca\/eaton\/"},"modified":"2026-03-05T15:17:12","modified_gmt":"2026-03-05T19:17:12","slug":"eaton","status":"publish","type":"page","link":"https:\/\/www.tdsynnex.com\/na\/ca\/fr\/eaton\/","title":{"rendered":"Eaton"},"content":{"rendered":"<div class=\"vce-row-container\"><div class=\"vce-row vce-element--has-background vce-row--col-gap-30 vce-row-equal-height vce-row-content--middle\" data-vce-full-width=\"true\" id=\"el-4a1aac74\" data-vce-do-apply=\"all el-4a1aac74\"><div class=\"vce-content-background-container\"><\/div><div class=\"vce-row-content\" data-vce-element-content=\"true\"><div class=\"vce-col vce-col--md-auto vce-col--xs-1 vce-col--xs-last vce-col--xs-first vce-col--sm-last vce-col--sm-first vce-col--md-last vce-col--lg-last vce-col--xl-last vce-col--md-first vce-col--lg-first vce-col--xl-first secondary-menu \" id=\"el-7fee731c\"><div class=\"vce-col-inner\" data-vce-do-apply=\"border margin background  el-7fee731c\"><div class=\"vce-content-background-container\"><\/div><div class=\"vce-col-content\" data-vce-element-content=\"true\" data-vce-do-apply=\"padding el-7fee731c\"><div class=\"vcv-row-control-wrapper\"><\/div><\/div><\/div><\/div><\/div><\/div><\/div><div class=\"vce-row-container\" data-vce-boxed-width=\"true\"><div class=\"vce-row vce-row--col-gap-30 vce-row-equal-height vce-row-content--top\" id=\"el-5cc39c82\" data-vce-do-apply=\"all el-5cc39c82\"><div class=\"vce-content-background-container\"><\/div><div class=\"vce-row-content\" data-vce-element-content=\"true\"><div class=\"vce-col vce-col--md-auto vce-col--xs-1 vce-col--xs-last vce-col--xs-first vce-col--sm-last vce-col--sm-first vce-col--md-last vce-col--lg-last vce-col--xl-last vce-col--md-first vce-col--lg-first vce-col--xl-first\" id=\"el-021bf0ca\"><div class=\"vce-col-inner\" data-vce-do-apply=\"border margin background  el-021bf0ca\"><div class=\"vce-col-content\" data-vce-element-content=\"true\" data-vce-do-apply=\"padding el-021bf0ca\"><div class=\"vce-single-image-container vce-single-image--align-left\"><div class=\"vce vce-single-image-wrapper\" id=\"el-68862bb1\" data-vce-do-apply=\"all el-68862bb1\"><figure><div class=\"vce-single-image-figure-inner\" style=\"width: 2130px;\"><div class=\"vce-single-image-inner vce-single-image--absolute\" style=\"width: 100%; padding-bottom: 42.3474%;\"><img loading=\"lazy\" decoding=\"async\" class=\"vce-single-image\"  width=\"2130\" height=\"902\" src=\"https:\/\/www.tdsynnex.com\/na\/ca\/wp-content\/uploads\/sites\/3\/2026\/02\/eaton-brand-signature-full-color-large.png\" data-img-src=\"https:\/\/www.tdsynnex.com\/na\/ca\/wp-content\/uploads\/sites\/3\/2026\/02\/eaton-brand-signature-full-color-large.png\" data-attachment-id=\"2445\"  alt=\"Eaton\" title=\"eaton-brand-signature-full-color-large\" \/><\/div><\/div><figcaption hidden=\"\"><\/figcaption><\/figure><\/div><\/div><\/div><\/div><\/div><\/div><\/div><\/div><div class=\"vce-row-container\" data-vce-boxed-width=\"true\"><div class=\"vce-row vce-row--col-gap-30 vce-row-equal-height vce-row-content--top\" id=\"el-2d37115a\" data-vce-do-apply=\"all el-2d37115a\"><div class=\"vce-content-background-container\"><\/div><div class=\"vce-row-content\" data-vce-element-content=\"true\"><div class=\"vce-col vce-col--md-auto vce-col--xs-1 vce-col--xs-last vce-col--xs-first vce-col--sm-last vce-col--sm-first vce-col--md-first vce-col--lg-first vce-col--xl-first\" id=\"el-52f5e4dd\"><div class=\"vce-col-inner\" data-vce-do-apply=\"border margin background  el-52f5e4dd\"><div class=\"vce-col-content\" data-vce-element-content=\"true\" data-vce-do-apply=\"padding el-52f5e4dd\"><div class=\"vce-text-block\"><div class=\"vce-text-block-wrapper vce\" id=\"el-388992c0\" data-vce-do-apply=\"all el-388992c0\"><div class=\"page-section__generator page-section__generator--top g12-xs g11-md g10-lg g8-xl\"><p><span data-olk-copy-source=\"MessageBody\">Nous sommes une entreprise de gestion de l'\u00e9nergie pr\u00e9sente dans plus de 160 pays. Nos produits et services \u00e0 haut rendement \u00e9nerg\u00e9tique aident nos clients \u00e0 g\u00e9rer efficacement l'\u00e9nergie \u00e9lectrique, hydraulique et m\u00e9canique de mani\u00e8re plus fiable, plus efficace, plus s\u00fbre et plus durable. En donnant aux gens des outils pour utiliser l'\u00e9nergie de mani\u00e8re plus efficace. En aidant les entreprises \u00e0 exercer leurs activit\u00e9s de mani\u00e8re plus durable. Et en encourageant chaque employ\u00e9 d'Eaton \u00e0 penser diff\u00e9remment \u00e0 notre activit\u00e9, \u00e0 nos communaut\u00e9s et \u00e0 l'impact positif que nous pouvons avoir sur le monde.    <\/span><\/p><\/div><\/div><\/div><\/div><\/div><\/div><div class=\"vce-col vce-col--md-auto vce-col--xs-1 vce-col--xs-last vce-col--xs-first vce-col--sm-last vce-col--sm-first vce-col--md-last vce-col--lg-last vce-col--xl-last\" id=\"el-7658691f\"><div class=\"vce-col-inner\" data-vce-do-apply=\"border margin background  el-7658691f\"><div class=\"vce-content-background-container\"><\/div><div class=\"vce-col-content\" data-vce-element-content=\"true\" data-vce-do-apply=\"padding el-7658691f\"><div class=\"vce-text-block\"><div class=\"vce-text-block-wrapper vce\" id=\"el-99a8dcc0\" data-vce-do-apply=\"all el-99a8dcc0\"><h3 class=\"mb-4\">Contactez nous<\/h3>\n<div class=\"contact-wrapper\"><strong>Jodi Bonham<\/strong><br>Directrice du canal des TI, groupe CPDI<br><a href=\"mailto:JodiBonham@eaton.com\">JodiBonham@eaton.com<\/a><\/div>\n<\/div><\/div><div class=\"vce-text-block\"><div class=\"vce-text-block-wrapper vce\" id=\"el-06171714\" data-vce-do-apply=\"all el-06171714\"><h3 class=\"mb-4\">Ressources<\/h3><div class=\"contact-wrapper\">bc350 Sell Sheet <a href=\"https:\/\/www.tdsynnex.com\/na\/ca\/wp-content\/uploads\/sites\/3\/2026\/02\/bc350.pdf\" target=\"_blank\" rel=\"noopener\">(EN)<\/a> <a href=\"https:\/\/www.tdsynnex.com\/na\/ca\/wp-content\/uploads\/sites\/3\/2026\/02\/bc350FRENCH.pdf\" target=\"_blank\" rel=\"noopener\">(FR)<\/a><br>smart500rt1u Sell Sheet <a href=\"https:\/\/www.tdsynnex.com\/na\/ca\/wp-content\/uploads\/sites\/3\/2026\/02\/smart500rt1u.pdf\" target=\"_blank\" rel=\"noopener\">(EN)<\/a> <a href=\"https:\/\/www.tdsynnex.com\/na\/ca\/wp-content\/uploads\/sites\/3\/2026\/02\/smart500rt1uFRENCH.pdf\" target=\"_blank\" rel=\"noopener\">(FR)<\/a><br>avr750u Sell Sheet <a href=\"https:\/\/www.tdsynnex.com\/na\/ca\/wp-content\/uploads\/sites\/3\/2026\/02\/avr750u.pdf\" target=\"_blank\" rel=\"noopener\">(EN)<\/a> <a href=\"https:\/\/www.tdsynnex.com\/na\/ca\/wp-content\/uploads\/sites\/3\/2026\/02\/avr750uFRENCH.pdf\" target=\"_blank\" rel=\"noopener\">(FR)<\/a><\/div><\/div><\/div><\/div><\/div><\/div><\/div><\/div><\/div>","protected":false},"excerpt":{"rendered":"Nous sommes une entreprise de gestion de l&rsquo;\u00e9nergie pr\u00e9sente dans plus de 160 pays. Nos produits et services \u00e0 haut rendement \u00e9nerg\u00e9tique aident nos clients \u00e0 g\u00e9rer efficacement l&rsquo;\u00e9nergie \u00e9lectrique, hydraulique et m\u00e9canique de mani\u00e8re plus fiable, plus efficace, plus s\u00fbre et plus durable. En donnant aux gens des outils pour utiliser l&rsquo;\u00e9nergie de mani\u00e8re [&hellip;]","protected":false},"author":12,"featured_media":0,"parent":0,"menu_order":0,"comment_status":"closed","ping_status":"closed","template":"","meta":{"footnotes":""},"class_list":["post-2462","page","type-page","status-publish","hentry"],"yoast_head":"<!-- This site is optimized with the Yoast SEO plugin v26.1.1 - https:\/\/yoast.com\/wordpress\/plugins\/seo\/ -->\n<title>Eaton - TD SYNNEX Canada<\/title>\n<meta name=\"robots\" content=\"index, follow, max-snippet:-1, max-image-preview:large, max-video-preview:-1\" \/>\n<link rel=\"canonical\" href=\"https:\/\/www.tdsynnex.com\/na\/ca\/eaton\/\" \/>\n<meta property=\"og:locale\" content=\"fr_FR\" \/>\n<meta property=\"og:type\" content=\"article\" \/>\n<meta property=\"og:title\" content=\"Eaton - TD SYNNEX Canada\" \/>\n<meta property=\"og:description\" content=\"Nous sommes une entreprise de gestion de l&#039;\u00e9nergie pr\u00e9sente dans plus de 160 pays. Nos produits et services \u00e0 haut rendement \u00e9nerg\u00e9tique aident nos clients \u00e0 g\u00e9rer efficacement l&#039;\u00e9nergie \u00e9lectrique, hydraulique et m\u00e9canique de mani\u00e8re plus fiable, plus efficace, plus s\u00fbre et plus durable. En donnant aux gens des outils pour utiliser l&#039;\u00e9nergie de mani\u00e8re [&hellip;]\" \/>\n<meta property=\"og:url\" content=\"https:\/\/www.tdsynnex.com\/na\/ca\/eaton\/\" \/>\n<meta property=\"og:site_name\" content=\"TD SYNNEX Canada\" \/>\n<meta property=\"article:modified_time\" content=\"2026-03-05T19:17:12+00:00\" \/>\n<meta name=\"twitter:card\" content=\"summary_large_image\" \/>\n<meta name=\"twitter:label1\" content=\"Dur\u00e9e de lecture estim\u00e9e\" \/>\n\t<meta name=\"twitter:data1\" content=\"1 minute\" \/>\n<script type=\"application\/ld+json\" class=\"yoast-schema-graph\">{\"@context\":\"https:\/\/schema.org\",\"@graph\":[{\"@type\":\"WebPage\",\"@id\":\"https:\/\/www.tdsynnex.com\/na\/ca\/eaton\/\",\"url\":\"https:\/\/www.tdsynnex.com\/na\/ca\/eaton\/\",\"name\":\"Eaton - TD SYNNEX Canada\",\"isPartOf\":{\"@id\":\"https:\/\/www.tdsynnex.com\/na\/ca\/#website\"},\"datePublished\":\"2026-02-09T17:12:34+00:00\",\"dateModified\":\"2026-03-05T19:17:12+00:00\",\"breadcrumb\":{\"@id\":\"https:\/\/www.tdsynnex.com\/na\/ca\/eaton\/#breadcrumb\"},\"inLanguage\":\"fr-FR\",\"potentialAction\":[{\"@type\":\"ReadAction\",\"target\":[\"https:\/\/www.tdsynnex.com\/na\/ca\/eaton\/\"]}]},{\"@type\":\"BreadcrumbList\",\"@id\":\"https:\/\/www.tdsynnex.com\/na\/ca\/eaton\/#breadcrumb\",\"itemListElement\":[{\"@type\":\"ListItem\",\"position\":1,\"name\":\"Home\",\"item\":\"https:\/\/www.tdsynnex.com\/na\/ca\/fr\/\"},{\"@type\":\"ListItem\",\"position\":2,\"name\":\"Eaton\"}]},{\"@type\":\"WebSite\",\"@id\":\"https:\/\/www.tdsynnex.com\/na\/ca\/#website\",\"url\":\"https:\/\/www.tdsynnex.com\/na\/ca\/\",\"name\":\"TD SYNNEX Canada\",\"description\":\"\",\"publisher\":{\"@id\":\"https:\/\/www.tdsynnex.com\/na\/ca\/#organization\"},\"potentialAction\":[{\"@type\":\"SearchAction\",\"target\":{\"@type\":\"EntryPoint\",\"urlTemplate\":\"https:\/\/www.tdsynnex.com\/na\/ca\/?s={search_term_string}\"},\"query-input\":{\"@type\":\"PropertyValueSpecification\",\"valueRequired\":true,\"valueName\":\"search_term_string\"}}],\"inLanguage\":\"fr-FR\"},{\"@type\":\"Organization\",\"@id\":\"https:\/\/www.tdsynnex.com\/na\/ca\/#organization\",\"name\":\"TD SYNNEX Canada\",\"url\":\"https:\/\/www.tdsynnex.com\/na\/ca\/\",\"logo\":{\"@type\":\"ImageObject\",\"inLanguage\":\"fr-FR\",\"@id\":\"https:\/\/www.tdsynnex.com\/na\/ca\/#\/schema\/logo\/image\/\",\"url\":\"https:\/\/www.tdsynnex.com\/na\/ca\/wp-content\/uploads\/sites\/3\/2022\/08\/TDSYNNEXLogo@2x.png\",\"contentUrl\":\"https:\/\/www.tdsynnex.com\/na\/ca\/wp-content\/uploads\/sites\/3\/2022\/08\/TDSYNNEXLogo@2x.png\",\"width\":370,\"height\":72,\"caption\":\"TD SYNNEX Canada\"},\"image\":{\"@id\":\"https:\/\/www.tdsynnex.com\/na\/ca\/#\/schema\/logo\/image\/\"}}]}<\/script>\n<!-- \/ Yoast SEO plugin. -->","yoast_head_json":{"title":"Eaton - TD SYNNEX Canada","robots":{"index":"index","follow":"follow","max-snippet":"max-snippet:-1","max-image-preview":"max-image-preview:large","max-video-preview":"max-video-preview:-1"},"canonical":"https:\/\/www.tdsynnex.com\/na\/ca\/eaton\/","og_locale":"fr_FR","og_type":"article","og_title":"Eaton - TD SYNNEX Canada","og_description":"Nous sommes une entreprise de gestion de l'\u00e9nergie pr\u00e9sente dans plus de 160 pays. Nos produits et services \u00e0 haut rendement \u00e9nerg\u00e9tique aident nos clients \u00e0 g\u00e9rer efficacement l'\u00e9nergie \u00e9lectrique, hydraulique et m\u00e9canique de mani\u00e8re plus fiable, plus efficace, plus s\u00fbre et plus durable. En donnant aux gens des outils pour utiliser l'\u00e9nergie de mani\u00e8re [&hellip;]","og_url":"https:\/\/www.tdsynnex.com\/na\/ca\/eaton\/","og_site_name":"TD SYNNEX Canada","article_modified_time":"2026-03-05T19:17:12+00:00","twitter_card":"summary_large_image","twitter_misc":{"Dur\u00e9e de lecture estim\u00e9e":"1 minute"},"schema":{"@context":"https:\/\/schema.org","@graph":[{"@type":"WebPage","@id":"https:\/\/www.tdsynnex.com\/na\/ca\/eaton\/","url":"https:\/\/www.tdsynnex.com\/na\/ca\/eaton\/","name":"Eaton - TD SYNNEX Canada","isPartOf":{"@id":"https:\/\/www.tdsynnex.com\/na\/ca\/#website"},"datePublished":"2026-02-09T17:12:34+00:00","dateModified":"2026-03-05T19:17:12+00:00","breadcrumb":{"@id":"https:\/\/www.tdsynnex.com\/na\/ca\/eaton\/#breadcrumb"},"inLanguage":"fr-FR","potentialAction":[{"@type":"ReadAction","target":["https:\/\/www.tdsynnex.com\/na\/ca\/eaton\/"]}]},{"@type":"BreadcrumbList","@id":"https:\/\/www.tdsynnex.com\/na\/ca\/eaton\/#breadcrumb","itemListElement":[{"@type":"ListItem","position":1,"name":"Home","item":"https:\/\/www.tdsynnex.com\/na\/ca\/fr\/"},{"@type":"ListItem","position":2,"name":"Eaton"}]},{"@type":"WebSite","@id":"https:\/\/www.tdsynnex.com\/na\/ca\/#website","url":"https:\/\/www.tdsynnex.com\/na\/ca\/","name":"TD SYNNEX Canada","description":"","publisher":{"@id":"https:\/\/www.tdsynnex.com\/na\/ca\/#organization"},"potentialAction":[{"@type":"SearchAction","target":{"@type":"EntryPoint","urlTemplate":"https:\/\/www.tdsynnex.com\/na\/ca\/?s={search_term_string}"},"query-input":{"@type":"PropertyValueSpecification","valueRequired":true,"valueName":"search_term_string"}}],"inLanguage":"fr-FR"},{"@type":"Organization","@id":"https:\/\/www.tdsynnex.com\/na\/ca\/#organization","name":"TD SYNNEX Canada","url":"https:\/\/www.tdsynnex.com\/na\/ca\/","logo":{"@type":"ImageObject","inLanguage":"fr-FR","@id":"https:\/\/www.tdsynnex.com\/na\/ca\/#\/schema\/logo\/image\/","url":"https:\/\/www.tdsynnex.com\/na\/ca\/wp-content\/uploads\/sites\/3\/2022\/08\/TDSYNNEXLogo@2x.png","contentUrl":"https:\/\/www.tdsynnex.com\/na\/ca\/wp-content\/uploads\/sites\/3\/2022\/08\/TDSYNNEXLogo@2x.png","width":370,"height":72,"caption":"TD SYNNEX Canada"},"image":{"@id":"https:\/\/www.tdsynnex.com\/na\/ca\/#\/schema\/logo\/image\/"}}]}},"_links":{"self":[{"href":"https:\/\/www.tdsynnex.com\/na\/ca\/fr\/wp-json\/wp\/v2\/pages\/2462","targetHints":{"allow":["GET"]}}],"collection":[{"href":"https:\/\/www.tdsynnex.com\/na\/ca\/fr\/wp-json\/wp\/v2\/pages"}],"about":[{"href":"https:\/\/www.tdsynnex.com\/na\/ca\/fr\/wp-json\/wp\/v2\/types\/page"}],"author":[{"embeddable":true,"href":"https:\/\/www.tdsynnex.com\/na\/ca\/fr\/wp-json\/wp\/v2\/users\/12"}],"replies":[{"embeddable":true,"href":"https:\/\/www.tdsynnex.com\/na\/ca\/fr\/wp-json\/wp\/v2\/comments?post=2462"}],"version-history":[{"count":4,"href":"https:\/\/www.tdsynnex.com\/na\/ca\/fr\/wp-json\/wp\/v2\/pages\/2462\/revisions"}],"predecessor-version":[{"id":2511,"href":"https:\/\/www.tdsynnex.com\/na\/ca\/fr\/wp-json\/wp\/v2\/pages\/2462\/revisions\/2511"}],"wp:attachment":[{"href":"https:\/\/www.tdsynnex.com\/na\/ca\/fr\/wp-json\/wp\/v2\/media?parent=2462"}],"curies":[{"name":"wp","href":"https:\/\/api.w.org\/{rel}","templated":true}]}}