{"id":2488,"date":"2026-02-05T12:12:56","date_gmt":"2026-02-05T16:12:56","guid":{"rendered":"https:\/\/www.tdsynnex.com\/na\/ca\/veeam\/"},"modified":"2026-03-02T14:51:50","modified_gmt":"2026-03-02T18:51:50","slug":"veeam","status":"publish","type":"page","link":"https:\/\/www.tdsynnex.com\/na\/ca\/fr\/veeam\/","title":{"rendered":"Veeam"},"content":{"rendered":"<div class=\"vce-row-container\"><div class=\"vce-row vce-element--has-background vce-row--col-gap-30 vce-row-equal-height vce-row-content--middle\" data-vce-full-width=\"true\" id=\"el-d5e41a04\" data-vce-do-apply=\"all el-d5e41a04\"><div class=\"vce-content-background-container\"><\/div><div class=\"vce-row-content\" data-vce-element-content=\"true\"><div class=\"vce-col vce-col--md-auto vce-col--xs-1 vce-col--xs-last vce-col--xs-first vce-col--sm-last vce-col--sm-first vce-col--md-last vce-col--lg-last vce-col--xl-last vce-col--md-first vce-col--lg-first vce-col--xl-first secondary-menu \" id=\"el-1929cf47\"><div class=\"vce-col-inner\" data-vce-do-apply=\"border margin background  el-1929cf47\"><div class=\"vce-content-background-container\"><\/div><div class=\"vce-col-content\" data-vce-element-content=\"true\" data-vce-do-apply=\"padding el-1929cf47\"><div class=\"vcv-row-control-wrapper\"><\/div><\/div><\/div><\/div><\/div><\/div><\/div><div class=\"vce-row-container\" data-vce-boxed-width=\"true\"><div class=\"vce-row vce-row--col-gap-30 vce-row-equal-height vce-row-content--top\" id=\"el-2ccf78d8\" data-vce-do-apply=\"all el-2ccf78d8\"><div class=\"vce-content-background-container\"><\/div><div class=\"vce-row-content\" data-vce-element-content=\"true\"><div class=\"vce-col vce-col--md-auto vce-col--xs-1 vce-col--xs-last vce-col--xs-first vce-col--sm-last vce-col--sm-first vce-col--md-last vce-col--lg-last vce-col--xl-last vce-col--md-first vce-col--lg-first vce-col--xl-first\" id=\"el-ec7f1f29\"><div class=\"vce-col-inner\" data-vce-do-apply=\"border margin background  el-ec7f1f29\"><div class=\"vce-col-content\" data-vce-element-content=\"true\" data-vce-do-apply=\"padding el-ec7f1f29\"><div class=\"vce-single-image-container vce-single-image--align-left\"><div class=\"vce vce-single-image-wrapper\" id=\"el-41675a1d\" data-vce-do-apply=\"all el-41675a1d\"><figure><div class=\"vce-single-image-figure-inner\" style=\"width: 300px;\"><div class=\"vce-single-image-inner vce-single-image--absolute\" style=\"width: 100%; padding-bottom: 47.3333%;\"><img loading=\"lazy\" decoding=\"async\" class=\"vce-single-image\"  width=\"300\" height=\"142\" src=\"https:\/\/www.tdsynnex.com\/na\/ca\/wp-content\/uploads\/sites\/3\/2026\/02\/Veeam_main_logo_without_contor_RGB.png\" data-img-src=\"https:\/\/www.tdsynnex.com\/na\/ca\/wp-content\/uploads\/sites\/3\/2026\/02\/Veeam_main_logo_without_contor_RGB.png\" data-attachment-id=\"2438\"  alt=\"\" title=\"Veeam_main_logo_without_contor_RGB\" \/><\/div><\/div><figcaption hidden=\"\"><\/figcaption><\/figure><\/div><\/div><\/div><\/div><\/div><\/div><\/div><\/div><div class=\"vce-row-container\" data-vce-boxed-width=\"true\"><div class=\"vce-row vce-row--col-gap-30 vce-row-equal-height vce-row-content--top\" id=\"el-2c50dc43\" data-vce-do-apply=\"all el-2c50dc43\"><div class=\"vce-content-background-container\"><\/div><div class=\"vce-row-content\" data-vce-element-content=\"true\"><div class=\"vce-col vce-col--md-auto vce-col--xs-1 vce-col--xs-last vce-col--xs-first vce-col--sm-last vce-col--sm-first vce-col--md-first vce-col--lg-first vce-col--xl-first\" id=\"el-b2503c53\"><div class=\"vce-col-inner\" data-vce-do-apply=\"border margin background  el-b2503c53\"><div class=\"vce-col-content\" data-vce-element-content=\"true\" data-vce-do-apply=\"padding el-b2503c53\"><div class=\"vce-text-block\"><div class=\"vce-text-block-wrapper vce\" id=\"el-4b4c143d\" data-vce-do-apply=\"all el-4b4c143d\"><div class=\"page-section__generator page-section__generator--top g12-xs g11-md g10-lg g8-xl\"><p><strong>Nous sommes la maison de la r\u00e9silience des donn\u00e9es<\/strong><\/p><p>Gr\u00e2ce \u00e0 la r\u00e9silience des donn\u00e9es de Veeam, votre entreprise peut s\u00e9curiser et restaurer toutes ses donn\u00e9es, \u00e0 tout moment et en tout lieu, quoi qu'il arrive. Pourquoi ? Parce que notre mission est d'aider chaque entreprise dans le monde \u00e0 devenir radicalement r\u00e9siliente, capable non seulement de rebondir apr\u00e8s une perturbation des donn\u00e9es, mais aussi d'aller de l'avant.  <\/p><\/div><\/div><\/div><div class=\"vce-button--style-outline-container vce-button--style-outline-container--align-left\"><span class=\"vce-button--style-outline-wrapper vce\" id=\"el-9a0c5201\" data-vce-do-apply=\"margin el-9a0c5201\"><a class=\"vce-button vce-button--style-outline-animated vce-button--style-outline--border-square vce-button--style-outline--size-medium vce-button--style-outline-animated--color-b-0-178-54--fff--3d3d3d vce-button--style-outline-animated--border-color-b-0-178-54--3d3d3d vce-button--style-outline-animated--background-color-b-0-178-54\" href=\"https:\/\/partnerfirst.ca.tdsynnex.com\/commerce\/part\/search?keyword=veeam&amp;appliedFilters=%7B%22sortBy%22:%22bestMatch%22,%22spaType%22:%22VS%22,%22warehouse%22:0,%22pageSize%22:20,%22categoryPairArray%22:%5B%5D%7D&amp;searchfrom=bar&amp;time=1770308157694&amp;cdp_searchType=SearchWithinResults&amp;cdp_searchSource=Category%2520Manufacturer%2520Search\" title=\"\" target=\"_blank\" data-vce-do-apply=\"padding border background  el-9a0c5201\"><span class=\"vce-button--style-outline-text\">Acheter<\/span><\/a><\/span><\/div><\/div><\/div><\/div><div class=\"vce-col vce-col--md-auto vce-col--xs-1 vce-col--xs-last vce-col--xs-first vce-col--sm-last vce-col--sm-first vce-col--md-last vce-col--lg-last vce-col--xl-last\" id=\"el-57e413d4\"><div class=\"vce-col-inner\" data-vce-do-apply=\"border margin background  el-57e413d4\"><div class=\"vce-content-background-container\"><\/div><div class=\"vce-col-content\" data-vce-element-content=\"true\" data-vce-do-apply=\"padding el-57e413d4\"><div class=\"vce-text-block\"><div class=\"vce-text-block-wrapper vce\" id=\"el-5cd5a064\" data-vce-do-apply=\"all el-5cd5a064\"><h3 class=\"mb-4\">Contactez nous<\/h3>\n<div class=\"contact-wrapper\"><strong>Betty Walker <\/strong><br><a href=\"mailto:betty.walker@tdsynnex.com%20\">betty.walker@tdsynnex.com <\/a> <\/div>\n<div class=\"contact-wrapper\"><strong>Monty Hicken <\/strong><br><a href=\"mailto:monty.hicken@tdsynnex.com%20\">monty.hicken@tdsynnex.com <\/a> <\/div>\n<\/div><\/div><div class=\"vce-text-block\"><div class=\"vce-text-block-wrapper vce\" id=\"el-2bab3bc9\" data-vce-do-apply=\"all el-2bab3bc9\"><h3 class=\"mb-4\">Ressources<\/h3>\n<div class=\"contact-wrapper\">Aper\u00e7u des produits de la plate-forme <a href=\"https:\/\/www.tdsynnex.com\/na\/ca\/wp-content\/uploads\/sites\/3\/2026\/02\/veeam_data_platform_product_overview.pdf\" target=\"_blank\" rel=\"noopener\">(EN)<\/a><a href=\"https:\/\/www.tdsynnex.com\/na\/ca\/wp-content\/uploads\/sites\/3\/2026\/02\/veeam_data_platform_product_overview-French.pdf\" target=\"_blank\" rel=\"noopener\">(FR)<\/a><\/div><\/div><\/div><\/div><\/div><\/div><\/div><\/div><\/div>","protected":false},"excerpt":{"rendered":"Nous sommes la maison de la r\u00e9silience des donn\u00e9esGr\u00e2ce \u00e0 la r\u00e9silience des donn\u00e9es de Veeam, votre entreprise peut s\u00e9curiser et restaurer toutes ses donn\u00e9es, \u00e0 tout moment et en tout lieu, quoi qu&rsquo;il arrive. Pourquoi ? Parce que notre mission est d&rsquo;aider chaque entreprise dans le monde \u00e0 devenir radicalement r\u00e9siliente, capable non seulement [&hellip;]","protected":false},"author":12,"featured_media":0,"parent":0,"menu_order":0,"comment_status":"closed","ping_status":"closed","template":"","meta":{"footnotes":""},"class_list":["post-2488","page","type-page","status-publish","hentry"],"yoast_head":"<!-- This site is optimized with the Yoast SEO plugin v26.1.1 - https:\/\/yoast.com\/wordpress\/plugins\/seo\/ -->\n<title>Veeam - TD SYNNEX Canada<\/title>\n<meta name=\"robots\" content=\"index, follow, max-snippet:-1, max-image-preview:large, max-video-preview:-1\" \/>\n<link rel=\"canonical\" href=\"https:\/\/www.tdsynnex.com\/na\/ca\/fr\/veeam\/\" \/>\n<meta property=\"og:locale\" content=\"fr_FR\" \/>\n<meta property=\"og:type\" content=\"article\" \/>\n<meta property=\"og:title\" content=\"Veeam - TD SYNNEX Canada\" \/>\n<meta property=\"og:description\" content=\"Nous sommes la maison de la r\u00e9silience des donn\u00e9esGr\u00e2ce \u00e0 la r\u00e9silience des donn\u00e9es de Veeam, votre entreprise peut s\u00e9curiser et restaurer toutes ses donn\u00e9es, \u00e0 tout moment et en tout lieu, quoi qu&#039;il arrive. Pourquoi ? Parce que notre mission est d&#039;aider chaque entreprise dans le monde \u00e0 devenir radicalement r\u00e9siliente, capable non seulement [&hellip;]\" \/>\n<meta property=\"og:url\" content=\"https:\/\/www.tdsynnex.com\/na\/ca\/fr\/veeam\/\" \/>\n<meta property=\"og:site_name\" content=\"TD SYNNEX Canada\" \/>\n<meta property=\"article:modified_time\" content=\"2026-03-02T18:51:50+00:00\" \/>\n<meta name=\"twitter:card\" content=\"summary_large_image\" \/>\n<script type=\"application\/ld+json\" class=\"yoast-schema-graph\">{\"@context\":\"https:\/\/schema.org\",\"@graph\":[{\"@type\":\"WebPage\",\"@id\":\"https:\/\/www.tdsynnex.com\/na\/ca\/fr\/veeam\/\",\"url\":\"https:\/\/www.tdsynnex.com\/na\/ca\/fr\/veeam\/\",\"name\":\"Veeam - TD SYNNEX Canada\",\"isPartOf\":{\"@id\":\"https:\/\/www.tdsynnex.com\/na\/ca\/#website\"},\"datePublished\":\"2026-02-05T16:12:56+00:00\",\"dateModified\":\"2026-03-02T18:51:50+00:00\",\"breadcrumb\":{\"@id\":\"https:\/\/www.tdsynnex.com\/na\/ca\/fr\/veeam\/#breadcrumb\"},\"inLanguage\":\"fr-FR\",\"potentialAction\":[{\"@type\":\"ReadAction\",\"target\":[\"https:\/\/www.tdsynnex.com\/na\/ca\/fr\/veeam\/\"]}]},{\"@type\":\"BreadcrumbList\",\"@id\":\"https:\/\/www.tdsynnex.com\/na\/ca\/fr\/veeam\/#breadcrumb\",\"itemListElement\":[{\"@type\":\"ListItem\",\"position\":1,\"name\":\"Home\",\"item\":\"https:\/\/www.tdsynnex.com\/na\/ca\/fr\/\"},{\"@type\":\"ListItem\",\"position\":2,\"name\":\"Veeam\"}]},{\"@type\":\"WebSite\",\"@id\":\"https:\/\/www.tdsynnex.com\/na\/ca\/#website\",\"url\":\"https:\/\/www.tdsynnex.com\/na\/ca\/\",\"name\":\"TD SYNNEX Canada\",\"description\":\"\",\"publisher\":{\"@id\":\"https:\/\/www.tdsynnex.com\/na\/ca\/#organization\"},\"potentialAction\":[{\"@type\":\"SearchAction\",\"target\":{\"@type\":\"EntryPoint\",\"urlTemplate\":\"https:\/\/www.tdsynnex.com\/na\/ca\/?s={search_term_string}\"},\"query-input\":{\"@type\":\"PropertyValueSpecification\",\"valueRequired\":true,\"valueName\":\"search_term_string\"}}],\"inLanguage\":\"fr-FR\"},{\"@type\":\"Organization\",\"@id\":\"https:\/\/www.tdsynnex.com\/na\/ca\/#organization\",\"name\":\"TD SYNNEX Canada\",\"url\":\"https:\/\/www.tdsynnex.com\/na\/ca\/\",\"logo\":{\"@type\":\"ImageObject\",\"inLanguage\":\"fr-FR\",\"@id\":\"https:\/\/www.tdsynnex.com\/na\/ca\/#\/schema\/logo\/image\/\",\"url\":\"https:\/\/www.tdsynnex.com\/na\/ca\/wp-content\/uploads\/sites\/3\/2022\/08\/TDSYNNEXLogo@2x.png\",\"contentUrl\":\"https:\/\/www.tdsynnex.com\/na\/ca\/wp-content\/uploads\/sites\/3\/2022\/08\/TDSYNNEXLogo@2x.png\",\"width\":370,\"height\":72,\"caption\":\"TD SYNNEX Canada\"},\"image\":{\"@id\":\"https:\/\/www.tdsynnex.com\/na\/ca\/#\/schema\/logo\/image\/\"}}]}<\/script>\n<!-- \/ Yoast SEO plugin. -->","yoast_head_json":{"title":"Veeam - TD SYNNEX Canada","robots":{"index":"index","follow":"follow","max-snippet":"max-snippet:-1","max-image-preview":"max-image-preview:large","max-video-preview":"max-video-preview:-1"},"canonical":"https:\/\/www.tdsynnex.com\/na\/ca\/fr\/veeam\/","og_locale":"fr_FR","og_type":"article","og_title":"Veeam - TD SYNNEX Canada","og_description":"Nous sommes la maison de la r\u00e9silience des donn\u00e9esGr\u00e2ce \u00e0 la r\u00e9silience des donn\u00e9es de Veeam, votre entreprise peut s\u00e9curiser et restaurer toutes ses donn\u00e9es, \u00e0 tout moment et en tout lieu, quoi qu'il arrive. Pourquoi ? Parce que notre mission est d'aider chaque entreprise dans le monde \u00e0 devenir radicalement r\u00e9siliente, capable non seulement [&hellip;]","og_url":"https:\/\/www.tdsynnex.com\/na\/ca\/fr\/veeam\/","og_site_name":"TD SYNNEX Canada","article_modified_time":"2026-03-02T18:51:50+00:00","twitter_card":"summary_large_image","schema":{"@context":"https:\/\/schema.org","@graph":[{"@type":"WebPage","@id":"https:\/\/www.tdsynnex.com\/na\/ca\/fr\/veeam\/","url":"https:\/\/www.tdsynnex.com\/na\/ca\/fr\/veeam\/","name":"Veeam - TD SYNNEX Canada","isPartOf":{"@id":"https:\/\/www.tdsynnex.com\/na\/ca\/#website"},"datePublished":"2026-02-05T16:12:56+00:00","dateModified":"2026-03-02T18:51:50+00:00","breadcrumb":{"@id":"https:\/\/www.tdsynnex.com\/na\/ca\/fr\/veeam\/#breadcrumb"},"inLanguage":"fr-FR","potentialAction":[{"@type":"ReadAction","target":["https:\/\/www.tdsynnex.com\/na\/ca\/fr\/veeam\/"]}]},{"@type":"BreadcrumbList","@id":"https:\/\/www.tdsynnex.com\/na\/ca\/fr\/veeam\/#breadcrumb","itemListElement":[{"@type":"ListItem","position":1,"name":"Home","item":"https:\/\/www.tdsynnex.com\/na\/ca\/fr\/"},{"@type":"ListItem","position":2,"name":"Veeam"}]},{"@type":"WebSite","@id":"https:\/\/www.tdsynnex.com\/na\/ca\/#website","url":"https:\/\/www.tdsynnex.com\/na\/ca\/","name":"TD SYNNEX Canada","description":"","publisher":{"@id":"https:\/\/www.tdsynnex.com\/na\/ca\/#organization"},"potentialAction":[{"@type":"SearchAction","target":{"@type":"EntryPoint","urlTemplate":"https:\/\/www.tdsynnex.com\/na\/ca\/?s={search_term_string}"},"query-input":{"@type":"PropertyValueSpecification","valueRequired":true,"valueName":"search_term_string"}}],"inLanguage":"fr-FR"},{"@type":"Organization","@id":"https:\/\/www.tdsynnex.com\/na\/ca\/#organization","name":"TD SYNNEX Canada","url":"https:\/\/www.tdsynnex.com\/na\/ca\/","logo":{"@type":"ImageObject","inLanguage":"fr-FR","@id":"https:\/\/www.tdsynnex.com\/na\/ca\/#\/schema\/logo\/image\/","url":"https:\/\/www.tdsynnex.com\/na\/ca\/wp-content\/uploads\/sites\/3\/2022\/08\/TDSYNNEXLogo@2x.png","contentUrl":"https:\/\/www.tdsynnex.com\/na\/ca\/wp-content\/uploads\/sites\/3\/2022\/08\/TDSYNNEXLogo@2x.png","width":370,"height":72,"caption":"TD SYNNEX Canada"},"image":{"@id":"https:\/\/www.tdsynnex.com\/na\/ca\/#\/schema\/logo\/image\/"}}]}},"_links":{"self":[{"href":"https:\/\/www.tdsynnex.com\/na\/ca\/fr\/wp-json\/wp\/v2\/pages\/2488","targetHints":{"allow":["GET"]}}],"collection":[{"href":"https:\/\/www.tdsynnex.com\/na\/ca\/fr\/wp-json\/wp\/v2\/pages"}],"about":[{"href":"https:\/\/www.tdsynnex.com\/na\/ca\/fr\/wp-json\/wp\/v2\/types\/page"}],"author":[{"embeddable":true,"href":"https:\/\/www.tdsynnex.com\/na\/ca\/fr\/wp-json\/wp\/v2\/users\/12"}],"replies":[{"embeddable":true,"href":"https:\/\/www.tdsynnex.com\/na\/ca\/fr\/wp-json\/wp\/v2\/comments?post=2488"}],"version-history":[{"count":2,"href":"https:\/\/www.tdsynnex.com\/na\/ca\/fr\/wp-json\/wp\/v2\/pages\/2488\/revisions"}],"predecessor-version":[{"id":2506,"href":"https:\/\/www.tdsynnex.com\/na\/ca\/fr\/wp-json\/wp\/v2\/pages\/2488\/revisions\/2506"}],"wp:attachment":[{"href":"https:\/\/www.tdsynnex.com\/na\/ca\/fr\/wp-json\/wp\/v2\/media?parent=2488"}],"curies":[{"name":"wp","href":"https:\/\/api.w.org\/{rel}","templated":true}]}}