{"id":2498,"date":"2026-02-10T12:38:22","date_gmt":"2026-02-10T16:38:22","guid":{"rendered":"https:\/\/www.tdsynnex.com\/na\/ca\/jabra\/"},"modified":"2026-03-02T14:51:47","modified_gmt":"2026-03-02T18:51:47","slug":"jabra","status":"publish","type":"page","link":"https:\/\/www.tdsynnex.com\/na\/ca\/fr\/jabra\/","title":{"rendered":"Jabra"},"content":{"rendered":"<div class=\"vce-row-container\"><div class=\"vce-row vce-element--has-background vce-row--col-gap-30 vce-row-equal-height vce-row-content--middle\" data-vce-full-width=\"true\" id=\"el-02755d79\" data-vce-do-apply=\"all el-02755d79\"><div class=\"vce-content-background-container\"><\/div><div class=\"vce-row-content\" data-vce-element-content=\"true\"><div class=\"vce-col vce-col--md-auto vce-col--xs-1 vce-col--xs-last vce-col--xs-first vce-col--sm-last vce-col--sm-first vce-col--md-last vce-col--lg-last vce-col--xl-last vce-col--md-first vce-col--lg-first vce-col--xl-first secondary-menu \" id=\"el-730d5ec3\"><div class=\"vce-col-inner\" data-vce-do-apply=\"border margin background  el-730d5ec3\"><div class=\"vce-content-background-container\"><\/div><div class=\"vce-col-content\" data-vce-element-content=\"true\" data-vce-do-apply=\"padding el-730d5ec3\"><div class=\"vcv-row-control-wrapper\"><\/div><\/div><\/div><\/div><\/div><\/div><\/div><div class=\"vce-row-container\" data-vce-boxed-width=\"true\"><div class=\"vce-row vce-row--col-gap-30 vce-row-equal-height vce-row-content--top\" id=\"el-eae85297\" data-vce-do-apply=\"all el-eae85297\"><div class=\"vce-content-background-container\"><\/div><div class=\"vce-row-content\" data-vce-element-content=\"true\"><div class=\"vce-col vce-col--md-auto vce-col--xs-1 vce-col--xs-last vce-col--xs-first vce-col--sm-last vce-col--sm-first vce-col--md-last vce-col--lg-last vce-col--xl-last vce-col--md-first vce-col--lg-first vce-col--xl-first\" id=\"el-b7b6eec6\"><div class=\"vce-col-inner\" data-vce-do-apply=\"border margin background  el-b7b6eec6\"><div class=\"vce-col-content\" data-vce-element-content=\"true\" data-vce-do-apply=\"padding el-b7b6eec6\"><div class=\"vce-single-image-container vce-single-image--align-left\"><div class=\"vce vce-single-image-wrapper\" id=\"el-c4f4ccef\" data-vce-do-apply=\"all el-c4f4ccef\"><figure><div class=\"vce-single-image-figure-inner\" style=\"width: 300px;\"><div class=\"vce-single-image-inner vce-single-image--absolute\" style=\"width: 100%; padding-bottom: 34%;\"><img loading=\"lazy\" decoding=\"async\" class=\"vce-single-image\"  width=\"300\" height=\"102\" src=\"https:\/\/www.tdsynnex.com\/na\/ca\/wp-content\/uploads\/sites\/3\/2023\/03\/Jabra_GN_RGB.png\" data-img-src=\"https:\/\/www.tdsynnex.com\/na\/ca\/wp-content\/uploads\/sites\/3\/2023\/03\/Jabra_GN_RGB.png\" data-attachment-id=\"1563\"  alt=\"Jabra\" title=\"Jabra_GN_RGB\" \/><\/div><\/div><figcaption hidden=\"\"><\/figcaption><\/figure><\/div><\/div><\/div><\/div><\/div><\/div><\/div><\/div><div class=\"vce-row-container\" data-vce-boxed-width=\"true\"><div class=\"vce-row vce-row--col-gap-30 vce-row-equal-height vce-row-content--top\" id=\"el-7fd3d2f3\" data-vce-do-apply=\"all el-7fd3d2f3\"><div class=\"vce-content-background-container\"><\/div><div class=\"vce-row-content\" data-vce-element-content=\"true\"><div class=\"vce-col vce-col--md-auto vce-col--xs-1 vce-col--xs-last vce-col--xs-first vce-col--sm-last vce-col--sm-first vce-col--md-first vce-col--lg-first vce-col--xl-first\" id=\"el-0087c655\"><div class=\"vce-col-inner\" data-vce-do-apply=\"border margin background  el-0087c655\"><div class=\"vce-col-content\" data-vce-element-content=\"true\" data-vce-do-apply=\"padding el-0087c655\"><div class=\"vce-text-block\"><div class=\"vce-text-block-wrapper vce\" id=\"el-6c53f438\" data-vce-do-apply=\"all el-6c53f438\"><p>Des appels au bureau aux collaborations dans les caf\u00e9s, le travail moderne est rapide, bruyant et toujours en mouvement. Les Jabra Evolve3 75 et 85 ne se contentent pas de suivre, elles vous rendent inarr\u00eatable. Jabra ClearVoice\u2122 et Jabra Advanced ANC\u2122, aliment\u00e9s par l'IA, offrent une clart\u00e9 vocale exceptionnelle et une puissante annulation du bruit, o\u00f9 que vous travailliez. Tous deux sont pr\u00eats pour l'IA, s'int\u00e9grant \u00e0 votre assistant Gen AI et captant avec pr\u00e9cision plus de 9 mots sur 10. \u00c9l\u00e9gants, durables et con\u00e7us pour le travail moderne. Pr\u00e9parez-vous \u00e0 devenir inarr\u00eatable.     <\/p>\n<\/div><\/div><div class=\"vce-button--style-outline-container vce-button--style-outline-container--align-left\"><span class=\"vce-button--style-outline-wrapper vce\" id=\"el-246b104f\" data-vce-do-apply=\"margin el-246b104f\"><a class=\"vce-button vce-button--style-outline-animated vce-button--style-outline--border-square vce-button--style-outline--size-medium vce-button--style-outline-animated--color-b-91-91-91--fff--3d3d3d vce-button--style-outline-animated--border-color-b-91-91-91--3d3d3d vce-button--style-outline-animated--background-color-b-91-91-91\" href=\"https:\/\/partnerfirst.ca.tdsynnex.com\/commerce\/part\/search?keyword=jabra&amp;appliedFilters=%7B%22warehouse%22:0,%22categoryPairArray%22:%5B%5D%7D&amp;searchfrom=bar&amp;time=1770741487131&amp;cdp_searchType=FreeText&amp;cdp_searchSource=SearchBar\" title=\"\" target=\"_blank\" data-vce-do-apply=\"padding border background  el-246b104f\"><span class=\"vce-button--style-outline-text\">Acheter<\/span><\/a><\/span><\/div><\/div><\/div><\/div><div class=\"vce-col vce-col--md-auto vce-col--xs-1 vce-col--xs-last vce-col--xs-first vce-col--sm-last vce-col--sm-first vce-col--md-last vce-col--lg-last vce-col--xl-last\" id=\"el-88f9c0d5\"><div class=\"vce-col-inner\" data-vce-do-apply=\"border margin background  el-88f9c0d5\"><div class=\"vce-content-background-container\"><\/div><div class=\"vce-col-content\" data-vce-element-content=\"true\" data-vce-do-apply=\"padding el-88f9c0d5\"><div class=\"vce-text-block\"><div class=\"vce-text-block-wrapper vce\" id=\"el-d18fd089\" data-vce-do-apply=\"all el-d18fd089\"><h3 class=\"mb-4\">Contactez nous<\/h3>\n<div class=\"contact-wrapper\"><strong>Simon Tong<\/strong><br>Directeur du d\u00e9veloppement commercial<br><a href=\"mailto:&lt;br%20\/&gt;%0ASimon.Tong@tdsynnex.com\"> Simon.Tong@tdsynnex.com<\/a><\/div>\n<div class=\"contact-wrapper\"><strong>Scott King<\/strong><br>Business Developement Manager Vendor Business Manager IV<br><a href=\"mailto:&lt;br%20\/&gt;%0AScott.King@tdsynnex.com%20\"> Scott.King@tdsynnex.com <\/a> <\/div>\n<\/div><\/div><div class=\"vce-text-block\"><div class=\"vce-text-block-wrapper vce\" id=\"el-4d6c3b01\" data-vce-do-apply=\"all el-4d6c3b01\"><h3 class=\"mb-4\">Ressources<\/h3>\n<div class=\"contact-wrapper\">Fiche technique combin\u00e9e de la gamme Jabra Evolve3 <a href=\"https:\/\/www.tdsynnex.com\/na\/ca\/wp-content\/uploads\/sites\/3\/2026\/03\/EN-Jabra-Evolve3-Range-Combined-Datasheet.pdf\" target=\"_blank\" rel=\"noopener\">(EN)<\/a><a href=\"https:\/\/www.tdsynnex.com\/na\/ca\/wp-content\/uploads\/sites\/3\/2026\/03\/FR-Jabra-Evolve3-Range-Combined-Datasheet.pdf\" target=\"_blank\" rel=\"noopener\">(FR)<\/a><\/div><\/div><\/div><\/div><\/div><\/div><\/div><\/div><\/div>","protected":false},"excerpt":{"rendered":"Des appels au bureau aux collaborations dans les caf\u00e9s, le travail moderne est rapide, bruyant et toujours en mouvement. Les Jabra Evolve3 75 et 85 ne se contentent pas de suivre, elles vous rendent inarr\u00eatable. Jabra ClearVoice\u2122 et Jabra Advanced ANC\u2122, aliment\u00e9s par l&rsquo;IA, offrent une clart\u00e9 vocale exceptionnelle et une puissante annulation du bruit, [&hellip;]","protected":false},"author":12,"featured_media":0,"parent":0,"menu_order":0,"comment_status":"closed","ping_status":"closed","template":"","meta":{"footnotes":""},"class_list":["post-2498","page","type-page","status-publish","hentry"],"yoast_head":"<!-- This site is optimized with the Yoast SEO plugin v26.1.1 - https:\/\/yoast.com\/wordpress\/plugins\/seo\/ -->\n<title>Jabra - TD SYNNEX Canada<\/title>\n<meta name=\"robots\" content=\"index, follow, max-snippet:-1, max-image-preview:large, max-video-preview:-1\" \/>\n<link rel=\"canonical\" href=\"https:\/\/www.tdsynnex.com\/na\/ca\/fr\/jabra\/\" \/>\n<meta property=\"og:locale\" content=\"fr_FR\" \/>\n<meta property=\"og:type\" content=\"article\" \/>\n<meta property=\"og:title\" content=\"Jabra - TD SYNNEX Canada\" \/>\n<meta property=\"og:description\" content=\"Des appels au bureau aux collaborations dans les caf\u00e9s, le travail moderne est rapide, bruyant et toujours en mouvement. Les Jabra Evolve3 75 et 85 ne se contentent pas de suivre, elles vous rendent inarr\u00eatable. Jabra ClearVoice\u2122 et Jabra Advanced ANC\u2122, aliment\u00e9s par l&#039;IA, offrent une clart\u00e9 vocale exceptionnelle et une puissante annulation du bruit, [&hellip;]\" \/>\n<meta property=\"og:url\" content=\"https:\/\/www.tdsynnex.com\/na\/ca\/fr\/jabra\/\" \/>\n<meta property=\"og:site_name\" content=\"TD SYNNEX Canada\" \/>\n<meta property=\"article:modified_time\" content=\"2026-03-02T18:51:47+00:00\" \/>\n<meta name=\"twitter:card\" content=\"summary_large_image\" \/>\n<meta name=\"twitter:label1\" content=\"Dur\u00e9e de lecture estim\u00e9e\" \/>\n\t<meta name=\"twitter:data1\" content=\"1 minute\" \/>\n<script type=\"application\/ld+json\" class=\"yoast-schema-graph\">{\"@context\":\"https:\/\/schema.org\",\"@graph\":[{\"@type\":\"WebPage\",\"@id\":\"https:\/\/www.tdsynnex.com\/na\/ca\/fr\/jabra\/\",\"url\":\"https:\/\/www.tdsynnex.com\/na\/ca\/fr\/jabra\/\",\"name\":\"Jabra - TD SYNNEX Canada\",\"isPartOf\":{\"@id\":\"https:\/\/www.tdsynnex.com\/na\/ca\/#website\"},\"datePublished\":\"2026-02-10T16:38:22+00:00\",\"dateModified\":\"2026-03-02T18:51:47+00:00\",\"breadcrumb\":{\"@id\":\"https:\/\/www.tdsynnex.com\/na\/ca\/fr\/jabra\/#breadcrumb\"},\"inLanguage\":\"fr-FR\",\"potentialAction\":[{\"@type\":\"ReadAction\",\"target\":[\"https:\/\/www.tdsynnex.com\/na\/ca\/fr\/jabra\/\"]}]},{\"@type\":\"BreadcrumbList\",\"@id\":\"https:\/\/www.tdsynnex.com\/na\/ca\/fr\/jabra\/#breadcrumb\",\"itemListElement\":[{\"@type\":\"ListItem\",\"position\":1,\"name\":\"Home\",\"item\":\"https:\/\/www.tdsynnex.com\/na\/ca\/fr\/\"},{\"@type\":\"ListItem\",\"position\":2,\"name\":\"Jabra\"}]},{\"@type\":\"WebSite\",\"@id\":\"https:\/\/www.tdsynnex.com\/na\/ca\/#website\",\"url\":\"https:\/\/www.tdsynnex.com\/na\/ca\/\",\"name\":\"TD SYNNEX Canada\",\"description\":\"\",\"publisher\":{\"@id\":\"https:\/\/www.tdsynnex.com\/na\/ca\/#organization\"},\"potentialAction\":[{\"@type\":\"SearchAction\",\"target\":{\"@type\":\"EntryPoint\",\"urlTemplate\":\"https:\/\/www.tdsynnex.com\/na\/ca\/?s={search_term_string}\"},\"query-input\":{\"@type\":\"PropertyValueSpecification\",\"valueRequired\":true,\"valueName\":\"search_term_string\"}}],\"inLanguage\":\"fr-FR\"},{\"@type\":\"Organization\",\"@id\":\"https:\/\/www.tdsynnex.com\/na\/ca\/#organization\",\"name\":\"TD SYNNEX Canada\",\"url\":\"https:\/\/www.tdsynnex.com\/na\/ca\/\",\"logo\":{\"@type\":\"ImageObject\",\"inLanguage\":\"fr-FR\",\"@id\":\"https:\/\/www.tdsynnex.com\/na\/ca\/#\/schema\/logo\/image\/\",\"url\":\"https:\/\/www.tdsynnex.com\/na\/ca\/wp-content\/uploads\/sites\/3\/2022\/08\/TDSYNNEXLogo@2x.png\",\"contentUrl\":\"https:\/\/www.tdsynnex.com\/na\/ca\/wp-content\/uploads\/sites\/3\/2022\/08\/TDSYNNEXLogo@2x.png\",\"width\":370,\"height\":72,\"caption\":\"TD SYNNEX Canada\"},\"image\":{\"@id\":\"https:\/\/www.tdsynnex.com\/na\/ca\/#\/schema\/logo\/image\/\"}}]}<\/script>\n<!-- \/ Yoast SEO plugin. -->","yoast_head_json":{"title":"Jabra - TD SYNNEX Canada","robots":{"index":"index","follow":"follow","max-snippet":"max-snippet:-1","max-image-preview":"max-image-preview:large","max-video-preview":"max-video-preview:-1"},"canonical":"https:\/\/www.tdsynnex.com\/na\/ca\/fr\/jabra\/","og_locale":"fr_FR","og_type":"article","og_title":"Jabra - TD SYNNEX Canada","og_description":"Des appels au bureau aux collaborations dans les caf\u00e9s, le travail moderne est rapide, bruyant et toujours en mouvement. Les Jabra Evolve3 75 et 85 ne se contentent pas de suivre, elles vous rendent inarr\u00eatable. Jabra ClearVoice\u2122 et Jabra Advanced ANC\u2122, aliment\u00e9s par l'IA, offrent une clart\u00e9 vocale exceptionnelle et une puissante annulation du bruit, [&hellip;]","og_url":"https:\/\/www.tdsynnex.com\/na\/ca\/fr\/jabra\/","og_site_name":"TD SYNNEX Canada","article_modified_time":"2026-03-02T18:51:47+00:00","twitter_card":"summary_large_image","twitter_misc":{"Dur\u00e9e de lecture estim\u00e9e":"1 minute"},"schema":{"@context":"https:\/\/schema.org","@graph":[{"@type":"WebPage","@id":"https:\/\/www.tdsynnex.com\/na\/ca\/fr\/jabra\/","url":"https:\/\/www.tdsynnex.com\/na\/ca\/fr\/jabra\/","name":"Jabra - TD SYNNEX Canada","isPartOf":{"@id":"https:\/\/www.tdsynnex.com\/na\/ca\/#website"},"datePublished":"2026-02-10T16:38:22+00:00","dateModified":"2026-03-02T18:51:47+00:00","breadcrumb":{"@id":"https:\/\/www.tdsynnex.com\/na\/ca\/fr\/jabra\/#breadcrumb"},"inLanguage":"fr-FR","potentialAction":[{"@type":"ReadAction","target":["https:\/\/www.tdsynnex.com\/na\/ca\/fr\/jabra\/"]}]},{"@type":"BreadcrumbList","@id":"https:\/\/www.tdsynnex.com\/na\/ca\/fr\/jabra\/#breadcrumb","itemListElement":[{"@type":"ListItem","position":1,"name":"Home","item":"https:\/\/www.tdsynnex.com\/na\/ca\/fr\/"},{"@type":"ListItem","position":2,"name":"Jabra"}]},{"@type":"WebSite","@id":"https:\/\/www.tdsynnex.com\/na\/ca\/#website","url":"https:\/\/www.tdsynnex.com\/na\/ca\/","name":"TD SYNNEX Canada","description":"","publisher":{"@id":"https:\/\/www.tdsynnex.com\/na\/ca\/#organization"},"potentialAction":[{"@type":"SearchAction","target":{"@type":"EntryPoint","urlTemplate":"https:\/\/www.tdsynnex.com\/na\/ca\/?s={search_term_string}"},"query-input":{"@type":"PropertyValueSpecification","valueRequired":true,"valueName":"search_term_string"}}],"inLanguage":"fr-FR"},{"@type":"Organization","@id":"https:\/\/www.tdsynnex.com\/na\/ca\/#organization","name":"TD SYNNEX Canada","url":"https:\/\/www.tdsynnex.com\/na\/ca\/","logo":{"@type":"ImageObject","inLanguage":"fr-FR","@id":"https:\/\/www.tdsynnex.com\/na\/ca\/#\/schema\/logo\/image\/","url":"https:\/\/www.tdsynnex.com\/na\/ca\/wp-content\/uploads\/sites\/3\/2022\/08\/TDSYNNEXLogo@2x.png","contentUrl":"https:\/\/www.tdsynnex.com\/na\/ca\/wp-content\/uploads\/sites\/3\/2022\/08\/TDSYNNEXLogo@2x.png","width":370,"height":72,"caption":"TD SYNNEX Canada"},"image":{"@id":"https:\/\/www.tdsynnex.com\/na\/ca\/#\/schema\/logo\/image\/"}}]}},"_links":{"self":[{"href":"https:\/\/www.tdsynnex.com\/na\/ca\/fr\/wp-json\/wp\/v2\/pages\/2498","targetHints":{"allow":["GET"]}}],"collection":[{"href":"https:\/\/www.tdsynnex.com\/na\/ca\/fr\/wp-json\/wp\/v2\/pages"}],"about":[{"href":"https:\/\/www.tdsynnex.com\/na\/ca\/fr\/wp-json\/wp\/v2\/types\/page"}],"author":[{"embeddable":true,"href":"https:\/\/www.tdsynnex.com\/na\/ca\/fr\/wp-json\/wp\/v2\/users\/12"}],"replies":[{"embeddable":true,"href":"https:\/\/www.tdsynnex.com\/na\/ca\/fr\/wp-json\/wp\/v2\/comments?post=2498"}],"version-history":[{"count":2,"href":"https:\/\/www.tdsynnex.com\/na\/ca\/fr\/wp-json\/wp\/v2\/pages\/2498\/revisions"}],"predecessor-version":[{"id":2505,"href":"https:\/\/www.tdsynnex.com\/na\/ca\/fr\/wp-json\/wp\/v2\/pages\/2498\/revisions\/2505"}],"wp:attachment":[{"href":"https:\/\/www.tdsynnex.com\/na\/ca\/fr\/wp-json\/wp\/v2\/media?parent=2498"}],"curies":[{"name":"wp","href":"https:\/\/api.w.org\/{rel}","templated":true}]}}