{"id":2551,"date":"2026-04-02T13:41:32","date_gmt":"2026-04-02T17:41:32","guid":{"rendered":"https:\/\/www.tdsynnex.com\/na\/ca\/object-first\/"},"modified":"2026-04-06T13:21:47","modified_gmt":"2026-04-06T17:21:47","slug":"lobjet-dabord","status":"publish","type":"page","link":"https:\/\/www.tdsynnex.com\/na\/ca\/fr\/lobjet-dabord\/","title":{"rendered":"L&#039;objet d&#039;abord"},"content":{"rendered":"<div class=\"vce-row-container\"><div class=\"vce-row vce-element--has-background vce-row--col-gap-30 vce-row-equal-height vce-row-content--middle\" data-vce-full-width=\"true\" id=\"el-7df32d2b\" data-vce-do-apply=\"all el-7df32d2b\"><div class=\"vce-content-background-container\"><\/div><div class=\"vce-row-content\" data-vce-element-content=\"true\"><div class=\"vce-col vce-col--md-auto vce-col--xs-1 vce-col--xs-last vce-col--xs-first vce-col--sm-last vce-col--sm-first vce-col--md-last vce-col--lg-last vce-col--xl-last vce-col--md-first vce-col--lg-first vce-col--xl-first secondary-menu \" id=\"el-516c5a8d\"><div class=\"vce-col-inner\" data-vce-do-apply=\"border margin background  el-516c5a8d\"><div class=\"vce-content-background-container\"><\/div><div class=\"vce-col-content\" data-vce-element-content=\"true\" data-vce-do-apply=\"padding el-516c5a8d\"><div class=\"vcv-row-control-wrapper\"><\/div><\/div><\/div><\/div><\/div><\/div><\/div><div class=\"vce-row-container\" data-vce-boxed-width=\"true\"><div class=\"vce-row vce-row--col-gap-30 vce-row-equal-height vce-row-content--top\" id=\"el-a4fbb5eb\" data-vce-do-apply=\"all el-a4fbb5eb\"><div class=\"vce-content-background-container\"><\/div><div class=\"vce-row-content\" data-vce-element-content=\"true\"><div class=\"vce-col vce-col--md-auto vce-col--xs-1 vce-col--xs-last vce-col--xs-first vce-col--sm-last vce-col--sm-first vce-col--md-last vce-col--lg-last vce-col--xl-last vce-col--md-first vce-col--lg-first vce-col--xl-first\" id=\"el-aadee11c\"><div class=\"vce-col-inner\" data-vce-do-apply=\"border margin background  el-aadee11c\"><div class=\"vce-col-content\" data-vce-element-content=\"true\" data-vce-do-apply=\"padding el-aadee11c\"><div class=\"vce-single-image-container vce-single-image--align-left\"><div class=\"vce vce-single-image-wrapper\" id=\"el-9536a28c\" data-vce-do-apply=\"all el-9536a28c\"><figure><div class=\"vce-single-image-figure-inner\" style=\"width: 300px;\"><div class=\"vce-single-image-inner vce-single-image--absolute\" style=\"width: 100%; padding-bottom: 52.3333%;\"><img loading=\"lazy\" decoding=\"async\" class=\"vce-single-image\"  width=\"300\" height=\"157\" src=\"https:\/\/www.tdsynnex.com\/na\/ca\/wp-content\/uploads\/sites\/3\/2026\/04\/Object-First-Logo-Primary.jpg\" data-img-src=\"https:\/\/www.tdsynnex.com\/na\/ca\/wp-content\/uploads\/sites\/3\/2026\/04\/Object-First-Logo-Primary.jpg\" data-attachment-id=\"2530\"  alt=\"Object First\" title=\"Logo \"Object First\" - Primaire\" \/><\/div><\/div><figcaption hidden=\"\"><\/figcaption><\/figure><\/div><\/div><\/div><\/div><\/div><\/div><\/div><\/div><div class=\"vce-row-container\" data-vce-boxed-width=\"true\"><div class=\"vce-row vce-row--col-gap-30 vce-row-equal-height vce-row-content--top\" id=\"el-9e0bdb87\" data-vce-do-apply=\"all el-9e0bdb87\"><div class=\"vce-content-background-container\"><\/div><div class=\"vce-row-content\" data-vce-element-content=\"true\"><div class=\"vce-col vce-col--md-auto vce-col--xs-1 vce-col--xs-last vce-col--xs-first vce-col--sm-last vce-col--sm-first vce-col--md-first vce-col--lg-first vce-col--xl-first\" id=\"el-8f09e5e8\"><div class=\"vce-col-inner\" data-vce-do-apply=\"border margin background  el-8f09e5e8\"><div class=\"vce-col-content\" data-vce-element-content=\"true\" data-vce-do-apply=\"padding el-8f09e5e8\"><div class=\"vce-text-block\"><div class=\"vce-text-block-wrapper vce\" id=\"el-e29b4008\" data-vce-do-apply=\"all el-e29b4008\"><div class=\"page-section__generator page-section__generator--top g12-xs g11-md g10-lg g8-xl\"><p>Quand - et non pas si - un ransomware frappe, votre avenir d\u00e9pend de votre cyber-r\u00e9silience. Object First est votre ultime d\u00e9fense - un stockage de sauvegarde avec une Immutabilit\u00e9 Absolue, sp\u00e9cialement con\u00e7u pour Veeam. Bas\u00e9 sur Zero Trust et test\u00e9 et v\u00e9rifi\u00e9 par des tiers, Object First ne n\u00e9cessite aucune expertise en mati\u00e8re de s\u00e9curit\u00e9 et \u00e9volue avec votre entreprise. Lorsque le stockage de sauvegarde est aussi s\u00e9curis\u00e9, simple et puissant, vous et votre organisation \u00eates tout simplement r\u00e9silients.   <\/p><\/div><\/div><\/div><div class=\"vce-button--style-outline-container vce-button--style-outline-container--align-left\"><span class=\"vce-button--style-outline-wrapper vce\" id=\"el-a1f2dae2\" data-vce-do-apply=\"margin el-a1f2dae2\"><a class=\"vce-button vce-button--style-outline-animated vce-button--style-outline--border-square vce-button--style-outline--size-medium vce-button--style-outline-animated--color-b-78-16-134--fff--3d3d3d vce-button--style-outline-animated--border-color-b-78-16-134--3d3d3d vce-button--style-outline-animated--background-color-b-78-16-134\" href=\"https:\/\/partnerfirst.ca.tdsynnex.com\/commerce\/part\/search?keyword=object%20first&amp;appliedFilters=%7B%22warehouse%22:0,%22categoryPairArray%22:%5B%5D%7D&amp;searchfrom=bar&amp;time=1775151880702&amp;cdp_searchType=FreeText&amp;cdp_searchSource=SearchBar\" title=\"\" target=\"_blank\" data-vce-do-apply=\"padding border background  el-a1f2dae2\"><span class=\"vce-button--style-outline-text\">Acheter<\/span><\/a><\/span><\/div><\/div><\/div><\/div><div class=\"vce-col vce-col--md-auto vce-col--xs-1 vce-col--xs-last vce-col--xs-first vce-col--sm-last vce-col--sm-first vce-col--md-last vce-col--lg-last vce-col--xl-last\" id=\"el-eb59daed\"><div class=\"vce-col-inner\" data-vce-do-apply=\"border margin background  el-eb59daed\"><div class=\"vce-content-background-container\"><\/div><div class=\"vce-col-content\" data-vce-element-content=\"true\" data-vce-do-apply=\"padding el-eb59daed\"><div class=\"vce-text-block\"><div class=\"vce-text-block-wrapper vce\" id=\"el-ece96d10\" data-vce-do-apply=\"all el-ece96d10\"><h3 class=\"mb-4\">Contactez nous<\/h3>\n<div class=\"contact-wrapper\"><strong>Michael Brown- Architecte de solutions sur le terrain<\/strong><br><a href=\"mailto:michael.brown2@tdsynnex.com\">michael.brown2@tdsynnex.com<\/a><\/div>\n<div class=\"contact-wrapper\"><strong>Betty Walker - Charg\u00e9e de d\u00e9veloppement commercial <\/strong><br><a href=\"mailto:betty.walker@tdsynnex.com\">betty.walker@tdsynnex.com<\/a><\/div>\n<div class=\"contact-wrapper\"><strong>Tom Pratt - Directeur des ventes de distribution <\/strong><br><a href=\"mailto:tom.pratt@objectfirst.com\">tom.pratt@objectfirst.com<\/a><\/div><\/div><\/div><div class=\"vce-text-block\"><div class=\"vce-text-block-wrapper vce\" id=\"el-05690d1f\" data-vce-do-apply=\"all el-05690d1f\"><h3 class=\"mb-4\">Ressources<\/h3>\n<div class=\"contact-wrapper\">Guide de vente <a href=\"https:\/\/www.tdsynnex.com\/na\/ca\/wp-content\/uploads\/sites\/3\/2026\/04\/Reseller_Sales_Guide_web.pdf\" target=\"_blank\" rel=\"noopener\">(EN)<\/a><a href=\"https:\/\/www.tdsynnex.com\/na\/ca\/wp-content\/uploads\/sites\/3\/2026\/04\/Reseller_Sales_Guide_FR-web.pdf\" target=\"_blank\" rel=\"noopener\">(FR)<\/a><\/div>\n<div class=\"contact-wrapper\">Livre blanc ZTDR <a href=\"https:\/\/www.tdsynnex.com\/na\/ca\/wp-content\/uploads\/sites\/3\/2026\/04\/EN_ZTDR_whitepaper-EN.pdf\" target=\"_blank\" rel=\"noopener\">(EN)<\/a><a href=\"https:\/\/www.tdsynnex.com\/na\/ca\/wp-content\/uploads\/sites\/3\/2026\/04\/EN_ZTDR_whitepaper-FR.pdf\" target=\"_blank\" rel=\"noopener\">(FR)<\/a><\/div>\n<div class=\"contact-wrapper\">Fiche technique Ootbi by Object First <a href=\"https:\/\/www.tdsynnex.com\/na\/ca\/wp-content\/uploads\/sites\/3\/2026\/04\/EN-Datasheet_64-TB_128-TB_192-TB_2025-09-30-EN.pdf\" target=\"_blank\" rel=\"noopener\">(EN)<\/a><a href=\"https:\/\/www.tdsynnex.com\/na\/ca\/wp-content\/uploads\/sites\/3\/2026\/04\/FR_Datasheet_OG_28082025-FR.pdf\" target=\"_blank\" rel=\"noopener\">(FR)<\/a><\/div>\n<\/div><\/div><\/div><\/div><\/div><\/div><\/div><\/div>","protected":false},"excerpt":{"rendered":"Quand &#8211; et non pas si &#8211; un ransomware frappe, votre avenir d\u00e9pend de votre cyber-r\u00e9silience. Object First est votre ultime d\u00e9fense &#8211; un stockage de sauvegarde avec une Immutabilit\u00e9 Absolue, sp\u00e9cialement con\u00e7u pour Veeam. Bas\u00e9 sur Zero Trust et test\u00e9 et v\u00e9rifi\u00e9 par des tiers, Object First ne n\u00e9cessite aucune expertise en mati\u00e8re de [&hellip;]","protected":false},"author":12,"featured_media":0,"parent":0,"menu_order":0,"comment_status":"closed","ping_status":"closed","template":"","meta":{"footnotes":""},"class_list":["post-2551","page","type-page","status-publish","hentry"],"yoast_head":"<!-- This site is optimized with the Yoast SEO plugin v26.1.1 - https:\/\/yoast.com\/wordpress\/plugins\/seo\/ -->\n<title>L&#039;objet d&#039;abord - TD SYNNEX Canada<\/title>\n<meta name=\"robots\" content=\"index, follow, max-snippet:-1, max-image-preview:large, max-video-preview:-1\" \/>\n<link rel=\"canonical\" href=\"https:\/\/www.tdsynnex.com\/na\/ca\/fr\/lobjet-dabord\/\" \/>\n<meta property=\"og:locale\" content=\"fr_FR\" \/>\n<meta property=\"og:type\" content=\"article\" \/>\n<meta property=\"og:title\" content=\"L&#039;objet d&#039;abord - TD SYNNEX Canada\" \/>\n<meta property=\"og:description\" content=\"Quand - et non pas si - un ransomware frappe, votre avenir d\u00e9pend de votre cyber-r\u00e9silience. Object First est votre ultime d\u00e9fense - un stockage de sauvegarde avec une Immutabilit\u00e9 Absolue, sp\u00e9cialement con\u00e7u pour Veeam. Bas\u00e9 sur Zero Trust et test\u00e9 et v\u00e9rifi\u00e9 par des tiers, Object First ne n\u00e9cessite aucune expertise en mati\u00e8re de [&hellip;]\" \/>\n<meta property=\"og:url\" content=\"https:\/\/www.tdsynnex.com\/na\/ca\/fr\/lobjet-dabord\/\" \/>\n<meta property=\"og:site_name\" content=\"TD SYNNEX Canada\" \/>\n<meta property=\"article:modified_time\" content=\"2026-04-06T17:21:47+00:00\" \/>\n<meta name=\"twitter:card\" content=\"summary_large_image\" \/>\n<meta name=\"twitter:label1\" content=\"Dur\u00e9e de lecture estim\u00e9e\" \/>\n\t<meta name=\"twitter:data1\" content=\"1 minute\" \/>\n<script type=\"application\/ld+json\" class=\"yoast-schema-graph\">{\"@context\":\"https:\/\/schema.org\",\"@graph\":[{\"@type\":\"WebPage\",\"@id\":\"https:\/\/www.tdsynnex.com\/na\/ca\/fr\/lobjet-dabord\/\",\"url\":\"https:\/\/www.tdsynnex.com\/na\/ca\/fr\/lobjet-dabord\/\",\"name\":\"L&#039;objet d&#039;abord - TD SYNNEX Canada\",\"isPartOf\":{\"@id\":\"https:\/\/www.tdsynnex.com\/na\/ca\/#website\"},\"datePublished\":\"2026-04-02T17:41:32+00:00\",\"dateModified\":\"2026-04-06T17:21:47+00:00\",\"breadcrumb\":{\"@id\":\"https:\/\/www.tdsynnex.com\/na\/ca\/fr\/lobjet-dabord\/#breadcrumb\"},\"inLanguage\":\"fr-FR\",\"potentialAction\":[{\"@type\":\"ReadAction\",\"target\":[\"https:\/\/www.tdsynnex.com\/na\/ca\/fr\/lobjet-dabord\/\"]}]},{\"@type\":\"BreadcrumbList\",\"@id\":\"https:\/\/www.tdsynnex.com\/na\/ca\/fr\/lobjet-dabord\/#breadcrumb\",\"itemListElement\":[{\"@type\":\"ListItem\",\"position\":1,\"name\":\"Home\",\"item\":\"https:\/\/www.tdsynnex.com\/na\/ca\/fr\/\"},{\"@type\":\"ListItem\",\"position\":2,\"name\":\"L&#039;objet d&#039;abord\"}]},{\"@type\":\"WebSite\",\"@id\":\"https:\/\/www.tdsynnex.com\/na\/ca\/#website\",\"url\":\"https:\/\/www.tdsynnex.com\/na\/ca\/\",\"name\":\"TD SYNNEX Canada\",\"description\":\"\",\"publisher\":{\"@id\":\"https:\/\/www.tdsynnex.com\/na\/ca\/#organization\"},\"potentialAction\":[{\"@type\":\"SearchAction\",\"target\":{\"@type\":\"EntryPoint\",\"urlTemplate\":\"https:\/\/www.tdsynnex.com\/na\/ca\/?s={search_term_string}\"},\"query-input\":{\"@type\":\"PropertyValueSpecification\",\"valueRequired\":true,\"valueName\":\"search_term_string\"}}],\"inLanguage\":\"fr-FR\"},{\"@type\":\"Organization\",\"@id\":\"https:\/\/www.tdsynnex.com\/na\/ca\/#organization\",\"name\":\"TD SYNNEX Canada\",\"url\":\"https:\/\/www.tdsynnex.com\/na\/ca\/\",\"logo\":{\"@type\":\"ImageObject\",\"inLanguage\":\"fr-FR\",\"@id\":\"https:\/\/www.tdsynnex.com\/na\/ca\/#\/schema\/logo\/image\/\",\"url\":\"https:\/\/www.tdsynnex.com\/na\/ca\/wp-content\/uploads\/sites\/3\/2022\/08\/TDSYNNEXLogo@2x.png\",\"contentUrl\":\"https:\/\/www.tdsynnex.com\/na\/ca\/wp-content\/uploads\/sites\/3\/2022\/08\/TDSYNNEXLogo@2x.png\",\"width\":370,\"height\":72,\"caption\":\"TD SYNNEX Canada\"},\"image\":{\"@id\":\"https:\/\/www.tdsynnex.com\/na\/ca\/#\/schema\/logo\/image\/\"}}]}<\/script>\n<!-- \/ Yoast SEO plugin. -->","yoast_head_json":{"title":"L&#039;objet d&#039;abord - TD SYNNEX Canada","robots":{"index":"index","follow":"follow","max-snippet":"max-snippet:-1","max-image-preview":"max-image-preview:large","max-video-preview":"max-video-preview:-1"},"canonical":"https:\/\/www.tdsynnex.com\/na\/ca\/fr\/lobjet-dabord\/","og_locale":"fr_FR","og_type":"article","og_title":"L&#039;objet d&#039;abord - TD SYNNEX Canada","og_description":"Quand - et non pas si - un ransomware frappe, votre avenir d\u00e9pend de votre cyber-r\u00e9silience. Object First est votre ultime d\u00e9fense - un stockage de sauvegarde avec une Immutabilit\u00e9 Absolue, sp\u00e9cialement con\u00e7u pour Veeam. Bas\u00e9 sur Zero Trust et test\u00e9 et v\u00e9rifi\u00e9 par des tiers, Object First ne n\u00e9cessite aucune expertise en mati\u00e8re de [&hellip;]","og_url":"https:\/\/www.tdsynnex.com\/na\/ca\/fr\/lobjet-dabord\/","og_site_name":"TD SYNNEX Canada","article_modified_time":"2026-04-06T17:21:47+00:00","twitter_card":"summary_large_image","twitter_misc":{"Dur\u00e9e de lecture estim\u00e9e":"1 minute"},"schema":{"@context":"https:\/\/schema.org","@graph":[{"@type":"WebPage","@id":"https:\/\/www.tdsynnex.com\/na\/ca\/fr\/lobjet-dabord\/","url":"https:\/\/www.tdsynnex.com\/na\/ca\/fr\/lobjet-dabord\/","name":"L&#039;objet d&#039;abord - TD SYNNEX Canada","isPartOf":{"@id":"https:\/\/www.tdsynnex.com\/na\/ca\/#website"},"datePublished":"2026-04-02T17:41:32+00:00","dateModified":"2026-04-06T17:21:47+00:00","breadcrumb":{"@id":"https:\/\/www.tdsynnex.com\/na\/ca\/fr\/lobjet-dabord\/#breadcrumb"},"inLanguage":"fr-FR","potentialAction":[{"@type":"ReadAction","target":["https:\/\/www.tdsynnex.com\/na\/ca\/fr\/lobjet-dabord\/"]}]},{"@type":"BreadcrumbList","@id":"https:\/\/www.tdsynnex.com\/na\/ca\/fr\/lobjet-dabord\/#breadcrumb","itemListElement":[{"@type":"ListItem","position":1,"name":"Home","item":"https:\/\/www.tdsynnex.com\/na\/ca\/fr\/"},{"@type":"ListItem","position":2,"name":"L&#039;objet d&#039;abord"}]},{"@type":"WebSite","@id":"https:\/\/www.tdsynnex.com\/na\/ca\/#website","url":"https:\/\/www.tdsynnex.com\/na\/ca\/","name":"TD SYNNEX Canada","description":"","publisher":{"@id":"https:\/\/www.tdsynnex.com\/na\/ca\/#organization"},"potentialAction":[{"@type":"SearchAction","target":{"@type":"EntryPoint","urlTemplate":"https:\/\/www.tdsynnex.com\/na\/ca\/?s={search_term_string}"},"query-input":{"@type":"PropertyValueSpecification","valueRequired":true,"valueName":"search_term_string"}}],"inLanguage":"fr-FR"},{"@type":"Organization","@id":"https:\/\/www.tdsynnex.com\/na\/ca\/#organization","name":"TD SYNNEX Canada","url":"https:\/\/www.tdsynnex.com\/na\/ca\/","logo":{"@type":"ImageObject","inLanguage":"fr-FR","@id":"https:\/\/www.tdsynnex.com\/na\/ca\/#\/schema\/logo\/image\/","url":"https:\/\/www.tdsynnex.com\/na\/ca\/wp-content\/uploads\/sites\/3\/2022\/08\/TDSYNNEXLogo@2x.png","contentUrl":"https:\/\/www.tdsynnex.com\/na\/ca\/wp-content\/uploads\/sites\/3\/2022\/08\/TDSYNNEXLogo@2x.png","width":370,"height":72,"caption":"TD SYNNEX Canada"},"image":{"@id":"https:\/\/www.tdsynnex.com\/na\/ca\/#\/schema\/logo\/image\/"}}]}},"_links":{"self":[{"href":"https:\/\/www.tdsynnex.com\/na\/ca\/fr\/wp-json\/wp\/v2\/pages\/2551","targetHints":{"allow":["GET"]}}],"collection":[{"href":"https:\/\/www.tdsynnex.com\/na\/ca\/fr\/wp-json\/wp\/v2\/pages"}],"about":[{"href":"https:\/\/www.tdsynnex.com\/na\/ca\/fr\/wp-json\/wp\/v2\/types\/page"}],"author":[{"embeddable":true,"href":"https:\/\/www.tdsynnex.com\/na\/ca\/fr\/wp-json\/wp\/v2\/users\/12"}],"replies":[{"embeddable":true,"href":"https:\/\/www.tdsynnex.com\/na\/ca\/fr\/wp-json\/wp\/v2\/comments?post=2551"}],"version-history":[{"count":3,"href":"https:\/\/www.tdsynnex.com\/na\/ca\/fr\/wp-json\/wp\/v2\/pages\/2551\/revisions"}],"predecessor-version":[{"id":2557,"href":"https:\/\/www.tdsynnex.com\/na\/ca\/fr\/wp-json\/wp\/v2\/pages\/2551\/revisions\/2557"}],"wp:attachment":[{"href":"https:\/\/www.tdsynnex.com\/na\/ca\/fr\/wp-json\/wp\/v2\/media?parent=2551"}],"curies":[{"name":"wp","href":"https:\/\/api.w.org\/{rel}","templated":true}]}}