{"id":2575,"date":"2026-04-13T13:20:29","date_gmt":"2026-04-13T17:20:29","guid":{"rendered":"https:\/\/www.tdsynnex.com\/na\/ca\/m2m-tech\/"},"modified":"2026-04-14T15:13:12","modified_gmt":"2026-04-14T19:13:12","slug":"m2m","status":"publish","type":"page","link":"https:\/\/www.tdsynnex.com\/na\/ca\/fr\/m2m\/","title":{"rendered":"M2M"},"content":{"rendered":"<div class=\"vce-row-container\"><div class=\"vce-row vce-element--has-background vce-row--col-gap-30 vce-row-equal-height vce-row-content--middle\" data-vce-full-width=\"true\" id=\"el-ec90ca7a\" data-vce-do-apply=\"all el-ec90ca7a\"><div class=\"vce-content-background-container\"><\/div><div class=\"vce-row-content\" data-vce-element-content=\"true\"><div class=\"vce-col vce-col--md-auto vce-col--xs-1 vce-col--xs-last vce-col--xs-first vce-col--sm-last vce-col--sm-first vce-col--md-last vce-col--lg-last vce-col--xl-last vce-col--md-first vce-col--lg-first vce-col--xl-first secondary-menu \" id=\"el-55105bb4\"><div class=\"vce-col-inner\" data-vce-do-apply=\"border margin background  el-55105bb4\"><div class=\"vce-content-background-container\"><\/div><div class=\"vce-col-content\" data-vce-element-content=\"true\" data-vce-do-apply=\"padding el-55105bb4\"><div class=\"vcv-row-control-wrapper\"><\/div><\/div><\/div><\/div><\/div><\/div><\/div><div class=\"vce-row-container\" data-vce-boxed-width=\"true\"><div class=\"vce-row vce-row--col-gap-30 vce-row-equal-height vce-row-content--top\" id=\"el-5c6ddcb6\" data-vce-do-apply=\"all el-5c6ddcb6\"><div class=\"vce-content-background-container\"><\/div><div class=\"vce-row-content\" data-vce-element-content=\"true\"><div class=\"vce-col vce-col--md-auto vce-col--xs-1 vce-col--xs-last vce-col--xs-first vce-col--sm-last vce-col--sm-first vce-col--md-last vce-col--lg-last vce-col--xl-last vce-col--md-first vce-col--lg-first vce-col--xl-first\" id=\"el-bb26f8ca\"><div class=\"vce-col-inner\" data-vce-do-apply=\"border margin background  el-bb26f8ca\"><div class=\"vce-col-content\" data-vce-element-content=\"true\" data-vce-do-apply=\"padding el-bb26f8ca\"><div class=\"vce-single-image-container vce-single-image--align-left\"><div class=\"vce vce-single-image-wrapper\" id=\"el-14b31297\" data-vce-do-apply=\"all el-14b31297\"><figure><div class=\"vce-single-image-figure-inner\" style=\"width: 300px;\"><div class=\"vce-single-image-inner vce-single-image--absolute\" style=\"width: 100%; padding-bottom: 50%;\"><img loading=\"lazy\" decoding=\"async\" class=\"vce-single-image\"  width=\"300\" height=\"150\" src=\"https:\/\/www.tdsynnex.com\/na\/ca\/wp-content\/uploads\/sites\/3\/2026\/04\/m2m-logo-CZ0_0slk.png\" data-img-src=\"https:\/\/www.tdsynnex.com\/na\/ca\/wp-content\/uploads\/sites\/3\/2026\/04\/m2m-logo-CZ0_0slk.png\" data-attachment-id=\"2571\"  alt=\"M2M Logo\" title=\"m2m-logo-CZ0_0slk\" \/><\/div><\/div><figcaption hidden=\"\"><\/figcaption><\/figure><\/div><\/div><\/div><\/div><\/div><\/div><\/div><\/div><div class=\"vce-row-container\" data-vce-boxed-width=\"true\"><div class=\"vce-row vce-row--col-gap-30 vce-row-equal-height vce-row-content--top\" id=\"el-77917105\" data-vce-do-apply=\"all el-77917105\"><div class=\"vce-content-background-container\"><\/div><div class=\"vce-row-content\" data-vce-element-content=\"true\"><div class=\"vce-col vce-col--md-auto vce-col--xs-1 vce-col--xs-last vce-col--xs-first vce-col--sm-last vce-col--sm-first vce-col--md-first vce-col--lg-first vce-col--xl-first\" id=\"el-15a3fb2f\"><div class=\"vce-col-inner\" data-vce-do-apply=\"border margin background  el-15a3fb2f\"><div class=\"vce-col-content\" data-vce-element-content=\"true\" data-vce-do-apply=\"padding el-15a3fb2f\"><div class=\"vce-text-block\"><div class=\"vce-text-block-wrapper vce\" id=\"el-3cbe0d5e\" data-vce-do-apply=\"all el-3cbe0d5e\"><div class=\"page-section__generator page-section__generator--top g12-xs g11-md g10-lg g8-xl\"><p>M2M TECH est une entreprise d\u2019IA physique qui propose des solutions pratiques et souveraines pour moderniser les industries critiques. En combinant l\u2019inf\u00e9rence en p\u00e9riph\u00e9rie (Edge Inference), les syst\u00e8mes d\u2019IA agentique et les jumeaux num\u00e9riques, l\u2019entreprise transforme des donn\u00e9es op\u00e9rationnelles complexes en r\u00e9sultats mesurables. Sa plateforme phare, Aura DC, est un jumeau num\u00e9rique de centre de donn\u00e9es offrant une visibilit\u00e9 en temps r\u00e9el sur l\u2019\u00e9nergie, le refroidissement, la performance thermique et la capacit\u00e9. Gr\u00e2ce \u00e0 l\u2019intelligence pr\u00e9dictive, M2M TECH aide les organisations \u00e0 r\u00e9duire les temps d\u2019arr\u00eat, optimiser l\u2019efficacit\u00e9 et acc\u00e9l\u00e9rer la prise de d\u00e9cision.   <\/p><\/div><\/div><\/div><div class=\"vce-button--style-outline-container vce-button--style-outline-container--align-left\"><span class=\"vce-button--style-outline-wrapper vce\" id=\"el-bdd33e5c\" data-vce-do-apply=\"margin el-bdd33e5c\"><a class=\"vce-button vce-button--style-outline-animated vce-button--style-outline--border-square vce-button--style-outline--size-medium vce-button--style-outline-animated--color-b-91-91-91--fff--3d3d3d vce-button--style-outline-animated--border-color-b-91-91-91--3d3d3d vce-button--style-outline-animated--background-color-b-91-91-91\" href=\"https:\/\/partnerfirst.ca.tdsynnex.com\/commerce\/part\/search?keyword=M2M%20Tech&amp;appliedFilters=%7B%22warehouse%22:0,%22categoryPairArray%22:%5B%5D%7D&amp;searchfrom=bar&amp;time=1776100917648&amp;cdp_searchType=FreeText&amp;cdp_searchSource=SearchBar\" title=\"\" target=\"_blank\" data-vce-do-apply=\"padding border background  el-bdd33e5c\"><span class=\"vce-button--style-outline-text\">Acheter<\/span><\/a><\/span><\/div><\/div><\/div><\/div><div class=\"vce-col vce-col--md-auto vce-col--xs-1 vce-col--xs-last vce-col--xs-first vce-col--sm-last vce-col--sm-first vce-col--md-last vce-col--lg-last vce-col--xl-last\" id=\"el-b012d776\"><div class=\"vce-col-inner\" data-vce-do-apply=\"border margin background  el-b012d776\"><div class=\"vce-content-background-container\"><\/div><div class=\"vce-col-content\" data-vce-element-content=\"true\" data-vce-do-apply=\"padding el-b012d776\"><div class=\"vce-text-block\"><div class=\"vce-text-block-wrapper vce\" id=\"el-6faddfed\" data-vce-do-apply=\"all el-6faddfed\"><h3 class=\"mb-4\">Contactez nous<\/h3>\n<div class=\"contact-wrapper\">\n<strong>Edouard Romeus<\/strong><br>Chef de produit<br><a href=\"mailto:edouard@m2mtechconnect.com\">edouard@m2mtechconnect.com<\/a><br><a href=\"tel\">+1 (514) 641-0887<\/a><p><\/p>\n<\/div>\n<\/div><\/div><div class=\"vce-text-block\"><div class=\"vce-text-block-wrapper vce\" id=\"el-c261f4e6\" data-vce-do-apply=\"all el-c261f4e6\"><h3 class=\"mb-4\">Ressources<\/h3>\n<div class=\"contact-wrapper\">\n\t<a href=\"https:\/\/www.tdsynnex.com\/na\/ca\/wp-content\/uploads\/sites\/3\/2026\/04\/M2M_AURA_DC_OnePager_EN_FR-1.pdf\" target=\"_blank\" rel=\"noopener\">AURA DC <\/a><br><a href=\"https:\/\/www.tdsynnex.com\/na\/ca\/wp-content\/uploads\/sites\/3\/2026\/04\/M2M_ARC_OnePager_EN_FR-1.pdf\" target=\"_blank\" rel=\"noopener\">ARC<\/a><br><a href=\"https:\/\/www.tdsynnex.com\/na\/ca\/wp-content\/uploads\/sites\/3\/2026\/04\/M2M_AgriTwin__CareOps_OnePager_EN_FR-1.pdf\" target=\"_blank\" rel=\"noopener\">Agritwin &amp; Careops<\/a><p><\/p>\n<\/div>\n<\/div><\/div><\/div><\/div><\/div><\/div><\/div><\/div>","protected":false},"excerpt":{"rendered":"M2M TECH est une entreprise d\u2019IA physique qui propose des solutions pratiques et souveraines pour moderniser les industries critiques. En combinant l\u2019inf\u00e9rence en p\u00e9riph\u00e9rie (Edge Inference), les syst\u00e8mes d\u2019IA agentique et les jumeaux num\u00e9riques, l\u2019entreprise transforme des donn\u00e9es op\u00e9rationnelles complexes en r\u00e9sultats mesurables. Sa plateforme phare, Aura DC, est un jumeau num\u00e9rique de centre de [&hellip;]","protected":false},"author":12,"featured_media":0,"parent":0,"menu_order":0,"comment_status":"closed","ping_status":"closed","template":"","meta":{"footnotes":""},"class_list":["post-2575","page","type-page","status-publish","hentry"],"yoast_head":"<!-- This site is optimized with the Yoast SEO plugin v26.1.1 - https:\/\/yoast.com\/wordpress\/plugins\/seo\/ -->\n<title>M2M - TD SYNNEX Canada<\/title>\n<meta name=\"robots\" content=\"index, follow, max-snippet:-1, max-image-preview:large, max-video-preview:-1\" \/>\n<link rel=\"canonical\" href=\"https:\/\/www.tdsynnex.com\/na\/ca\/m2m-tech\/\" \/>\n<meta property=\"og:locale\" content=\"fr_FR\" \/>\n<meta property=\"og:type\" content=\"article\" \/>\n<meta property=\"og:title\" content=\"M2M - TD SYNNEX Canada\" \/>\n<meta property=\"og:description\" content=\"M2M TECH est une entreprise d\u2019IA physique qui propose des solutions pratiques et souveraines pour moderniser les industries critiques. En combinant l\u2019inf\u00e9rence en p\u00e9riph\u00e9rie (Edge Inference), les syst\u00e8mes d\u2019IA agentique et les jumeaux num\u00e9riques, l\u2019entreprise transforme des donn\u00e9es op\u00e9rationnelles complexes en r\u00e9sultats mesurables. Sa plateforme phare, Aura DC, est un jumeau num\u00e9rique de centre de [&hellip;]\" \/>\n<meta property=\"og:url\" content=\"https:\/\/www.tdsynnex.com\/na\/ca\/m2m-tech\/\" \/>\n<meta property=\"og:site_name\" content=\"TD SYNNEX Canada\" \/>\n<meta property=\"article:modified_time\" content=\"2026-04-14T19:13:12+00:00\" \/>\n<meta name=\"twitter:card\" content=\"summary_large_image\" \/>\n<meta name=\"twitter:label1\" content=\"Dur\u00e9e de lecture estim\u00e9e\" \/>\n\t<meta name=\"twitter:data1\" content=\"1 minute\" \/>\n<script type=\"application\/ld+json\" class=\"yoast-schema-graph\">{\"@context\":\"https:\/\/schema.org\",\"@graph\":[{\"@type\":\"WebPage\",\"@id\":\"https:\/\/www.tdsynnex.com\/na\/ca\/m2m-tech\/\",\"url\":\"https:\/\/www.tdsynnex.com\/na\/ca\/m2m-tech\/\",\"name\":\"M2M - TD SYNNEX Canada\",\"isPartOf\":{\"@id\":\"https:\/\/www.tdsynnex.com\/na\/ca\/#website\"},\"datePublished\":\"2026-04-13T17:20:29+00:00\",\"dateModified\":\"2026-04-14T19:13:12+00:00\",\"breadcrumb\":{\"@id\":\"https:\/\/www.tdsynnex.com\/na\/ca\/m2m-tech\/#breadcrumb\"},\"inLanguage\":\"fr-FR\",\"potentialAction\":[{\"@type\":\"ReadAction\",\"target\":[\"https:\/\/www.tdsynnex.com\/na\/ca\/m2m-tech\/\"]}]},{\"@type\":\"BreadcrumbList\",\"@id\":\"https:\/\/www.tdsynnex.com\/na\/ca\/m2m-tech\/#breadcrumb\",\"itemListElement\":[{\"@type\":\"ListItem\",\"position\":1,\"name\":\"Home\",\"item\":\"https:\/\/www.tdsynnex.com\/na\/ca\/fr\/\"},{\"@type\":\"ListItem\",\"position\":2,\"name\":\"M2M\"}]},{\"@type\":\"WebSite\",\"@id\":\"https:\/\/www.tdsynnex.com\/na\/ca\/#website\",\"url\":\"https:\/\/www.tdsynnex.com\/na\/ca\/\",\"name\":\"TD SYNNEX Canada\",\"description\":\"\",\"publisher\":{\"@id\":\"https:\/\/www.tdsynnex.com\/na\/ca\/#organization\"},\"potentialAction\":[{\"@type\":\"SearchAction\",\"target\":{\"@type\":\"EntryPoint\",\"urlTemplate\":\"https:\/\/www.tdsynnex.com\/na\/ca\/?s={search_term_string}\"},\"query-input\":{\"@type\":\"PropertyValueSpecification\",\"valueRequired\":true,\"valueName\":\"search_term_string\"}}],\"inLanguage\":\"fr-FR\"},{\"@type\":\"Organization\",\"@id\":\"https:\/\/www.tdsynnex.com\/na\/ca\/#organization\",\"name\":\"TD SYNNEX Canada\",\"url\":\"https:\/\/www.tdsynnex.com\/na\/ca\/\",\"logo\":{\"@type\":\"ImageObject\",\"inLanguage\":\"fr-FR\",\"@id\":\"https:\/\/www.tdsynnex.com\/na\/ca\/#\/schema\/logo\/image\/\",\"url\":\"https:\/\/www.tdsynnex.com\/na\/ca\/wp-content\/uploads\/sites\/3\/2022\/08\/TDSYNNEXLogo@2x.png\",\"contentUrl\":\"https:\/\/www.tdsynnex.com\/na\/ca\/wp-content\/uploads\/sites\/3\/2022\/08\/TDSYNNEXLogo@2x.png\",\"width\":370,\"height\":72,\"caption\":\"TD SYNNEX Canada\"},\"image\":{\"@id\":\"https:\/\/www.tdsynnex.com\/na\/ca\/#\/schema\/logo\/image\/\"}}]}<\/script>\n<!-- \/ Yoast SEO plugin. -->","yoast_head_json":{"title":"M2M - TD SYNNEX Canada","robots":{"index":"index","follow":"follow","max-snippet":"max-snippet:-1","max-image-preview":"max-image-preview:large","max-video-preview":"max-video-preview:-1"},"canonical":"https:\/\/www.tdsynnex.com\/na\/ca\/m2m-tech\/","og_locale":"fr_FR","og_type":"article","og_title":"M2M - TD SYNNEX Canada","og_description":"M2M TECH est une entreprise d\u2019IA physique qui propose des solutions pratiques et souveraines pour moderniser les industries critiques. En combinant l\u2019inf\u00e9rence en p\u00e9riph\u00e9rie (Edge Inference), les syst\u00e8mes d\u2019IA agentique et les jumeaux num\u00e9riques, l\u2019entreprise transforme des donn\u00e9es op\u00e9rationnelles complexes en r\u00e9sultats mesurables. Sa plateforme phare, Aura DC, est un jumeau num\u00e9rique de centre de [&hellip;]","og_url":"https:\/\/www.tdsynnex.com\/na\/ca\/m2m-tech\/","og_site_name":"TD SYNNEX Canada","article_modified_time":"2026-04-14T19:13:12+00:00","twitter_card":"summary_large_image","twitter_misc":{"Dur\u00e9e de lecture estim\u00e9e":"1 minute"},"schema":{"@context":"https:\/\/schema.org","@graph":[{"@type":"WebPage","@id":"https:\/\/www.tdsynnex.com\/na\/ca\/m2m-tech\/","url":"https:\/\/www.tdsynnex.com\/na\/ca\/m2m-tech\/","name":"M2M - TD SYNNEX Canada","isPartOf":{"@id":"https:\/\/www.tdsynnex.com\/na\/ca\/#website"},"datePublished":"2026-04-13T17:20:29+00:00","dateModified":"2026-04-14T19:13:12+00:00","breadcrumb":{"@id":"https:\/\/www.tdsynnex.com\/na\/ca\/m2m-tech\/#breadcrumb"},"inLanguage":"fr-FR","potentialAction":[{"@type":"ReadAction","target":["https:\/\/www.tdsynnex.com\/na\/ca\/m2m-tech\/"]}]},{"@type":"BreadcrumbList","@id":"https:\/\/www.tdsynnex.com\/na\/ca\/m2m-tech\/#breadcrumb","itemListElement":[{"@type":"ListItem","position":1,"name":"Home","item":"https:\/\/www.tdsynnex.com\/na\/ca\/fr\/"},{"@type":"ListItem","position":2,"name":"M2M"}]},{"@type":"WebSite","@id":"https:\/\/www.tdsynnex.com\/na\/ca\/#website","url":"https:\/\/www.tdsynnex.com\/na\/ca\/","name":"TD SYNNEX Canada","description":"","publisher":{"@id":"https:\/\/www.tdsynnex.com\/na\/ca\/#organization"},"potentialAction":[{"@type":"SearchAction","target":{"@type":"EntryPoint","urlTemplate":"https:\/\/www.tdsynnex.com\/na\/ca\/?s={search_term_string}"},"query-input":{"@type":"PropertyValueSpecification","valueRequired":true,"valueName":"search_term_string"}}],"inLanguage":"fr-FR"},{"@type":"Organization","@id":"https:\/\/www.tdsynnex.com\/na\/ca\/#organization","name":"TD SYNNEX Canada","url":"https:\/\/www.tdsynnex.com\/na\/ca\/","logo":{"@type":"ImageObject","inLanguage":"fr-FR","@id":"https:\/\/www.tdsynnex.com\/na\/ca\/#\/schema\/logo\/image\/","url":"https:\/\/www.tdsynnex.com\/na\/ca\/wp-content\/uploads\/sites\/3\/2022\/08\/TDSYNNEXLogo@2x.png","contentUrl":"https:\/\/www.tdsynnex.com\/na\/ca\/wp-content\/uploads\/sites\/3\/2022\/08\/TDSYNNEXLogo@2x.png","width":370,"height":72,"caption":"TD SYNNEX Canada"},"image":{"@id":"https:\/\/www.tdsynnex.com\/na\/ca\/#\/schema\/logo\/image\/"}}]}},"_links":{"self":[{"href":"https:\/\/www.tdsynnex.com\/na\/ca\/fr\/wp-json\/wp\/v2\/pages\/2575","targetHints":{"allow":["GET"]}}],"collection":[{"href":"https:\/\/www.tdsynnex.com\/na\/ca\/fr\/wp-json\/wp\/v2\/pages"}],"about":[{"href":"https:\/\/www.tdsynnex.com\/na\/ca\/fr\/wp-json\/wp\/v2\/types\/page"}],"author":[{"embeddable":true,"href":"https:\/\/www.tdsynnex.com\/na\/ca\/fr\/wp-json\/wp\/v2\/users\/12"}],"replies":[{"embeddable":true,"href":"https:\/\/www.tdsynnex.com\/na\/ca\/fr\/wp-json\/wp\/v2\/comments?post=2575"}],"version-history":[{"count":1,"href":"https:\/\/www.tdsynnex.com\/na\/ca\/fr\/wp-json\/wp\/v2\/pages\/2575\/revisions"}],"predecessor-version":[{"id":2577,"href":"https:\/\/www.tdsynnex.com\/na\/ca\/fr\/wp-json\/wp\/v2\/pages\/2575\/revisions\/2577"}],"wp:attachment":[{"href":"https:\/\/www.tdsynnex.com\/na\/ca\/fr\/wp-json\/wp\/v2\/media?parent=2575"}],"curies":[{"name":"wp","href":"https:\/\/api.w.org\/{rel}","templated":true}]}}