{"id":377,"date":"2024-02-01T15:59:20","date_gmt":"2024-02-01T15:59:20","guid":{"rendered":"https:\/\/www.tdsynnex.com\/na\/ca\/microsoft-cloud-central\/homepage\/"},"modified":"2026-01-13T20:29:25","modified_gmt":"2026-01-13T20:29:25","slug":"homepage","status":"publish","type":"page","link":"https:\/\/www.tdsynnex.com\/na\/ca\/microsoft-cloud-central\/fr\/","title":{"rendered":"Homepage"},"content":{"rendered":"<div class=\"vce-row-container\"><div class=\"vce-row vce-element--has-background vce-row--col-gap-30 sec-pad vce-row-equal-height vce-row-content--middle\" data-vce-full-width=\"true\" id=\"el-d2293370\" data-vce-do-apply=\"all el-d2293370\"><div class=\"vce-content-background-container\"><div class=\"vce-asset-background-simple-container vce-visible-all-only vce-asset-background-simple--style-cover vce-asset-background-simple--position-right-center\"><div class=\"vce-asset-background-simple\">\n              <div class=\"vce-asset-background-simple-item vcv-lozad\" data-background-image=\"https:\/\/www.tdsynnex.com\/na\/ca\/microsoft-cloud-central\/wp-content\/uploads\/sites\/94\/2024\/02\/AdobeStock_282095306_web.jpg\"><\/div>\n              <noscript>\n                <div class=\"vce-asset-background-simple-item\" style=\"background-image: url(https:\/\/www.tdsynnex.com\/na\/ca\/microsoft-cloud-central\/wp-content\/uploads\/sites\/94\/2024\/02\/AdobeStock_282095306_web.jpg)\"><\/div>\n              <\/noscript>\n            <\/div><\/div><\/div><div class=\"vce-row-content\" data-vce-element-content=\"true\"><div class=\"vce-col vce-col--md-auto vce-col--xs-1 vce-col--xs-last vce-col--xs-first vce-col--sm-last vce-col--sm-first vce-col--md-last vce-col--lg-last vce-col--xl-last vce-col--md-first vce-col--lg-first vce-col--xl-first\" id=\"el-d5bbe6ce\"><div class=\"vce-col-inner\" data-vce-do-apply=\"border margin background  el-d5bbe6ce\"><div class=\"vce-col-content\" data-vce-element-content=\"true\" data-vce-do-apply=\"padding el-d5bbe6ce\"><div class=\"vce-text-block light\"><div class=\"vce-text-block-wrapper vce\" id=\"el-4f86a686\" data-vce-do-apply=\"all el-4f86a686\" data-vce-animate=\"vce-o-animate--fadeInUp\"><h1 class=\"tm\">Devenez partenaire du leader du secteur<\/h1><p class=\"h4t\">Devenez partenaire d\u00e8s aujourd\u2019hui et commencez \u00e0 proposer des solutions rentables<\/p><\/div><\/div><div class=\"vce-button--style-outline-container vce-button--style-outline-container--align-left\"><span class=\"vce-button--style-outline-wrapper vce\" id=\"el-f6b832fb\" data-vce-do-apply=\"margin el-f6b832fb\"><a class=\"vce-button vce-button--style-outline-animated vce-button--style-outline--border-square vce-button--style-outline--size-medium vce-button--style-outline-animated--color-b-255-255-255--b-255-255-255--3d3d3d vce-button--style-outline-animated--border-color-b-255-255-255--3d3d3d vce-button--style-outline-animated--background-color-b-18-128-222\" href=\"#Partner\" title=\"\" data-vce-do-apply=\"padding border background  el-f6b832fb\" data-vce-animate=\"vce-o-animate--fadeInUp\"><span class=\"vce-button--style-outline-text\">Inscrivez-vous aujourd'hui<\/span><\/a><\/span><\/div><\/div><\/div><\/div><\/div><\/div><\/div><div class=\"vce-row-container\"><div class=\"vce-row vce-row--col-gap-30 vce-row-equal-height vce-row-content--top\" data-vce-full-width=\"true\" data-vce-stretch-content=\"true\" id=\"el-3d90813c\" data-vce-do-apply=\"all el-3d90813c\"><div class=\"vce-content-background-container\"><\/div><div class=\"vce-row-content\" data-vce-element-content=\"true\"><div class=\"vce-col vce-col--md-auto vce-col--xs-1 vce-col--xs-last vce-col--xs-first vce-col--sm-last vce-col--sm-first vce-col--md-last vce-col--lg-last vce-col--xl-last vce-col--md-first vce-col--lg-first vce-col--xl-first\" id=\"el-6e7cb5bf\"><div class=\"vce-col-inner\" data-vce-do-apply=\"border margin background  el-6e7cb5bf\"><div class=\"vce-col-content\" data-vce-element-content=\"true\" data-vce-do-apply=\"padding el-6e7cb5bf\"><div class=\"vce-shortcode secondarymenu\"><div class=\"vce-shortcode-wrapper vce\" id=\"el-61e95b21\" data-vce-do-apply=\"all el-61e95b21\"><div class=\"tds-subsite-header sticky-top\">\n    <nav id=\"tds-subsite-menu\" class=\"navbar navbar-expand-lg\">\n    <div class=\"container\"><a href=\"https:\/\/www.tdsynnex.com\/na\/ca\/microsoft-cloud-central\" class=\"navbar-brand\">Microsoft Cloud Central <\/a>        <button class=\"navbar-toggler custom-toggler\" type=\"button\" data-toggle=\"collapse\" data-target=\"#tds-subsite-collapse\" aria-expanded=\"false\" aria-label=\"Toggle navigation\">\n            <span class=\"navbar-toggler-icon\"><\/span>\n        <\/button>\n<div id=\"tds-subsite-collapse\" class=\"navbar-collapse collapse\"><ul class=\"navbar-nav\"><li class=\"nav-item dropdown\" aria-expanded=\"false\"><a class=\"nav-link dropdown-toggle\" href=\"https:\/\/www.tdsynnex.com\/na\/ca\/microsoft-cloud-central\/programs\/\" target=\"\"   aria-haspopup=\"true\" aria-expanded=\"false\">Programs & Offers<\/a><ul class=\"dropdown-menu\" style=\"margin-top: 0px;\"><\/ul><\/li><li class=\"nav-item dropdown\" aria-expanded=\"false\"><a class=\"nav-link dropdown-toggle\" href=\"https:\/\/www.tdsynnex.com\/na\/ca\/microsoft-cloud-central\/events-training\/\" target=\"\"   aria-haspopup=\"true\" aria-expanded=\"false\">Events &amp; Trainings<\/a><ul class=\"dropdown-menu\" style=\"margin-top: 0px;\"><\/ul><\/li><li class=\"nav-item dropdown\" aria-expanded=\"false\"><a class=\"nav-link dropdown-toggle\" href=\"https:\/\/www.tdsynnex.com\/na\/ca\/microsoft-cloud-central\/#Partner\" target=\"\"   aria-haspopup=\"true\" aria-expanded=\"false\">Become a Partner<\/a><ul class=\"dropdown-menu\" style=\"margin-top: 0px;\"><\/ul><\/li><li class=\"nav-item dropdown\" aria-expanded=\"false\"><a class=\"nav-link dropdown-toggle\" href=\"https:\/\/www.tdsynnex.com\/na\/ca\/microsoft-cloud-central\/isv-experience\/\" target=\"\"   aria-haspopup=\"true\" aria-expanded=\"false\">ISV Experience<\/a><ul class=\"dropdown-menu\" style=\"margin-top: 0px;\"><\/ul><\/li><li class=\"nav-item dropdown\" aria-expanded=\"false\"><a class=\"nav-link dropdown-toggle\" href=\"https:\/\/www.tdsynnex.com\/na\/ca\/microsoft-cloud-central\/azure\/\" target=\"\"   aria-haspopup=\"true\" aria-expanded=\"false\">Azure<\/a><ul class=\"dropdown-menu\" style=\"margin-top: 0px;\"><\/ul><\/li><\/ul><\/div><\/div><\/nav><\/div><\/div><\/div><\/div><\/div><\/div><\/div><\/div><\/div><div class=\"vce-row-container\"><div class=\"vce-row vce-element--has-background vce-row--col-gap-50 sec-pad vce-row-equal-height vce-row-content--top\" data-vce-full-width=\"true\" id=\"el-f8b500e1\" data-vce-do-apply=\"all el-f8b500e1\" data-vce-animate=\"vce-o-animate--fadeIn\"><div class=\"vce-content-background-container\"><\/div><div class=\"vce-row-content\" data-vce-element-content=\"true\"><div class=\"vce-col vce-col--xs-100p vce-col--xs-visible vce-col--xs-last vce-col--xs-first vce-col--sm-100p vce-col--sm-visible vce-col--sm-last vce-col--sm-first vce-col--md-100p vce-col--md-visible vce-col--md-last vce-col--md-first vce-col--lg-100p vce-col--lg-visible vce-col--lg-last vce-col--lg-first vce-col--xl-100p vce-col--xl-visible vce-col--xl-last vce-col--xl-first\" id=\"el-0939bf1a\"><div class=\"vce-col-inner\" data-vce-do-apply=\"border margin background  el-0939bf1a\"><div class=\"vce-content-background-container\"><\/div><div class=\"vce-col-content\" data-vce-element-content=\"true\" data-vce-do-apply=\"padding el-0939bf1a\"><div class=\"vce-text-block center-mobile\"><div class=\"vce-text-block-wrapper vce\" id=\"el-43358f7e\" data-vce-do-apply=\"all el-43358f7e\"><h2 class=\"\">Pourquoi rejoindre Microsoft CSP avec TD SYNNEX ?<\/h2>\n<p class=\"h4t\">Trois fa\u00e7ons uniques dont nous soutenons nos partenaires<\/p><\/div><\/div><\/div><\/div><\/div><div class=\"vce-col vce-col--xs-100p vce-col--xs-visible vce-col--xs-last vce-col--xs-first vce-col--sm-100p vce-col--sm-visible vce-col--sm-last vce-col--sm-first vce-col--md-33-33p vce-col--md-visible vce-col--md-first vce-col--lg-33-33p vce-col--lg-visible vce-col--lg-first vce-col--xl-33-33p vce-col--xl-visible vce-col--xl-first\" id=\"el-cfde0731\"><div class=\"vce-col-inner\" data-vce-do-apply=\"border margin background  el-cfde0731\" data-vce-animate=\"vce-o-animate--None\"><div class=\"vce-content-background-container\"><\/div><div class=\"vce-col-content\" data-vce-element-content=\"true\" data-vce-do-apply=\"padding el-cfde0731\"><div class=\"vce-text-block center-mobile\"><div class=\"vce-text-block-wrapper vce\" id=\"el-d4b9d8ed\" data-vce-do-apply=\"all el-d4b9d8ed\"><p class=\"tm\"><img decoding=\"async\" class=\"icon\" src=\"\/na\/ca\/microsoft-cloud-central\/wp-content\/uploads\/sites\/94\/2024\/02\/icon-simplicity.png\" alt=\"\"><\/p><h3 class=\"h4t tm\">Simplicit\u00e9<\/h3><p><strong>Vous avez le contr\u00f4le.<\/strong> La fourniture d\u2019une facture consolid\u00e9e pour tous vos outils, produits et services satisfait les clients, tandis qu\u2019un portail facile \u00e0 utiliser pour la tarification, la facturation, les options de financement et la gestion des abonnements vous permet de garder le contr\u00f4le.<\/p><\/div><\/div><\/div><\/div><\/div><div class=\"vce-col vce-col--xs-100p vce-col--xs-visible vce-col--xs-last vce-col--xs-first vce-col--sm-100p vce-col--sm-visible vce-col--sm-last vce-col--sm-first vce-col--md-33-33p vce-col--md-visible vce-col--lg-33-33p vce-col--lg-visible vce-col--xl-33-33p vce-col--xl-visible\" id=\"el-56905836\"><div class=\"vce-col-inner\" data-vce-do-apply=\"border margin background  el-56905836\"><div class=\"vce-col-content\" data-vce-element-content=\"true\" data-vce-do-apply=\"padding el-56905836\"><div class=\"vce-text-block center-mobile\"><div class=\"vce-text-block-wrapper vce\" id=\"el-4a25bac4\" data-vce-do-apply=\"all el-4a25bac4\"><p class=\"tm\"><img decoding=\"async\" class=\"icon\" src=\"\/na\/ca\/microsoft-cloud-central\/wp-content\/uploads\/sites\/94\/2024\/02\/icon-support-why.png\" alt=\"\"><\/p><h3 class=\"h4t tm\">Soutien<\/h3><p><strong>Vous \u00eates couvert<\/strong>. D\u00e9veloppez votre activit\u00e9 en toute confiance gr\u00e2ce \u00e0 l\u2019assistance compl\u00e8te et personnalis\u00e9e de TD SYNNEX, disponible pour chaque partenaire \u00e0 tout moment, 365 jours par an, via notre portail partenaire Microsoft Cloud. <\/p><\/div><\/div><\/div><\/div><\/div><div class=\"vce-col vce-col--xs-100p vce-col--xs-visible vce-col--xs-last vce-col--xs-first vce-col--sm-100p vce-col--sm-visible vce-col--sm-last vce-col--sm-first vce-col--md-33-33p vce-col--md-visible vce-col--md-last vce-col--lg-33-33p vce-col--lg-visible vce-col--lg-last vce-col--xl-33-33p vce-col--xl-visible vce-col--xl-last\" id=\"el-07281424\"><div class=\"vce-col-inner\" data-vce-do-apply=\"border margin background  el-07281424\"><div class=\"vce-col-content\" data-vce-element-content=\"true\" data-vce-do-apply=\"padding el-07281424\"><div class=\"vce-text-block center-mobile\"><div class=\"vce-text-block-wrapper vce\" id=\"el-d8117335\" data-vce-do-apply=\"all el-d8117335\"><p class=\"tm\"><img decoding=\"async\" class=\"icon\" src=\"\/na\/ca\/microsoft-cloud-central\/wp-content\/uploads\/sites\/94\/2024\/02\/icon-savings-why.png\" alt=\"ic\u00f4ne\"><\/p><h3 class=\"h4t tm\">\u00c9conomies<\/h3><p><strong>Vous \u00eates comp\u00e9titif.<\/strong> G\u00e9n\u00e9rez des revenus mensuels r\u00e9currents et augmentez vos r\u00e9sultats gr\u00e2ce \u00e0 certaines des meilleures marges du secteur. Notre \u00e9cosyst\u00e8me de fournisseurs de cloud robuste et notre portefeuille de mat\u00e9riel facilitent la cr\u00e9ation d\u2019une solution compl\u00e8te. <\/p><\/div><\/div><\/div><\/div><\/div><\/div><\/div><\/div><div class=\"vce-row-container\" id=\"Partner\"><div class=\"vce-row vce-row--has-col-background vce-row--col-gap-30 vce-row-wrap--reverse sec-pad bkg-accent-2 vce-row-equal-height vce-row-content--middle\" data-vce-full-width=\"true\" id=\"el-942b5653\" data-vce-do-apply=\"all el-942b5653\"><div class=\"vce-content-background-container\"><\/div><div class=\"vce-row-content\" data-vce-element-content=\"true\"><div class=\"vce-col vce-col--md-50p vce-col--xs-1 vce-col--xs-last vce-col--xs-first vce-col--sm-last vce-col--sm-first vce-col--md-first vce-col--lg-first vce-col--xl-first\" id=\"el-bb615e7e\"><div class=\"vce-col-inner\" data-vce-do-apply=\"border margin background  el-bb615e7e\"><div class=\"vce-col-content\" data-vce-element-content=\"true\" data-vce-do-apply=\"padding el-bb615e7e\"><div class=\"vce-text-block\"><div class=\"vce-text-block-wrapper vce\" id=\"el-b54e718f\" data-vce-do-apply=\"all el-b54e718f\"><h2 class=\"caption tm accent-1\">DEVENIR PARTENAIRE<\/h2>\n<h3 class=\"h2t tm\">Client TD SYNNEX<\/h3>\n<p class=\"\">Nous sommes ravis que vous envisagiez de nous choisir comme nouveau partenaire commercial et traiterons votre demande rapidement.<\/p>\n<p>TD SYNNEX propose un programme simple en trois \u00e9tapes pour cr\u00e9er un compte. Si vous \u00eates un revendeur informatique agr\u00e9\u00e9 ou un d\u00e9taillant, veuillez suivre le programme en ligne. <\/p>\n<p>L\u2019\u00e9quipe Microsoft de TD SYNNEX aimerait payer vos frais de cr\u00e9ation de compte. Veuillez inclure l\u2019alias <a class=\"linkable-text\" href=\"mailto:MicrosoftTeam1.ca@tdsynnex.com\" target=\"_blank\" rel=\"noopener noreferrer\" data-testid=\"linkable-text\">MicrosoftTeam1.ca@tdsynnex.com<\/a> si votre si\u00e8ge social est en Ontario et <a class=\"linkable-text\" href=\"mailto:MicrosoftTeam2.ca@tdsynnex.com\" target=\"_blank\" rel=\"noopener noreferrer\" data-testid=\"linkable-text\">MicrosoftTeam2.ca@tdsynnex.com<\/a> si votre si\u00e8ge social est dans une autre province. Lorsque vous envoyez votre demande par courriel, nous nous en occuperons pour vous.  <\/p><\/div><\/div><div class=\"vce-button--style-outline-container vce-button--style-outline-container--align-left\"><span class=\"vce-button--style-outline-wrapper vce\" id=\"el-9b462e8e\" data-vce-do-apply=\"margin el-9b462e8e\"><a class=\"vce-button vce-button--style-outline-animated vce-button--style-outline--border-square vce-button--style-outline--size-medium vce-button--style-outline-animated--color-b-18-128-222--b-255-255-255--3d3d3d vce-button--style-outline-animated--border-color-b-18-128-222--3d3d3d vce-button--style-outline-animated--background-color-b-18-128-222\" href=\"https:\/\/www.tdsynnex.com\/na\/ca\/become-a-customer\/\" title=\"\" target=\"_blank\" data-vce-do-apply=\"padding border background  el-9b462e8e\" data-vce-animate=\"vce-o-animate--fadeInUp\"><span class=\"vce-button--style-outline-text\">Commencer maintenant<\/span><\/a><\/span><\/div><\/div><\/div><\/div><div class=\"vce-col vce-element--has-background vce-col--md-50p vce-col--xs-1 vce-col--xs-last vce-col--xs-first vce-col--sm-last vce-col--sm-first vce-col--md-last vce-col--lg-last vce-col--xl-last sec-img\" id=\"el-c596dbfa\"><div class=\"vce-col-inner\" data-vce-do-apply=\"border margin background  el-c596dbfa\"><div class=\"vce-content-background-container\"><div class=\"vce-asset-background-simple-container vce-visible-all-only vce-asset-background-simple--style-cover vce-asset-background-simple--position-left-center\"><div class=\"vce-asset-background-simple\">\n              <div class=\"vce-asset-background-simple-item vcv-lozad\" data-background-image=\"https:\/\/www.tdsynnex.com\/na\/ca\/microsoft-cloud-central\/wp-content\/uploads\/sites\/94\/2024\/02\/Products-Services-Solutions-1.jpg\"><\/div>\n              <noscript>\n                <div class=\"vce-asset-background-simple-item\" style=\"background-image: url(https:\/\/www.tdsynnex.com\/na\/ca\/microsoft-cloud-central\/wp-content\/uploads\/sites\/94\/2024\/02\/Products-Services-Solutions-1.jpg)\"><\/div>\n              <\/noscript>\n            <\/div><\/div><\/div><div class=\"vce-col-content\" data-vce-element-content=\"true\" data-vce-do-apply=\"padding el-c596dbfa\"><div class=\"vcv-row-control-wrapper\"><\/div><\/div><\/div><\/div><\/div><\/div><\/div><div class=\"vce-row-container\"><div class=\"vce-row vce-row--col-gap-30 sec-pad bkg-accent-3 vce-row-equal-height vce-row-content--middle\" data-vce-full-width=\"true\" id=\"el-db322af3\" data-vce-do-apply=\"all el-db322af3\"><div class=\"vce-content-background-container\"><\/div><div class=\"vce-row-content\" data-vce-element-content=\"true\"><div class=\"vce-col vce-col--md-60p vce-col--xs-1 vce-col--xs-last vce-col--xs-first vce-col--sm-last vce-col--sm-first vce-col--md-first vce-col--lg-first vce-col--xl-first\" id=\"el-8efc0e1e\"><div class=\"vce-col-inner\" data-vce-do-apply=\"border margin background  el-8efc0e1e\"><div class=\"vce-col-content\" data-vce-element-content=\"true\" data-vce-do-apply=\"padding el-8efc0e1e\"><div class=\"vce-text-block\"><div class=\"vce-text-block-wrapper vce\" id=\"el-835667a2\" data-vce-do-apply=\"all el-835667a2\"><h2 class=\"caption tm accent-1\">DEVENIR PARTENAIRE<\/h2>\n<h3 class=\"h2t tm\">Partenaire Microsoft CSP chez TD SYNNEX<\/h3>\n<p class=\"\">TD SYNNEX est l\u2019un des plus grands fournisseurs indirects de solutions Microsoft.<\/p>\n<p>Nos relations \u00e9troites avec Microsoft et d\u2019autres fournisseurs de cloud garantissent aux revendeurs tout ce dont ils ont besoin pour cr\u00e9er des solutions robustes et rentables. Transf\u00e9rez votre activit\u00e9 cloud vers SYNNEX pour une transition transparente sans interruption de service. <\/p>\n<p>La vente indirecte de services cloud Microsoft peut permettre aux partenaires d\u2019\u00e9conomiser des dizaines de milliers de dollars par rapport \u00e0 la vente directe. Les partenaires ont deux choix lorsqu\u2019ils vendent des services cloud avec le programme Microsoft CSP : CSP direct via Microsoft (niveau 1) ou CSP indirect via un distributeur agr\u00e9\u00e9 (niveau 2). <\/p><\/div><\/div><\/div><\/div><\/div><div class=\"vce-col vce-col--md-40p vce-col--xs-1 vce-col--xs-last vce-col--xs-first vce-col--sm-last vce-col--sm-first vce-col--md-last vce-col--lg-last vce-col--xl-last\" id=\"el-019c05d1\"><div class=\"vce-col-inner\" data-vce-do-apply=\"border margin background  el-019c05d1\"><div class=\"vce-content-background-container\"><\/div><div class=\"vce-col-content\" data-vce-element-content=\"true\" data-vce-do-apply=\"padding el-019c05d1\"><div class=\"vce-raw-html\"><div class=\"vce-raw-html-wrapper\" id=\"el-0fef7f27\" data-vce-do-apply=\"all el-0fef7f27\"><div class=\"mcform\">\n\t<p class=\"h4t\">Get in touch with a specialist<\/p>\n<script src=\"\/\/info.tdsynnex.com\/js\/forms2\/js\/forms2.min.js\"><\/script>\n<form id=\"mktoForm_8132\"><\/form>\n<script>MktoForms2.loadForm(\"\/\/info.tdsynnex.com\", \"946-OMQ-360\", 8132);<\/script>\n<div id=\"confirmform\" style=\"display:none;\">\n<p><strong>Thank you for registering for Microsoft CSP<\/strong><\/p>\n<p>A member from our team will be in touch with you shortly.<\/p>\n<\/div>\n<\/div><\/div><\/div><div class=\"vce-raw-js-container\"><div class=\"vce-raw-js-wrapper\" id=\"el-2231a7ad\" data-vce-do-apply=\"all el-2231a7ad\"><script type=\"text\/javascript\"><script>\n    MktoForms2.whenReady(function (form){\n    \/\/Add an onSuccess handler\n        form.onSuccess(function(values, followUpUrl){\n        \/\/get the form's jQuery element and hide it\n            form.getFormElem().hide();\n            document.getElementById('confirmform').style.display = 'block';\n        \/\/return false to prevent the submission handler from taking the lead to the follow up url.\n        return false;\n        });\n    });\n<\/script><\/div><\/div><\/div><\/div><\/div><\/div><\/div><\/div>","protected":false},"excerpt":{"rendered":"Devenez partenaire du leader du secteurDevenez partenaire d\u00e8s aujourd\u2019hui et commencez \u00e0 proposer des solutions rentablesInscrivez-vous aujourd&rsquo;huiPourquoi rejoindre Microsoft CSP avec TD SYNNEX ? Trois fa\u00e7ons uniques dont nous soutenons nos partenairesSimplicit\u00e9Vous avez le contr\u00f4le. La fourniture d\u2019une facture consolid\u00e9e pour tous vos outils, produits et services satisfait les clients, tandis qu\u2019un portail facile \u00e0 [&hellip;]","protected":false},"author":12,"featured_media":0,"parent":0,"menu_order":0,"comment_status":"closed","ping_status":"closed","template":"","meta":{"footnotes":""},"class_list":["post-377","page","type-page","status-publish","hentry"],"yoast_head":"<!-- This site is optimized with the Yoast SEO plugin v26.1.1 - https:\/\/yoast.com\/wordpress\/plugins\/seo\/ -->\n<title>Homepage - Microsoft Cloud Central<\/title>\n<meta name=\"robots\" content=\"index, follow, max-snippet:-1, max-image-preview:large, max-video-preview:-1\" \/>\n<link rel=\"canonical\" href=\"https:\/\/www.tdsynnex.com\/na\/ca\/microsoft-cloud-central\/fr\/\" \/>\n<meta property=\"og:locale\" content=\"fr_FR\" \/>\n<meta property=\"og:type\" content=\"article\" \/>\n<meta property=\"og:title\" content=\"Homepage - Microsoft Cloud Central\" \/>\n<meta property=\"og:description\" content=\"Devenez partenaire du leader du secteurDevenez partenaire d\u00e8s aujourd\u2019hui et commencez \u00e0 proposer des solutions rentablesInscrivez-vous aujourd&#039;huiPourquoi rejoindre Microsoft CSP avec TD SYNNEX ? Trois fa\u00e7ons uniques dont nous soutenons nos partenairesSimplicit\u00e9Vous avez le contr\u00f4le. La fourniture d\u2019une facture consolid\u00e9e pour tous vos outils, produits et services satisfait les clients, tandis qu\u2019un portail facile \u00e0 [&hellip;]\" \/>\n<meta property=\"og:url\" content=\"https:\/\/www.tdsynnex.com\/na\/ca\/microsoft-cloud-central\/fr\/\" \/>\n<meta property=\"og:site_name\" content=\"Microsoft Cloud Central\" \/>\n<meta property=\"article:modified_time\" content=\"2026-01-13T20:29:25+00:00\" \/>\n<meta name=\"twitter:card\" content=\"summary_large_image\" \/>\n<meta name=\"twitter:label1\" content=\"Dur\u00e9e de lecture estim\u00e9e\" \/>\n\t<meta name=\"twitter:data1\" content=\"2 minutes\" \/>\n<script type=\"application\/ld+json\" class=\"yoast-schema-graph\">{\"@context\":\"https:\/\/schema.org\",\"@graph\":[{\"@type\":\"WebPage\",\"@id\":\"https:\/\/www.tdsynnex.com\/na\/ca\/microsoft-cloud-central\/fr\/\",\"url\":\"https:\/\/www.tdsynnex.com\/na\/ca\/microsoft-cloud-central\/fr\/\",\"name\":\"Homepage - Microsoft Cloud Central\",\"isPartOf\":{\"@id\":\"https:\/\/www.tdsynnex.com\/na\/ca\/microsoft-cloud-central\/#website\"},\"datePublished\":\"2024-02-01T15:59:20+00:00\",\"dateModified\":\"2026-01-13T20:29:25+00:00\",\"breadcrumb\":{\"@id\":\"https:\/\/www.tdsynnex.com\/na\/ca\/microsoft-cloud-central\/fr\/#breadcrumb\"},\"inLanguage\":\"fr-FR\",\"potentialAction\":[{\"@type\":\"ReadAction\",\"target\":[\"https:\/\/www.tdsynnex.com\/na\/ca\/microsoft-cloud-central\/fr\/\"]}]},{\"@type\":\"BreadcrumbList\",\"@id\":\"https:\/\/www.tdsynnex.com\/na\/ca\/microsoft-cloud-central\/fr\/#breadcrumb\",\"itemListElement\":[{\"@type\":\"ListItem\",\"position\":1,\"name\":\"Home\",\"item\":\"https:\/\/www.tdsynnex.com\/na\/ca\/microsoft-cloud-central\/fr\/\"},{\"@type\":\"ListItem\",\"position\":2,\"name\":\"Homepage\"}]},{\"@type\":\"WebSite\",\"@id\":\"https:\/\/www.tdsynnex.com\/na\/ca\/microsoft-cloud-central\/#website\",\"url\":\"https:\/\/www.tdsynnex.com\/na\/ca\/microsoft-cloud-central\/\",\"name\":\"Microsoft Cloud Central\",\"description\":\"\",\"potentialAction\":[{\"@type\":\"SearchAction\",\"target\":{\"@type\":\"EntryPoint\",\"urlTemplate\":\"https:\/\/www.tdsynnex.com\/na\/ca\/microsoft-cloud-central\/?s={search_term_string}\"},\"query-input\":{\"@type\":\"PropertyValueSpecification\",\"valueRequired\":true,\"valueName\":\"search_term_string\"}}],\"inLanguage\":\"fr-FR\"}]}<\/script>\n<!-- \/ Yoast SEO plugin. -->","yoast_head_json":{"title":"Homepage - Microsoft Cloud Central","robots":{"index":"index","follow":"follow","max-snippet":"max-snippet:-1","max-image-preview":"max-image-preview:large","max-video-preview":"max-video-preview:-1"},"canonical":"https:\/\/www.tdsynnex.com\/na\/ca\/microsoft-cloud-central\/fr\/","og_locale":"fr_FR","og_type":"article","og_title":"Homepage - Microsoft Cloud Central","og_description":"Devenez partenaire du leader du secteurDevenez partenaire d\u00e8s aujourd\u2019hui et commencez \u00e0 proposer des solutions rentablesInscrivez-vous aujourd'huiPourquoi rejoindre Microsoft CSP avec TD SYNNEX ? Trois fa\u00e7ons uniques dont nous soutenons nos partenairesSimplicit\u00e9Vous avez le contr\u00f4le. La fourniture d\u2019une facture consolid\u00e9e pour tous vos outils, produits et services satisfait les clients, tandis qu\u2019un portail facile \u00e0 [&hellip;]","og_url":"https:\/\/www.tdsynnex.com\/na\/ca\/microsoft-cloud-central\/fr\/","og_site_name":"Microsoft Cloud Central","article_modified_time":"2026-01-13T20:29:25+00:00","twitter_card":"summary_large_image","twitter_misc":{"Dur\u00e9e de lecture estim\u00e9e":"2 minutes"},"schema":{"@context":"https:\/\/schema.org","@graph":[{"@type":"WebPage","@id":"https:\/\/www.tdsynnex.com\/na\/ca\/microsoft-cloud-central\/fr\/","url":"https:\/\/www.tdsynnex.com\/na\/ca\/microsoft-cloud-central\/fr\/","name":"Homepage - Microsoft Cloud Central","isPartOf":{"@id":"https:\/\/www.tdsynnex.com\/na\/ca\/microsoft-cloud-central\/#website"},"datePublished":"2024-02-01T15:59:20+00:00","dateModified":"2026-01-13T20:29:25+00:00","breadcrumb":{"@id":"https:\/\/www.tdsynnex.com\/na\/ca\/microsoft-cloud-central\/fr\/#breadcrumb"},"inLanguage":"fr-FR","potentialAction":[{"@type":"ReadAction","target":["https:\/\/www.tdsynnex.com\/na\/ca\/microsoft-cloud-central\/fr\/"]}]},{"@type":"BreadcrumbList","@id":"https:\/\/www.tdsynnex.com\/na\/ca\/microsoft-cloud-central\/fr\/#breadcrumb","itemListElement":[{"@type":"ListItem","position":1,"name":"Home","item":"https:\/\/www.tdsynnex.com\/na\/ca\/microsoft-cloud-central\/fr\/"},{"@type":"ListItem","position":2,"name":"Homepage"}]},{"@type":"WebSite","@id":"https:\/\/www.tdsynnex.com\/na\/ca\/microsoft-cloud-central\/#website","url":"https:\/\/www.tdsynnex.com\/na\/ca\/microsoft-cloud-central\/","name":"Microsoft Cloud Central","description":"","potentialAction":[{"@type":"SearchAction","target":{"@type":"EntryPoint","urlTemplate":"https:\/\/www.tdsynnex.com\/na\/ca\/microsoft-cloud-central\/?s={search_term_string}"},"query-input":{"@type":"PropertyValueSpecification","valueRequired":true,"valueName":"search_term_string"}}],"inLanguage":"fr-FR"}]}},"_links":{"self":[{"href":"https:\/\/www.tdsynnex.com\/na\/ca\/microsoft-cloud-central\/fr\/wp-json\/wp\/v2\/pages\/377","targetHints":{"allow":["GET"]}}],"collection":[{"href":"https:\/\/www.tdsynnex.com\/na\/ca\/microsoft-cloud-central\/fr\/wp-json\/wp\/v2\/pages"}],"about":[{"href":"https:\/\/www.tdsynnex.com\/na\/ca\/microsoft-cloud-central\/fr\/wp-json\/wp\/v2\/types\/page"}],"author":[{"embeddable":true,"href":"https:\/\/www.tdsynnex.com\/na\/ca\/microsoft-cloud-central\/fr\/wp-json\/wp\/v2\/users\/12"}],"replies":[{"embeddable":true,"href":"https:\/\/www.tdsynnex.com\/na\/ca\/microsoft-cloud-central\/fr\/wp-json\/wp\/v2\/comments?post=377"}],"version-history":[{"count":5,"href":"https:\/\/www.tdsynnex.com\/na\/ca\/microsoft-cloud-central\/fr\/wp-json\/wp\/v2\/pages\/377\/revisions"}],"predecessor-version":[{"id":720,"href":"https:\/\/www.tdsynnex.com\/na\/ca\/microsoft-cloud-central\/fr\/wp-json\/wp\/v2\/pages\/377\/revisions\/720"}],"wp:attachment":[{"href":"https:\/\/www.tdsynnex.com\/na\/ca\/microsoft-cloud-central\/fr\/wp-json\/wp\/v2\/media?parent=377"}],"curies":[{"name":"wp","href":"https:\/\/api.w.org\/{rel}","templated":true}]}}