{"id":670,"date":"2025-02-25T12:58:20","date_gmt":"2025-02-25T16:58:20","guid":{"rendered":"https:\/\/www.tdsynnex.com\/na\/ca\/partnerlink\/vendeurs-partnerlink\/"},"modified":"2026-04-09T14:10:19","modified_gmt":"2026-04-09T18:10:19","slug":"vendeurs-partnerlink","status":"publish","type":"page","link":"https:\/\/www.tdsynnex.com\/na\/ca\/partnerlink\/fr\/vendeurs-partnerlink\/","title":{"rendered":"Vendeurs PartnerLINK"},"content":{"rendered":"<div class=\"vce-row-container\"><div class=\"vce-row vce-element--has-background vce-row--col-gap-30 secondarypage-banner vce-row-equal-height vce-row-content--top\" data-vce-full-width=\"true\" id=\"el-af624afb\" data-vce-do-apply=\"all el-af624afb\"><div class=\"vce-content-background-container\"><div class=\"vce-asset-background-simple-container vce-visible-all-only vce-asset-background-simple--style-cover vce-asset-background-simple--position-center-top\"><div class=\"vce-asset-background-simple\">\n              <div class=\"vce-asset-background-simple-item vcv-lozad\" data-background-image=\"https:\/\/www.tdsynnex.com\/na\/us\/communitysolv\/wp-content\/uploads\/sites\/6\/2025\/04\/PartnerLINK_Short_Masthead.jpg\"><\/div>\n              <noscript>\n                <div class=\"vce-asset-background-simple-item\" style=\"background-image: url(https:\/\/www.tdsynnex.com\/na\/us\/communitysolv\/wp-content\/uploads\/sites\/6\/2025\/04\/PartnerLINK_Short_Masthead.jpg)\"><\/div>\n              <\/noscript>\n            <\/div><\/div><\/div><div class=\"vce-row-content\" data-vce-element-content=\"true\"><div class=\"vce-col vce-col--md-auto vce-col--xs-1 vce-col--xs-last vce-col--xs-first vce-col--sm-last vce-col--sm-first vce-col--md-last vce-col--lg-last vce-col--xl-last vce-col--md-first vce-col--lg-first vce-col--xl-first\" id=\"el-95beb828\"><div class=\"vce-col-inner\" data-vce-do-apply=\"border margin background  el-95beb828\"><div class=\"vce-col-content\" data-vce-element-content=\"true\" data-vce-do-apply=\"padding el-95beb828\"><div class=\"vce-single-image-container vce-single-image--align-left\"><div class=\"vce vce-single-image-wrapper\" id=\"el-fc69c595\" data-vce-do-apply=\"all el-fc69c595\"><figure><div class=\"vce-single-image-figure-inner\" style=\"width: 431px;\"><div class=\"vce-single-image-inner vce-single-image--absolute\" style=\"width: 100%; padding-bottom: 12.297%;\"><img loading=\"lazy\" decoding=\"async\" class=\"vce-single-image\"  width=\"431\" height=\"53\" src=\"https:\/\/www.tdsynnex.com\/na\/us\/communitysolv\/wp-content\/uploads\/sites\/6\/2025\/04\/PartnerLINK_Logo_BLK.png\" data-img-src=\"https:\/\/www.tdsynnex.com\/na\/us\/communitysolv\/wp-content\/uploads\/sites\/6\/2025\/04\/PartnerLINK_Logo_BLK.png\" data-attachment-id=\"394\"  alt=\"\" title=\"PartnerLINK_Logo_BLK\" \/><\/div><\/div><figcaption hidden=\"\"><\/figcaption><\/figure><\/div><\/div><\/div><\/div><\/div><\/div><\/div><\/div><div class=\"vce-row-container\"><div class=\"vce-row vce-element--has-background vce-row--col-gap-30 vce-row-equal-height vce-row-content--top\" data-vce-full-width=\"true\" data-vce-stretch-content=\"true\" id=\"el-aa7d08a5\" data-vce-do-apply=\"all el-aa7d08a5\"><div class=\"vce-content-background-container\"><\/div><div class=\"vce-row-content\" data-vce-element-content=\"true\"><div class=\"vce-col vce-col--md-auto vce-col--xs-1 vce-col--xs-last vce-col--xs-first vce-col--sm-last vce-col--sm-first vce-col--md-last vce-col--lg-last vce-col--xl-last vce-col--md-first vce-col--lg-first vce-col--xl-first secondary-menu\" id=\"el-e1e0f98a\"><div class=\"vce-col-inner\" data-vce-do-apply=\"border margin background  el-e1e0f98a\"><div class=\"vce-content-background-container\"><\/div><div class=\"vce-col-content\" data-vce-element-content=\"true\" data-vce-do-apply=\"padding el-e1e0f98a\"><div class=\"vce-shortcode\"><div class=\"vce-shortcode-wrapper vce\" id=\"el-9db39ab0\" data-vce-do-apply=\"all el-9db39ab0\"><div class=\"tds-subsite-header sticky-top\">\n    <nav id=\"tds-subsite-menu\" class=\"navbar navbar-expand-lg\">\n    <div class=\"container\"><a href=\"https:\/\/www.tdsynnex.com\/na\/ca\/partnerlink\" class=\"navbar-brand\">PartnerLINK<\/a>        <button class=\"navbar-toggler custom-toggler\" type=\"button\" data-toggle=\"collapse\" data-target=\"#tds-subsite-collapse\" aria-expanded=\"false\" aria-label=\"Toggle navigation\">\n            <span class=\"navbar-toggler-icon\"><\/span>\n        <\/button>\n<div id=\"tds-subsite-collapse\" class=\"navbar-collapse collapse\"><ul class=\"navbar-nav\"><li class=\"nav-item dropdown\" aria-expanded=\"false\"><a class=\"nav-link dropdown-toggle\" href=\"https:\/\/www.tdsynnex.com\/na\/ca\/partnerlink\/vendors\/\" target=\"\"   aria-haspopup=\"true\" aria-expanded=\"false\">Vendeurs PartnerLINK<\/a><ul class=\"dropdown-menu\" style=\"margin-top: 0px;\"><\/ul><\/li><li class=\"nav-item dropdown\" aria-expanded=\"false\"><a class=\"nav-link dropdown-toggle\" href=\"https:\/\/www.tdsynnex.com\/na\/ca\/partnerlink\/meet-the-team\/\" target=\"\"   aria-haspopup=\"true\" aria-expanded=\"false\">Rencontrer l&#039;\u00e9quipe<\/a><ul class=\"dropdown-menu\" style=\"margin-top: 0px;\"><\/ul><\/li><\/ul><\/div><\/div><\/nav><\/div> <\/div><\/div><\/div><\/div><\/div><\/div><\/div><\/div><div class=\"vce-row-container\" data-vce-boxed-width=\"true\"><div class=\"vce-row vce-row--col-gap-30 vce-row-equal-height vce-row-content--top\" id=\"el-25b9feea\" data-vce-do-apply=\"all el-25b9feea\"><div class=\"vce-content-background-container\"><\/div><div class=\"vce-row-content\" data-vce-element-content=\"true\"><div class=\"vce-col vce-col--md-auto vce-col--xs-1 vce-col--xs-last vce-col--xs-first vce-col--sm-last vce-col--sm-first vce-col--md-last vce-col--lg-last vce-col--xl-last vce-col--md-first vce-col--lg-first vce-col--xl-first\" id=\"el-87a09d4d\"><div class=\"vce-col-inner\" data-vce-do-apply=\"border margin background  el-87a09d4d\"><div class=\"vce-col-content\" data-vce-element-content=\"true\" data-vce-do-apply=\"padding el-87a09d4d\"><div class=\"vce-text-block\"><div class=\"vce-text-block-wrapper vce\" id=\"el-931cc3f1\" data-vce-do-apply=\"all el-931cc3f1\"><h1 class=\"tm\">Nos sponsors PartnerLINK de confiance<\/h1><p class=\"h6t\">Nous remercions les fournisseurs qui parrainent le programme PartnerLINK. Gr\u00e2ce \u00e0 leur partenariat, les membres de PartnerLINK peuvent rester \u00e0 la pointe des tendances \u00e9mergentes \u00e0 mesure qu'ils \u00e9voluent, se modernisent et se d\u00e9veloppent. <\/p><\/div><\/div><\/div><\/div><\/div><\/div><\/div><\/div><div class=\"vce-row-container\" data-vce-boxed-width=\"true\"><div class=\"vce-row vce-row--col-gap-30 vce-row-equal-height vce-row-content--top\" id=\"el-e3c1b7ba\" data-vce-do-apply=\"all el-e3c1b7ba\"><div class=\"vce-content-background-container\"><\/div><div class=\"vce-row-content\" data-vce-element-content=\"true\"><div class=\"vce-col vce-col--md-auto vce-col--xs-1 vce-col--xs-last vce-col--xs-first vce-col--sm-last vce-col--sm-first vce-col--md-last vce-col--lg-last vce-col--xl-last vce-col--md-first vce-col--lg-first vce-col--xl-first\" id=\"el-85073ed6\"><div class=\"vce-col-inner\" data-vce-do-apply=\"border margin background  el-85073ed6\"><div class=\"vce-col-content\" data-vce-element-content=\"true\" data-vce-do-apply=\"padding el-85073ed6\"><div class=\"vce-raw-html\"><div class=\"vce-raw-html-wrapper\" id=\"el-3bc3e8f8\" data-vce-do-apply=\"all el-3bc3e8f8\"><div style=\"display:block;background-color:#913C7F;padding-top:12px;padding-bottom:12px;padding-left:15px;padding-right:15px;line-height:1.5;\"><p style=\"padding:0px;margin:0px;line-height:1.5;\"><span style=\"color:#ffffff;font-family:'TWK Everett Regular', Arial, sans-serif !important;font-size: 1.5rem;line-height:1.5;\">Premier<\/span><\/p><\/div><\/div><\/div><\/div><\/div><\/div><\/div><\/div><\/div><div class=\"vce-row-container\" data-vce-boxed-width=\"true\"><div class=\"vce-row vce-row--col-gap-30 vce-row-equal-height vce-row-content--middle\" id=\"el-dfce51f2\" data-vce-do-apply=\"all el-dfce51f2\"><div class=\"vce-content-background-container\"><\/div><div class=\"vce-row-content\" data-vce-element-content=\"true\"><div class=\"vce-col vce-col--md-100p vce-col--xs-1 vce-col--xs-last vce-col--xs-first vce-col--sm-last vce-col--sm-first vce-col--md-last vce-col--lg-last vce-col--xl-last vce-col--md-first vce-col--lg-first vce-col--xl-first\" id=\"el-f83e2f2c\"><div class=\"vce-col-inner\" data-vce-do-apply=\"border margin background  el-f83e2f2c\"><div class=\"vce-content-background-container\"><\/div><div class=\"vce-col-content\" data-vce-element-content=\"true\" data-vce-do-apply=\"padding el-f83e2f2c\"><div class=\"vce-single-image-container vce-single-image--align-center\"><div class=\"vce vce-single-image-wrapper\" id=\"el-97d7e1fb\" data-vce-do-apply=\"all el-97d7e1fb\"><figure><div class=\"vce-single-image-figure-inner\" style=\"width: 900px;\"><div class=\"vce-single-image-inner vce-single-image--absolute\" style=\"width: 100%; padding-bottom: 38.4444%;\"><img loading=\"lazy\" decoding=\"async\" class=\"vce-single-image\"  width=\"900\" height=\"346\" src=\"https:\/\/www.tdsynnex.com\/na\/ca\/partnerlink\/wp-content\/uploads\/sites\/14\/2026\/04\/TDS-PL-logo-block-2026-premier.jpg\" data-img-src=\"https:\/\/www.tdsynnex.com\/na\/ca\/partnerlink\/wp-content\/uploads\/sites\/14\/2026\/04\/TDS-PL-logo-block-2026-premier.jpg\" data-attachment-id=\"654\"  alt=\"\" title=\"TDS-PL-logo-block-2026-premier\" \/><\/div><\/div><figcaption hidden=\"\"><\/figcaption><\/figure><\/div><\/div><\/div><\/div><\/div><\/div><\/div><\/div><div class=\"vce-row-container\" data-vce-boxed-width=\"true\"><div class=\"vce-row vce-row--col-gap-30 vce-row-equal-height vce-row-content--top\" id=\"el-a61487c0\" data-vce-do-apply=\"all el-a61487c0\"><div class=\"vce-content-background-container\"><\/div><div class=\"vce-row-content\" data-vce-element-content=\"true\"><div class=\"vce-col vce-col--md-auto vce-col--xs-1 vce-col--xs-last vce-col--xs-first vce-col--sm-last vce-col--sm-first vce-col--md-last vce-col--lg-last vce-col--xl-last vce-col--md-first vce-col--lg-first vce-col--xl-first\" id=\"el-d6a51e7e\"><div class=\"vce-col-inner\" data-vce-do-apply=\"border margin background  el-d6a51e7e\"><div class=\"vce-col-content\" data-vce-element-content=\"true\" data-vce-do-apply=\"padding el-d6a51e7e\"><div class=\"vce-raw-html\"><div class=\"vce-raw-html-wrapper\" id=\"el-29ba930a\" data-vce-do-apply=\"all el-29ba930a\"><div style=\"display:block;background-color:#913C7F;padding-top:12px;padding-bottom:12px;padding-left:15px;padding-right:15px;line-height:1.5;\"><p style=\"padding:0px;margin:0px;line-height:1.5;\"><span style=\"color:#ffffff;font-family:'TWK Everett Regular', Arial, sans-serif !important;font-size: 1.5rem;line-height:1.5;\">Preferred<\/span><\/p><\/div><\/div><\/div><\/div><\/div><\/div><\/div><\/div><\/div><div class=\"vce-row-container\" data-vce-boxed-width=\"true\"><div class=\"vce-row vce-row--col-gap-30 vce-row-equal-height vce-row-content--middle\" id=\"el-2b9c1ffb\" data-vce-do-apply=\"all el-2b9c1ffb\"><div class=\"vce-content-background-container\"><\/div><div class=\"vce-row-content\" data-vce-element-content=\"true\"><div class=\"vce-col vce-col--md-100p vce-col--xs-1 vce-col--xs-last vce-col--xs-first vce-col--sm-last vce-col--sm-first vce-col--md-last vce-col--lg-last vce-col--xl-last vce-col--md-first vce-col--lg-first vce-col--xl-first\" id=\"el-9f471450\"><div class=\"vce-col-inner\" data-vce-do-apply=\"border margin background  el-9f471450\"><div class=\"vce-content-background-container\"><\/div><div class=\"vce-col-content\" data-vce-element-content=\"true\" data-vce-do-apply=\"padding el-9f471450\"><div class=\"vce-single-image-container vce-single-image--align-center\"><div class=\"vce vce-single-image-wrapper\" id=\"el-029302ea\" data-vce-do-apply=\"all el-029302ea\"><figure><div class=\"vce-single-image-figure-inner\" style=\"width: 900px;\"><div class=\"vce-single-image-inner vce-single-image--absolute\" style=\"width: 100%; padding-bottom: 13.4444%;\"><img loading=\"lazy\" decoding=\"async\" class=\"vce-single-image\"  width=\"900\" height=\"121\" src=\"https:\/\/www.tdsynnex.com\/na\/ca\/partnerlink\/wp-content\/uploads\/sites\/14\/2026\/04\/TDS-PL-logo-block-2026-preffered.jpg\" data-img-src=\"https:\/\/www.tdsynnex.com\/na\/ca\/partnerlink\/wp-content\/uploads\/sites\/14\/2026\/04\/TDS-PL-logo-block-2026-preffered.jpg\" data-attachment-id=\"656\"  alt=\"\" title=\"TDS-PL-logo-block-2026-preffered\" \/><\/div><\/div><figcaption hidden=\"\"><\/figcaption><\/figure><\/div><\/div><\/div><\/div><\/div><\/div><\/div><\/div><div class=\"vce-row-container\" data-vce-boxed-width=\"true\"><div class=\"vce-row vce-row--col-gap-30 vce-row-equal-height vce-row-content--top\" id=\"el-ef2cb243\" data-vce-do-apply=\"all el-ef2cb243\"><div class=\"vce-content-background-container\"><\/div><div class=\"vce-row-content\" data-vce-element-content=\"true\"><div class=\"vce-col vce-col--md-auto vce-col--xs-1 vce-col--xs-last vce-col--xs-first vce-col--sm-last vce-col--sm-first vce-col--md-last vce-col--lg-last vce-col--xl-last vce-col--md-first vce-col--lg-first vce-col--xl-first\" id=\"el-0e3385e3\"><div class=\"vce-col-inner\" data-vce-do-apply=\"border margin background  el-0e3385e3\"><div class=\"vce-col-content\" data-vce-element-content=\"true\" data-vce-do-apply=\"padding el-0e3385e3\"><div class=\"vce-raw-html\"><div class=\"vce-raw-html-wrapper\" id=\"el-e6d35648\" data-vce-do-apply=\"all el-e6d35648\"><div style=\"display:block;background-color:#913C7F;padding-top:12px;padding-bottom:12px;padding-left:15px;padding-right:15px;line-height:1.5;\"><p style=\"padding:0px;margin:0px;line-height:1.5;\"><span style=\"color:#ffffff;font-family:'TWK Everett Regular', Arial, sans-serif !important;font-size: 1.5rem;line-height:1.5;\">Select<\/span><\/p><\/div><\/div><\/div><\/div><\/div><\/div><\/div><\/div><\/div><div class=\"vce-row-container\" data-vce-boxed-width=\"true\"><div class=\"vce-row vce-row--col-gap-30 vce-row-equal-height vce-row-content--middle\" id=\"el-50bedd67\" data-vce-do-apply=\"all el-50bedd67\"><div class=\"vce-content-background-container\"><\/div><div class=\"vce-row-content\" data-vce-element-content=\"true\"><div class=\"vce-col vce-col--md-100p vce-col--xs-1 vce-col--xs-last vce-col--xs-first vce-col--sm-last vce-col--sm-first vce-col--md-last vce-col--lg-last vce-col--xl-last vce-col--md-first vce-col--lg-first vce-col--xl-first\" id=\"el-487e1c84\"><div class=\"vce-col-inner\" data-vce-do-apply=\"border margin background  el-487e1c84\"><div class=\"vce-content-background-container\"><\/div><div class=\"vce-col-content\" data-vce-element-content=\"true\" data-vce-do-apply=\"padding el-487e1c84\"><div class=\"vce-single-image-container vce-single-image--align-center\"><div class=\"vce vce-single-image-wrapper\" id=\"el-454f7bc8\" data-vce-do-apply=\"all el-454f7bc8\"><figure><div class=\"vce-single-image-figure-inner\" style=\"width: 900px;\"><div class=\"vce-single-image-inner vce-single-image--absolute\" style=\"width: 100%; padding-bottom: 10.8889%;\"><img loading=\"lazy\" decoding=\"async\" class=\"vce-single-image\"  width=\"900\" height=\"98\" src=\"https:\/\/www.tdsynnex.com\/na\/ca\/partnerlink\/wp-content\/uploads\/sites\/14\/2026\/04\/TDS-PL-logo-block-2026-select.jpg\" data-img-src=\"https:\/\/www.tdsynnex.com\/na\/ca\/partnerlink\/wp-content\/uploads\/sites\/14\/2026\/04\/TDS-PL-logo-block-2026-select.jpg\" data-attachment-id=\"658\"  alt=\"\" title=\"TDS-PL-logo-block-2026-select\" \/><\/div><\/div><figcaption hidden=\"\"><\/figcaption><\/figure><\/div><\/div><\/div><\/div><\/div><\/div><\/div><\/div><div class=\"vce-row-container\"><div class=\"vce-row vce-element--has-background vce-row--col-gap-30 vce-row-equal-height vce-row-content--top\" data-vce-full-width=\"true\" id=\"el-90b4dfea\" data-vce-do-apply=\"all el-90b4dfea\"><div class=\"vce-content-background-container\"><\/div><div class=\"vce-row-content\" data-vce-element-content=\"true\"><div class=\"vce-col vce-col--md-auto vce-col--xs-1 vce-col--xs-last vce-col--xs-first vce-col--sm-last vce-col--sm-first vce-col--md-last vce-col--lg-last vce-col--xl-last vce-col--md-first vce-col--lg-first vce-col--xl-first\" id=\"el-85a4eb10\"><div class=\"vce-col-inner\" data-vce-do-apply=\"border margin background  el-85a4eb10\"><div class=\"vce-col-content\" data-vce-element-content=\"true\" data-vce-do-apply=\"padding el-85a4eb10\"><div class=\"vce-text-block\"><div class=\"vce-text-block-wrapper vce\" id=\"el-52e09ef4\" data-vce-do-apply=\"all el-52e09ef4\"><h1 style=\"text-align: center; color: #ffffff; margin-bottom: 15px;\">Vous souhaitez en savoir plus sur ces fournisseurs ?<\/h1><\/div><\/div><div class=\"vce-text-block\"><div class=\"vce-text-block-wrapper vce\" id=\"el-d58d36ba\" data-vce-do-apply=\"all el-d58d36ba\"><h6 style=\"text-align: center; color: #ffffff; font-family: 'TWK Everett Regular', Arial, sans-serif !important;\">Communiquez avec notre \u00e9quipe TD SYNNEX PartnerLINK pour savoir comment vous pouvez recevoir les plus r\u00e9centes formations et connaissances de ces fournisseurs de premier plan.<\/h6>\n<\/div><\/div><div class=\"vce-button--style-outline-container button-font vce-button--style-outline-container--align-center\"><span class=\"vce-button--style-outline-wrapper vce\" id=\"el-6eb3f7fb\" data-vce-do-apply=\"margin el-6eb3f7fb\"><a class=\"vce-button vce-button--style-outline-animated vce-button--style-outline--border-square vce-button--style-outline--size-medium vce-button--style-outline-animated--color-b-255-255-255--b-145-60-127--3d3d3d vce-button--style-outline-animated--border-color-b-255-255-255--3d3d3d vce-button--style-outline-animated--background-color-b-255-255-255\" href=\"mailto:PartnerLINKca@tdsynnex.com?subject=Tell%20me%20more%20about%20PartnerLINK%20vendors\" title=\"\" data-vce-do-apply=\"padding border background  el-6eb3f7fb\"><span class=\"vce-button--style-outline-text\">CONTACTEZ-NOUS<\/span><\/a><\/span><\/div><\/div><\/div><\/div><\/div><\/div><\/div>","protected":false},"excerpt":{"rendered":"Nos sponsors PartnerLINK de confianceNous remercions les fournisseurs qui parrainent le programme PartnerLINK. Gr\u00e2ce \u00e0 leur partenariat, les membres de PartnerLINK peuvent rester \u00e0 la pointe des tendances \u00e9mergentes \u00e0 mesure qu&rsquo;ils \u00e9voluent, se modernisent et se d\u00e9veloppent. PremierPreferredSelectVous souhaitez en savoir plus sur ces fournisseurs ?Communiquez avec notre \u00e9quipe TD SYNNEX PartnerLINK pour savoir [&hellip;]","protected":false},"author":12,"featured_media":0,"parent":0,"menu_order":0,"comment_status":"closed","ping_status":"closed","template":"","meta":{"footnotes":""},"class_list":["post-670","page","type-page","status-publish","hentry"],"yoast_head":"<!-- This site is optimized with the Yoast SEO plugin v26.1.1 - https:\/\/yoast.com\/wordpress\/plugins\/seo\/ -->\n<title>PartnerLINK Vendors | TD SYNNEX Canada<\/title>\n<meta name=\"description\" content=\"Les fournisseurs strat\u00e9giques de PartnerLINK permettent aux membres de b\u00e9n\u00e9ficier d&#039;informations, d&#039;outils et de connexions pour stimuler la croissance.\" \/>\n<meta name=\"robots\" content=\"index, follow, max-snippet:-1, max-image-preview:large, max-video-preview:-1\" \/>\n<link rel=\"canonical\" href=\"https:\/\/www.tdsynnex.com\/na\/ca\/partnerlink\/fr\/vendeurs-partnerlink\/\" \/>\n<meta property=\"og:locale\" content=\"fr_FR\" \/>\n<meta property=\"og:type\" content=\"article\" \/>\n<meta property=\"og:title\" content=\"PartnerLINK Vendors | TD SYNNEX Canada\" \/>\n<meta property=\"og:description\" content=\"Les fournisseurs strat\u00e9giques de PartnerLINK permettent aux membres de b\u00e9n\u00e9ficier d&#039;informations, d&#039;outils et de connexions pour stimuler la croissance.\" \/>\n<meta property=\"og:url\" content=\"https:\/\/www.tdsynnex.com\/na\/ca\/partnerlink\/fr\/vendeurs-partnerlink\/\" \/>\n<meta property=\"og:site_name\" content=\"PartnerLINK\" \/>\n<meta property=\"article:modified_time\" content=\"2026-04-09T18:10:19+00:00\" \/>\n<meta property=\"og:image\" content=\"https:\/\/www.tdsynnex.com\/na\/us\/communitysolv\/wp-content\/uploads\/sites\/6\/2025\/04\/PartnerLINK_Logo_BLK.png\" \/>\n<meta name=\"twitter:card\" content=\"summary_large_image\" \/>\n<script type=\"application\/ld+json\" class=\"yoast-schema-graph\">{\"@context\":\"https:\/\/schema.org\",\"@graph\":[{\"@type\":\"WebPage\",\"@id\":\"https:\/\/www.tdsynnex.com\/na\/ca\/partnerlink\/fr\/vendeurs-partnerlink\/\",\"url\":\"https:\/\/www.tdsynnex.com\/na\/ca\/partnerlink\/fr\/vendeurs-partnerlink\/\",\"name\":\"PartnerLINK Vendors | TD SYNNEX Canada\",\"isPartOf\":{\"@id\":\"https:\/\/www.tdsynnex.com\/na\/ca\/partnerlink\/#website\"},\"primaryImageOfPage\":{\"@id\":\"https:\/\/www.tdsynnex.com\/na\/ca\/partnerlink\/fr\/vendeurs-partnerlink\/#primaryimage\"},\"image\":{\"@id\":\"https:\/\/www.tdsynnex.com\/na\/ca\/partnerlink\/fr\/vendeurs-partnerlink\/#primaryimage\"},\"thumbnailUrl\":\"https:\/\/www.tdsynnex.com\/na\/us\/communitysolv\/wp-content\/uploads\/sites\/6\/2025\/04\/PartnerLINK_Logo_BLK.png\",\"datePublished\":\"2025-02-25T16:58:20+00:00\",\"dateModified\":\"2026-04-09T18:10:19+00:00\",\"description\":\"Les fournisseurs strat\u00e9giques de PartnerLINK permettent aux membres de b\u00e9n\u00e9ficier d'informations, d'outils et de connexions pour stimuler la croissance.\",\"breadcrumb\":{\"@id\":\"https:\/\/www.tdsynnex.com\/na\/ca\/partnerlink\/fr\/vendeurs-partnerlink\/#breadcrumb\"},\"inLanguage\":\"fr-FR\",\"potentialAction\":[{\"@type\":\"ReadAction\",\"target\":[\"https:\/\/www.tdsynnex.com\/na\/ca\/partnerlink\/fr\/vendeurs-partnerlink\/\"]}]},{\"@type\":\"ImageObject\",\"inLanguage\":\"fr-FR\",\"@id\":\"https:\/\/www.tdsynnex.com\/na\/ca\/partnerlink\/fr\/vendeurs-partnerlink\/#primaryimage\",\"url\":\"https:\/\/www.tdsynnex.com\/na\/us\/communitysolv\/wp-content\/uploads\/sites\/6\/2025\/04\/PartnerLINK_Logo_BLK.png\",\"contentUrl\":\"https:\/\/www.tdsynnex.com\/na\/us\/communitysolv\/wp-content\/uploads\/sites\/6\/2025\/04\/PartnerLINK_Logo_BLK.png\"},{\"@type\":\"BreadcrumbList\",\"@id\":\"https:\/\/www.tdsynnex.com\/na\/ca\/partnerlink\/fr\/vendeurs-partnerlink\/#breadcrumb\",\"itemListElement\":[{\"@type\":\"ListItem\",\"position\":1,\"name\":\"Home\",\"item\":\"https:\/\/www.tdsynnex.com\/na\/ca\/partnerlink\/fr\/\"},{\"@type\":\"ListItem\",\"position\":2,\"name\":\"Vendeurs PartnerLINK\"}]},{\"@type\":\"WebSite\",\"@id\":\"https:\/\/www.tdsynnex.com\/na\/ca\/partnerlink\/#website\",\"url\":\"https:\/\/www.tdsynnex.com\/na\/ca\/partnerlink\/\",\"name\":\"PartnerLINK\",\"description\":\"\",\"potentialAction\":[{\"@type\":\"SearchAction\",\"target\":{\"@type\":\"EntryPoint\",\"urlTemplate\":\"https:\/\/www.tdsynnex.com\/na\/ca\/partnerlink\/?s={search_term_string}\"},\"query-input\":{\"@type\":\"PropertyValueSpecification\",\"valueRequired\":true,\"valueName\":\"search_term_string\"}}],\"inLanguage\":\"fr-FR\"}]}<\/script>\n<!-- \/ Yoast SEO plugin. -->","yoast_head_json":{"title":"PartnerLINK Vendors | TD SYNNEX Canada","description":"Les fournisseurs strat\u00e9giques de PartnerLINK permettent aux membres de b\u00e9n\u00e9ficier d'informations, d'outils et de connexions pour stimuler la croissance.","robots":{"index":"index","follow":"follow","max-snippet":"max-snippet:-1","max-image-preview":"max-image-preview:large","max-video-preview":"max-video-preview:-1"},"canonical":"https:\/\/www.tdsynnex.com\/na\/ca\/partnerlink\/fr\/vendeurs-partnerlink\/","og_locale":"fr_FR","og_type":"article","og_title":"PartnerLINK Vendors | TD SYNNEX Canada","og_description":"Les fournisseurs strat\u00e9giques de PartnerLINK permettent aux membres de b\u00e9n\u00e9ficier d'informations, d'outils et de connexions pour stimuler la croissance.","og_url":"https:\/\/www.tdsynnex.com\/na\/ca\/partnerlink\/fr\/vendeurs-partnerlink\/","og_site_name":"PartnerLINK","article_modified_time":"2026-04-09T18:10:19+00:00","og_image":[{"url":"https:\/\/www.tdsynnex.com\/na\/us\/communitysolv\/wp-content\/uploads\/sites\/6\/2025\/04\/PartnerLINK_Logo_BLK.png","type":"","width":"","height":""}],"twitter_card":"summary_large_image","schema":{"@context":"https:\/\/schema.org","@graph":[{"@type":"WebPage","@id":"https:\/\/www.tdsynnex.com\/na\/ca\/partnerlink\/fr\/vendeurs-partnerlink\/","url":"https:\/\/www.tdsynnex.com\/na\/ca\/partnerlink\/fr\/vendeurs-partnerlink\/","name":"PartnerLINK Vendors | TD SYNNEX Canada","isPartOf":{"@id":"https:\/\/www.tdsynnex.com\/na\/ca\/partnerlink\/#website"},"primaryImageOfPage":{"@id":"https:\/\/www.tdsynnex.com\/na\/ca\/partnerlink\/fr\/vendeurs-partnerlink\/#primaryimage"},"image":{"@id":"https:\/\/www.tdsynnex.com\/na\/ca\/partnerlink\/fr\/vendeurs-partnerlink\/#primaryimage"},"thumbnailUrl":"https:\/\/www.tdsynnex.com\/na\/us\/communitysolv\/wp-content\/uploads\/sites\/6\/2025\/04\/PartnerLINK_Logo_BLK.png","datePublished":"2025-02-25T16:58:20+00:00","dateModified":"2026-04-09T18:10:19+00:00","description":"Les fournisseurs strat\u00e9giques de PartnerLINK permettent aux membres de b\u00e9n\u00e9ficier d'informations, d'outils et de connexions pour stimuler la croissance.","breadcrumb":{"@id":"https:\/\/www.tdsynnex.com\/na\/ca\/partnerlink\/fr\/vendeurs-partnerlink\/#breadcrumb"},"inLanguage":"fr-FR","potentialAction":[{"@type":"ReadAction","target":["https:\/\/www.tdsynnex.com\/na\/ca\/partnerlink\/fr\/vendeurs-partnerlink\/"]}]},{"@type":"ImageObject","inLanguage":"fr-FR","@id":"https:\/\/www.tdsynnex.com\/na\/ca\/partnerlink\/fr\/vendeurs-partnerlink\/#primaryimage","url":"https:\/\/www.tdsynnex.com\/na\/us\/communitysolv\/wp-content\/uploads\/sites\/6\/2025\/04\/PartnerLINK_Logo_BLK.png","contentUrl":"https:\/\/www.tdsynnex.com\/na\/us\/communitysolv\/wp-content\/uploads\/sites\/6\/2025\/04\/PartnerLINK_Logo_BLK.png"},{"@type":"BreadcrumbList","@id":"https:\/\/www.tdsynnex.com\/na\/ca\/partnerlink\/fr\/vendeurs-partnerlink\/#breadcrumb","itemListElement":[{"@type":"ListItem","position":1,"name":"Home","item":"https:\/\/www.tdsynnex.com\/na\/ca\/partnerlink\/fr\/"},{"@type":"ListItem","position":2,"name":"Vendeurs PartnerLINK"}]},{"@type":"WebSite","@id":"https:\/\/www.tdsynnex.com\/na\/ca\/partnerlink\/#website","url":"https:\/\/www.tdsynnex.com\/na\/ca\/partnerlink\/","name":"PartnerLINK","description":"","potentialAction":[{"@type":"SearchAction","target":{"@type":"EntryPoint","urlTemplate":"https:\/\/www.tdsynnex.com\/na\/ca\/partnerlink\/?s={search_term_string}"},"query-input":{"@type":"PropertyValueSpecification","valueRequired":true,"valueName":"search_term_string"}}],"inLanguage":"fr-FR"}]}},"_links":{"self":[{"href":"https:\/\/www.tdsynnex.com\/na\/ca\/partnerlink\/fr\/wp-json\/wp\/v2\/pages\/670","targetHints":{"allow":["GET"]}}],"collection":[{"href":"https:\/\/www.tdsynnex.com\/na\/ca\/partnerlink\/fr\/wp-json\/wp\/v2\/pages"}],"about":[{"href":"https:\/\/www.tdsynnex.com\/na\/ca\/partnerlink\/fr\/wp-json\/wp\/v2\/types\/page"}],"author":[{"embeddable":true,"href":"https:\/\/www.tdsynnex.com\/na\/ca\/partnerlink\/fr\/wp-json\/wp\/v2\/users\/12"}],"replies":[{"embeddable":true,"href":"https:\/\/www.tdsynnex.com\/na\/ca\/partnerlink\/fr\/wp-json\/wp\/v2\/comments?post=670"}],"version-history":[{"count":10,"href":"https:\/\/www.tdsynnex.com\/na\/ca\/partnerlink\/fr\/wp-json\/wp\/v2\/pages\/670\/revisions"}],"predecessor-version":[{"id":691,"href":"https:\/\/www.tdsynnex.com\/na\/ca\/partnerlink\/fr\/wp-json\/wp\/v2\/pages\/670\/revisions\/691"}],"wp:attachment":[{"href":"https:\/\/www.tdsynnex.com\/na\/ca\/partnerlink\/fr\/wp-json\/wp\/v2\/media?parent=670"}],"curies":[{"name":"wp","href":"https:\/\/api.w.org\/{rel}","templated":true}]}}