{"id":96,"date":"2024-03-05T19:06:15","date_gmt":"2024-03-05T19:06:15","guid":{"rendered":"https:\/\/www.tdsynnex.com\/na\/ca\/pcw\/inventaire\/"},"modified":"2024-03-05T19:06:15","modified_gmt":"2024-03-05T19:06:15","slug":"inventaire","status":"publish","type":"page","link":"https:\/\/www.tdsynnex.com\/na\/ca\/pcw\/fr\/inventaire\/","title":{"rendered":"Inventaire"},"content":{"rendered":"<div class=\"vce-row-container\"><div class=\"vce-row vce-element--has-background vce-row--col-gap-30 hero-banner vce-row-equal-height vce-row-content--top\" data-vce-full-width=\"true\" id=\"el-d4e6ff25\" data-vce-do-apply=\"all el-d4e6ff25\"><div class=\"vce-content-background-container\"><div class=\"vce-asset-background-simple-container vce-visible-all-only vce-asset-background-simple--style-cover vce-asset-background-simple--position-center-top\"><div class=\"vce-asset-background-simple\">\n              <div class=\"vce-asset-background-simple-item vcv-lozad\" data-background-image=\"https:\/\/www.tdsynnex.com\/na\/ca\/pcw\/wp-content\/uploads\/sites\/99\/2024\/03\/PCW_Hero-Banner.png\"><\/div>\n              <noscript>\n                <div class=\"vce-asset-background-simple-item\" style=\"background-image: url(https:\/\/www.tdsynnex.com\/na\/ca\/pcw\/wp-content\/uploads\/sites\/99\/2024\/03\/PCW_Hero-Banner.png)\"><\/div>\n              <\/noscript>\n            <\/div><\/div><\/div><div class=\"vce-row-content\" data-vce-element-content=\"true\"><div class=\"vce-col vce-col--md-auto vce-col--xs-1 vce-col--xs-last vce-col--xs-first vce-col--sm-last vce-col--sm-first vce-col--md-last vce-col--lg-last vce-col--xl-last vce-col--md-first vce-col--lg-first vce-col--xl-first\" id=\"el-01e0e26b\"><div class=\"vce-col-inner\" data-vce-do-apply=\"border margin background el-01e0e26b\"><div class=\"vce-col-content\" data-vce-element-content=\"true\" data-vce-do-apply=\"padding el-01e0e26b\"><div class=\"vce-single-image-container vce-single-image--align-left\"><div class=\"vce vce-single-image-wrapper\" id=\"el-7b19e6c4\" data-vce-do-apply=\"all el-7b19e6c4\"><figure><div class=\"vce-single-image-figure-inner\" style=\"width: 265px;\"><div class=\"vce-single-image-inner vce-single-image--absolute\" style=\"width: 100%; padding-bottom: 29.0566%;\"><img loading=\"lazy\" decoding=\"async\" class=\"vce-single-image\" width=\"265\" height=\"77\" srcset=\"https:\/\/www.tdsynnex.com\/na\/ca\/pcw\/wp-content\/uploads\/sites\/99\/2024\/05\/PCW_Logo-265x77.png 265w\" src=\"https:\/\/www.tdsynnex.com\/na\/ca\/pcw\/wp-content\/uploads\/sites\/99\/2024\/05\/PCW_Logo-265x77.png\" data-img-src=\"https:\/\/www.tdsynnex.com\/na\/ca\/pcw\/wp-content\/uploads\/sites\/99\/2024\/03\/PCW_Logo.png\" data-attachment-id=\"65\" alt=\"\" title=\"PCW_Logo\"><\/div><\/div><figcaption hidden=\"\"><\/figcaption><\/figure><\/div><\/div><\/div><\/div><\/div><\/div><\/div><\/div><div class=\"vce-row-container\"><div class=\"vce-row vce-row--col-gap-30 vce-row-equal-height vce-row-content--top\" data-vce-full-width=\"true\" data-vce-stretch-content=\"true\" id=\"el-79ed5d44\" data-vce-do-apply=\"all el-79ed5d44\"><div class=\"vce-content-background-container\"><\/div><div class=\"vce-row-content\" data-vce-element-content=\"true\"><div class=\"vce-col vce-col--md-auto vce-col--xs-1 vce-col--xs-last vce-col--xs-first vce-col--sm-last vce-col--sm-first vce-col--md-last vce-col--lg-last vce-col--xl-last vce-col--md-first vce-col--lg-first vce-col--xl-first secondary-menu\" id=\"el-282efa2f\"><div class=\"vce-col-inner\" data-vce-do-apply=\"border margin background el-282efa2f\"><div class=\"vce-col-content\" data-vce-element-content=\"true\" data-vce-do-apply=\"padding el-282efa2f\"><div class=\"vce-shortcode\"><div class=\"vce-shortcode-wrapper vce\" id=\"el-4c2c2adc\" data-vce-do-apply=\"all el-4c2c2adc\"><div class=\"tds-subsite-header sticky-top\">\n    <nav id=\"tds-subsite-menu\" class=\"navbar navbar-expand-lg\">\n    <div class=\"container\"><a href=\"https:\/\/www.tdsynnex.com\/na\/ca\/pcw\" class=\"navbar-brand\">PCW<\/a>        <button class=\"navbar-toggler custom-toggler\" type=\"button\" data-toggle=\"collapse\" data-target=\"#tds-subsite-collapse\" aria-expanded=\"false\" aria-label=\"Toggle navigation\">\n            <span class=\"navbar-toggler-icon\"><\/span>\n        <\/button>\n<div id=\"tds-subsite-collapse\" class=\"navbar-collapse collapse\"><ul class=\"navbar-nav\"><li class=\"nav-item dropdown\" aria-expanded=\"false\"><a class=\"nav-link dropdown-toggle\" href=\"https:\/\/www.tdsynnex.com\/na\/ca\/pcw\/about-us\/\" target=\"\"   aria-haspopup=\"true\" aria-expanded=\"false\">About Us<\/a><ul class=\"dropdown-menu\" style=\"margin-top: 0px;\"><\/ul><\/li><li class=\"nav-item dropdown\" aria-expanded=\"false\"><a class=\"nav-link dropdown-toggle\" href=\"https:\/\/www.tdsynnex.com\/na\/ca\/pcw\/inventory\/\" target=\"\"   aria-haspopup=\"true\" aria-expanded=\"false\">Inventory<\/a><ul class=\"dropdown-menu\" style=\"margin-top: 0px;\"><\/ul><\/li><li class=\"nav-item dropdown\" aria-expanded=\"false\"><a class=\"nav-link dropdown-toggle\" href=\"https:\/\/www.tdsynnex.com\/na\/ca\/pcw\/become-a-partner\/\" target=\"\"   aria-haspopup=\"true\" aria-expanded=\"false\">Become a Partner<\/a><ul class=\"dropdown-menu\" style=\"margin-top: 0px;\"><\/ul><\/li><li class=\"nav-item dropdown\" aria-expanded=\"false\"><a class=\"nav-link dropdown-toggle\" href=\"https:\/\/www.tdsynnex.com\/na\/ca\/pcw\/shipping-locations\/\" target=\"\"   aria-haspopup=\"true\" aria-expanded=\"false\">Shipping Locations<\/a><ul class=\"dropdown-menu\" style=\"margin-top: 0px;\"><\/ul><\/li><\/ul><\/div><\/div><\/nav><\/div><\/div><\/div><\/div><\/div><\/div><\/div><\/div><\/div><div class=\"vce-row-container\"><div class=\"vce-row vce-row--col-gap-0 sec-pad vce-row-equal-height vce-row-content--top\" data-vce-full-width=\"true\" id=\"el-310319b5\" data-vce-do-apply=\"all el-310319b5\"><div class=\"vce-content-background-container\"><\/div><div class=\"vce-row-content\" data-vce-element-content=\"true\"><div class=\"vce-col vce-col--md-100p vce-col--xs-1 vce-col--xs-last vce-col--xs-first vce-col--sm-last vce-col--sm-first vce-col--md-last vce-col--lg-last vce-col--xl-last vce-col--md-first vce-col--lg-first vce-col--xl-first\" id=\"el-39ead032\"><div class=\"vce-col-inner\" data-vce-do-apply=\"border margin background el-39ead032\"><div class=\"vce-col-content\" data-vce-element-content=\"true\" data-vce-do-apply=\"padding el-39ead032\"><div class=\"vce-text-block\"><div class=\"vce-text-block-wrapper vce\" id=\"el-62f974a8\" data-vce-do-apply=\"all el-62f974a8\"><h1 class=\"tm\">Inventaire<\/h1><\/div><\/div><div class=\"vce-posts-grid-container vce-news-grid-container deal-list\" style=\"--gapPx: 0px; --columns: 1; --paginationColor: #ffce00; --paginationHoverColor: #f2c300; --paginationActiveColor: #e6b900; --paginationActiveHoverColor: #dab000;\"><div class=\"vce vce-posts-grid-wrapper vce-news-grid-wrapper\" id=\"el-ebf56a7d\" data-vce-do-apply=\"all el-ebf56a7d\"><\/div><\/div><div class=\"vce-text-block\"><div class=\"vce-text-block-wrapper vce\" id=\"el-8277e8e3\" data-vce-do-apply=\"all el-8277e8e3\"><p class=\"caption\">Les prix sont bas\u00e9s sur les conditions NET 30 ou de virement bancaire. Contactez votre repr\u00e9sentant commercial pour conna\u00eetre les prix si vous utilisez d'autres m\u00e9thodes de paiement. Le fret n'est pas inclus. Les prix et la disponibilit\u00e9 sont sujets \u00e0 modification. Aucun retour n'est possible pour les produits neufs ou en fin de vie et les produits remis \u00e0 neuf. Les unit\u00e9s d\u00e9fectueuses doivent \u00eatre renvoy\u00e9es au fabricant pour r\u00e9paration ou remplacement. Nous nous effor\u00e7ons de fournir des descriptions d'articles aussi pr\u00e9cises que possible, mais nous vous invitons \u00e0 consulter les pages web des fabricants pour obtenir des informations compl\u00e8tes sur les produits.      <\/p><\/div><\/div><\/div><\/div><\/div><\/div><\/div><\/div><div class=\"vce-row-container\"><div class=\"vce-row vce-row--col-gap-30 sec-pad bkg-accent-1 vce-row-equal-height vce-row-content--top\" data-vce-full-width=\"true\" id=\"el-744c283c\" data-vce-do-apply=\"all el-744c283c\"><div class=\"vce-row-content\" data-vce-element-content=\"true\"><div class=\"vce-col vce-col--xs-100p vce-col--xs-visible vce-col--xs-last vce-col--xs-first vce-col--sm-50p vce-col--sm-visible vce-col--sm-first vce-col--md-50p vce-col--md-visible vce-col--md-first vce-col--lg-25p vce-col--lg-visible vce-col--lg-first vce-col--xl-25p vce-col--xl-visible vce-col--xl-first center\" id=\"el-bf3cf920\"><div class=\"vce-col-inner\" data-vce-do-apply=\"border margin background el-bf3cf920\"><div class=\"vce-col-content\" data-vce-element-content=\"true\" data-vce-do-apply=\"padding el-bf3cf920\"><div class=\"vce-single-image-container vce-single-image--align-center\"><div class=\"vce vce-single-image-wrapper\" id=\"el-1380a498\" data-vce-do-apply=\"all el-1380a498\"><figure><div class=\"vce-single-image-figure-inner\" style=\"width: 100px;\"><div class=\"vce-single-image-inner vce-single-image--absolute\" style=\"width: 100%; padding-bottom: 100%;\"><img decoding=\"async\" class=\"vce-single-image\" src=\"https:\/\/www.tdsynnex.com\/na\/ca\/pcw\/wp-content\/uploads\/sites\/99\/2024\/03\/Express-Shipping-black-1.png\" data-img-src=\"https:\/\/www.tdsynnex.com\/na\/ca\/pcw\/wp-content\/uploads\/sites\/99\/2024\/03\/Express-Shipping-black-1.png\" data-attachment-id=\"22\" alt=\"\" title=\"Exp\u00e9dition express-noir\"><\/div><\/div><figcaption hidden=\"\"><\/figcaption><\/figure><\/div><\/div><div class=\"vce-button--style-outline-container button-font vce-button--style-outline-container--align-center\"><span class=\"vce-button--style-outline-wrapper vce vce-button--style-outline-wrapper--stretched\" id=\"el-50b17252\" data-vce-do-apply=\"margin el-50b17252\"><a class=\"vce-button vce-button--style-outline-animated vce-button--style-outline--border-square vce-button--style-outline--size-medium vce-button--style-outline-animated--color-b-0-190-214--fff--3d3d3d vce-button--style-outline-animated--border-color-b-0-190-214--3d3d3d vce-button--style-outline-animated--background-color-b-0-190-214\" href=\"https:\/\/www.tdsynnex.com\/na\/ca\/pcw\/shipping-locations\/\" title=\"\" data-vce-do-apply=\"padding border background el-50b17252\"><span class=\"vce-button--style-outline-text\">Lieux d'exp\u00e9dition<\/span><\/a><\/span><\/div><\/div><\/div><\/div><div class=\"vce-col vce-col--xs-100p vce-col--xs-visible vce-col--xs-last vce-col--xs-first vce-col--sm-50p vce-col--sm-visible vce-col--sm-last vce-col--md-50p vce-col--md-visible vce-col--md-last vce-col--lg-25p vce-col--lg-visible vce-col--xl-25p vce-col--xl-visible center\" id=\"el-1d0d3072\"><div class=\"vce-col-inner\" data-vce-do-apply=\"border margin background el-1d0d3072\"><div class=\"vce-col-content\" data-vce-element-content=\"true\" data-vce-do-apply=\"padding el-1d0d3072\"><div class=\"vce-single-image-container vce-single-image--align-center\"><div class=\"vce vce-single-image-wrapper\" id=\"el-f0039f42\" data-vce-do-apply=\"all el-f0039f42\"><figure><div class=\"vce-single-image-figure-inner\" style=\"width: 100px;\"><div class=\"vce-single-image-inner vce-single-image--absolute\" style=\"width: 100%; padding-bottom: 100%;\"><img decoding=\"async\" class=\"vce-single-image\" src=\"https:\/\/www.tdsynnex.com\/na\/ca\/pcw\/wp-content\/uploads\/sites\/99\/2024\/03\/Product-Website-black.png\" data-img-src=\"https:\/\/www.tdsynnex.com\/na\/ca\/pcw\/wp-content\/uploads\/sites\/99\/2024\/03\/Product-Website-black.png\" data-attachment-id=\"27\" alt=\"\" title=\"Produit-Site web-noir\"><\/div><\/div><figcaption hidden=\"\"><\/figcaption><\/figure><\/div><\/div><div class=\"vce-button--style-outline-container button-font vce-button--style-outline-container--align-center\"><span class=\"vce-button--style-outline-wrapper vce vce-button--style-outline-wrapper--stretched\" id=\"el-bc992f94\" data-vce-do-apply=\"margin el-bc992f94\"><a class=\"vce-button vce-button--style-outline-animated vce-button--style-outline--border-square vce-button--style-outline--size-medium vce-button--style-outline-animated--color-b-0-190-214--fff--3d3d3d vce-button--style-outline-animated--border-color-b-0-190-214--3d3d3d vce-button--style-outline-animated--background-color-b-0-190-214\" href=\"https:\/\/www.tdsynnex.com\/na\/ca\/pcw\/fr\/inventaire\/\" title=\"\" data-vce-do-apply=\"padding border background el-bc992f94\"><span class=\"vce-button--style-outline-text\">Produits vedettes<\/span><\/a><\/span><\/div><\/div><\/div><\/div><div class=\"vce-col vce-col--xs-100p vce-col--xs-visible vce-col--xs-last vce-col--xs-first vce-col--sm-50p vce-col--sm-visible vce-col--sm-first vce-col--md-50p vce-col--md-visible vce-col--md-first vce-col--lg-25p vce-col--lg-visible vce-col--xl-25p vce-col--xl-visible center\" id=\"el-99260848\"><div class=\"vce-col-inner\" data-vce-do-apply=\"border margin background el-99260848\"><div class=\"vce-col-content\" data-vce-element-content=\"true\" data-vce-do-apply=\"padding el-99260848\"><div class=\"vce-single-image-container vce-single-image--align-center\"><div class=\"vce vce-single-image-wrapper\" id=\"el-34ae9875\" data-vce-do-apply=\"all el-34ae9875\"><figure><div class=\"vce-single-image-figure-inner\" style=\"width: 100px;\"><div class=\"vce-single-image-inner vce-single-image--absolute\" style=\"width: 100%; padding-bottom: 100%;\"><img decoding=\"async\" class=\"vce-single-image\" src=\"https:\/\/www.tdsynnex.com\/na\/ca\/pcw\/wp-content\/uploads\/sites\/99\/2024\/03\/Global-Organization-black-1.png\" data-img-src=\"https:\/\/www.tdsynnex.com\/na\/ca\/pcw\/wp-content\/uploads\/sites\/99\/2024\/03\/Global-Organization-black-1.png\" data-attachment-id=\"26\" alt=\"\" title=\"Organisation mondiale-noire\"><\/div><\/div><figcaption hidden=\"\"><\/figcaption><\/figure><\/div><\/div><div class=\"vce-button--style-outline-container button-font vce-button--style-outline-container--align-center\"><span class=\"vce-button--style-outline-wrapper vce vce-button--style-outline-wrapper--stretched\" id=\"el-368c0708\" data-vce-do-apply=\"margin el-368c0708\"><a class=\"vce-button vce-button--style-outline-animated vce-button--style-outline--border-square vce-button--style-outline--size-medium vce-button--style-outline-animated--color-b-0-190-214--fff--3d3d3d vce-button--style-outline-animated--border-color-b-0-190-214--3d3d3d vce-button--style-outline-animated--background-color-b-0-190-214\" href=\"https:\/\/www.tdsynnex.com\/na\/ca\/pcw\/fr\/a-propos-de-nous\/\" title=\"\" data-vce-do-apply=\"padding border background el-368c0708\"><span class=\"vce-button--style-outline-text\">A propos de nous<\/span><\/a><\/span><\/div><\/div><\/div><\/div><div class=\"vce-col vce-col--xs-100p vce-col--xs-visible vce-col--xs-last vce-col--xs-first vce-col--sm-50p vce-col--sm-visible vce-col--sm-last vce-col--md-50p vce-col--md-visible vce-col--md-last vce-col--lg-25p vce-col--lg-visible vce-col--lg-last vce-col--xl-25p vce-col--xl-visible vce-col--xl-last center\" id=\"el-7631c179\"><div class=\"vce-col-inner\" data-vce-do-apply=\"border margin background el-7631c179\"><div class=\"vce-col-content\" data-vce-element-content=\"true\" data-vce-do-apply=\"padding el-7631c179\"><div class=\"vce-single-image-container vce-single-image--align-center\"><div class=\"vce vce-single-image-wrapper\" id=\"el-c6f340c4\" data-vce-do-apply=\"all el-c6f340c4\"><figure><div class=\"vce-single-image-figure-inner\" style=\"width: 100px;\"><div class=\"vce-single-image-inner vce-single-image--absolute\" style=\"width: 100%; padding-bottom: 100%;\"><img decoding=\"async\" class=\"vce-single-image\" src=\"https:\/\/www.tdsynnex.com\/na\/ca\/pcw\/wp-content\/uploads\/sites\/99\/2024\/03\/Deal-Agreement-black.png\" data-img-src=\"https:\/\/www.tdsynnex.com\/na\/ca\/pcw\/wp-content\/uploads\/sites\/99\/2024\/03\/Deal-Agreement-black.png\" data-attachment-id=\"24\" alt=\"\" title=\"Accord de principe - noir\"><\/div><\/div><figcaption hidden=\"\"><\/figcaption><\/figure><\/div><\/div><div class=\"vce-button--style-outline-container button-font vce-button--style-outline-container--align-center\"><span class=\"vce-button--style-outline-wrapper vce vce-button--style-outline-wrapper--stretched\" id=\"el-2b92c8dc\" data-vce-do-apply=\"margin el-2b92c8dc\"><a class=\"vce-button vce-button--style-outline-animated vce-button--style-outline--border-square vce-button--style-outline--size-medium vce-button--style-outline-animated--color-b-0-190-214--fff--3d3d3d vce-button--style-outline-animated--border-color-b-0-190-214--3d3d3d vce-button--style-outline-animated--background-color-b-0-190-214\" href=\"https:\/\/www.tdsynnex.com\/na\/ca\/pcw\/fr\/devenez-partenaire\/\" title=\"\" data-vce-do-apply=\"padding border background el-2b92c8dc\"><span class=\"vce-button--style-outline-text\">Devenez partenaire<\/span><\/a><\/span><\/div><\/div><\/div><\/div><\/div><\/div><\/div>","protected":false},"excerpt":{"rendered":"InventaireLes prix sont bas\u00e9s sur les conditions NET 30 ou de virement bancaire. Contactez votre repr\u00e9sentant commercial pour conna\u00eetre les prix si vous utilisez d&rsquo;autres m\u00e9thodes de paiement. Le fret n&rsquo;est pas inclus. Les prix et la disponibilit\u00e9 sont sujets \u00e0 modification. Aucun retour n&rsquo;est possible pour les produits neufs ou en fin de vie&hellip;","protected":false},"author":12,"featured_media":0,"parent":0,"menu_order":0,"comment_status":"closed","ping_status":"closed","template":"","meta":{"footnotes":""},"class_list":["post-96","page","type-page","status-publish","hentry"],"yoast_head":"<!-- This site is optimized with the Yoast SEO plugin v26.1.1 - https:\/\/yoast.com\/wordpress\/plugins\/seo\/ -->\n<title>Inventaire - PCW<\/title>\n<meta name=\"robots\" content=\"index, follow, max-snippet:-1, max-image-preview:large, max-video-preview:-1\" \/>\n<link rel=\"canonical\" href=\"https:\/\/www.tdsynnex.com\/na\/ca\/pcw\/fr\/inventaire\/\" \/>\n<meta property=\"og:locale\" content=\"fr_FR\" \/>\n<meta property=\"og:type\" content=\"article\" \/>\n<meta property=\"og:title\" content=\"Inventaire - PCW\" \/>\n<meta property=\"og:description\" content=\"InventaireLes prix sont bas\u00e9s sur les conditions NET 30 ou de virement bancaire. Contactez votre repr\u00e9sentant commercial pour conna\u00eetre les prix si vous utilisez d&#039;autres m\u00e9thodes de paiement. Le fret n&#039;est pas inclus. Les prix et la disponibilit\u00e9 sont sujets \u00e0 modification. Aucun retour n&#039;est possible pour les produits neufs ou en fin de vie&hellip;\" \/>\n<meta property=\"og:url\" content=\"https:\/\/www.tdsynnex.com\/na\/ca\/pcw\/fr\/inventaire\/\" \/>\n<meta property=\"og:site_name\" content=\"PCW\" \/>\n<meta name=\"twitter:card\" content=\"summary_large_image\" \/>\n<meta name=\"twitter:label1\" content=\"Dur\u00e9e de lecture estim\u00e9e\" \/>\n\t<meta name=\"twitter:data1\" content=\"2 minutes\" \/>\n<script type=\"application\/ld+json\" class=\"yoast-schema-graph\">{\"@context\":\"https:\/\/schema.org\",\"@graph\":[{\"@type\":\"WebPage\",\"@id\":\"https:\/\/www.tdsynnex.com\/na\/ca\/pcw\/fr\/inventaire\/\",\"url\":\"https:\/\/www.tdsynnex.com\/na\/ca\/pcw\/fr\/inventaire\/\",\"name\":\"Inventaire - PCW\",\"isPartOf\":{\"@id\":\"https:\/\/www.tdsynnex.com\/na\/ca\/pcw\/#website\"},\"datePublished\":\"2024-03-05T19:06:15+00:00\",\"breadcrumb\":{\"@id\":\"https:\/\/www.tdsynnex.com\/na\/ca\/pcw\/fr\/inventaire\/#breadcrumb\"},\"inLanguage\":\"fr-FR\",\"potentialAction\":[{\"@type\":\"ReadAction\",\"target\":[\"https:\/\/www.tdsynnex.com\/na\/ca\/pcw\/fr\/inventaire\/\"]}]},{\"@type\":\"BreadcrumbList\",\"@id\":\"https:\/\/www.tdsynnex.com\/na\/ca\/pcw\/fr\/inventaire\/#breadcrumb\",\"itemListElement\":[{\"@type\":\"ListItem\",\"position\":1,\"name\":\"Home\",\"item\":\"https:\/\/www.tdsynnex.com\/na\/ca\/pcw\/fr\/\"},{\"@type\":\"ListItem\",\"position\":2,\"name\":\"Inventaire\"}]},{\"@type\":\"WebSite\",\"@id\":\"https:\/\/www.tdsynnex.com\/na\/ca\/pcw\/#website\",\"url\":\"https:\/\/www.tdsynnex.com\/na\/ca\/pcw\/\",\"name\":\"PCW\",\"description\":\"\",\"potentialAction\":[{\"@type\":\"SearchAction\",\"target\":{\"@type\":\"EntryPoint\",\"urlTemplate\":\"https:\/\/www.tdsynnex.com\/na\/ca\/pcw\/?s={search_term_string}\"},\"query-input\":{\"@type\":\"PropertyValueSpecification\",\"valueRequired\":true,\"valueName\":\"search_term_string\"}}],\"inLanguage\":\"fr-FR\"}]}<\/script>\n<!-- \/ Yoast SEO plugin. -->","yoast_head_json":{"title":"Inventaire - PCW","robots":{"index":"index","follow":"follow","max-snippet":"max-snippet:-1","max-image-preview":"max-image-preview:large","max-video-preview":"max-video-preview:-1"},"canonical":"https:\/\/www.tdsynnex.com\/na\/ca\/pcw\/fr\/inventaire\/","og_locale":"fr_FR","og_type":"article","og_title":"Inventaire - PCW","og_description":"InventaireLes prix sont bas\u00e9s sur les conditions NET 30 ou de virement bancaire. Contactez votre repr\u00e9sentant commercial pour conna\u00eetre les prix si vous utilisez d'autres m\u00e9thodes de paiement. Le fret n'est pas inclus. Les prix et la disponibilit\u00e9 sont sujets \u00e0 modification. Aucun retour n'est possible pour les produits neufs ou en fin de vie&hellip;","og_url":"https:\/\/www.tdsynnex.com\/na\/ca\/pcw\/fr\/inventaire\/","og_site_name":"PCW","twitter_card":"summary_large_image","twitter_misc":{"Dur\u00e9e de lecture estim\u00e9e":"2 minutes"},"schema":{"@context":"https:\/\/schema.org","@graph":[{"@type":"WebPage","@id":"https:\/\/www.tdsynnex.com\/na\/ca\/pcw\/fr\/inventaire\/","url":"https:\/\/www.tdsynnex.com\/na\/ca\/pcw\/fr\/inventaire\/","name":"Inventaire - PCW","isPartOf":{"@id":"https:\/\/www.tdsynnex.com\/na\/ca\/pcw\/#website"},"datePublished":"2024-03-05T19:06:15+00:00","breadcrumb":{"@id":"https:\/\/www.tdsynnex.com\/na\/ca\/pcw\/fr\/inventaire\/#breadcrumb"},"inLanguage":"fr-FR","potentialAction":[{"@type":"ReadAction","target":["https:\/\/www.tdsynnex.com\/na\/ca\/pcw\/fr\/inventaire\/"]}]},{"@type":"BreadcrumbList","@id":"https:\/\/www.tdsynnex.com\/na\/ca\/pcw\/fr\/inventaire\/#breadcrumb","itemListElement":[{"@type":"ListItem","position":1,"name":"Home","item":"https:\/\/www.tdsynnex.com\/na\/ca\/pcw\/fr\/"},{"@type":"ListItem","position":2,"name":"Inventaire"}]},{"@type":"WebSite","@id":"https:\/\/www.tdsynnex.com\/na\/ca\/pcw\/#website","url":"https:\/\/www.tdsynnex.com\/na\/ca\/pcw\/","name":"PCW","description":"","potentialAction":[{"@type":"SearchAction","target":{"@type":"EntryPoint","urlTemplate":"https:\/\/www.tdsynnex.com\/na\/ca\/pcw\/?s={search_term_string}"},"query-input":{"@type":"PropertyValueSpecification","valueRequired":true,"valueName":"search_term_string"}}],"inLanguage":"fr-FR"}]}},"_links":{"self":[{"href":"https:\/\/www.tdsynnex.com\/na\/ca\/pcw\/fr\/wp-json\/wp\/v2\/pages\/96","targetHints":{"allow":["GET"]}}],"collection":[{"href":"https:\/\/www.tdsynnex.com\/na\/ca\/pcw\/fr\/wp-json\/wp\/v2\/pages"}],"about":[{"href":"https:\/\/www.tdsynnex.com\/na\/ca\/pcw\/fr\/wp-json\/wp\/v2\/types\/page"}],"author":[{"embeddable":true,"href":"https:\/\/www.tdsynnex.com\/na\/ca\/pcw\/fr\/wp-json\/wp\/v2\/users\/12"}],"replies":[{"embeddable":true,"href":"https:\/\/www.tdsynnex.com\/na\/ca\/pcw\/fr\/wp-json\/wp\/v2\/comments?post=96"}],"version-history":[{"count":0,"href":"https:\/\/www.tdsynnex.com\/na\/ca\/pcw\/fr\/wp-json\/wp\/v2\/pages\/96\/revisions"}],"wp:attachment":[{"href":"https:\/\/www.tdsynnex.com\/na\/ca\/pcw\/fr\/wp-json\/wp\/v2\/media?parent=96"}],"curies":[{"name":"wp","href":"https:\/\/api.w.org\/{rel}","templated":true}]}}