{"id":508,"date":"2023-03-06T23:57:28","date_gmt":"2023-03-06T23:57:28","guid":{"rendered":"https:\/\/www.tdsynnex.com\/na\/ca\/smb\/smb-ignite\/"},"modified":"2025-07-15T14:44:39","modified_gmt":"2025-07-15T14:44:39","slug":"smb-ignite","status":"publish","type":"page","link":"https:\/\/www.tdsynnex.com\/na\/ca\/smb\/fr\/","title":{"rendered":"SMB Ignite"},"content":{"rendered":"<div class=\"vce-row-container\"><div class=\"vce-row vce-element--xl--has-background vce-element--lg--has-background vce-element--md--has-background vce-element--sm--has-background vce-element--xs--has-background vce-row--col-gap-30 hero-banner vce-row-equal-height vce-row-content--top\" data-vce-full-width=\"true\" id=\"el-13fc97b7\" data-vce-do-apply=\"all el-13fc97b7\"><div class=\"vce-content-background-container\"><div class=\"vce-asset-background-simple-container vce-visible-xl-only vce-asset-background-simple--style-cover vce-asset-background-simple--position-center-top\"><div class=\"vce-asset-background-simple\">\n              <div class=\"vce-asset-background-simple-item vcv-lozad\" data-background-image=\"https:\/\/www.tdsynnex.com\/na\/ca\/smb\/wp-content\/uploads\/sites\/41\/visualcomposer-assets\/templates\/6408cfd1177947.41834406\/assets\/elements\/CloudSolv_HeroBanner.png\"><\/div>\n              <noscript>\n                <div class=\"vce-asset-background-simple-item\" style=\"background-image: url(https:\/\/www.tdsynnex.com\/na\/ca\/smb\/wp-content\/uploads\/sites\/41\/visualcomposer-assets\/templates\/6408cfd1177947.41834406\/assets\/elements\/CloudSolv_HeroBanner.png)\"><\/div>\n              <\/noscript>\n            <\/div><\/div><div class=\"vce-asset-background-simple-container vce-visible-lg-only vce-asset-background-simple--style-cover vce-asset-background-simple--position-center-top\"><div class=\"vce-asset-background-simple\">\n              <div class=\"vce-asset-background-simple-item vcv-lozad\" data-background-image=\"https:\/\/www.tdsynnex.com\/na\/ca\/smb\/wp-content\/uploads\/sites\/41\/visualcomposer-assets\/templates\/6408cfd1177947.41834406\/assets\/elements\/CloudSolv_HeroBanner.png\"><\/div>\n              <noscript>\n                <div class=\"vce-asset-background-simple-item\" style=\"background-image: url(https:\/\/www.tdsynnex.com\/na\/ca\/smb\/wp-content\/uploads\/sites\/41\/visualcomposer-assets\/templates\/6408cfd1177947.41834406\/assets\/elements\/CloudSolv_HeroBanner.png)\"><\/div>\n              <\/noscript>\n            <\/div><\/div><div class=\"vce-asset-background-simple-container vce-visible-md-only vce-asset-background-simple--style-cover vce-asset-background-simple--position-center-top\"><div class=\"vce-asset-background-simple\">\n              <div class=\"vce-asset-background-simple-item vcv-lozad\" data-background-image=\"https:\/\/www.tdsynnex.com\/na\/ca\/smb\/wp-content\/uploads\/sites\/41\/visualcomposer-assets\/templates\/6408cfd1177947.41834406\/assets\/elements\/CloudSolv_HeroBanner.png\"><\/div>\n              <noscript>\n                <div class=\"vce-asset-background-simple-item\" style=\"background-image: url(https:\/\/www.tdsynnex.com\/na\/ca\/smb\/wp-content\/uploads\/sites\/41\/visualcomposer-assets\/templates\/6408cfd1177947.41834406\/assets\/elements\/CloudSolv_HeroBanner.png)\"><\/div>\n              <\/noscript>\n            <\/div><\/div><div class=\"vce-asset-background-simple-container vce-visible-sm-only vce-asset-background-simple--style-cover vce-asset-background-simple--position-center-top\"><div class=\"vce-asset-background-simple\">\n              <div class=\"vce-asset-background-simple-item vcv-lozad\" data-background-image=\"https:\/\/www.tdsynnex.com\/na\/ca\/smb\/wp-content\/uploads\/sites\/41\/visualcomposer-assets\/templates\/6408cfd1177947.41834406\/assets\/elements\/CloudSolv_HeroBanner.png\"><\/div>\n              <noscript>\n                <div class=\"vce-asset-background-simple-item\" style=\"background-image: url(https:\/\/www.tdsynnex.com\/na\/ca\/smb\/wp-content\/uploads\/sites\/41\/visualcomposer-assets\/templates\/6408cfd1177947.41834406\/assets\/elements\/CloudSolv_HeroBanner.png)\"><\/div>\n              <\/noscript>\n            <\/div><\/div><div class=\"vce-asset-color-gradient-container vce-visible-sm-only\" data-vce-do-apply=\"gradient el-13fc97b7\"><\/div><div class=\"vce-asset-background-simple-container vce-visible-xs-only vce-asset-background-simple--style-cover vce-asset-background-simple--position-center-top\"><div class=\"vce-asset-background-simple\">\n              <div class=\"vce-asset-background-simple-item vcv-lozad\" data-background-image=\"https:\/\/www.tdsynnex.com\/na\/ca\/smb\/wp-content\/uploads\/sites\/41\/visualcomposer-assets\/templates\/6408cfd1177947.41834406\/assets\/elements\/CloudSolv_HeroBanner.png\"><\/div>\n              <noscript>\n                <div class=\"vce-asset-background-simple-item\" style=\"background-image: url(https:\/\/www.tdsynnex.com\/na\/ca\/smb\/wp-content\/uploads\/sites\/41\/visualcomposer-assets\/templates\/6408cfd1177947.41834406\/assets\/elements\/CloudSolv_HeroBanner.png)\"><\/div>\n              <\/noscript>\n            <\/div><\/div><div class=\"vce-asset-color-gradient-container vce-visible-xs-only\" data-vce-do-apply=\"gradient el-13fc97b7\"><\/div><\/div><div class=\"vce-row-content\" data-vce-element-content=\"true\"><div class=\"vce-col vce-col--md-auto vce-col--xs-1 vce-col--xs-last vce-col--xs-first vce-col--sm-last vce-col--sm-first vce-col--md-last vce-col--lg-last vce-col--xl-last vce-col--md-first vce-col--lg-first vce-col--xl-first\" id=\"el-0be7f402\"><div class=\"vce-col-inner\" data-vce-do-apply=\"border margin background  el-0be7f402\"><div class=\"vce-col-content\" data-vce-element-content=\"true\" data-vce-do-apply=\"padding el-0be7f402\"><div class=\"vce-single-image-container vce-single-image--align-left\"><div class=\"vce vce-single-image-wrapper\" id=\"el-8e25ceb9\" data-vce-do-apply=\"all el-8e25ceb9\"><figure><div class=\"vce-single-image-figure-inner\" style=\"width: 300px;\"><div class=\"vce-single-image-inner vce-single-image--absolute\" style=\"width: 100%; padding-bottom: 36.3333%;\"><img loading=\"lazy\" decoding=\"async\" class=\"vce-single-image\"  width=\"300\" height=\"109\" srcset=\"https:\/\/www.tdsynnex.com\/na\/ca\/smb\/wp-content\/uploads\/sites\/41\/2023\/03\/smb-ig-logo-pos-300x110.png 300w, https:\/\/www.tdsynnex.com\/na\/ca\/smb\/wp-content\/uploads\/sites\/41\/2023\/03\/smb-ig-logo-pos-320x117.png 320w, https:\/\/www.tdsynnex.com\/na\/ca\/smb\/wp-content\/uploads\/sites\/41\/2023\/03\/smb-ig-logo-pos-480x176.png 480w, https:\/\/www.tdsynnex.com\/na\/ca\/smb\/wp-content\/uploads\/sites\/41\/2023\/03\/smb-ig-logo-pos-800x293.png 800w, https:\/\/www.tdsynnex.com\/na\/ca\/smb\/wp-content\/uploads\/sites\/41\/2025\/07\/smb-ig-logo-pos-600x218.png 2x\" src=\"https:\/\/www.tdsynnex.com\/na\/ca\/smb\/wp-content\/uploads\/sites\/41\/2023\/03\/smb-ig-logo-pos-300x110.png\" data-img-src=\"https:\/\/www.tdsynnex.com\/na\/ca\/smb\/wp-content\/uploads\/sites\/41\/2023\/03\/smb-ig-logo-pos.png\" data-attachment-id=\"41\"  alt=\"\" title=\"smb ig logo pos\" \/><\/div><\/div><figcaption hidden=\"\"><\/figcaption><\/figure><\/div><\/div><\/div><\/div><\/div><\/div><\/div><\/div><div class=\"vce-row-container\" id=\"stickytop\"><div class=\"vce-row vce-element--has-background vce-row--col-gap-30 vce-row-equal-height vce-row-content--top\" data-vce-full-width=\"true\" data-vce-stretch-content=\"true\" id=\"el-85e15a61\" data-vce-do-apply=\"all el-85e15a61\"><div class=\"vce-content-background-container\"><\/div><div class=\"vce-row-content\" data-vce-element-content=\"true\"><div class=\"vce-col vce-col--md-auto vce-col--xs-1 vce-col--xs-last vce-col--xs-first vce-col--sm-last vce-col--sm-first vce-col--md-last vce-col--lg-last vce-col--xl-last vce-col--md-first vce-col--lg-first vce-col--xl-first secondary-menu\" id=\"el-9166a78b\"><div class=\"vce-col-inner\" data-vce-do-apply=\"border margin background  el-9166a78b\"><div class=\"vce-col-content\" data-vce-element-content=\"true\" data-vce-do-apply=\"padding el-9166a78b\"><div class=\"vce-shortcode\"><div class=\"vce-shortcode-wrapper vce\" id=\"el-bf8d9ae7\" data-vce-do-apply=\"all el-bf8d9ae7\"><div class=\"tds-subsite-header sticky-top\">\n    <nav id=\"tds-subsite-menu\" class=\"navbar navbar-expand-lg\">\n    <div class=\"container\"><a href=\"https:\/\/www.tdsynnex.com\/na\/ca\/smb\" class=\"navbar-brand\">SMB Ignite<\/a>        <button class=\"navbar-toggler custom-toggler\" type=\"button\" data-toggle=\"collapse\" data-target=\"#tds-subsite-collapse\" aria-expanded=\"false\" aria-label=\"Toggle navigation\">\n            <span class=\"navbar-toggler-icon\"><\/span>\n        <\/button>\n<div id=\"tds-subsite-collapse\" class=\"navbar-collapse collapse\"><ul class=\"navbar-nav\"><li class=\"nav-item dropdown\" aria-expanded=\"false\"><a class=\"nav-link dropdown-toggle\" href=\"#\" target=\"\"   aria-haspopup=\"true\" aria-expanded=\"false\">Resources<\/a><ul class=\"dropdown-menu\" style=\"margin-top: 0px;\"><li><a class=\"dropdown-item\" href=\"https:\/\/ec.synnex.ca\/ecx\/login.html\" target=\"_blank\" >ECExpress<\/a><\/li><li><a class=\"dropdown-item\" href=\"https:\/\/www.tdsynnex.com\/na\/ca\/become-a-customer\/\" target=\"_blank\" >Become a Customer<\/a><\/li><\/ul><\/li><\/ul><\/div><\/div><\/nav><\/div><\/div><\/div><\/div><\/div><\/div><\/div><\/div><\/div><div class=\"vce-row-container\" data-vce-boxed-width=\"true\"><div class=\"vce-row vce-row--col-gap-30 vce-row-equal-height vce-row-content--top\" id=\"el-d47d2af3\" data-vce-do-apply=\"all el-d47d2af3\"><div class=\"vce-content-background-container\"><\/div><div class=\"vce-row-content\" data-vce-element-content=\"true\"><div class=\"vce-col vce-col--md-auto vce-col--xs-1 vce-col--xs-last vce-col--xs-first vce-col--sm-last vce-col--sm-first vce-col--md-last vce-col--lg-last vce-col--xl-last vce-col--md-first vce-col--lg-first vce-col--xl-first\" id=\"el-e8023818\"><div class=\"vce-col-inner\" data-vce-do-apply=\"border margin background  el-e8023818\"><div class=\"vce-content-background-container\"><\/div><div class=\"vce-col-content\" data-vce-element-content=\"true\" data-vce-do-apply=\"padding el-e8023818\"><div class=\"vce-text-block\"><div class=\"vce-text-block-wrapper vce\" id=\"el-a7b06673\" data-vce-do-apply=\"all el-a7b06673\"><h1>Bienvenue sur SMB IGNITE<\/h1><\/div><\/div><div class=\"vce-text-block\"><div class=\"vce-text-block-wrapper vce\" id=\"el-1eba96b2\" data-vce-do-apply=\"all el-1eba96b2\"><p>En tant qu\u2019entrepreneurs, les revendeurs de technologies de petite et moyenne taille et les fournisseurs de services g\u00e9r\u00e9s sont confront\u00e9s \u00e0 de grands d\u00e9fis. SMB IGNITE de TD SYNNEX est l\u00e0 pour vous guider vers les clients, les flux de tr\u00e9sorerie et les transactions que vous pouvez conclure aujourd\u2019hui, demain et pour l\u2019avenir. Nous comprenons le stress qui vous emp\u00eache de dormir la nuit. Nous sommes pr\u00eats \u00e0 \u00e9couter. Pour vous connecter aux ressources. Et pour vous aider \u00e0 r\u00e9soudre des probl\u00e8mes d\u2019une mani\u00e8re que vous ne trouverez nulle part ailleurs. Sur notre site, vous trouverez tout ce que vous devez savoir pour \u00e9tablir une relation fructueuse avec nos \u00e9quipes de vente exp\u00e9riment\u00e9es et d\u00e9vou\u00e9es. Des occasions d\u2019\u00e9conomies aux solutions de conclusion de transactions, nous avons ce dont vous avez besoin pour prosp\u00e9rer.       <\/p><\/div><\/div><\/div><\/div><\/div><\/div><\/div><\/div><div class=\"vce-row-container\"><div class=\"vce-row vce-element--xl--has-background vce-row--col-gap-30 vce-row-equal-height vce-row-content--top\" data-vce-full-width=\"true\" id=\"el-a9ddf48d\" data-vce-do-apply=\"all el-a9ddf48d\"><div class=\"vce-content-background-container\"><\/div><div class=\"vce-row-content\" data-vce-element-content=\"true\"><div class=\"vce-col vce-col--md-auto vce-col--xs-1 vce-col--xs-last vce-col--xs-first vce-col--sm-last vce-col--sm-first vce-col--md-last vce-col--lg-last vce-col--xl-last vce-col--md-first vce-col--lg-first vce-col--xl-first\" id=\"el-32cec64b\"><div class=\"vce-col-inner\" data-vce-do-apply=\"border margin background  el-32cec64b\"><div class=\"vce-col-content\" data-vce-element-content=\"true\" data-vce-do-apply=\"padding el-32cec64b\"><div class=\"vce-text-block\"><div class=\"vce-text-block-wrapper vce\" id=\"el-249054cb\" data-vce-do-apply=\"all el-249054cb\"><h2><a href=\"mailto:mspfaeteam@tdsynnex.com\">Appelez-nous. Soyez en lien avec nous. <\/a><\/h2><\/div><\/div><div class=\"vce-text-block\"><div class=\"vce-text-block-wrapper vce\" id=\"el-24c097c7\" data-vce-do-apply=\"all el-24c097c7\"><h4>B\u00e2tissez un lien qui construit votre entreprise.<\/h4><p>Nous sommes ici parce que vous \u00eates ici, et c\u2019est notre ambition quotidienne.<\/p><\/div><\/div><div class=\"vce-button--style-outline-container button-font vce-button--style-outline-container--align-left\"><span class=\"vce-button--style-outline-wrapper vce\" id=\"el-b17a16a1\" data-vce-do-apply=\"margin el-b17a16a1\"><a class=\"vce-button vce-button--style-outline-animated vce-button--style-outline--border-square vce-button--style-outline--size-medium vce-button--style-outline-animated--color-b-0-87-88--fff--3d3d3d vce-button--style-outline-animated--border-color-b-0-87-88--3d3d3d vce-button--style-outline-animated--background-color-b-0-87-88\" href=\"mailto:newaccounts3@tdsynnex.com\" title=\"\" target=\"_blank\" data-vce-do-apply=\"padding border background  el-b17a16a1\"><span class=\"vce-button--style-outline-text\">CONTACTEZ-NOUS D\u00c8S AUJOURD'HUI<\/span><\/a><\/span><\/div><\/div><\/div><\/div><\/div><\/div><\/div>","protected":false},"excerpt":{"rendered":"Bienvenue sur SMB IGNITEEn tant qu\u2019entrepreneurs, les revendeurs de technologies de petite et moyenne taille et les fournisseurs de services g\u00e9r\u00e9s sont confront\u00e9s \u00e0 de grands d\u00e9fis. SMB IGNITE de TD SYNNEX est l\u00e0 pour vous guider vers les clients, les flux de tr\u00e9sorerie et les transactions que vous pouvez conclure aujourd\u2019hui, demain et pour [&hellip;]","protected":false},"author":1,"featured_media":0,"parent":0,"menu_order":0,"comment_status":"closed","ping_status":"closed","template":"","meta":{"footnotes":""},"class_list":["post-508","page","type-page","status-publish","hentry"],"yoast_head":"<!-- This site is optimized with the Yoast SEO plugin v26.1.1 - https:\/\/yoast.com\/wordpress\/plugins\/seo\/ -->\n<title>SMB Ignite - SMB Ignite<\/title>\n<meta name=\"robots\" content=\"index, follow, max-snippet:-1, max-image-preview:large, max-video-preview:-1\" \/>\n<link rel=\"canonical\" href=\"https:\/\/www.tdsynnex.com\/na\/ca\/smb\/fr\/\" \/>\n<meta property=\"og:locale\" content=\"fr_FR\" \/>\n<meta property=\"og:type\" content=\"article\" \/>\n<meta property=\"og:title\" content=\"SMB Ignite - SMB Ignite\" \/>\n<meta property=\"og:description\" content=\"Bienvenue sur SMB IGNITEEn tant qu\u2019entrepreneurs, les revendeurs de technologies de petite et moyenne taille et les fournisseurs de services g\u00e9r\u00e9s sont confront\u00e9s \u00e0 de grands d\u00e9fis. SMB IGNITE de TD SYNNEX est l\u00e0 pour vous guider vers les clients, les flux de tr\u00e9sorerie et les transactions que vous pouvez conclure aujourd\u2019hui, demain et pour [&hellip;]\" \/>\n<meta property=\"og:url\" content=\"https:\/\/www.tdsynnex.com\/na\/ca\/smb\/fr\/\" \/>\n<meta property=\"og:site_name\" content=\"SMB Ignite\" \/>\n<meta property=\"article:modified_time\" content=\"2025-07-15T14:44:39+00:00\" \/>\n<meta name=\"twitter:card\" content=\"summary_large_image\" \/>\n<meta name=\"twitter:label1\" content=\"Dur\u00e9e de lecture estim\u00e9e\" \/>\n\t<meta name=\"twitter:data1\" content=\"1 minute\" \/>\n<script type=\"application\/ld+json\" class=\"yoast-schema-graph\">{\"@context\":\"https:\/\/schema.org\",\"@graph\":[{\"@type\":\"WebPage\",\"@id\":\"https:\/\/www.tdsynnex.com\/na\/ca\/smb\/fr\/\",\"url\":\"https:\/\/www.tdsynnex.com\/na\/ca\/smb\/fr\/\",\"name\":\"SMB Ignite - SMB Ignite\",\"isPartOf\":{\"@id\":\"https:\/\/www.tdsynnex.com\/na\/ca\/smb\/#website\"},\"datePublished\":\"2023-03-06T23:57:28+00:00\",\"dateModified\":\"2025-07-15T14:44:39+00:00\",\"breadcrumb\":{\"@id\":\"https:\/\/www.tdsynnex.com\/na\/ca\/smb\/fr\/#breadcrumb\"},\"inLanguage\":\"fr-FR\",\"potentialAction\":[{\"@type\":\"ReadAction\",\"target\":[\"https:\/\/www.tdsynnex.com\/na\/ca\/smb\/fr\/\"]}]},{\"@type\":\"BreadcrumbList\",\"@id\":\"https:\/\/www.tdsynnex.com\/na\/ca\/smb\/fr\/#breadcrumb\",\"itemListElement\":[{\"@type\":\"ListItem\",\"position\":1,\"name\":\"Home\",\"item\":\"https:\/\/www.tdsynnex.com\/na\/ca\/smb\/fr\/\"},{\"@type\":\"ListItem\",\"position\":2,\"name\":\"SMB Ignite\"}]},{\"@type\":\"WebSite\",\"@id\":\"https:\/\/www.tdsynnex.com\/na\/ca\/smb\/#website\",\"url\":\"https:\/\/www.tdsynnex.com\/na\/ca\/smb\/\",\"name\":\"SMB Ignite\",\"description\":\"\",\"publisher\":{\"@id\":\"https:\/\/www.tdsynnex.com\/na\/ca\/smb\/#organization\"},\"potentialAction\":[{\"@type\":\"SearchAction\",\"target\":{\"@type\":\"EntryPoint\",\"urlTemplate\":\"https:\/\/www.tdsynnex.com\/na\/ca\/smb\/?s={search_term_string}\"},\"query-input\":{\"@type\":\"PropertyValueSpecification\",\"valueRequired\":true,\"valueName\":\"search_term_string\"}}],\"inLanguage\":\"fr-FR\"},{\"@type\":\"Organization\",\"@id\":\"https:\/\/www.tdsynnex.com\/na\/ca\/smb\/#organization\",\"name\":\"SMB Ignite\",\"url\":\"https:\/\/www.tdsynnex.com\/na\/ca\/smb\/\",\"logo\":{\"@type\":\"ImageObject\",\"inLanguage\":\"fr-FR\",\"@id\":\"https:\/\/www.tdsynnex.com\/na\/ca\/smb\/#\/schema\/logo\/image\/\",\"url\":\"https:\/\/www.tdsynnex.com\/na\/ca\/smb\/wp-content\/uploads\/sites\/41\/2023\/03\/TDSYNNEXLogo@2x.png\",\"contentUrl\":\"https:\/\/www.tdsynnex.com\/na\/ca\/smb\/wp-content\/uploads\/sites\/41\/2023\/03\/TDSYNNEXLogo@2x.png\",\"width\":370,\"height\":72,\"caption\":\"SMB Ignite\"},\"image\":{\"@id\":\"https:\/\/www.tdsynnex.com\/na\/ca\/smb\/#\/schema\/logo\/image\/\"}}]}<\/script>\n<!-- \/ Yoast SEO plugin. -->","yoast_head_json":{"title":"SMB Ignite - SMB Ignite","robots":{"index":"index","follow":"follow","max-snippet":"max-snippet:-1","max-image-preview":"max-image-preview:large","max-video-preview":"max-video-preview:-1"},"canonical":"https:\/\/www.tdsynnex.com\/na\/ca\/smb\/fr\/","og_locale":"fr_FR","og_type":"article","og_title":"SMB Ignite - SMB Ignite","og_description":"Bienvenue sur SMB IGNITEEn tant qu\u2019entrepreneurs, les revendeurs de technologies de petite et moyenne taille et les fournisseurs de services g\u00e9r\u00e9s sont confront\u00e9s \u00e0 de grands d\u00e9fis. SMB IGNITE de TD SYNNEX est l\u00e0 pour vous guider vers les clients, les flux de tr\u00e9sorerie et les transactions que vous pouvez conclure aujourd\u2019hui, demain et pour [&hellip;]","og_url":"https:\/\/www.tdsynnex.com\/na\/ca\/smb\/fr\/","og_site_name":"SMB Ignite","article_modified_time":"2025-07-15T14:44:39+00:00","twitter_card":"summary_large_image","twitter_misc":{"Dur\u00e9e de lecture estim\u00e9e":"1 minute"},"schema":{"@context":"https:\/\/schema.org","@graph":[{"@type":"WebPage","@id":"https:\/\/www.tdsynnex.com\/na\/ca\/smb\/fr\/","url":"https:\/\/www.tdsynnex.com\/na\/ca\/smb\/fr\/","name":"SMB Ignite - SMB Ignite","isPartOf":{"@id":"https:\/\/www.tdsynnex.com\/na\/ca\/smb\/#website"},"datePublished":"2023-03-06T23:57:28+00:00","dateModified":"2025-07-15T14:44:39+00:00","breadcrumb":{"@id":"https:\/\/www.tdsynnex.com\/na\/ca\/smb\/fr\/#breadcrumb"},"inLanguage":"fr-FR","potentialAction":[{"@type":"ReadAction","target":["https:\/\/www.tdsynnex.com\/na\/ca\/smb\/fr\/"]}]},{"@type":"BreadcrumbList","@id":"https:\/\/www.tdsynnex.com\/na\/ca\/smb\/fr\/#breadcrumb","itemListElement":[{"@type":"ListItem","position":1,"name":"Home","item":"https:\/\/www.tdsynnex.com\/na\/ca\/smb\/fr\/"},{"@type":"ListItem","position":2,"name":"SMB Ignite"}]},{"@type":"WebSite","@id":"https:\/\/www.tdsynnex.com\/na\/ca\/smb\/#website","url":"https:\/\/www.tdsynnex.com\/na\/ca\/smb\/","name":"SMB Ignite","description":"","publisher":{"@id":"https:\/\/www.tdsynnex.com\/na\/ca\/smb\/#organization"},"potentialAction":[{"@type":"SearchAction","target":{"@type":"EntryPoint","urlTemplate":"https:\/\/www.tdsynnex.com\/na\/ca\/smb\/?s={search_term_string}"},"query-input":{"@type":"PropertyValueSpecification","valueRequired":true,"valueName":"search_term_string"}}],"inLanguage":"fr-FR"},{"@type":"Organization","@id":"https:\/\/www.tdsynnex.com\/na\/ca\/smb\/#organization","name":"SMB Ignite","url":"https:\/\/www.tdsynnex.com\/na\/ca\/smb\/","logo":{"@type":"ImageObject","inLanguage":"fr-FR","@id":"https:\/\/www.tdsynnex.com\/na\/ca\/smb\/#\/schema\/logo\/image\/","url":"https:\/\/www.tdsynnex.com\/na\/ca\/smb\/wp-content\/uploads\/sites\/41\/2023\/03\/TDSYNNEXLogo@2x.png","contentUrl":"https:\/\/www.tdsynnex.com\/na\/ca\/smb\/wp-content\/uploads\/sites\/41\/2023\/03\/TDSYNNEXLogo@2x.png","width":370,"height":72,"caption":"SMB Ignite"},"image":{"@id":"https:\/\/www.tdsynnex.com\/na\/ca\/smb\/#\/schema\/logo\/image\/"}}]}},"_links":{"self":[{"href":"https:\/\/www.tdsynnex.com\/na\/ca\/smb\/fr\/wp-json\/wp\/v2\/pages\/508","targetHints":{"allow":["GET"]}}],"collection":[{"href":"https:\/\/www.tdsynnex.com\/na\/ca\/smb\/fr\/wp-json\/wp\/v2\/pages"}],"about":[{"href":"https:\/\/www.tdsynnex.com\/na\/ca\/smb\/fr\/wp-json\/wp\/v2\/types\/page"}],"author":[{"embeddable":true,"href":"https:\/\/www.tdsynnex.com\/na\/ca\/smb\/fr\/wp-json\/wp\/v2\/users\/1"}],"replies":[{"embeddable":true,"href":"https:\/\/www.tdsynnex.com\/na\/ca\/smb\/fr\/wp-json\/wp\/v2\/comments?post=508"}],"version-history":[{"count":0,"href":"https:\/\/www.tdsynnex.com\/na\/ca\/smb\/fr\/wp-json\/wp\/v2\/pages\/508\/revisions"}],"wp:attachment":[{"href":"https:\/\/www.tdsynnex.com\/na\/ca\/smb\/fr\/wp-json\/wp\/v2\/media?parent=508"}],"curies":[{"name":"wp","href":"https:\/\/api.w.org\/{rel}","templated":true}]}}